{"id":133,"date":"2015-05-22T10:43:55","date_gmt":"2015-05-22T13:43:55","guid":{"rendered":"https:\/\/wp.ufpel.edu.br\/ccaf\/?page_id=133"},"modified":"2015-05-22T10:47:10","modified_gmt":"2015-05-22T13:47:10","slug":"paola-gay-dos-santos","status":"publish","type":"page","link":"https:\/\/wp.ufpel.edu.br\/ccaf\/equipe\/discentes\/alunos-de-i-c\/paola-gay-dos-santos\/","title":{"rendered":"Paola Gay dos Santos"},"content":{"rendered":"<p><a href=\"https:\/\/wp.ufpel.edu.br\/ccaf\/files\/2015\/05\/paola.jpg\"><img loading=\"lazy\" decoding=\"async\" class=\"  alignleft wp-image-134 size-thumbnail\" src=\"https:\/\/wp.ufpel.edu.br\/ccaf\/files\/2015\/05\/paola-159x159.jpg\" alt=\"paola\" width=\"159\" height=\"159\" srcset=\"https:\/\/wp.ufpel.edu.br\/ccaf\/files\/2015\/05\/paola-159x159.jpg 159w, https:\/\/wp.ufpel.edu.br\/ccaf\/files\/2015\/05\/paola-318x318.jpg 318w, https:\/\/wp.ufpel.edu.br\/ccaf\/files\/2015\/05\/paola.jpg 960w\" sizes=\"auto, (max-width: 159px) 100vw, 159px\" \/><\/a>Graduanda em F\u00edsica pela Universidade Federal de Pelotas. Bolsista de Inicia\u00e7\u00e3o Cient\u00edfica do CNPq. Integrante do grupo de Crescimento de Cristais Avan\u00e7ados e Fot\u00f4nica e colaboradora do Grupo PET F\u00edsica UFPel.\u00a0Endere\u00e7o para acessar o CV:\u00a0<a href=\"http:\/\/buscatextual.cnpq.br\/buscatextual\/visualizacv.do?id=K8590976H0\" target=\"_blank\">Curr\u00edculo Lattes<\/a><\/p>\n","protected":false},"excerpt":{"rendered":"<p>Graduanda em F\u00edsica pela Universidade Federal de Pelotas. Bolsista de Inicia\u00e7\u00e3o Cient\u00edfica do CNPq. Integrante do grupo de Crescimento de Cristais Avan\u00e7ados e Fot\u00f4nica e colaboradora do Grupo PET F\u00edsica UFPel.\u00a0Endere\u00e7o para acessar o&#46;&#46;&#46;<\/p>\n","protected":false},"author":505,"featured_media":0,"parent":60,"menu_order":0,"comment_status":"closed","ping_status":"closed","template":"","meta":{"footnotes":""},"class_list":["post-133","page","type-page","status-publish","hentry"],"_links":{"self":[{"href":"https:\/\/wp.ufpel.edu.br\/ccaf\/wp-json\/wp\/v2\/pages\/133","targetHints":{"allow":["GET"]}}],"collection":[{"href":"https:\/\/wp.ufpel.edu.br\/ccaf\/wp-json\/wp\/v2\/pages"}],"about":[{"href":"https:\/\/wp.ufpel.edu.br\/ccaf\/wp-json\/wp\/v2\/types\/page"}],"author":[{"embeddable":true,"href":"https:\/\/wp.ufpel.edu.br\/ccaf\/wp-json\/wp\/v2\/users\/505"}],"replies":[{"embeddable":true,"href":"https:\/\/wp.ufpel.edu.br\/ccaf\/wp-json\/wp\/v2\/comments?post=133"}],"version-history":[{"count":3,"href":"https:\/\/wp.ufpel.edu.br\/ccaf\/wp-json\/wp\/v2\/pages\/133\/revisions"}],"predecessor-version":[{"id":140,"href":"https:\/\/wp.ufpel.edu.br\/ccaf\/wp-json\/wp\/v2\/pages\/133\/revisions\/140"}],"up":[{"embeddable":true,"href":"https:\/\/wp.ufpel.edu.br\/ccaf\/wp-json\/wp\/v2\/pages\/60"}],"wp:attachment":[{"href":"https:\/\/wp.ufpel.edu.br\/ccaf\/wp-json\/wp\/v2\/media?parent=133"}],"curies":[{"name":"wp","href":"https:\/\/api.w.org\/{rel}","templated":true}]}}