{"id":128,"date":"2015-05-22T10:35:04","date_gmt":"2015-05-22T13:35:04","guid":{"rendered":"https:\/\/wp.ufpel.edu.br\/ccaf\/?page_id=128"},"modified":"2015-05-22T10:44:34","modified_gmt":"2015-05-22T13:44:34","slug":"paula-zanatta","status":"publish","type":"page","link":"https:\/\/wp.ufpel.edu.br\/ccaf\/equipe\/discentes\/doutorandos\/paula-zanatta\/","title":{"rendered":"Paula Zanatta"},"content":{"rendered":"<p><a href=\"https:\/\/wp.ufpel.edu.br\/ccaf\/files\/2015\/05\/paula.jpg\"><img loading=\"lazy\" decoding=\"async\" class=\"  alignleft wp-image-129 size-thumbnail\" src=\"https:\/\/wp.ufpel.edu.br\/ccaf\/files\/2015\/05\/paula-87x159.jpg\" alt=\"paula\" width=\"87\" height=\"159\" srcset=\"https:\/\/wp.ufpel.edu.br\/ccaf\/files\/2015\/05\/paula-87x159.jpg 87w, https:\/\/wp.ufpel.edu.br\/ccaf\/files\/2015\/05\/paula-174x318.jpg 174w, https:\/\/wp.ufpel.edu.br\/ccaf\/files\/2015\/05\/paula.jpg 436w\" sizes=\"auto, (max-width: 87px) 100vw, 87px\" \/><\/a>Formada em Engenharia Florestal pela Universidade Federal de Santa Maria. Mestre em Engenharia e Ci\u00eancia de Materiais. Doutoranda vinculada ao Programa de P\u00f3s-Gradua\u00e7\u00e3o em Engenharia e Ci\u00eancia de Materiais pela Universidade Federal de Pelotas, linha de pesquisa materiais nanoestruturados. Endere\u00e7o para acessar o CV:\u00a0<a href=\"http:\/\/buscatextual.cnpq.br\/buscatextual\/visualizacv.do?id=K4463323E4\" target=\"_blank\">Curr\u00edculo Lattes<\/a><\/p>\n","protected":false},"excerpt":{"rendered":"<p>Formada em Engenharia Florestal pela Universidade Federal de Santa Maria. Mestre em Engenharia e Ci\u00eancia de Materiais. Doutoranda vinculada ao Programa de P\u00f3s-Gradua\u00e7\u00e3o em Engenharia e Ci\u00eancia de Materiais pela Universidade Federal de Pelotas,&#46;&#46;&#46;<\/p>\n","protected":false},"author":505,"featured_media":0,"parent":56,"menu_order":0,"comment_status":"closed","ping_status":"closed","template":"","meta":{"footnotes":""},"class_list":["post-128","page","type-page","status-publish","hentry"],"_links":{"self":[{"href":"https:\/\/wp.ufpel.edu.br\/ccaf\/wp-json\/wp\/v2\/pages\/128","targetHints":{"allow":["GET"]}}],"collection":[{"href":"https:\/\/wp.ufpel.edu.br\/ccaf\/wp-json\/wp\/v2\/pages"}],"about":[{"href":"https:\/\/wp.ufpel.edu.br\/ccaf\/wp-json\/wp\/v2\/types\/page"}],"author":[{"embeddable":true,"href":"https:\/\/wp.ufpel.edu.br\/ccaf\/wp-json\/wp\/v2\/users\/505"}],"replies":[{"embeddable":true,"href":"https:\/\/wp.ufpel.edu.br\/ccaf\/wp-json\/wp\/v2\/comments?post=128"}],"version-history":[{"count":2,"href":"https:\/\/wp.ufpel.edu.br\/ccaf\/wp-json\/wp\/v2\/pages\/128\/revisions"}],"predecessor-version":[{"id":137,"href":"https:\/\/wp.ufpel.edu.br\/ccaf\/wp-json\/wp\/v2\/pages\/128\/revisions\/137"}],"up":[{"embeddable":true,"href":"https:\/\/wp.ufpel.edu.br\/ccaf\/wp-json\/wp\/v2\/pages\/56"}],"wp:attachment":[{"href":"https:\/\/wp.ufpel.edu.br\/ccaf\/wp-json\/wp\/v2\/media?parent=128"}],"curies":[{"name":"wp","href":"https:\/\/api.w.org\/{rel}","templated":true}]}}