{"id":1077,"date":"2018-11-14T10:37:24","date_gmt":"2018-11-14T12:37:24","guid":{"rendered":"https:\/\/wp.ufpel.edu.br\/ccaf\/?page_id=1077"},"modified":"2018-12-01T18:22:34","modified_gmt":"2018-12-01T20:22:34","slug":"2018-2","status":"publish","type":"page","link":"https:\/\/wp.ufpel.edu.br\/ccaf\/2018-2\/","title":{"rendered":"2018"},"content":{"rendered":"<ul>\n<li>Cardoso, G. V.; Mello, L. R. S.;Zanatta, P.; Cava, S.; Raubach, C. W.; Moreira, M. L.; Physico-chemical description of titanium dioxide-cellulose nanocomposite formation by microwave radiation with high thermal stability. Cellulose. Volume 25, 2018. Pages 2331-2341.\u00a0<a href=\"http:\/\/lattes.cnpq.br\/0386013264955570\" target=\"_blank\" rel=\"noopener\">Curr\u00edculo Lattes<\/a><\/li>\n<\/ul>\n<p>&nbsp;<\/p>\n<ul>\n<li><b><\/b>CARDOSO, G. V.; MOREIRA, M. L. ; CAVA, S. S. ; ZANATTA, P. ; MELLO, L. R. S. . UTILIZA\u00c7\u00c3O DO M\u00c9TODO SOLVOT\u00c9RMICO ASSISTIDO POR MICRO-ONDAS PARA OBTEN\u00c7\u00c3O DE NANOCOMP\u00d3SITOS CELULOSE-CER\u00c2MICA. 2016, Brasil.<br \/>\nPatente: Privil\u00e9gio de Inova\u00e7\u00e3o. N\u00famero do registro: BR1020160184258, t\u00edtulo: &#8220;UTILIZA\u00c7\u00c3O DO M\u00c9TODO SOLVOT\u00c9RMICO ASSISTIDO POR MICRO-ONDAS PARA OBTEN\u00c7\u00c3O DE NANOCOMP\u00d3SITOS CELULOSE-CER\u00c2MICA&#8221; , Institui\u00e7\u00e3o de registro: INPI &#8211; Instituto Nacional da Propriedade Industrial. Dep\u00f3sito: 10\/08\/2016.\u00a0<a href=\"http:\/\/lattes.cnpq.br\/0386013264955570\" target=\"_blank\" rel=\"noopener\">Curr\u00edculo Lattes<\/a><\/li>\n<\/ul>\n<p>&nbsp;<\/p>\n<p>&nbsp;<\/p>\n","protected":false},"excerpt":{"rendered":"<p>Cardoso, G. V.; Mello, L. R. S.;Zanatta, P.; Cava, S.; Raubach, C. W.; Moreira, M. L.; Physico-chemical description of titanium dioxide-cellulose nanocomposite formation by microwave radiation with high thermal stability. Cellulose. Volume 25, 2018.&#46;&#46;&#46;<\/p>\n","protected":false},"author":505,"featured_media":0,"parent":0,"menu_order":0,"comment_status":"closed","ping_status":"closed","template":"","meta":{"footnotes":""},"class_list":["post-1077","page","type-page","status-publish","hentry"],"_links":{"self":[{"href":"https:\/\/wp.ufpel.edu.br\/ccaf\/wp-json\/wp\/v2\/pages\/1077","targetHints":{"allow":["GET"]}}],"collection":[{"href":"https:\/\/wp.ufpel.edu.br\/ccaf\/wp-json\/wp\/v2\/pages"}],"about":[{"href":"https:\/\/wp.ufpel.edu.br\/ccaf\/wp-json\/wp\/v2\/types\/page"}],"author":[{"embeddable":true,"href":"https:\/\/wp.ufpel.edu.br\/ccaf\/wp-json\/wp\/v2\/users\/505"}],"replies":[{"embeddable":true,"href":"https:\/\/wp.ufpel.edu.br\/ccaf\/wp-json\/wp\/v2\/comments?post=1077"}],"version-history":[{"count":4,"href":"https:\/\/wp.ufpel.edu.br\/ccaf\/wp-json\/wp\/v2\/pages\/1077\/revisions"}],"predecessor-version":[{"id":1089,"href":"https:\/\/wp.ufpel.edu.br\/ccaf\/wp-json\/wp\/v2\/pages\/1077\/revisions\/1089"}],"wp:attachment":[{"href":"https:\/\/wp.ufpel.edu.br\/ccaf\/wp-json\/wp\/v2\/media?parent=1077"}],"curies":[{"name":"wp","href":"https:\/\/api.w.org\/{rel}","templated":true}]}}