{"id":98,"date":"2020-02-06T10:20:35","date_gmt":"2020-02-06T13:20:35","guid":{"rendered":"https:\/\/wp.ufpel.edu.br\/cbpve\/?page_id=98"},"modified":"2020-09-14T22:27:38","modified_gmt":"2020-09-15T01:27:38","slug":"edital-iv-cbpve","status":"publish","type":"page","link":"https:\/\/wp.ufpel.edu.br\/cbpve\/edital-iv-cbpve\/","title":{"rendered":"Edital IV CBPVE &#8211; Online"},"content":{"rendered":"<p><strong>IV CONGRESSO BRASILEIRO DE PRODU\u00c7\u00c3O DE V\u00cdDEO ESTUDANTIL<\/strong><\/p>\n<p><strong>21, 22 e 23 de outubro de 2020 &#8211; 100% ONLINE<\/strong><\/p>\n<h1><span style=\"font-size: 14pt\"><strong>EDITAL 02\/2020<br \/>\nEste edital revoga o Edital de N\u00ba 01\/2020, uma vez que foi alterada a modalidade do Congresso de presencial para online, devido a Pandemia do Covid-19.<\/strong><\/span><\/h1>\n<ol>\n<li style=\"text-align: justify\"><strong> O EVENTO<\/strong><\/li>\n<\/ol>\n<p style=\"text-align: justify\">O Congresso Brasileiro de Produ\u00e7\u00e3o de V\u00eddeo Estudantil (<strong>CBPVE<\/strong>) tem como objetivo contribuir com pesquisas e relatos de experi\u00eancias de pesquisadores e professores da educa\u00e7\u00e3o b\u00e1sica que realizam v\u00eddeo com seus alunos. As escolas ainda est\u00e3o centradas no discurso escrito deixando de lado o poder das imagens, enquanto isso os alunos vivenciam um novo mundo onde decodificar uma imagem \u00e9 t\u00e3o importante quanto decodificar as letras do alfabeto. A escola vive esta dicotomia entre a escrita que as pol\u00edticas p\u00fablicas cobram e a realidade dos alunos que vivem a tecnologia. Nosso objetivo \u00e9 fomentar a pesquisa e a elabora\u00e7\u00e3o de<strong> Artigos<\/strong> e <strong>Relatos de Experi\u00eancias<\/strong> com \u00eanfase na Produ\u00e7\u00e3o de V\u00eddeo Estudantil (<strong>PVE<\/strong>), motivando a realiza\u00e7\u00e3o de atividades pr\u00e1ticas e pedag\u00f3gicas relacionadas \u00e0 produ\u00e7\u00e3o de v\u00eddeo nas escolas, propondo discuss\u00f5es, debates e reflex\u00f5es que estimulem novas a\u00e7\u00f5es ou o melhoramento de pr\u00e1ticas existentes neste \u00e2mbito, bem como a divulga\u00e7\u00e3o dos trabalhos que dialogam e realizam as PVEs.<\/p>\n<p style=\"text-align: justify\">O <strong>IV CBPVE<\/strong> \u00e9 uma iniciativa do Laborat\u00f3rio Acad\u00eamico de Produ\u00e7\u00e3o de V\u00eddeo Estudantil (<strong>LabPVE<\/strong>)<a href=\"#_ftn1\" name=\"_ftnref1\">[1]<\/a> da Universidade Federal de Pelotas (<strong>UFPel<\/strong>), com o apoio da Funda\u00e7\u00e3o de Amparo \u00e0 Pesquisa do Estado do Rio Grande do Sul <em>(<\/em><strong>FAPERGS<\/strong>).<\/p>\n<ol start=\"2\">\n<li><strong> OBJETIVO<\/strong><\/li>\n<\/ol>\n<p>O <strong>IV CBPVE<\/strong> tem como objetivo principal a apresenta\u00e7\u00e3o e debate sobre a Produ\u00e7\u00e3o de V\u00eddeo Estudantil realizada nas escolas, tanto pelo vi\u00e9s <strong>pr\u00e1tico<\/strong> como <strong>te\u00f3rico<\/strong>.<\/p>\n<ol start=\"3\">\n<li><strong> DA INSCRI\u00c7\u00c3O<\/strong><\/li>\n<\/ol>\n<p style=\"text-align: justify\">As inscri\u00e7\u00f5es iniciam dia <strong>08 de julho<\/strong> e v\u00e3o at\u00e9 <strong>31 de agosto de 2020<\/strong>, atrav\u00e9s do site &lt;<a href=\"https:\/\/wp.ufpel.edu.br\/cbpve\/\">https:\/\/wp.ufpel.edu.br\/cbpve\/<\/a>&gt;\u00a0 pelo autor principal e demais coautores do texto (se tiver). Cada trabalho pode ter at\u00e9 3 (tr\u00eas) autores. <strong>Todos os autores<\/strong> devem realizar a sua inscri\u00e7\u00e3o, preenchendo os dados no <strong><u><a href=\"https:\/\/docs.google.com\/forms\/d\/e\/1FAIpQLSfO8PSFWnd1ZZJDI_xCz8YTJuJXXMoroiY1bYBLN3oyNO7gdw\/viewform?usp=sf_link\">Formul\u00e1rio 1<\/a><\/u><\/strong> e anexando o comprovante de pagamento, por\u00e9m <em><u>apenas o autor principal ir\u00e1 anexar o trabalho.<\/u><\/em><\/p>\n<p style=\"text-align: justify\"><strong>\u00a0<\/strong><strong>Importante:<\/strong> Somente aqueles (autores ou ouvintes) que se inscreverem no evento receber\u00e3o a certifica\u00e7\u00e3o de participa\u00e7\u00e3o no congresso e\/ou apresenta\u00e7\u00e3o de trabalho.<\/p>\n<p>3.1 DA SUBMISS\u00c3O DO RESUMO<br \/>\nA submiss\u00e3o de trabalhos ocorrer\u00e1 no ato da inscri\u00e7\u00e3o, do dia <strong>08 de julho<\/strong> ao dia <strong>31 de agosto de 2020, <\/strong>em arquivo anexado ao Formul\u00e1rio 1, contendo o <strong><u>RESUMO SIMPLES<\/u> ou <u>RESUMO EXPANDIDO<\/u> <\/strong>de um artigo ou relato de experi\u00eancia.<\/p>\n<table width=\"0\">\n<tbody>\n<tr>\n<td width=\"190\">\n<p><strong><em>\u00a0<\/em><\/strong><\/p>\n<p><strong><em>Artigo<\/em><\/strong><\/td>\n<td width=\"384\"><strong><em>&#8211; <\/em><\/strong><em>Deve ser oriundo de pesquisas (finalizadas ou em andamento), trazendo reflex\u00f5es que fa\u00e7am refer\u00eancia a autores da \u00e1rea acad\u00eamica, abordando a tem\u00e1tica Produ\u00e7\u00e3o de V\u00eddeo Estudantil.<\/em><\/td>\n<\/tr>\n<tr>\n<td width=\"190\"><strong><em>\u00a0<\/em><\/strong><strong><em>Relato de Experi\u00eancia<\/em><\/strong><\/td>\n<td width=\"384\"><em>&#8211; Deve apresentar um relato de pr\u00e1ticas pedag\u00f3gicas que contemplem a Produ\u00e7\u00e3o de V\u00eddeo Estudantil no contexto escolar (finalizadas ou em andamento).<\/em><\/td>\n<\/tr>\n<\/tbody>\n<\/table>\n<p>&nbsp;<\/p>\n<p style=\"text-align: justify\"><strong>\u00a0<\/strong>3.2 DAS NORMATIVAS<br \/>\nOs dois tipos de resumos (simples e expandido), devem ser precedidos pelo t\u00edtulo do trabalho (com alinhamento centralizado) e nome(s) do(s) autor(es) com alinhamento \u00e0 direita. Em de nota de rodap\u00e9 especificar: titula\u00e7\u00e3o, curso, unidade e e-mail de cada autor.<\/p>\n<p><strong>RESUMO SIMPLES<br \/>\n<\/strong>(m\u00ednimo <strong>300<\/strong> palavras e m\u00e1ximo <strong>600<\/strong>, incluindo refer\u00eancias e notas)<\/p>\n<p style=\"text-align: justify\"><strong>Resumo:<\/strong> Apresente seu trabalho (onde foi feito: escola p\u00fablica ou privada; cidade; estado; n\u00edvel de ensino dos alunos; em que ano e per\u00edodo foi realizado (Ex: se foi em um m\u00eas, se durante todo um semestre; se nas aulas de Artes, Matem\u00e1tica, etc; se foi no turno inverso das aulas; entre outras). Depois, descreva o objetivo, a metodologia, an\u00e1lise dos resultados e as considera\u00e7\u00f5es do trabalho. O texto deve ser descrito em par\u00e1grafo \u00fanico, formado por frases objetivas, simples e com coer\u00eancia. Ap\u00f3s o resumo colocar as palavras-chave.<br \/>\n<strong>Palavras-chave<\/strong>: de 3 a 5 palavras relacionadas ao tema do trabalho.<\/p>\n<p><strong>RESUMO EXPANDIDO<br \/>\n<\/strong>(m\u00ednimo <strong>1000<\/strong> palavras e m\u00e1ximo <strong>1500<\/strong>, incluindo refer\u00eancias e notas)<\/p>\n<p style=\"text-align: justify\">Al\u00e9m do n\u00famero de palavras que diferencia os dois tipos de resumos, o resumo expandido deve ser apresentado com, no m\u00ednimo, os quesitos a seguir:<\/p>\n<p style=\"text-align: justify\"><strong>Resumo<\/strong> &#8211; Igual ao descrito no Resumo Simples.<\/p>\n<p style=\"text-align: justify\"><strong>Palavras-chave<\/strong> &#8211; De 3 a 5 palavras relacionadas ao tema do seu trabalho.<\/p>\n<p style=\"text-align: justify\"><strong>Introdu\u00e7\u00e3o<\/strong> &#8211; Apresente de forma clara o trabalho estudado, destacando informa\u00e7\u00f5es gerais e pertinentes ao assunto. Na introdu\u00e7\u00e3o, tamb\u00e9m descreva os objetivos.<\/p>\n<p style=\"text-align: justify\"><strong>Metodologia<\/strong> &#8211; Breve relato de como o trabalho foi realizado.<\/p>\n<p style=\"text-align: justify\"><strong>An\u00e1lise e resultados<\/strong> &#8211; Descreva os resultados obtidos a partir do m\u00e9todo de pesquisa adotado, fazendo uma an\u00e1lise qualitativa e\/ou quantitativa do material pesquisado. Al\u00e9m disso, pode apresentar os dados em tabelas, gr\u00e1ficos e figuras.<\/p>\n<p style=\"text-align: justify\"><strong>Considera\u00e7\u00f5es<\/strong> &#8211; Procure relacionar os resultados encontrados aos objetivos do seu trabalho ou pesquisa, se foram cumpridos e quais percep\u00e7\u00f5es e aprendizagens podem ser destacadas.<\/p>\n<p style=\"text-align: justify\"><strong>Refer\u00eancias<\/strong> &#8211; Especifique todas as obras utilizadas na escrita do trabalho, tanto para o uso de cita\u00e7\u00f5es diretas e\/ou indiretas, que embasaram, corroboraram ou discordaram dos assuntos abordados no texto.<\/p>\n<p style=\"text-align: justify\"><strong>Importante: <\/strong>No caso de trabalhos em andamento os resultados, an\u00e1lises e considera\u00e7\u00f5es devem evidenciar que s\u00e3o resultados parciais.<\/p>\n<p style=\"text-align: justify\">3.3 DA FORMATA\u00c7\u00c3O<br \/>\nTanto o trabalho em Resumo Simples como em Resumo Expandido deve ser submetido em formato eletr\u00f4nico com extens\u00e3o de arquivo: <strong>.doc<\/strong>,\u00a0 <strong>.docx<\/strong>,<strong> .odt.<\/strong><\/p>\n<p style=\"text-align: justify\"><strong>Aten\u00e7\u00e3o: <\/strong>N\u00e3o ser\u00e3o aceitos arquivos em <strong><u>.pdf<\/u><\/strong>.<\/p>\n<p style=\"text-align: justify\">A p\u00e1gina deve estar configurada para tamanho de papel A4, com orienta\u00e7\u00e3o retrato, margens superior e esquerda de 3cm, inferior e direita com 2cm, fonte Times New Roman, tamanho 12, espa\u00e7amento 1,5 entrelinhas e par\u00e1grafo de 1,25. O alinhamento do texto deve ser justificado. O T\u00edtulo do Trabalho e as Refer\u00eancias devem ser centralizadas e em negrito. Os demais t\u00edtulos tamb\u00e9m devem ser em negrito, com a primeira letra em mai\u00fasculo e alinhamento \u00e0 esquerda. Nas Refer\u00eancias o espa\u00e7amento \u00e9 simples e o alinhamento \u00e9 \u00e0 esquerda, com 1 (um) espa\u00e7o entre um autor e outro.<\/p>\n<p style=\"text-align: justify\">Fazer uso do <strong>Modelo\/Template <\/strong>\u2013 Veja <strong>ANEXO I<\/strong> deste edital.<\/p>\n<p style=\"text-align: justify\">3.4 DO INVESTIMENTO<br \/>\nA taxa de inscri\u00e7\u00e3o \u00e9 de R$ 50,00 (cinquenta reais).<br \/>\nJunto ao <strong><u><a href=\"https:\/\/docs.google.com\/forms\/d\/1jEyiioFjr9OS9Upwe_B6TB23Oq2WvABWfZW3CNA6Mww\/edit?ts=5ef9dd85\">Formul\u00e1rio 1<\/a><\/u><\/strong> de inscri\u00e7\u00e3o, cada congressista precisa anexar o comprovante de dep\u00f3sito ou de transfer\u00eancia banc\u00e1ria. O investimento dever\u00e1 ser creditado na conta a seguir:<\/p>\n<p><a href=\"https:\/\/wp.ufpel.edu.br\/cbpve\/files\/2020\/07\/ContaCorrente.jpg\"><img loading=\"lazy\" decoding=\"async\" class=\"wp-image-208 alignleft\" src=\"https:\/\/wp.ufpel.edu.br\/cbpve\/files\/2020\/07\/ContaCorrente.jpg\" alt=\"\" width=\"350\" height=\"175\" srcset=\"https:\/\/wp.ufpel.edu.br\/cbpve\/files\/2020\/07\/ContaCorrente.jpg 525w, https:\/\/wp.ufpel.edu.br\/cbpve\/files\/2020\/07\/ContaCorrente-400x200.jpg 400w, https:\/\/wp.ufpel.edu.br\/cbpve\/files\/2020\/07\/ContaCorrente-375x187.jpg 375w\" sizes=\"auto, (max-width: 350px) 100vw, 350px\" \/><\/a><\/p>\n<p>&nbsp;<\/p>\n<p style=\"text-align: justify\"><strong><br \/>\nAten\u00e7\u00e3o: <\/strong>N\u00e3o haver\u00e1 o ressarcimento do valor que corresponde \u00e0 inscri\u00e7\u00e3o, caso o congressista n\u00e3o participe do evento.<\/p>\n<p>&nbsp;<\/p>\n<p>&nbsp;<\/p>\n<ol start=\"4\">\n<li><strong> DAS MODALIDADES E CATEGORIAS DE PARTICIPA\u00c7\u00c3O<br \/>\n<\/strong><\/li>\n<\/ol>\n<p style=\"text-align: justify\">4.1 DAS MODALIDADES DE PARTICIPA\u00c7\u00c3O<br \/>\nAo inscrever-se no evento o congressista pode optar por uma das duas modalidades de participa\u00e7\u00e3o, conforme orienta\u00e7\u00f5es a seguir.<\/p>\n<p style=\"text-align: justify\">4.1.1 PARTICIPA\u00c7\u00c3O COMO OUVINTE<br \/>\nUma das possibilidades de participa\u00e7\u00e3o no evento \u00e9 a inscri\u00e7\u00e3o na modalidade ouvinte. Os professores\/pesquisadores que desejarem, ou que <strong>n\u00e3o <\/strong>tiverem seus trabalhos aprovados, poder\u00e3o participar do congresso como ouvintes<a href=\"#_ftn2\" name=\"_ftnref2\">[2]<\/a>, ganhando certificado referente a essa modalidade de participa\u00e7\u00e3o.<\/p>\n<p style=\"text-align: justify\"><strong>Importante:<\/strong> Os alunos da Educa\u00e7\u00e3o B\u00e1sica de escolas p\u00fablicas e privadas podem participar do congresso, <strong>sem custo nenhum<\/strong>, por\u00e9m precisam realizar a inscri\u00e7\u00e3o no \u201cFormul\u00e1rio 1\u201d para receber o certificado de participa\u00e7\u00e3o no IV CBPVE. Ao fazer a inscri\u00e7\u00e3o este aluno dever\u00e1 indicar um professor respons\u00e1vel.<\/p>\n<p style=\"text-align: justify\">4.1.2 PARTICIPA\u00c7\u00c3O COMO COMUNICADOR (APRESENTADOR)<br \/>\nA participa\u00e7\u00e3o na modalidade comunicador (apresentador) est\u00e1 aberta a estudantes e professores da Gradua\u00e7\u00e3o, P\u00f3s- Gradua\u00e7\u00e3o, Educa\u00e7\u00e3o B\u00e1sica e Oficineiros de Programas ou Projetos de Produ\u00e7\u00e3o de V\u00eddeo Estudantil que tenham produzido v\u00eddeo com seus alunos ou que tenham em suas pesquisas a produ\u00e7\u00e3o de v\u00eddeo como mote principal na realiza\u00e7\u00e3o ou na exibi\u00e7\u00e3o. Os interessados nessa modalidade, no ato da inscri\u00e7\u00e3o, precisam que o autor principal submeta o resumo (simples ou expandido) de Artigo ou Relato de Experi\u00eancia, escolhendo uma das Categorias a seguir.<\/p>\n<p style=\"text-align: justify\">4.2 DAS CATEGORIAS DE COMUNICA\u00c7\u00c3O<br \/>\nO inscrito interessado em apresentar trabalho na modalidade \u201cComunica\u00e7\u00f5es\u201d, dever\u00e1 fazer por meio de <strong>apresenta\u00e7\u00e3o<\/strong> <strong>em<\/strong> <strong>v\u00eddeo e debate online, <\/strong>conforme cronograma<strong>. <\/strong>Os trabalhos poder\u00e3o ser inscritos em uma das seguintes categorias:<\/p>\n<ul>\n<li style=\"text-align: justify\"><strong>Categoria 1 &#8211; Artigo sobre pesquisas conclu\u00eddas ou em andamento sobre pr\u00e1ticas de professores que produzem v\u00eddeos estudantis no contexto educacional:<\/strong><\/li>\n<\/ul>\n<p style=\"text-align: justify\"><strong>\u00a0<\/strong>Espera-se, aqui, que os participantes possam construir uma reflex\u00e3o te\u00f3rica sobre a pr\u00e1tica pedag\u00f3gica na sala de aula, com atividades de produ\u00e7\u00e3o de v\u00eddeos em qualquer n\u00edvel de Ensino B\u00e1sico: Educa\u00e7\u00e3o Infantil, Ensino Fundamental, M\u00e9dio e EJA.<\/p>\n<ul>\n<li><strong>Categoria 2 &#8211; Relato de experi\u00eancia de ensino com pr\u00e1tica em Produ\u00e7\u00e3o de V\u00eddeo Estudantil: <\/strong><\/li>\n<\/ul>\n<p style=\"text-align: justify\">Espera-se, aqui, que os participantes possam construir uma reflex\u00e3o a respeito de sua pr\u00e1tica pedag\u00f3gica na sala de aula ou sobre alguma an\u00e1lise embasada em observa\u00e7\u00f5es emp\u00edricas, destacando o desenvolvimento de atividade(s) referente(s) \u00e0 produ\u00e7\u00e3o de v\u00eddeo estudantil. Tamb\u00e9m poder\u00e3o ser discutidas as dificuldades e solu\u00e7\u00f5es tecnol\u00f3gicas desenvolvidas no processo de produ\u00e7\u00e3o de v\u00eddeo.<\/p>\n<p style=\"text-align: justify\"><strong>Importante:<\/strong> Em <strong><u>car\u00e1ter especial e in\u00e9dito<\/u><\/strong><strong>, <\/strong>ser\u00e1 aceito um relato de experi\u00eancia de produ\u00e7\u00e3o de v\u00eddeo por estudantes da Educa\u00e7\u00e3o B\u00e1sica de escolas p\u00fablicas ou privadas, durante o per\u00edodo da Pandemia do Covid-19, desde que essas produ\u00e7\u00f5es tenham sido realizadas em cria\u00e7\u00f5es interativas\/colaborativas, com produ\u00e7\u00e3o e inscri\u00e7\u00e3o mediadas por professores da Educa\u00e7\u00e3o B\u00e1sica.<\/p>\n<p style=\"text-align: justify\">4.3 ENVIO DO V\u00cdDEO DE APRESENTA\u00c7\u00c3O<br \/>\nAp\u00f3s receber a confirma\u00e7\u00e3o (Carta de Aceite) do resumo simples ou expandido via email cadastrado no Formul\u00e1rio 1, o(s) autor(es) dever\u00e3o gravar 1 (um) v\u00eddeo de no m\u00ednimo <strong>5 minutos<\/strong> e no m\u00e1ximo de <strong>15 minutos <\/strong>fazendo a apresenta\u00e7\u00e3o do seu trabalho. O v\u00eddeo dever\u00e1 ser hospedado na plataforma <em>Youtube, <\/em>na op\u00e7\u00e3o<strong> \u201cn\u00e3o listado\u201d<\/strong>. Ap\u00f3s, dever\u00e1 ser enviado o link do v\u00eddeo para a coordena\u00e7\u00e3o do evento atrav\u00e9s do email &lt;<a href=\"mailto:congressodevideo@gmail.com\">congressodevideo@gmail.com<\/a>&gt; at\u00e9 o<strong> dia 05\/10\/2020. <\/strong>Lembrando que o v\u00eddeo deve ser correspondente ao resumo enviado na inscri\u00e7\u00e3o.<\/p>\n<p style=\"text-align: justify\"><strong>Aten\u00e7\u00e3o:<\/strong> Seguir as orienta\u00e7\u00f5es sugeridas no <strong>ANEXO II<\/strong>. Se utilizar o recurso de slides na apresenta\u00e7\u00e3o em v\u00eddeo, acesse o modelo\/template do <strong>ANEXO III<\/strong>.<\/p>\n<ol start=\"5\">\n<li><strong><strong> DA APRESENTA\u00c7\u00c3O<\/strong><\/strong><\/li>\n<\/ol>\n<p style=\"text-align: justify\"><strong>\u00a0<\/strong>5.1 O IV CBPVE acontecer\u00e1 totalmente online, portanto a apresenta\u00e7\u00e3o dos trabalhos aprovados (por v\u00eddeo) ser\u00e3o disponibilizadas no Ambiente Virtual de Aprendizagem (AVA) Moodle da Universidade Federal de Pelotas &#8211; RS. Esse v\u00eddeo estar\u00e1 dispon\u00edvel no site oficial do CBPVE, sob a licen\u00e7a Creative Commons<a href=\"#_ftn3\" name=\"_ftnref3\">[3]<\/a>.<\/p>\n<p style=\"text-align: justify\">5.2. O link do AVA Moodle, usu\u00e1rio, senha, data, hor\u00e1rio da apresenta\u00e7\u00e3o do artigo ou do relato de experi\u00eancia, ser\u00e3o anunciados, posteriormente, no site do IV CBPVE.<\/p>\n<ol start=\"6\">\n<li><strong> DAS DATAS<\/strong><\/li>\n<\/ol>\n<table width=\"0\">\n<tbody>\n<tr>\n<td width=\"312\">Inscri\u00e7\u00e3o<\/td>\n<td width=\"256\">08\/07\/2020 a 31\/08\/2020<\/td>\n<\/tr>\n<tr>\n<td width=\"312\">Submiss\u00e3o de artigos e relatos<\/td>\n<td width=\"256\">08\/07\/2020 a 31\/08\/2020<\/td>\n<\/tr>\n<tr>\n<td width=\"312\">Emiss\u00e3o da Carta de Aceite (aprova\u00e7\u00e3o e\/ou pareceres)<\/td>\n<td width=\"256\">21\/09\/2020<\/td>\n<\/tr>\n<tr>\n<td width=\"312\">Envio do link do v\u00eddeo de apresenta\u00e7\u00e3o do trabalho<\/td>\n<td width=\"256\">05\/10\/2020<\/td>\n<\/tr>\n<tr>\n<td width=\"312\">Realiza\u00e7\u00e3o do evento (IV CBPVE)<\/td>\n<td width=\"256\">21, 22, 23 de outubro de 2020<\/td>\n<\/tr>\n<tr>\n<td width=\"312\">Mostra de V\u00eddeo Estudantil &#8211; 100% online<\/td>\n<td width=\"256\">21\/10\/2020 a 22\/10\/2020<\/td>\n<\/tr>\n<tr>\n<td width=\"312\">Anais do IV CBPVE<\/td>\n<td width=\"256\">1\u00ba Semestre de 2021<\/td>\n<\/tr>\n<tr>\n<td width=\"312\">Envio do artigo completo para os trabalhos destaques convidados a compor o livro do IV CBPVE<\/td>\n<td width=\"256\">16 de novembro de 2020<\/td>\n<\/tr>\n<tr>\n<td width=\"312\">Previs\u00e3o de Lan\u00e7amento do Livro<\/td>\n<td width=\"256\">1\u00ba Semestre de 2021<\/td>\n<\/tr>\n<\/tbody>\n<\/table>\n<p><strong>\u00a0<\/strong><\/p>\n<p><strong>\u00a07. <\/strong><strong>DOS ANAIS e DO LIVRO do IV CBPVE <\/strong><\/p>\n<p style=\"text-align: justify\"><strong>\u00a0<\/strong>7.1 DOS ANAIS &#8211; Todos os resumos submetidos e aprovados ser\u00e3o publicados nos Anais do IV Congresso Brasileiro de Produ\u00e7\u00e3o de V\u00eddeo Estudantil (CBPVE).<\/p>\n<p style=\"text-align: justify\">7.2 DO LIVRO &#8211; Os trabalhos destaques ser\u00e3o convidados a comporem o Livro do IV CBPVE. A cada um destes destaques ser\u00e1 solicitado que desenvolvam o resumo apresentado no congresso, transformando-o em um <strong>Artigo Completo<\/strong> at\u00e9 o dia 16 de novembro de 2020. O artigo, segue as normas da ABNT, com o m\u00ednimo 8 p\u00e1ginas e m\u00e1ximo 15 p\u00e1ginas, que devem ser enviado para o email &lt;<a href=\"mailto:congressodevideo@gmail.com\">congressodevideo@gmail.com<\/a>&gt;.<\/p>\n<p style=\"text-align: justify\"><strong>8. MOSTRA DE V\u00cdDEO ESTUDANTIL 100% ONLINE<br \/>\n<\/strong>Nesta 4\u00aa edi\u00e7\u00e3o do evento haver\u00e1 uma Mostra Online <span style=\"text-align: justify\">de v\u00eddeos produzidos pelos alunos referentes aos trabalhos inscritos e apresentados no congresso.<br \/>\n<\/span>Cada professor poder\u00e1 enviar um (1) ou dois (2) v\u00eddeo(s) para sele\u00e7\u00e3o mediante preenchimento dos dados solicitados no <strong><u><a href=\"https:\/\/docs.google.com\/forms\/d\/18DyA_2RrPDMmeKHTcxJxNaKIHLD4zC_tU_T3I_7m9ow\/edit?ts=5f004d77\">Formul\u00e1rio 2<\/a><\/u><\/strong>.<\/p>\n<p style=\"text-align: justify\">a) Os v\u00eddeos podem ser da Educa\u00e7\u00e3o Infantil, Ensino Fundamental Anos Iniciais e Finais, Ensino M\u00e9dio e da Educa\u00e7\u00e3o de Jovens e Adultos (EJA);<br \/>\nb) O v\u00eddeo deve estar no <em>Youtube <\/em>(p\u00fablico ou n\u00e3o listado) e ser enviado via Formul\u00e1rio 2, respeitando o mesmo prazo de inscri\u00e7\u00e3o no IV CBPVE (<strong>at\u00e9 31 de agosto de 2020<\/strong>);<br \/>\nc) Os conte\u00fados e ideias expressas no v\u00eddeo s\u00e3o de total responsabilidade dos autores ou respons\u00e1veis legais.<\/p>\n<p><a href=\"https:\/\/wp.ufpel.edu.br\/cbpve\/files\/2020\/09\/cronograma-site.png\"><img loading=\"lazy\" decoding=\"async\" class=\"alignnone size-full wp-image-247\" src=\"https:\/\/wp.ufpel.edu.br\/cbpve\/files\/2020\/09\/cronograma-site.png\" alt=\"\" width=\"695\" height=\"851\" srcset=\"https:\/\/wp.ufpel.edu.br\/cbpve\/files\/2020\/09\/cronograma-site.png 695w, https:\/\/wp.ufpel.edu.br\/cbpve\/files\/2020\/09\/cronograma-site-327x400.png 327w\" sizes=\"auto, (max-width: 695px) 100vw, 695px\" \/><\/a><\/p>\n<p><strong>10. DOS CERTIFICADOS<br \/>\n<\/strong>Os certificados ser\u00e3o enviados pela Pr\u00f3 Reitoria de Extens\u00e3o da UFPel, ap\u00f3s a realiza\u00e7\u00e3o do congresso, a todos que se inscreveram e participaram das atividades obrigat\u00f3rias online, independentemente da forma de participa\u00e7\u00e3o, modalidade ou categoria.<strong><br \/>\n<\/strong><\/p>\n<p style=\"text-align: justify\"><strong>ATEN\u00c7\u00c3O:<\/strong> Neste evento 100% Online s\u00e3o <strong><u>ETAPAS OBRIGAT\u00d3RIAS<\/u><\/strong> para a certifica\u00e7\u00e3o:<\/p>\n<ol style=\"text-align: justify\">\n<li>Assistir, em tempo real, a Palestra de Abertura do Evento;<\/li>\n<li>Assistir, deixando coment\u00e1rios e\/ou questionamentos, pelo menos em 1 (uma) das Sess\u00f5es de Apresenta\u00e7\u00e3o de Trabalho;<\/li>\n<\/ol>\n<p><u>SOMENTE PARA AUTORES<\/u> &#8211; Enviar v\u00eddeo de apresenta\u00e7\u00e3o e participar, em tempo real, do debate Online que far\u00e1 parte da apresenta\u00e7\u00e3o do seu trabalho.<\/p>\n<p><strong>11. DISPOSI\u00c7\u00d5ES GERAIS<\/strong><\/p>\n<p>a)A avalia\u00e7\u00e3o dos trabalhos ser\u00e1 realizada por uma comiss\u00e3o constitu\u00edda por institui\u00e7\u00f5es de Ensino Superior parceiras do evento e por pesquisadores em Produ\u00e7\u00e3o de V\u00eddeo Estudantil;<br \/>\nb)Ao fazer a inscri\u00e7\u00e3o os autores dos trabalhos, das imagens ou dos v\u00eddeos, bem como seus respons\u00e1veis legais, autorizam: a libera\u00e7\u00e3o dos direitos autorais de imagem e de transmiss\u00e3o de voz, por tempo indeterminado, para exibi\u00e7\u00e3o e postagem do respectivo material para difus\u00f5es n\u00e3o-comerciais vinculadas ao CBPVE em qualquer meio, seja ele impresso ou eletr\u00f4nico, para todas as finalidades, em territ\u00f3rio nacional e no exterior;<br \/>\nc)Estar\u00e3o imediatamente desclassificados os resumos que n\u00e3o se enquadrarem nas modalidades e categorias definidas no item 4 deste edital;<br \/>\nd)Em caso de d\u00favidas ou algum problema durante as etapas de inscri\u00e7\u00e3o, \u00e9 necess\u00e1rio entrar em contato com a comiss\u00e3o organizadora, atrav\u00e9s do email &lt;<a href=\"mailto:congressodevideo@gmail.com\">congressodevideo@gmail.com<\/a>&gt;, dentro do prazo de inscri\u00e7\u00e3o. N\u00e3o ser\u00e3o aceitas reclama\u00e7\u00f5es ap\u00f3s o encerramento das inscri\u00e7\u00f5es;<br \/>\ne)Ser\u00e3o aceitos at\u00e9 o limite de 400 (quatrocentos) trabalhos inscritos para apresenta\u00e7\u00e3o no IV CBPVE. Os inscritos excedentes, automaticamente, ser\u00e3o considerados como modalidade ouvinte;<br \/>\nf)Os casos omissos neste regulamento ser\u00e3o solucionados pela coordena\u00e7\u00e3o do evento.<\/p>\n<p><strong><br \/>\nOs Anexos I, II e II se encontram dispon\u00edveis para DOWNLOAD na aba &#8220;<span style=\"color: #0000ff\"><a style=\"color: #0000ff\" href=\"https:\/\/wp.ufpel.edu.br\/cbpve\/modelos-e-template\/\"><span style=\"font-size: 14pt\">Modelos e Templates<\/span><\/a><\/span>&#8221; do menu deste site:<\/strong><\/p>\n<p><strong>ANEXO I<br \/>\n<\/strong>Formata\u00e7\u00e3o dos resumos simples e expandido (em Word) com cabe\u00e7alho padr\u00e3o.<\/p>\n<p><strong>ANEXO II<br \/>\n<\/strong>Orienta\u00e7\u00f5es de como fazer a apresenta\u00e7\u00e3o em v\u00eddeo.<\/p>\n<p><strong>ANEXO III<br \/>\n<\/strong>Modelo\/Template do Power Point padr\u00e3o para utilizar na apresenta\u00e7\u00e3o com o uso de slides.<\/p>\n<p>&nbsp;<\/p>\n<p>Atenciosamente<br \/>\n<strong>Coordena\u00e7\u00e3o CBPVE \/ UFPel<\/strong><\/p>\n<p>&nbsp;<\/p>\n<p>Pelotas-RS, Julho de 2020.<\/p>\n<p>&nbsp;<\/p>\n<p><a href=\"#_ftnref1\" name=\"_ftn1\">[1]<\/a> O LabPVE contempla o Projeto de Pesquisa e Extens\u00e3o &#8220;Produ\u00e7\u00e3o de V\u00eddeo Estudantil&#8221;, com o apoio do \u201cPrograma de P\u00f3s-Gradua\u00e7\u00e3o em Educa\u00e7\u00e3o Matem\u00e1tica (Mestrado)\u201d, ambos da Universidade Federal de Pelotas.<\/p>\n<p><a href=\"#_ftnref2\" name=\"_ftn2\">[2]<\/a> Observar a al\u00ednea \u201c<strong>e<\/strong>\u201d das Disposi\u00e7\u00f5es Gerais.<\/p>\n<p><a href=\"#_ftnref3\" name=\"_ftn3\">[3]<\/a> Observar o item \u201c<strong>b<\/strong>\u201d das Disposi\u00e7\u00f5es Gerais.<\/p>\n","protected":false},"excerpt":{"rendered":"<p>IV CONGRESSO BRASILEIRO DE PRODU\u00c7\u00c3O DE V\u00cdDEO ESTUDANTIL 21, 22 e 23 de outubro de 2020 &#8211; 100% ONLINE EDITAL 02\/2020 Este edital revoga o Edital de N\u00ba 01\/2020, uma vez que foi alterada a modalidade do Congresso de presencial para online, devido a Pandemia do Covid-19. O EVENTO O Congresso Brasileiro de Produ\u00e7\u00e3o de &hellip; <\/p>\n<p><a class=\"more-link btn\" href=\"https:\/\/wp.ufpel.edu.br\/cbpve\/edital-iv-cbpve\/\">Continue lendo<\/a><\/p>\n","protected":false},"author":578,"featured_media":0,"parent":0,"menu_order":0,"comment_status":"closed","ping_status":"closed","template":"","meta":{"footnotes":""},"class_list":["post-98","page","type-page","status-publish","hentry","nodate","item-wrap"],"_links":{"self":[{"href":"https:\/\/wp.ufpel.edu.br\/cbpve\/wp-json\/wp\/v2\/pages\/98","targetHints":{"allow":["GET"]}}],"collection":[{"href":"https:\/\/wp.ufpel.edu.br\/cbpve\/wp-json\/wp\/v2\/pages"}],"about":[{"href":"https:\/\/wp.ufpel.edu.br\/cbpve\/wp-json\/wp\/v2\/types\/page"}],"author":[{"embeddable":true,"href":"https:\/\/wp.ufpel.edu.br\/cbpve\/wp-json\/wp\/v2\/users\/578"}],"replies":[{"embeddable":true,"href":"https:\/\/wp.ufpel.edu.br\/cbpve\/wp-json\/wp\/v2\/comments?post=98"}],"version-history":[{"count":23,"href":"https:\/\/wp.ufpel.edu.br\/cbpve\/wp-json\/wp\/v2\/pages\/98\/revisions"}],"predecessor-version":[{"id":251,"href":"https:\/\/wp.ufpel.edu.br\/cbpve\/wp-json\/wp\/v2\/pages\/98\/revisions\/251"}],"wp:attachment":[{"href":"https:\/\/wp.ufpel.edu.br\/cbpve\/wp-json\/wp\/v2\/media?parent=98"}],"curies":[{"name":"wp","href":"https:\/\/api.w.org\/{rel}","templated":true}]}}