{"id":232,"date":"2020-09-04T12:05:35","date_gmt":"2020-09-04T15:05:35","guid":{"rendered":"https:\/\/wp.ufpel.edu.br\/cbpve\/?page_id=232"},"modified":"2020-09-14T22:41:01","modified_gmt":"2020-09-15T01:41:01","slug":"equipe","status":"publish","type":"page","link":"https:\/\/wp.ufpel.edu.br\/cbpve\/modelos-e-template\/equipe\/","title":{"rendered":"Equipe"},"content":{"rendered":"<p><a href=\"https:\/\/wp.ufpel.edu.br\/cbpve\/files\/2020\/09\/Josias-Pereira.jpg\"><img loading=\"lazy\" decoding=\"async\" class=\" wp-image-227 alignleft\" src=\"https:\/\/wp.ufpel.edu.br\/cbpve\/files\/2020\/09\/Josias-Pereira.jpg\" alt=\"\" width=\"280\" height=\"187\" \/><\/a><\/p>\n<p>Josias Pereira: &lt;<a href=\"erdfilmes@gmail.com%20\">erdfilmes@gmail.com<\/a>&gt;.<\/p>\n<p>Gradua\u00e7\u00e3o em Comunica\u00e7\u00e3o pela UFRJ: Habilita\u00e7\u00e3o (R\u00e1dio\/TV), P\u00f3s-Gradua\u00e7\u00e3o em Psicologia pela UERJ, Mestrado em Tecnologia Educacional pela UNIRIO, \u00e9 Doutor em Educa\u00e7\u00e3o pela UFPEL. Tem P\u00f3s-Doutorado em Estudos da Linguagem pela UEL. Atualmente \u00e9 professor do curso de Cinema e Audiovisual da UFPel, docente do Programa de P\u00f3s-Gradua\u00e7\u00e3o do Mestrado em Educa\u00e7\u00e3o Matem\u00e1tica e coordenador do projeto de extens\u00e3o e do grupo de pesquisa Produ\u00e7\u00e3o de V\u00eddeo Estudantil.<br \/>\n<span style=\"font-size: 10pt\">Endere\u00e7o para acessar CV: http:\/\/lattes.cnpq.br\/8229279571627360<\/span><\/p>\n<p>&nbsp;<\/p>\n<p><a href=\"https:\/\/wp.ufpel.edu.br\/cbpve\/files\/2020\/09\/Eliane-Candido.jpg\"><img loading=\"lazy\" decoding=\"async\" class=\"wp-image-226 alignleft\" src=\"https:\/\/wp.ufpel.edu.br\/cbpve\/files\/2020\/09\/Eliane-Candido.jpg\" alt=\"\" width=\"275\" height=\"331\" \/><\/a><\/p>\n<p>Eliane Candido: &lt;<a href=\"mailto:eliane.candido21@gmail.com\">eliane.candido21@gmail.com<\/a>&gt;<\/p>\n<p>Pedagoga, Especialista em M\u00eddias na Educa\u00e7\u00e3o, Mestranda em Educa\u00e7\u00e3o Matem\u00e1tica pela UFPel. Membro do Grupo de Pesquisa Produ\u00e7\u00e3o de V\u00eddeo Estudantil (projeto de extens\u00e3o). Professora pesquisadora sobre produ\u00e7\u00e3o de v\u00eddeo realizado por alunos em todas as \u00e1reas do conhecimento, bem como Metodologias Ativas e Ensino-Aprendizagem.<\/p>\n<p><span style=\"font-size: 10pt\">Endere\u00e7o para acessar CV: http:\/\/lattes.cnpq.br\/2517519803688890<\/span><\/p>\n<p>&nbsp;<\/p>\n<p>&nbsp;<\/p>\n<p><img loading=\"lazy\" decoding=\"async\" class=\"wp-image-228 alignleft\" src=\"https:\/\/wp.ufpel.edu.br\/cbpve\/files\/2020\/09\/Viviane-Lino.jpg\" alt=\"\" width=\"275\" height=\"339\" \/><br \/>\nViviane Lino: &lt;<a href=\"mailto:vivianepereslino@gmail.com\">vivianepereslino@gmail.com<\/a>&gt;<\/p>\n<p>Licenciada em Letras &#8211; Portugu\u00eas\/Ingl\u00eas e Mestre em Letras\/Lingu\u00edstica Aplicada pela UCPel. \u00c9 professora da Educa\u00e7\u00e3o B\u00e1sica. Integra a equipe do Projeto de Extens\u00e3o e do Projeto de Pesquisa Produ\u00e7\u00e3o de V\u00eddeo Estudantil (UFPel). Desenvolve pesquisa interdisciplinar sobre produ\u00e7\u00e3o de v\u00eddeo como pr\u00e1tica pedag\u00f3gica elencando temas como Multiletramentos e Metodologias Ativas.<\/p>\n<p><span style=\"font-size: 10pt\">Endere\u00e7o para acessar o CV: http:\/\/lattes.cnpq.br\/8319524657789633<\/span><\/p>\n<p>&nbsp;<\/p>\n<p><a href=\"https:\/\/wp.ufpel.edu.br\/cbpve\/files\/2020\/09\/Ana-Paula-Necchi-Ribeiro.jpg\"><img loading=\"lazy\" decoding=\"async\" class=\"wp-image-229 alignleft\" src=\"https:\/\/wp.ufpel.edu.br\/cbpve\/files\/2020\/09\/Ana-Paula-Necchi-Ribeiro.jpg\" alt=\"\" width=\"276\" height=\"366\" \/><\/a><\/p>\n<p>Ana Paula Necchi Ribeiro: &lt;<a href=\"mailto:ap.necchi@gmail.com\">ap.necchi@gmail.com<\/a>&gt;<\/p>\n<p>Pedagoga, licenciada pela UFRGS. \u00c9 professora de Educa\u00e7\u00e3o Infantil no munic\u00edpio de S\u00e3o Leopoldo\/RS. Cursa a Especializa\u00e7\u00e3o em Educa\u00e7\u00e3o e Tecnologias, \u00eanfase em Produ\u00e7\u00e3o e Uso de Tecnologias para Educa\u00e7\u00e3o e Gest\u00e3o da Educa\u00e7\u00e3o a Dist\u00e2ncia, pela UFSCar. Estuda na P\u00f3s-Gradua\u00e7\u00e3o Lato Sensu em Educa\u00e7\u00e3o Infantil, pela FESL. Tem interesse em pesquisas sobre Educa\u00e7\u00e3o, Educa\u00e7\u00e3o Infantil, Sustentabilidade, Tecnologias e Educa\u00e7\u00e3o Audiovisual.<\/p>\n<p><span style=\"font-size: 10pt\">Endere\u00e7o para acessar o CV: http:\/\/lattes.cnpq.br\/0685125200987489<\/span><\/p>\n<p>&nbsp;<\/p>\n<p><a href=\"https:\/\/wp.ufpel.edu.br\/cbpve\/files\/2020\/09\/Michele-Heck.jpg\"><img loading=\"lazy\" decoding=\"async\" class=\"wp-image-230 alignleft\" src=\"https:\/\/wp.ufpel.edu.br\/cbpve\/files\/2020\/09\/Michele-Heck.jpg\" alt=\"\" width=\"275\" height=\"275\" srcset=\"https:\/\/wp.ufpel.edu.br\/cbpve\/files\/2020\/09\/Michele-Heck.jpg 204w, https:\/\/wp.ufpel.edu.br\/cbpve\/files\/2020\/09\/Michele-Heck-200x200.jpg 200w\" sizes=\"auto, (max-width: 275px) 100vw, 275px\" \/><\/a>Michele Heck: &lt;<a href=\"mailto:miheck33@gmail.com\">miheck33@gmail.com<\/a>&gt;<\/p>\n<p>Professora de L\u00edngua Portuguesa em S\u00e3o Leopoldo (SL). Formada em Letras (Ulbra), Especialista em Estudos Lingu\u00edsticos (UFRGS), cursa a especializa\u00e7\u00e3o: Metodologia do Ensino da L\u00edngua Portuguesa (Uniasselvi). Atua com pr\u00e1ticas audiovisuais desde 2015, realiza oficinas e trabalha com produ\u00e7\u00e3o de curtas escolares com o Ensino Fundamental II. Tem interesse nas \u00e1reas de pesquisa: lingu\u00edstica, literatura, tecnologias e produ\u00e7\u00e3o audiovisual.<\/p>\n<p><span style=\"font-size: 10pt\">Endere\u00e7o para acessar este CV:\u00a0http:\/\/lattes.cnpq.br\/0287768405744215<\/span><\/p>\n<p>&nbsp;<\/p>\n<p><a href=\"https:\/\/wp.ufpel.edu.br\/cbpve\/files\/2020\/09\/Maria-Jeane-Candido.jpg\"><img loading=\"lazy\" decoding=\"async\" class=\"wp-image-225 alignleft\" src=\"https:\/\/wp.ufpel.edu.br\/cbpve\/files\/2020\/09\/Maria-Jeane-Candido.jpg\" alt=\"\" width=\"276\" height=\"308\" \/><\/a><\/p>\n<p>Maria Jeane Candido: &lt;<a href=\"mariajeanec@gmail.com\">mariajeanec@gmail.com<\/a>&gt;<\/p>\n<p>Pedagoga \u2013 Anos Iniciais e Educa\u00e7\u00e3o Infantil; Especialista em M\u00eddias na Educa\u00e7\u00e3o. Membro do Grupo de Pesquisa Produ\u00e7\u00e3o de V\u00eddeo Estudantil. Professora pesquisadora sobre produ\u00e7\u00e3o de v\u00eddeo realizado por alunos em todas as \u00e1reas do conhecimento, mas com \u00eanfase na Educa\u00e7\u00e3o Infantil.<\/p>\n<p><span style=\"font-size: 10pt\">Endere\u00e7o para acessar CV: \u00a0http:\/\/lattes.cnpq.br\/0010271195181219<\/span><\/p>\n<p>&nbsp;<\/p>\n<p>&nbsp;<\/p>\n<p>&nbsp;<\/p>\n<p>&nbsp;<\/p>\n","protected":false},"excerpt":{"rendered":"<p>Josias Pereira: &lt;erdfilmes@gmail.com&gt;. Gradua\u00e7\u00e3o em Comunica\u00e7\u00e3o pela UFRJ: Habilita\u00e7\u00e3o (R\u00e1dio\/TV), P\u00f3s-Gradua\u00e7\u00e3o em Psicologia pela UERJ, Mestrado em Tecnologia Educacional pela UNIRIO, \u00e9 Doutor em Educa\u00e7\u00e3o pela UFPEL. Tem P\u00f3s-Doutorado em Estudos da Linguagem pela UEL. Atualmente \u00e9 professor do curso de Cinema e Audiovisual da UFPel, docente do Programa de P\u00f3s-Gradua\u00e7\u00e3o do Mestrado em Educa\u00e7\u00e3o &hellip; <\/p>\n<p><a class=\"more-link btn\" href=\"https:\/\/wp.ufpel.edu.br\/cbpve\/modelos-e-template\/equipe\/\">Continue lendo<\/a><\/p>\n","protected":false},"author":578,"featured_media":0,"parent":182,"menu_order":0,"comment_status":"closed","ping_status":"closed","template":"","meta":{"footnotes":""},"class_list":["post-232","page","type-page","status-publish","hentry","nodate","item-wrap"],"_links":{"self":[{"href":"https:\/\/wp.ufpel.edu.br\/cbpve\/wp-json\/wp\/v2\/pages\/232","targetHints":{"allow":["GET"]}}],"collection":[{"href":"https:\/\/wp.ufpel.edu.br\/cbpve\/wp-json\/wp\/v2\/pages"}],"about":[{"href":"https:\/\/wp.ufpel.edu.br\/cbpve\/wp-json\/wp\/v2\/types\/page"}],"author":[{"embeddable":true,"href":"https:\/\/wp.ufpel.edu.br\/cbpve\/wp-json\/wp\/v2\/users\/578"}],"replies":[{"embeddable":true,"href":"https:\/\/wp.ufpel.edu.br\/cbpve\/wp-json\/wp\/v2\/comments?post=232"}],"version-history":[{"count":5,"href":"https:\/\/wp.ufpel.edu.br\/cbpve\/wp-json\/wp\/v2\/pages\/232\/revisions"}],"predecessor-version":[{"id":253,"href":"https:\/\/wp.ufpel.edu.br\/cbpve\/wp-json\/wp\/v2\/pages\/232\/revisions\/253"}],"up":[{"embeddable":true,"href":"https:\/\/wp.ufpel.edu.br\/cbpve\/wp-json\/wp\/v2\/pages\/182"}],"wp:attachment":[{"href":"https:\/\/wp.ufpel.edu.br\/cbpve\/wp-json\/wp\/v2\/media?parent=232"}],"curies":[{"name":"wp","href":"https:\/\/api.w.org\/{rel}","templated":true}]}}