{"id":2,"date":"2022-07-04T09:29:15","date_gmt":"2022-07-04T12:29:15","guid":{"rendered":"https:\/\/wp.ufpel.edu.br\/casteloassisbrasil\/?page_id=2"},"modified":"2022-07-13T16:28:05","modified_gmt":"2022-07-13T19:28:05","slug":"pagina-exemplo","status":"publish","type":"page","link":"https:\/\/wp.ufpel.edu.br\/casteloassisbrasil\/pagina-exemplo\/","title":{"rendered":"Dados do projeto"},"content":{"rendered":"\r\n<p style=\"text-align: justify;\">Este projeto tem como objetivo desenvolver a\u00e7\u00f5es de preserva\u00e7\u00e3o do acervo m\u00f3vel do Castelo de Pedras Altas. Constru\u00eddo pelo pol\u00edtico ga\u00facho Joaquim Antonio de Assis Brasil no inicio do s\u00e9culo. O edif\u00edcio e o acervo s\u00e3o patrim\u00f4nios culturais reconhecidos pelo Instituto do Patrim\u00f4nio Hist\u00f3rico e Art\u00edstico do RS &#8211; IPHAE, que indicaram os cursos de Bacharelado em Museologia e Conserva\u00e7\u00e3o e Restaura\u00e7\u00e3o de Bens Culturais M\u00f3veis para desenvolver a\u00e7\u00f5es de consultoria para os novos propriet\u00e1rios do bem cultural. Trata-se de um acervo riqu\u00edssimo para a cultura do RS, necessitando neste momento de um trabalho adequado aos par\u00e2metros da \u00e1rea do patrim\u00f4nio, de forma a tornar acess\u00edvel aos pesquisadores e \u00e0 comunidade em geral esta importante fonte de pesquisa. E o desenvolvimento deste projeto em suas depend\u00eancias permitir\u00e1 n\u00e3o s\u00f3 um laborat\u00f3rio de ensino para os alunos dos dois cursos, como tamb\u00e9m permitir\u00e1 a preserva\u00e7\u00e3o da hist\u00f3ria ga\u00facha.<\/p>\r\n<p><img loading=\"lazy\" decoding=\"async\" class=\"alignnone size-full wp-image-14 aligncenter\" src=\"https:\/\/wp.ufpel.edu.br\/casteloassisbrasil\/files\/2022\/07\/logo.jpg\" alt=\"\" width=\"288\" height=\"288\" srcset=\"https:\/\/wp.ufpel.edu.br\/casteloassisbrasil\/files\/2022\/07\/logo.jpg 288w, https:\/\/wp.ufpel.edu.br\/casteloassisbrasil\/files\/2022\/07\/logo-200x200.jpg 200w\" sizes=\"auto, (max-width: 288px) 100vw, 288px\" \/><\/p>\r\n","protected":false},"excerpt":{"rendered":"<p>Este projeto tem como objetivo desenvolver a\u00e7\u00f5es de preserva\u00e7\u00e3o do acervo m\u00f3vel do Castelo de Pedras Altas. Constru\u00eddo pelo pol\u00edtico ga\u00facho Joaquim Antonio de Assis Brasil no inicio do s\u00e9culo. O edif\u00edcio e o acervo s\u00e3o patrim\u00f4nios culturais reconhecidos pelo Instituto do Patrim\u00f4nio Hist\u00f3rico e Art\u00edstico do RS &#8211; IPHAE, que indicaram os cursos de [&hellip;]<\/p>\n","protected":false},"author":1243,"featured_media":0,"parent":0,"menu_order":0,"comment_status":"closed","ping_status":"closed","template":"","meta":{"footnotes":""},"class_list":["post-2","page","type-page","status-publish","hentry"],"_links":{"self":[{"href":"https:\/\/wp.ufpel.edu.br\/casteloassisbrasil\/wp-json\/wp\/v2\/pages\/2","targetHints":{"allow":["GET"]}}],"collection":[{"href":"https:\/\/wp.ufpel.edu.br\/casteloassisbrasil\/wp-json\/wp\/v2\/pages"}],"about":[{"href":"https:\/\/wp.ufpel.edu.br\/casteloassisbrasil\/wp-json\/wp\/v2\/types\/page"}],"author":[{"embeddable":true,"href":"https:\/\/wp.ufpel.edu.br\/casteloassisbrasil\/wp-json\/wp\/v2\/users\/1243"}],"replies":[{"embeddable":true,"href":"https:\/\/wp.ufpel.edu.br\/casteloassisbrasil\/wp-json\/wp\/v2\/comments?post=2"}],"version-history":[{"count":5,"href":"https:\/\/wp.ufpel.edu.br\/casteloassisbrasil\/wp-json\/wp\/v2\/pages\/2\/revisions"}],"predecessor-version":[{"id":45,"href":"https:\/\/wp.ufpel.edu.br\/casteloassisbrasil\/wp-json\/wp\/v2\/pages\/2\/revisions\/45"}],"wp:attachment":[{"href":"https:\/\/wp.ufpel.edu.br\/casteloassisbrasil\/wp-json\/wp\/v2\/media?parent=2"}],"curies":[{"name":"wp","href":"https:\/\/api.w.org\/{rel}","templated":true}]}}