{"id":99,"date":"2016-03-12T17:42:45","date_gmt":"2016-03-12T20:42:45","guid":{"rendered":"https:\/\/wp.ufpel.edu.br\/casapassivabrasil\/?page_id=99"},"modified":"2016-04-01T09:32:03","modified_gmt":"2016-04-01T12:32:03","slug":"experiencia-no-brasil","status":"publish","type":"page","link":"https:\/\/wp.ufpel.edu.br\/casapassivabrasil\/passivhaus-2\/experiencia-no-brasil\/","title":{"rendered":"Experi\u00eancia no Brasil"},"content":{"rendered":"<p style=\"text-align: justify\">Foi desenvolvido um projeto residencial de 126,45m\u00b2,\u00a0distribu\u00eddos em 2 pavimentos, <span class=\"Apple-style-span\">a ser implantado no campus do anglo UFPel.\u00a0<\/span>\u00a0No andar t\u00e9rreo est\u00e3o localizados cozinha e sala de estar integrados, sol\u00e1rio, dois dormit\u00f3rios e banheiro, o pavimento superior com \u00e1rea de trabalho, \u00e1rea t\u00e9cnica e lavabo. O projeto ainda contempla um abrigo para carro.<\/p>\n<p style=\"text-align: justify\"><img loading=\"lazy\" decoding=\"async\" class=\"alignnone size-medium wp-image-94\" src=\"https:\/\/wp.ufpel.edu.br\/casapassivabrasil\/files\/2016\/03\/05-1-424x174.png\" alt=\"05\" width=\"424\" height=\"174\" srcset=\"https:\/\/wp.ufpel.edu.br\/casapassivabrasil\/files\/2016\/03\/05-1-424x174.png 424w, https:\/\/wp.ufpel.edu.br\/casapassivabrasil\/files\/2016\/03\/05-1-212x87.png 212w, https:\/\/wp.ufpel.edu.br\/casapassivabrasil\/files\/2016\/03\/05-1-768x316.png 768w, https:\/\/wp.ufpel.edu.br\/casapassivabrasil\/files\/2016\/03\/05-1-945x388.png 945w, https:\/\/wp.ufpel.edu.br\/casapassivabrasil\/files\/2016\/03\/05-1-600x247.png 600w, https:\/\/wp.ufpel.edu.br\/casapassivabrasil\/files\/2016\/03\/05-1.png 1920w\" sizes=\"auto, (max-width: 424px) 100vw, 424px\" \/><\/p>\n<p class=\"GRAPHICA2009DEMAISPARGRAFOS\" style=\"line-height: normal;text-align: justify\">O projeto foi orientado sobre o eixo leste-oeste, maximizando a fachada norte, aumentando assim os ganhos de radia\u00e7\u00e3o solar no inverno, sendo que as menores fachadas para leste e oeste, reduzem os ganhos indesej\u00e1veis no ver\u00e3o.<\/p>\n<p style=\"text-align: justify\"><img loading=\"lazy\" decoding=\"async\" class=\"alignnone size-medium wp-image-10\" src=\"https:\/\/wp.ufpel.edu.br\/casapassivabrasil\/files\/2016\/03\/07-424x239.jpg\" alt=\"07\" width=\"424\" height=\"239\" srcset=\"https:\/\/wp.ufpel.edu.br\/casapassivabrasil\/files\/2016\/03\/07-424x239.jpg 424w, https:\/\/wp.ufpel.edu.br\/casapassivabrasil\/files\/2016\/03\/07-212x119.jpg 212w, https:\/\/wp.ufpel.edu.br\/casapassivabrasil\/files\/2016\/03\/07-768x432.jpg 768w, https:\/\/wp.ufpel.edu.br\/casapassivabrasil\/files\/2016\/03\/07.jpg 1920w\" sizes=\"auto, (max-width: 424px) 100vw, 424px\" \/><\/p>\n<p style=\"text-align: justify\">O sol\u00e1rio foi localizado na orienta\u00e7\u00e3o norte, possui cobertura e paredes transl\u00facidas, de modo \u00e1 aproveitar<br \/>\nos ganhos de radia\u00e7\u00e3o solar para aquecimento passivo no inverno, sendo que no ver\u00e3o poder\u00e1 ser totalmente aberto para permitir a ventila\u00e7\u00e3o natural.<\/p>\n<p style=\"text-align: justify\"><img loading=\"lazy\" decoding=\"async\" class=\"alignnone size-medium wp-image-33\" src=\"https:\/\/wp.ufpel.edu.br\/casapassivabrasil\/files\/2016\/03\/08-424x239.jpg\" alt=\"08\" width=\"424\" height=\"239\" srcset=\"https:\/\/wp.ufpel.edu.br\/casapassivabrasil\/files\/2016\/03\/08-424x239.jpg 424w, https:\/\/wp.ufpel.edu.br\/casapassivabrasil\/files\/2016\/03\/08-212x119.jpg 212w, https:\/\/wp.ufpel.edu.br\/casapassivabrasil\/files\/2016\/03\/08-768x432.jpg 768w, https:\/\/wp.ufpel.edu.br\/casapassivabrasil\/files\/2016\/03\/08.jpg 1920w\" sizes=\"auto, (max-width: 424px) 100vw, 424px\" \/><\/p>\n<p style=\"text-align: justify\"><img loading=\"lazy\" decoding=\"async\" class=\"alignnone size-medium wp-image-101\" src=\"https:\/\/wp.ufpel.edu.br\/casapassivabrasil\/files\/2016\/03\/01-424x239.jpg\" alt=\"01\" width=\"424\" height=\"239\" srcset=\"https:\/\/wp.ufpel.edu.br\/casapassivabrasil\/files\/2016\/03\/01-424x239.jpg 424w, https:\/\/wp.ufpel.edu.br\/casapassivabrasil\/files\/2016\/03\/01-212x119.jpg 212w, https:\/\/wp.ufpel.edu.br\/casapassivabrasil\/files\/2016\/03\/01-768x432.jpg 768w, https:\/\/wp.ufpel.edu.br\/casapassivabrasil\/files\/2016\/03\/01-945x532.jpg 945w, https:\/\/wp.ufpel.edu.br\/casapassivabrasil\/files\/2016\/03\/01-600x338.jpg 600w, https:\/\/wp.ufpel.edu.br\/casapassivabrasil\/files\/2016\/03\/01.jpg 1920w\" sizes=\"auto, (max-width: 424px) 100vw, 424px\" \/><\/p>\n<p style=\"text-align: justify\"><img loading=\"lazy\" decoding=\"async\" class=\"alignnone size-medium wp-image-102\" src=\"https:\/\/wp.ufpel.edu.br\/casapassivabrasil\/files\/2016\/03\/03-424x239.jpg\" alt=\"03\" width=\"424\" height=\"239\" srcset=\"https:\/\/wp.ufpel.edu.br\/casapassivabrasil\/files\/2016\/03\/03-424x239.jpg 424w, https:\/\/wp.ufpel.edu.br\/casapassivabrasil\/files\/2016\/03\/03-212x119.jpg 212w, https:\/\/wp.ufpel.edu.br\/casapassivabrasil\/files\/2016\/03\/03-768x432.jpg 768w, https:\/\/wp.ufpel.edu.br\/casapassivabrasil\/files\/2016\/03\/03-945x532.jpg 945w, https:\/\/wp.ufpel.edu.br\/casapassivabrasil\/files\/2016\/03\/03-600x338.jpg 600w, https:\/\/wp.ufpel.edu.br\/casapassivabrasil\/files\/2016\/03\/03.jpg 1920w\" sizes=\"auto, (max-width: 424px) 100vw, 424px\" \/><img loading=\"lazy\" decoding=\"async\" class=\"alignnone size-medium wp-image-103\" src=\"https:\/\/wp.ufpel.edu.br\/casapassivabrasil\/files\/2016\/03\/04-424x239.jpg\" alt=\"04\" width=\"424\" height=\"239\" srcset=\"https:\/\/wp.ufpel.edu.br\/casapassivabrasil\/files\/2016\/03\/04-424x239.jpg 424w, https:\/\/wp.ufpel.edu.br\/casapassivabrasil\/files\/2016\/03\/04-212x119.jpg 212w, https:\/\/wp.ufpel.edu.br\/casapassivabrasil\/files\/2016\/03\/04-768x432.jpg 768w, https:\/\/wp.ufpel.edu.br\/casapassivabrasil\/files\/2016\/03\/04-945x532.jpg 945w, https:\/\/wp.ufpel.edu.br\/casapassivabrasil\/files\/2016\/03\/04-600x338.jpg 600w, https:\/\/wp.ufpel.edu.br\/casapassivabrasil\/files\/2016\/03\/04.jpg 1920w\" sizes=\"auto, (max-width: 424px) 100vw, 424px\" \/><\/p>\n<p style=\"text-align: justify\">A edifica\u00e7\u00f5es segue os princ\u00edpios Passivhaus e atende a todos os requisitos. Obtendo resultados de:<\/p>\n<p style=\"text-align: justify\"><strong>RISCO DE SUPERAQUECIMENTO \u00a0 6,9%<\/strong><\/p>\n<p style=\"text-align: justify\">Considerando temperatura interna 26\u00ba (permitida para climas mais quentes) e ventila\u00e7\u00e3o Noturna no ver\u00e3o<\/p>\n<p style=\"text-align: justify\"><strong>DEMANDA DE ENERGIA PRIM\u00c1RIA \u00a0 103 KWh\/(m\u00b2.a)<\/strong><\/p>\n<p style=\"text-align: justify\">Energia total a ser usada para todas as aplica\u00e7\u00f5es dom\u00e9sticas<\/p>\n<p style=\"text-align: justify\"><strong>DEMANDA ANUAL DE AQUECIMENTO:\u00a012,8 kWh\/(m\u00b2a)<\/strong><\/p>\n<p style=\"text-align: justify\">\n","protected":false},"excerpt":{"rendered":"<p>Foi desenvolvido um projeto residencial de 126,45m\u00b2,\u00a0distribu\u00eddos em 2 pavimentos, a ser implantado no campus do anglo UFPel.\u00a0\u00a0No andar t\u00e9rreo est\u00e3o localizados cozinha e sala de estar integrados, sol\u00e1rio, dois dormit\u00f3rios e banheiro, o pavimento superior com \u00e1rea de trabalho, &hellip;<\/p>\n<p class=\"read-more\"> <a class=\"\" href=\"https:\/\/wp.ufpel.edu.br\/casapassivabrasil\/passivhaus-2\/experiencia-no-brasil\/\"> <span class=\"screen-reader-text\">Experi\u00eancia no Brasil<\/span> Read More &raquo;<\/a><\/p>\n","protected":false},"author":625,"featured_media":0,"parent":38,"menu_order":4,"comment_status":"closed","ping_status":"closed","template":"","meta":{"footnotes":""},"class_list":["post-99","page","type-page","status-publish","hentry"],"_links":{"self":[{"href":"https:\/\/wp.ufpel.edu.br\/casapassivabrasil\/wp-json\/wp\/v2\/pages\/99","targetHints":{"allow":["GET"]}}],"collection":[{"href":"https:\/\/wp.ufpel.edu.br\/casapassivabrasil\/wp-json\/wp\/v2\/pages"}],"about":[{"href":"https:\/\/wp.ufpel.edu.br\/casapassivabrasil\/wp-json\/wp\/v2\/types\/page"}],"author":[{"embeddable":true,"href":"https:\/\/wp.ufpel.edu.br\/casapassivabrasil\/wp-json\/wp\/v2\/users\/625"}],"replies":[{"embeddable":true,"href":"https:\/\/wp.ufpel.edu.br\/casapassivabrasil\/wp-json\/wp\/v2\/comments?post=99"}],"version-history":[{"count":3,"href":"https:\/\/wp.ufpel.edu.br\/casapassivabrasil\/wp-json\/wp\/v2\/pages\/99\/revisions"}],"predecessor-version":[{"id":175,"href":"https:\/\/wp.ufpel.edu.br\/casapassivabrasil\/wp-json\/wp\/v2\/pages\/99\/revisions\/175"}],"up":[{"embeddable":true,"href":"https:\/\/wp.ufpel.edu.br\/casapassivabrasil\/wp-json\/wp\/v2\/pages\/38"}],"wp:attachment":[{"href":"https:\/\/wp.ufpel.edu.br\/casapassivabrasil\/wp-json\/wp\/v2\/media?parent=99"}],"curies":[{"name":"wp","href":"https:\/\/api.w.org\/{rel}","templated":true}]}}