{"id":50,"date":"2016-03-11T11:25:41","date_gmt":"2016-03-11T14:25:41","guid":{"rendered":"https:\/\/wp.ufpel.edu.br\/casapassivabrasil\/?page_id=50"},"modified":"2016-03-12T17:06:15","modified_gmt":"2016-03-12T20:06:15","slug":"principios","status":"publish","type":"page","link":"https:\/\/wp.ufpel.edu.br\/casapassivabrasil\/passivhaus-2\/principios\/","title":{"rendered":"Princ\u00edpios"},"content":{"rendered":"<table style=\"height: 790px\" width=\"760\">\n<tbody>\n<tr>\n<td width=\"288\">\u00a0<img loading=\"lazy\" decoding=\"async\" class=\"alignnone  wp-image-84\" src=\"https:\/\/wp.ufpel.edu.br\/casapassivabrasil\/files\/2016\/03\/01.png\" alt=\"01\" width=\"194\" height=\"85\" \/><\/td>\n<td width=\"288\">\n<p><strong>1- ISOLAMENTO T\u00c9RMICO<\/strong><\/p>\n<p>Transmit\u00e2ncia t\u00e9rmica da envolvente opaca (paredes, pisos e coberturas)<\/p>\n<p>Climas frios &#8211; U de 0,15 W\/(m\u00b2K)<\/p>\n<p>Climas\u00a0 quentes &#8211; U de 0,30 W\/m\u00b2K<\/td>\n<\/tr>\n<tr>\n<td width=\"288\">\u00a0<img loading=\"lazy\" decoding=\"async\" class=\"alignnone  wp-image-86\" src=\"https:\/\/wp.ufpel.edu.br\/casapassivabrasil\/files\/2016\/03\/02.png\" alt=\"02\" width=\"206\" height=\"106\" \/><\/td>\n<td width=\"288\">\n<p><strong>2- ESQUADRIAS EFICIENTES<\/strong><\/p>\n<p>Vidros triplos &#8211; U de 0,8 W\/m\u00b2K (0.85W \/ m<sup>2<\/sup>K instalado).<\/p>\n<p>Climas quentes \u2013 vidros duplos<\/p>\n<p><strong>\u00a0<\/strong><\/td>\n<\/tr>\n<tr>\n<td width=\"288\">\u00a0<img loading=\"lazy\" decoding=\"async\" class=\"alignnone  wp-image-87\" src=\"https:\/\/wp.ufpel.edu.br\/casapassivabrasil\/files\/2016\/03\/03.png\" alt=\"03\" width=\"213\" height=\"108\" \/><\/td>\n<td width=\"288\">\n<p><strong>3- VENTILA\u00c7\u00c3O MEC\u00c2NICA<\/strong><\/p>\n<p><strong>MVHR (<em>mechanical ventilation with heat recovery systems<\/em>) <\/strong>com\u00a0 efici\u00eancia de recupera\u00e7\u00e3o m\u00ednima de 75%.<\/p>\n<p><strong>\u00a0<\/strong><\/td>\n<\/tr>\n<tr>\n<td width=\"288\">\u00a0<img loading=\"lazy\" decoding=\"async\" class=\"alignnone  wp-image-88\" src=\"https:\/\/wp.ufpel.edu.br\/casapassivabrasil\/files\/2016\/03\/04.png\" alt=\"04\" width=\"213\" height=\"105\" \/><\/td>\n<td width=\"288\">\n<p><strong>4- ESTANQUEIDADE<\/strong><\/p>\n<p>Resultado do teste de press\u00e3o de \u22640.6ACH (<em>Air Changes per Hour<\/em>) n50\/hr a uma press\u00e3o de 50 Pascais.<\/p>\n<p><strong>\u00a0<\/strong><\/td>\n<\/tr>\n<tr>\n<td width=\"288\">\u00a0<img loading=\"lazy\" decoding=\"async\" class=\"alignnone  wp-image-89\" src=\"https:\/\/wp.ufpel.edu.br\/casapassivabrasil\/files\/2016\/03\/05.png\" alt=\"05\" width=\"211\" height=\"105\" \/><\/td>\n<td width=\"288\">\n<p><strong>5- CORRE\u00c7\u00c3O DE PONTES T\u00c9RMICAS<\/strong><\/p>\n<p>Devem ser evitadas ou reduzidas ao m\u00e1ximo.<\/p>\n<p>Psi (\u03a8) de \u2264 0,01 W\/m\u00b2K<\/td>\n<\/tr>\n<\/tbody>\n<\/table>\n<p>&nbsp;<\/p>\n","protected":false},"excerpt":{"rendered":"<p>\u00a0 1- ISOLAMENTO T\u00c9RMICO Transmit\u00e2ncia t\u00e9rmica da envolvente opaca (paredes, pisos e coberturas) Climas frios &#8211; U de 0,15 W\/(m\u00b2K) Climas\u00a0 quentes &#8211; U de 0,30 W\/m\u00b2K \u00a0 2- ESQUADRIAS EFICIENTES Vidros triplos &#8211; U de 0,8 W\/m\u00b2K (0.85W \/ &hellip;<\/p>\n<p class=\"read-more\"> <a class=\"\" href=\"https:\/\/wp.ufpel.edu.br\/casapassivabrasil\/passivhaus-2\/principios\/\"> <span class=\"screen-reader-text\">Princ\u00edpios<\/span> Read More &raquo;<\/a><\/p>\n","protected":false},"author":625,"featured_media":0,"parent":38,"menu_order":2,"comment_status":"closed","ping_status":"closed","template":"","meta":{"footnotes":""},"class_list":["post-50","page","type-page","status-publish","hentry"],"_links":{"self":[{"href":"https:\/\/wp.ufpel.edu.br\/casapassivabrasil\/wp-json\/wp\/v2\/pages\/50","targetHints":{"allow":["GET"]}}],"collection":[{"href":"https:\/\/wp.ufpel.edu.br\/casapassivabrasil\/wp-json\/wp\/v2\/pages"}],"about":[{"href":"https:\/\/wp.ufpel.edu.br\/casapassivabrasil\/wp-json\/wp\/v2\/types\/page"}],"author":[{"embeddable":true,"href":"https:\/\/wp.ufpel.edu.br\/casapassivabrasil\/wp-json\/wp\/v2\/users\/625"}],"replies":[{"embeddable":true,"href":"https:\/\/wp.ufpel.edu.br\/casapassivabrasil\/wp-json\/wp\/v2\/comments?post=50"}],"version-history":[{"count":3,"href":"https:\/\/wp.ufpel.edu.br\/casapassivabrasil\/wp-json\/wp\/v2\/pages\/50\/revisions"}],"predecessor-version":[{"id":90,"href":"https:\/\/wp.ufpel.edu.br\/casapassivabrasil\/wp-json\/wp\/v2\/pages\/50\/revisions\/90"}],"up":[{"embeddable":true,"href":"https:\/\/wp.ufpel.edu.br\/casapassivabrasil\/wp-json\/wp\/v2\/pages\/38"}],"wp:attachment":[{"href":"https:\/\/wp.ufpel.edu.br\/casapassivabrasil\/wp-json\/wp\/v2\/media?parent=50"}],"curies":[{"name":"wp","href":"https:\/\/api.w.org\/{rel}","templated":true}]}}