{"id":46,"date":"2016-03-11T11:23:11","date_gmt":"2016-03-11T14:23:11","guid":{"rendered":"https:\/\/wp.ufpel.edu.br\/casapassivabrasil\/?page_id=46"},"modified":"2016-04-16T14:56:27","modified_gmt":"2016-04-16T17:56:27","slug":"casa-passiva-brasil-2016-preliminar","status":"publish","type":"page","link":"https:\/\/wp.ufpel.edu.br\/casapassivabrasil\/eventos-2\/casa-passiva-brasil-2016-preliminar\/","title":{"rendered":"Casa Passiva Brasil 2016- Preliminar"},"content":{"rendered":"<p>&nbsp;<\/p>\n<p><a href=\"https:\/\/wp.ufpel.edu.br\/casapassivabrasil\/eventos-2\/inscricoes\/\" target=\"_blank\">INSCRI\u00c7\u00d5ES AQUI\u00a0<\/a><\/p>\n<table class=\" aligncenter\" width=\"650\">\n<tbody>\n<tr>\n<td colspan=\"2\" width=\"650\">\n<p style=\"text-align: center\"><strong>Casa Passiva 2016- Preliminar<\/strong><\/p>\n<p style=\"text-align: center\"><strong>Evento de Sensibiliza\u00e7\u00e3o da Comunidade Local<\/strong><\/p>\n<p style=\"text-align: center\"><strong>Apresenta\u00e7\u00e3o dos Resultados da Pesquisa \u2013 Adapta\u00e7\u00e3o do Padr\u00e3o <em>Passivhaus<\/em> ao contexto da Zona Sul do Brasil<\/strong><\/p>\n<\/td>\n<\/tr>\n<tr>\n<td width=\"319\"><strong>18 de abril<\/strong><\/td>\n<td width=\"331\"><strong>19 de abril<\/strong><\/td>\n<\/tr>\n<tr>\n<td width=\"319\">Noite (Local: Audit\u00f3rio UCPel)<\/td>\n<td width=\"331\">Manh\u00e3 (Local: Audit\u00f3rio Centro de Artes &#8211; UFPEL)<\/td>\n<\/tr>\n<tr>\n<td width=\"319\">\n<p><strong>18:00<\/strong> \u2013 Credenciamento dos participantes no Evento;<\/p>\n<p><strong>19:00<\/strong> \u2013 Abertura do evento &#8211; Prof. No\u00e9 Vega<\/p>\n<p><strong>19:15<\/strong> \u2013 Palestra 01<\/p>\n<p>\u00b7\u00a0\u00a0\u00a0\u00a0\u00a0\u00a0\u00a0\u00a0 O que \u00e9 uma casa passiva? \u2013 Prof. Eduardo Grala da Cunha<\/p>\n<p><strong>20:15<\/strong> \u2013 Palestra 02<\/p>\n<p>\u00b7\u00a0\u00a0\u00a0\u00a0\u00a0\u00a0\u00a0 Passivhaus e os desafios NZEB<\/p>\n<p>Prof. Isabel Salamoni<\/td>\n<td width=\"331\">\n<p>&nbsp;<\/p>\n<p><strong>08:30<\/strong> \u2013 Palestra 03<\/p>\n<p>\u00b7\u00a0\u00a0\u00a0\u00a0\u00a0\u00a0\u00a0\u00a0 Adapta\u00e7\u00e3o do projeto Passivhaus- aspectos energ\u00e9ticos\u00a0 &#8211; Arquiteta Renata Dalbem<\/p>\n<p><strong>09:30<\/strong> \u2013 Palestra 04<\/p>\n<p>\u00b7\u00a0\u00a0\u00a0\u00a0\u00a0\u00a0\u00a0\u00a0 Adapta\u00e7\u00e3o do padr\u00e3o Passivhaus- aspectos tecnol\u00f3gicos\u00a0 &#8211; Prof. Ant\u00f4nio Cesar Silveira Baptista Silva\/Prof. Celina Britto Correa<\/p>\n<p><strong>10:30<\/strong> \u2013 Palestra 05<\/p>\n<p>\u00b7\u00a0\u00a0\u00a0\u00a0\u00a0\u00a0\u00a0\u00a0 Aspectos ligados ao usu\u00e1rio<\/p>\n<p>Prof. L\u00facia Mascar\u00f3<\/td>\n<\/tr>\n<\/tbody>\n<\/table>\n<p style=\"text-align: justify\"><strong>Endere\u00e7os:<\/strong><\/p>\n<p style=\"text-align: justify\">Universidade Cat\u00f3lica de Pelotas (UCPel) &#8211; Rua Gon\u00e7alves Chaves, 373 &#8211; Centro, Pelotas -RS<\/p>\n<p style=\"text-align: justify\">CA UFPel &#8211; Centro de Artes &#8211; Rua Cel. Alberto Rosa, 62 \u00a0&#8211; Centro, Pelotas &#8211; RS<a href=\"https:\/\/goo.gl\/maps\/PmRTWTvXFLs\" target=\"_blank\"><\/p>\n<p><\/a><\/p>\n<p style=\"text-align: justify\">\n<p style=\"text-align: justify\">\n<p style=\"text-align: justify\">\n<p style=\"text-align: justify\">\n<p style=\"text-align: justify\">\n","protected":false},"excerpt":{"rendered":"<p>&nbsp; INSCRI\u00c7\u00d5ES AQUI\u00a0 Casa Passiva 2016- Preliminar Evento de Sensibiliza\u00e7\u00e3o da Comunidade Local Apresenta\u00e7\u00e3o dos Resultados da Pesquisa \u2013 Adapta\u00e7\u00e3o do Padr\u00e3o Passivhaus ao contexto da Zona Sul do Brasil 18 de abril 19 de abril Noite (Local: Audit\u00f3rio UCPel) &hellip;<\/p>\n<p class=\"read-more\"> <a class=\"\" href=\"https:\/\/wp.ufpel.edu.br\/casapassivabrasil\/eventos-2\/casa-passiva-brasil-2016-preliminar\/\"> <span class=\"screen-reader-text\">Casa Passiva Brasil 2016- Preliminar<\/span> Read More &raquo;<\/a><\/p>\n","protected":false},"author":625,"featured_media":0,"parent":42,"menu_order":1,"comment_status":"closed","ping_status":"closed","template":"","meta":{"footnotes":""},"class_list":["post-46","page","type-page","status-publish","hentry"],"_links":{"self":[{"href":"https:\/\/wp.ufpel.edu.br\/casapassivabrasil\/wp-json\/wp\/v2\/pages\/46","targetHints":{"allow":["GET"]}}],"collection":[{"href":"https:\/\/wp.ufpel.edu.br\/casapassivabrasil\/wp-json\/wp\/v2\/pages"}],"about":[{"href":"https:\/\/wp.ufpel.edu.br\/casapassivabrasil\/wp-json\/wp\/v2\/types\/page"}],"author":[{"embeddable":true,"href":"https:\/\/wp.ufpel.edu.br\/casapassivabrasil\/wp-json\/wp\/v2\/users\/625"}],"replies":[{"embeddable":true,"href":"https:\/\/wp.ufpel.edu.br\/casapassivabrasil\/wp-json\/wp\/v2\/comments?post=46"}],"version-history":[{"count":23,"href":"https:\/\/wp.ufpel.edu.br\/casapassivabrasil\/wp-json\/wp\/v2\/pages\/46\/revisions"}],"predecessor-version":[{"id":304,"href":"https:\/\/wp.ufpel.edu.br\/casapassivabrasil\/wp-json\/wp\/v2\/pages\/46\/revisions\/304"}],"up":[{"embeddable":true,"href":"https:\/\/wp.ufpel.edu.br\/casapassivabrasil\/wp-json\/wp\/v2\/pages\/42"}],"wp:attachment":[{"href":"https:\/\/wp.ufpel.edu.br\/casapassivabrasil\/wp-json\/wp\/v2\/media?parent=46"}],"curies":[{"name":"wp","href":"https:\/\/api.w.org\/{rel}","templated":true}]}}