{"id":38,"date":"2016-03-11T11:16:13","date_gmt":"2016-03-11T14:16:13","guid":{"rendered":"https:\/\/wp.ufpel.edu.br\/casapassivabrasil\/?page_id=38"},"modified":"2016-04-05T12:32:28","modified_gmt":"2016-04-05T15:32:28","slug":"passivhaus-2","status":"publish","type":"page","link":"https:\/\/wp.ufpel.edu.br\/casapassivabrasil\/passivhaus-2\/","title":{"rendered":"PASSIVHAUS"},"content":{"rendered":"<p><img loading=\"lazy\" decoding=\"async\" class=\"alignnone size-medium wp-image-6\" src=\"https:\/\/wp.ufpel.edu.br\/casapassivabrasil\/files\/2016\/03\/05-424x239.jpg\" alt=\"05\" width=\"424\" height=\"239\" \/><\/p>\n<p>Passivhaus s\u00e3o edif\u00edcios com elevado n\u00edvel de conforto interior e baixo custo de energia.<\/p>\n<p>O conceito foi criado em 1988 por Bo Adamson (Su\u00e9cia) e Wolfgang Feist (Alemanha) e a primeira Passivhaus surgiu em 1990 em Darmstadt, na Alemanha.<\/p>\n<p>&nbsp;<\/p>\n<p><img loading=\"lazy\" decoding=\"async\" class=\"alignnone size-medium wp-image-33\" src=\"https:\/\/wp.ufpel.edu.br\/casapassivabrasil\/files\/2016\/03\/08-424x239.jpg\" alt=\"08\" width=\"424\" height=\"239\" srcset=\"https:\/\/wp.ufpel.edu.br\/casapassivabrasil\/files\/2016\/03\/08-424x239.jpg 424w, https:\/\/wp.ufpel.edu.br\/casapassivabrasil\/files\/2016\/03\/08-212x119.jpg 212w, https:\/\/wp.ufpel.edu.br\/casapassivabrasil\/files\/2016\/03\/08-768x432.jpg 768w, https:\/\/wp.ufpel.edu.br\/casapassivabrasil\/files\/2016\/03\/08.jpg 1920w\" sizes=\"auto, (max-width: 424px) 100vw, 424px\" \/><\/p>\n","protected":false},"excerpt":{"rendered":"<p>Passivhaus s\u00e3o edif\u00edcios com elevado n\u00edvel de conforto interior e baixo custo de energia. O conceito foi criado em 1988 por Bo Adamson (Su\u00e9cia) e Wolfgang Feist (Alemanha) e a primeira Passivhaus surgiu em 1990 em Darmstadt, na Alemanha. &nbsp;<\/p>\n","protected":false},"author":625,"featured_media":0,"parent":0,"menu_order":1,"comment_status":"closed","ping_status":"closed","template":"","meta":{"footnotes":""},"class_list":["post-38","page","type-page","status-publish","hentry"],"_links":{"self":[{"href":"https:\/\/wp.ufpel.edu.br\/casapassivabrasil\/wp-json\/wp\/v2\/pages\/38","targetHints":{"allow":["GET"]}}],"collection":[{"href":"https:\/\/wp.ufpel.edu.br\/casapassivabrasil\/wp-json\/wp\/v2\/pages"}],"about":[{"href":"https:\/\/wp.ufpel.edu.br\/casapassivabrasil\/wp-json\/wp\/v2\/types\/page"}],"author":[{"embeddable":true,"href":"https:\/\/wp.ufpel.edu.br\/casapassivabrasil\/wp-json\/wp\/v2\/users\/625"}],"replies":[{"embeddable":true,"href":"https:\/\/wp.ufpel.edu.br\/casapassivabrasil\/wp-json\/wp\/v2\/comments?post=38"}],"version-history":[{"count":3,"href":"https:\/\/wp.ufpel.edu.br\/casapassivabrasil\/wp-json\/wp\/v2\/pages\/38\/revisions"}],"predecessor-version":[{"id":204,"href":"https:\/\/wp.ufpel.edu.br\/casapassivabrasil\/wp-json\/wp\/v2\/pages\/38\/revisions\/204"}],"wp:attachment":[{"href":"https:\/\/wp.ufpel.edu.br\/casapassivabrasil\/wp-json\/wp\/v2\/media?parent=38"}],"curies":[{"name":"wp","href":"https:\/\/api.w.org\/{rel}","templated":true}]}}