{"id":980,"date":"2023-05-26T11:52:33","date_gmt":"2023-05-26T14:52:33","guid":{"rendered":"https:\/\/wp.ufpel.edu.br\/carlosritter\/?page_id=980"},"modified":"2025-10-28T14:19:56","modified_gmt":"2025-10-28T17:19:56","slug":"980-2","status":"publish","type":"page","link":"https:\/\/wp.ufpel.edu.br\/carlosritter\/?page_id=980","title":{"rendered":"EQUIPE"},"content":{"rendered":"<p style=\"text-align: left;\"><strong>Equipe do MCNCR:<\/strong><\/p>\n<p style=\"text-align: left;\"><strong>Chefe<\/strong>: <a href=\"https:\/\/institucional.ufpel.edu.br\/servidores\/id\/138842\" target=\"_blank\" rel=\"noopener\">Cristiano Agra <\/a><a href=\"https:\/\/institucional.ufpel.edu.br\/servidores\/id\/138842\" target=\"_blank\" rel=\"noopener\">Iserhard<\/a><br \/>\n<strong>Vice-chefe<\/strong>:<a href=\"https:\/\/institucional.ufpel.edu.br\/servidores\/id\/175749\" target=\"_blank\" rel=\"noopener\"> Luiz Ernesto Schmidt<\/a><br \/>\n<strong>Assistente administrativ<\/strong>o: <a href=\"https:\/\/institucional.ufpel.edu.br\/servidores\/id\/132504\" target=\"_blank\" rel=\"noopener\">Carolina Pera\u00e7a Silveira<\/a><br \/>\n<strong>Muse\u00f3loga<\/strong>: <a href=\"https:\/\/institucional.ufpel.edu.br\/servidores\/id\/14783\" target=\"_blank\" rel=\"noopener\">Lisiane Gastal Pereira<\/a><br \/>\n<strong>Bi\u00f3logo:<\/strong> <a href=\"https:\/\/institucional.ufpel.edu.br\/servidores\/id\/149637\" target=\"_blank\" rel=\"noopener\">Felipe Diehl<\/a>\u00a0<strong><br \/>\n<\/strong><strong>T\u00e9cnico em Anatomia e Necr\u00f3psi<\/strong>a: <a href=\"https:\/\/institucional.ufpel.edu.br\/servidores\/id\/25556\" target=\"_blank\" rel=\"noopener\">Mauro\u00a0Mascarenhas<\/a><br \/>\n<strong>T\u00e9cnica em Laborat\u00f3rio<\/strong>: <a href=\"https:\/\/institucional.ufpel.edu.br\/servidores\/id\/24795\" target=\"_blank\" rel=\"noopener\">Helo\u00edsa Helena Campello Rodrigues da Rocha<\/a><br \/>\n<strong>Higieniza\u00e7\u00e3o<\/strong>: Marilaine Borges Shmalfuss<br \/>\n<strong>Seguran\u00e7a<\/strong>: Bianca Torres Brauner, <a href=\"https:\/\/institucional.ufpel.edu.br\/servidores\/id\/31679\" target=\"_blank\" rel=\"noopener\">Luciano Rog\u00e9rio Garcia Flores<\/a>, <a href=\"https:\/\/institucional.ufpel.edu.br\/servidores\/id\/24652\" target=\"_blank\" rel=\"noopener\">Luiz Fernando Alves Amaral<\/a>, <a href=\"https:\/\/institucional.ufpel.edu.br\/servidores\/id\/28033\" target=\"_blank\" rel=\"noopener\">Claudioperi Anselmo Silva da Silva,<\/a><strong>\u00a0<\/strong><a href=\"https:\/\/institucional.ufpel.edu.br\/servidores\/id\/27642\" target=\"_blank\" rel=\"noopener\">Antonio Augusto da SIlva Azambuja<\/a><\/p>\n<p style=\"text-align: left;\"><strong>Portaria<\/strong>: Bianca Melo e Amanda Soares<\/p>\n","protected":false},"excerpt":{"rendered":"<p>Equipe do MCNCR: Chefe: Cristiano Agra Iserhard Vice-chefe: Luiz Ernesto Schmidt Assistente administrativo: Carolina Pera\u00e7a Silveira Muse\u00f3loga: Lisiane Gastal Pereira Bi\u00f3logo: Felipe Diehl\u00a0 T\u00e9cnico em Anatomia e Necr\u00f3psia: Mauro\u00a0Mascarenhas T\u00e9cnica em Laborat\u00f3rio: Helo\u00edsa Helena Campello Rodrigues da Rocha Higieniza\u00e7\u00e3o: Marilaine Borges Shmalfuss Seguran\u00e7a: Bianca Torres Brauner, Luciano Rog\u00e9rio Garcia Flores, Luiz Fernando Alves Amaral, Claudioperi [&hellip;]<\/p>\n","protected":false},"author":593,"featured_media":0,"parent":83,"menu_order":0,"comment_status":"closed","ping_status":"closed","template":"","meta":{"footnotes":""},"class_list":["post-980","page","type-page","status-publish","hentry"],"jetpack_sharing_enabled":true,"_links":{"self":[{"href":"https:\/\/wp.ufpel.edu.br\/carlosritter\/index.php?rest_route=\/wp\/v2\/pages\/980","targetHints":{"allow":["GET"]}}],"collection":[{"href":"https:\/\/wp.ufpel.edu.br\/carlosritter\/index.php?rest_route=\/wp\/v2\/pages"}],"about":[{"href":"https:\/\/wp.ufpel.edu.br\/carlosritter\/index.php?rest_route=\/wp\/v2\/types\/page"}],"author":[{"embeddable":true,"href":"https:\/\/wp.ufpel.edu.br\/carlosritter\/index.php?rest_route=\/wp\/v2\/users\/593"}],"replies":[{"embeddable":true,"href":"https:\/\/wp.ufpel.edu.br\/carlosritter\/index.php?rest_route=%2Fwp%2Fv2%2Fcomments&post=980"}],"version-history":[{"count":3,"href":"https:\/\/wp.ufpel.edu.br\/carlosritter\/index.php?rest_route=\/wp\/v2\/pages\/980\/revisions"}],"predecessor-version":[{"id":2906,"href":"https:\/\/wp.ufpel.edu.br\/carlosritter\/index.php?rest_route=\/wp\/v2\/pages\/980\/revisions\/2906"}],"up":[{"embeddable":true,"href":"https:\/\/wp.ufpel.edu.br\/carlosritter\/index.php?rest_route=\/wp\/v2\/pages\/83"}],"wp:attachment":[{"href":"https:\/\/wp.ufpel.edu.br\/carlosritter\/index.php?rest_route=%2Fwp%2Fv2%2Fmedia&parent=980"}],"curies":[{"name":"wp","href":"https:\/\/api.w.org\/{rel}","templated":true}]}}