{"id":72,"date":"2016-01-14T14:30:01","date_gmt":"2016-01-14T16:30:01","guid":{"rendered":"https:\/\/wp.ufpel.edu.br\/carlosritter\/?page_id=72"},"modified":"2025-03-12T11:17:51","modified_gmt":"2025-03-12T14:17:51","slug":"descubra-o-museu","status":"publish","type":"page","link":"https:\/\/wp.ufpel.edu.br\/carlosritter\/?page_id=72","title":{"rendered":"Acervo"},"content":{"rendered":"<p>O museu possui basicamente esp\u00e9cimes de Hist\u00f3ria Natural, dividindo seu acervo entre a <span style=\"color: #008000;\"><strong>cole\u00e7\u00e3o cientifica<\/strong><\/span> e a <span style=\"color: #008000;\"><strong>did\u00e1tica<\/strong><\/span> para exposi\u00e7\u00e3o.<\/p>\n<ul>\n<li style=\"text-align: justify;\">A cole\u00e7\u00e3o cientifica possui dados referenciados, podendo ser utilizada em estudos cient\u00edficos mais consistentes. O referente acervo est\u00e1 depositado no Laborat\u00f3rio de Zoologia (Departamento de Zoologia e Gen\u00e9tica \u2013 Instituto de Biologia \u2013 Universidade Federal de Pelotas).<\/li>\n<li style=\"text-align: justify;\">J\u00e1 a cole\u00e7\u00e3o para exposi\u00e7\u00e3o n\u00e3o possui um car\u00e1ter cientifico, por n\u00e3o possuir seus dados de coleta completos. Est\u00e1 totalmente acess\u00edvel ao p\u00fablico, em exposi\u00e7\u00e3o. Uma pequena parte, cerca de 5% \u2013 est\u00e1 na sala destinada a reserva t\u00e9cnica.<\/li>\n<\/ul>\n<p><span style=\"color: #008000;\"><strong>O acervo: Est\u00e1 dividido em 6 tipologias<\/strong>:<\/span><\/p>\n<ol>\n<li style=\"text-align: justify;\">Acervo Ornitol\u00f3gico: exemplares de aves taxidermizadas.<\/li>\n<li style=\"text-align: justify;\">Acervo entomol\u00f3gico: maioria dos exemplares do acervo do museu, com cerca de 1200 esp\u00e9cies.<\/li>\n<li style=\"text-align: justify;\">Acervo Mastozool\u00f3gico: exemplares taxidermizados e material \u00f3sseo. 40 pe\u00e7as taxidermizadas.<\/li>\n<li style=\"text-align: justify;\">Acervo Herpetol\u00f3gico: exemplares de anf\u00edbios, lacert\u00edlios, serpentes e crocodilianos taxidermizados.<\/li>\n<li style=\"text-align: justify;\">Acervo Paleontol\u00f3gico: nascido\u00a0a partir das necessidades oriundas da cria\u00e7\u00e3o do curso de Ci\u00eancias Biol\u00f3gicas da UFPel. Grande parte das pe\u00e7as \u00e9 origin\u00e1ria de permutas com outras institui\u00e7\u00f5es cient\u00edficas, como UFRGS, UCS e UFSM, outras obtidas por coletas e por doa\u00e7\u00f5es.<\/li>\n<li>Acervo Malacol\u00f3gico: totalmente composto por material cient\u00edfico, proveniente de coletas e doa\u00e7\u00f5es, depositado no Laborat\u00f3rio de Zoologia (Departamento de Zoologia e Gen\u00e9tica \u2013 Instituto de Biologia \u2013 Universidade Federal de Pelotas).<\/li>\n<\/ol>\n<p><strong><span style=\"color: #008000;\">Publica\u00e7\u00f5es e pesquisas<\/span> <\/strong><\/p>\n<p>O MCNCR est\u00e1 \u00e0 disposi\u00e7\u00e3o de pesquisadores das mais diversas \u00e1reas e n\u00edveis de forma\u00e7\u00e3o, que estejam interessados em utilizar o acervo para seus estudos.<\/p>\n<p>&nbsp;<\/p>\n<p>&nbsp;<\/p>\n<p>&nbsp;<\/p>\n","protected":false},"excerpt":{"rendered":"<p>O museu possui basicamente esp\u00e9cimes de Hist\u00f3ria Natural, dividindo seu acervo entre a cole\u00e7\u00e3o cientifica e a did\u00e1tica para exposi\u00e7\u00e3o. A cole\u00e7\u00e3o cientifica possui dados referenciados, podendo ser utilizada em estudos cient\u00edficos mais consistentes. O referente acervo est\u00e1 depositado no Laborat\u00f3rio de Zoologia (Departamento de Zoologia e Gen\u00e9tica \u2013 Instituto de Biologia \u2013 Universidade Federal [&hellip;]<\/p>\n","protected":false},"author":593,"featured_media":0,"parent":0,"menu_order":0,"comment_status":"closed","ping_status":"closed","template":"","meta":{"footnotes":""},"class_list":["post-72","page","type-page","status-publish","hentry"],"jetpack_sharing_enabled":true,"_links":{"self":[{"href":"https:\/\/wp.ufpel.edu.br\/carlosritter\/index.php?rest_route=\/wp\/v2\/pages\/72","targetHints":{"allow":["GET"]}}],"collection":[{"href":"https:\/\/wp.ufpel.edu.br\/carlosritter\/index.php?rest_route=\/wp\/v2\/pages"}],"about":[{"href":"https:\/\/wp.ufpel.edu.br\/carlosritter\/index.php?rest_route=\/wp\/v2\/types\/page"}],"author":[{"embeddable":true,"href":"https:\/\/wp.ufpel.edu.br\/carlosritter\/index.php?rest_route=\/wp\/v2\/users\/593"}],"replies":[{"embeddable":true,"href":"https:\/\/wp.ufpel.edu.br\/carlosritter\/index.php?rest_route=%2Fwp%2Fv2%2Fcomments&post=72"}],"version-history":[{"count":14,"href":"https:\/\/wp.ufpel.edu.br\/carlosritter\/index.php?rest_route=\/wp\/v2\/pages\/72\/revisions"}],"predecessor-version":[{"id":2412,"href":"https:\/\/wp.ufpel.edu.br\/carlosritter\/index.php?rest_route=\/wp\/v2\/pages\/72\/revisions\/2412"}],"wp:attachment":[{"href":"https:\/\/wp.ufpel.edu.br\/carlosritter\/index.php?rest_route=%2Fwp%2Fv2%2Fmedia&parent=72"}],"curies":[{"name":"wp","href":"https:\/\/api.w.org\/{rel}","templated":true}]}}