{"id":66,"date":"2016-01-14T14:27:31","date_gmt":"2016-01-14T16:27:31","guid":{"rendered":"https:\/\/wp.ufpel.edu.br\/carlosritter\/?page_id=66"},"modified":"2025-03-26T11:12:46","modified_gmt":"2025-03-26T14:12:46","slug":"acontece-no-museu","status":"publish","type":"page","link":"https:\/\/wp.ufpel.edu.br\/carlosritter\/?page_id=66","title":{"rendered":"Aconteceu no museu"},"content":{"rendered":"<p><span style=\"font-family: georgia, palatino, serif;\">O<span style=\"font-family: arial, helvetica, sans-serif;\"><span style=\"color: #008000;\"> <strong><em><span style=\"color: #003300;\">Museu de Ci\u00eancias Naturais Carlos Ritter (MCNCR<\/span>) <\/em><\/strong><\/span>exp\u00f5e permanentemente quase todo seu acervo,\u00a0mas tamb\u00e9m s\u00e3o realizadas exposi\u00e7\u00f5es tempor\u00e1rias, com tem\u00e1ticas especificas e com parcerias externas,\u00a0ampliando as possibilidades de conhecimento no museu.<\/span><\/span><\/p>\n<div dir=\"auto\" style=\"text-align: center;\">\n<ul>\n<li style=\"text-align: left;\"><span style=\"color: #008000; font-family: arial, helvetica, sans-serif;\"><strong>Selo comemorativo dos 50 anos<\/strong><\/span><\/li>\n<\/ul>\n<\/div>\n<div dir=\"auto\"><span style=\"font-family: arial, helvetica, sans-serif;\"><a href=\"https:\/\/wp.ufpel.edu.br\/carlosritter\/files\/2023\/05\/50mcncr.jpg\"><img class=\"alignleft wp-image-709\" src=\"https:\/\/wp.ufpel.edu.br\/carlosritter\/files\/2023\/05\/50mcncr.jpg\" alt=\"\" width=\"347\" height=\"134\" \/><\/a><\/span><\/div>\n<p><span style=\"text-align: justify; font-family: arial, helvetica, sans-serif;\">O museu estava preparando uma s\u00e9rie de atividades para comemorar seus 50 anos. Uma delas seria a exposi\u00e7\u00e3o tempor\u00e1ria sobre a cervejaria C. Ritter &amp; Irm\u00e3o, que conta a hist\u00f3ria da ind\u00fastria de Carlos Ritter, em Pelotas, e sobre os processos biol\u00f3gicos da produ\u00e7\u00e3o da cerveja. No entanto, o local precisou ser fechado, por conta da pandemia, logo depois de inaugurar a mostra, que voltou a ser exibida assim que as atividades da UFPel retornaram \u00e0 normalidade.<\/span><\/p>\n<p><span style=\"font-family: arial, helvetica, sans-serif;\">Foi lan\u00e7ado o selo comemorativo dos 50 anos do Museu no dia 19 de maio de 2020 \u00e0s 19h, na p\u00e1gina do Museu Carlos Ritter no Facebook, a\u00a0professora N\u00e1dia Leschko vai conversar com o p\u00fablico sobre a cria\u00e7\u00e3o do selo, a moderniza\u00e7\u00e3o da marca do Museu e as demais colabora\u00e7\u00f5es entre a incubadora SulDesign e o MCNCR.<\/span><\/p>\n<p><a href=\"https:\/\/wp.ufpel.edu.br\/carlosritter\/?page_id=2318\" target=\"_blank\" rel=\"noopener\"><span style=\"color: #008000;\"><strong><span style=\"font-family: arial, helvetica, sans-serif; background-color: #ffffff; font-size: 14pt;\"><em>Clique aqui e acompanhe os eventos e exposi\u00e7\u00f5es que\u00a0 aconteceram no MCNNCR!<\/em><\/span><\/strong><\/span><\/a><\/p>\n<p>&nbsp;<\/p>\n<p style=\"text-align: left;\">\n","protected":false},"excerpt":{"rendered":"<p>O Museu de Ci\u00eancias Naturais Carlos Ritter (MCNCR) exp\u00f5e permanentemente quase todo seu acervo,\u00a0mas tamb\u00e9m s\u00e3o realizadas exposi\u00e7\u00f5es tempor\u00e1rias, com tem\u00e1ticas especificas e com parcerias externas,\u00a0ampliando as possibilidades de conhecimento no museu. Selo comemorativo dos 50 anos O museu estava preparando uma s\u00e9rie de atividades para comemorar seus 50 anos. Uma delas seria a exposi\u00e7\u00e3o [&hellip;]<\/p>\n","protected":false},"author":593,"featured_media":0,"parent":0,"menu_order":0,"comment_status":"closed","ping_status":"closed","template":"","meta":{"footnotes":""},"class_list":["post-66","page","type-page","status-publish","hentry"],"jetpack_sharing_enabled":true,"_links":{"self":[{"href":"https:\/\/wp.ufpel.edu.br\/carlosritter\/index.php?rest_route=\/wp\/v2\/pages\/66","targetHints":{"allow":["GET"]}}],"collection":[{"href":"https:\/\/wp.ufpel.edu.br\/carlosritter\/index.php?rest_route=\/wp\/v2\/pages"}],"about":[{"href":"https:\/\/wp.ufpel.edu.br\/carlosritter\/index.php?rest_route=\/wp\/v2\/types\/page"}],"author":[{"embeddable":true,"href":"https:\/\/wp.ufpel.edu.br\/carlosritter\/index.php?rest_route=\/wp\/v2\/users\/593"}],"replies":[{"embeddable":true,"href":"https:\/\/wp.ufpel.edu.br\/carlosritter\/index.php?rest_route=%2Fwp%2Fv2%2Fcomments&post=66"}],"version-history":[{"count":65,"href":"https:\/\/wp.ufpel.edu.br\/carlosritter\/index.php?rest_route=\/wp\/v2\/pages\/66\/revisions"}],"predecessor-version":[{"id":2460,"href":"https:\/\/wp.ufpel.edu.br\/carlosritter\/index.php?rest_route=\/wp\/v2\/pages\/66\/revisions\/2460"}],"wp:attachment":[{"href":"https:\/\/wp.ufpel.edu.br\/carlosritter\/index.php?rest_route=%2Fwp%2Fv2%2Fmedia&parent=66"}],"curies":[{"name":"wp","href":"https:\/\/api.w.org\/{rel}","templated":true}]}}