{"id":57,"date":"2016-01-14T14:18:35","date_gmt":"2016-01-14T16:18:35","guid":{"rendered":"https:\/\/wp.ufpel.edu.br\/carlosritter\/?page_id=57"},"modified":"2025-03-18T17:28:17","modified_gmt":"2025-03-18T20:28:17","slug":"planeje-sua-visita","status":"publish","type":"page","link":"https:\/\/wp.ufpel.edu.br\/carlosritter\/?page_id=57","title":{"rendered":"Planeje a sua visita!"},"content":{"rendered":"<p style=\"text-align: justify;\"><span style=\"color: #000000;\"><strong><span style=\"font-family: arial, helvetica, sans-serif;\"><span style=\"color: #008000;\">FUNCIONAMENTO:<\/span><\/span> <span style=\"font-family: arial, helvetica, sans-serif;\">O museu abre de segunda a s\u00e1bado, das 13:00 \u00e0s 18:30\u00a0<\/span><\/strong><\/span><\/p>\n<p style=\"text-align: justify;\"><strong><span style=\"font-family: arial, helvetica, sans-serif; color: #008000;\">VEJA A LOCALIZA\u00c7\u00c3O AQUI :\u00a0<span style=\"color: #000000;\"><a style=\"color: #000000;\" href=\"https:\/\/www.google.com\/maps\/search\/Museus\/@-31.7701297,-52.3416477,17z\/data=!3m1!4b1?entry=ttu&amp;g_ep=EgoyMDI1MDMxMi4wIKXMDSoASAFQAw%3D%3D\">Museus &#8211; Google Maps<\/a><\/span><\/span><\/strong><\/p>\n<p style=\"text-align: justify;\"><span style=\"font-family: arial, helvetica, sans-serif;\">Voc\u00ea tamb\u00e9m pode visitar outros museus que ficam pr\u00f3ximos, com f\u00e1cil acesso a p\u00e9 de bicicleta ou de carro.<\/span><\/p>\n<p style=\"text-align: justify;\"><span style=\"font-family: arial, helvetica, sans-serif;\">Para professores e turmas temos uma sala de aula dispon\u00edvel, desde que seja agendada com anteced\u00eancia.<\/span><\/p>\n<p style=\"text-align: justify;\"><span style=\"font-family: arial, helvetica, sans-serif;\">Quase todo o acervo do MCNCR est\u00e1 dispon\u00edvel para ser visto e conhecido, por isso \u00e9 muito importante que voc\u00ea ajude a conservar as pe\u00e7as, seguindo algumas dicas:<\/span><\/p>\n<ul>\n<li style=\"text-align: justify;\"><span style=\"font-family: arial, helvetica, sans-serif;\">N\u00e3o tocar nas pe\u00e7as, pois isso pode danifica-las;<\/span><\/li>\n<li style=\"text-align: justify;\"><span style=\"font-family: arial, helvetica, sans-serif;\">N\u00e3o correr, pois o espa\u00e7o tem muitos objetos entre vitrines e animais taxidermizados, que podem ser derrubadas e voc\u00ea pode se machucar;<\/span><\/li>\n<li style=\"text-align: justify;\"><span style=\"font-family: arial, helvetica, sans-serif;\">Evitar falar alto, pois voc\u00ea n\u00e3o est\u00e1 sozinho no museu e pode atrapalhar os outros visitantes;<\/span><\/li>\n<li style=\"text-align: justify;\"><span style=\"font-family: arial, helvetica, sans-serif;\">N\u00e3o comer e beber, pois voc\u00ea pode derrubar algo nas pe\u00e7as e as migalhas e outros resqu\u00edcios atraem pragas que danificam o acervo;<\/span><\/li>\n<li style=\"text-align: justify;\"><span style=\"font-family: arial, helvetica, sans-serif;\">N\u00e3o fumar, pois a fuma\u00e7a prejudica as pe\u00e7as, al\u00e9m de ser um risco de inc\u00eandios;<\/span><\/li>\n<li style=\"text-align: justify;\"><span style=\"font-family: arial, helvetica, sans-serif;\">Voc\u00ea pode fotografar \u00e0 vontade, mas n\u00e3o se esque\u00e7a de tirar o flash, e tome cuidado para n\u00e3o atrapalhar a visita de outros visitantes.<\/span><\/li>\n<\/ul>\n<p style=\"text-align: justify;\"><span style=\"font-family: arial, helvetica, sans-serif;\">As turmas escolares precisam agendar a visita, para evitar que haja superlota\u00e7\u00e3o no museu. Para isso basta ligar para<strong><span style=\"color: #008000;\"> (53) 32844324<\/span><\/strong> e marcar o dia e o hor\u00e1rio.<\/span><\/p>\n<p style=\"text-align: justify;\"><span style=\"font-family: arial, helvetica, sans-serif;\">Algumas exposi\u00e7\u00f5es oferecem atividades diferenciadas, como oficinas, pergunte aos funcion\u00e1rios do MCNCR se tem disponibilidade para sua turma participar!<\/span><\/p>\n<p><span style=\"font-family: arial, helvetica, sans-serif;\">\n<div class=\"wpcf7 no-js\" id=\"wpcf7-f227-o1\" lang=\"pt-BR\" dir=\"ltr\" data-wpcf7-id=\"227\">\n<div class=\"screen-reader-response\"><p role=\"status\" aria-live=\"polite\" aria-atomic=\"true\"><\/p> <ul><\/ul><\/div>\n<form action=\"\/carlosritter\/index.php?rest_route=%2Fwp%2Fv2%2Fpages%2F57#wpcf7-f227-o1\" method=\"post\" class=\"wpcf7-form init\" aria-label=\"Formul\u00e1rios de contato\" novalidate=\"novalidate\" data-status=\"init\">\n<fieldset class=\"hidden-fields-container\"><input type=\"hidden\" name=\"_wpcf7\" value=\"227\" \/><input type=\"hidden\" name=\"_wpcf7_version\" value=\"6.1.4\" \/><input type=\"hidden\" name=\"_wpcf7_locale\" value=\"pt_BR\" \/><input type=\"hidden\" name=\"_wpcf7_unit_tag\" value=\"wpcf7-f227-o1\" \/><input type=\"hidden\" name=\"_wpcf7_container_post\" value=\"0\" \/><input type=\"hidden\" name=\"_wpcf7_posted_data_hash\" value=\"\" \/><input type=\"hidden\" name=\"_wpcf7cf_hidden_group_fields\" value=\"[]\" \/><input type=\"hidden\" name=\"_wpcf7cf_hidden_groups\" value=\"[]\" \/><input type=\"hidden\" name=\"_wpcf7cf_visible_groups\" value=\"[]\" \/><input type=\"hidden\" name=\"_wpcf7cf_repeaters\" value=\"[]\" \/><input type=\"hidden\" name=\"_wpcf7cf_steps\" value=\"{}\" \/><input type=\"hidden\" name=\"_wpcf7cf_options\" value=\"{&quot;form_id&quot;:227,&quot;conditions&quot;:[],&quot;settings&quot;:{&quot;animation&quot;:&quot;yes&quot;,&quot;animation_intime&quot;:200,&quot;animation_outtime&quot;:200,&quot;conditions_ui&quot;:&quot;normal&quot;,&quot;notice_dismissed&quot;:false}}\" \/>\n<\/fieldset>\n<p>Ou entre em contato pelo seguinte formul\u00e1rio:<br \/>\nNote que os campos com \"*\" s\u00e3o obrigat\u00f3rios.\n<\/p>\n<p><label> Seu nome (*)<br \/>\n<span class=\"wpcf7-form-control-wrap\" data-name=\"your-name\"><input size=\"40\" maxlength=\"400\" class=\"wpcf7-form-control wpcf7-text wpcf7-validates-as-required\" aria-required=\"true\" aria-invalid=\"false\" value=\"\" type=\"text\" name=\"your-name\" \/><\/span> <\/label>\n<\/p>\n<p><label> Sua institui\u00e7\u00e3o de ensino<br \/>\n<span class=\"wpcf7-form-control-wrap\" data-name=\"your-instit\"><input size=\"40\" maxlength=\"400\" class=\"wpcf7-form-control wpcf7-text wpcf7-validates-as-required\" aria-required=\"true\" aria-invalid=\"false\" value=\"\" type=\"text\" name=\"your-instit\" \/><\/span> <\/label>\n<\/p>\n<p><label> Seu e-mail (*)<br \/>\n<span class=\"wpcf7-form-control-wrap\" data-name=\"your-email\"><input size=\"40\" maxlength=\"400\" class=\"wpcf7-form-control wpcf7-email wpcf7-validates-as-required wpcf7-text wpcf7-validates-as-email\" aria-required=\"true\" aria-invalid=\"false\" value=\"\" type=\"email\" name=\"your-email\" \/><\/span> <\/label>\n<\/p>\n<p><label> Seu telefone<br \/>\n<span class=\"wpcf7-form-control-wrap\" data-name=\"your-tel\"><input size=\"40\" maxlength=\"400\" class=\"wpcf7-form-control wpcf7-tel wpcf7-text wpcf7-validates-as-tel\" aria-invalid=\"false\" value=\"\" type=\"tel\" name=\"your-tel\" \/><\/span><br \/>\n<\/label><label> Assunto (*)<br \/>\n<span class=\"wpcf7-form-control-wrap\" data-name=\"your-subject\"><input size=\"40\" maxlength=\"400\" class=\"wpcf7-form-control wpcf7-text wpcf7-validates-as-required\" aria-required=\"true\" aria-invalid=\"false\" value=\"\" type=\"text\" name=\"your-subject\" \/><\/span> <\/label>\n<\/p>\n<p><label> Sua mensagem (*)<br \/>\n<span class=\"wpcf7-form-control-wrap\" data-name=\"your-message\"><textarea cols=\"40\" rows=\"10\" maxlength=\"2000\" class=\"wpcf7-form-control wpcf7-textarea wpcf7-validates-as-required\" aria-required=\"true\" aria-invalid=\"false\" name=\"your-message\"><\/textarea><\/span> <\/label>\n<\/p>\n<p><input class=\"wpcf7-form-control wpcf7-submit has-spinner\" type=\"submit\" value=\"Enviar\" \/>\n<\/p><p style=\"display: none !important;\" class=\"akismet-fields-container\" data-prefix=\"_wpcf7_ak_\"><label>&#916;<textarea name=\"_wpcf7_ak_hp_textarea\" cols=\"45\" rows=\"8\" maxlength=\"100\"><\/textarea><\/label><input type=\"hidden\" id=\"ak_js_1\" name=\"_wpcf7_ak_js\" value=\"138\"\/><script>document.getElementById( \"ak_js_1\" ).setAttribute( \"value\", ( new Date() ).getTime() );<\/script><\/p><div class=\"wpcf7-response-output\" aria-hidden=\"true\"><\/div>\n<\/form>\n<\/div>\n<\/span><\/p>\n","protected":false},"excerpt":{"rendered":"<p>FUNCIONAMENTO: O museu abre de segunda a s\u00e1bado, das 13:00 \u00e0s 18:30\u00a0 VEJA A LOCALIZA\u00c7\u00c3O AQUI :\u00a0Museus &#8211; Google Maps Voc\u00ea tamb\u00e9m pode visitar outros museus que ficam pr\u00f3ximos, com f\u00e1cil acesso a p\u00e9 de bicicleta ou de carro. Para professores e turmas temos uma sala de aula dispon\u00edvel, desde que seja agendada com anteced\u00eancia. [&hellip;]<\/p>\n","protected":false},"author":593,"featured_media":0,"parent":0,"menu_order":0,"comment_status":"closed","ping_status":"closed","template":"","meta":{"footnotes":""},"class_list":["post-57","page","type-page","status-publish","hentry"],"jetpack_sharing_enabled":true,"_links":{"self":[{"href":"https:\/\/wp.ufpel.edu.br\/carlosritter\/index.php?rest_route=\/wp\/v2\/pages\/57","targetHints":{"allow":["GET"]}}],"collection":[{"href":"https:\/\/wp.ufpel.edu.br\/carlosritter\/index.php?rest_route=\/wp\/v2\/pages"}],"about":[{"href":"https:\/\/wp.ufpel.edu.br\/carlosritter\/index.php?rest_route=\/wp\/v2\/types\/page"}],"author":[{"embeddable":true,"href":"https:\/\/wp.ufpel.edu.br\/carlosritter\/index.php?rest_route=\/wp\/v2\/users\/593"}],"replies":[{"embeddable":true,"href":"https:\/\/wp.ufpel.edu.br\/carlosritter\/index.php?rest_route=%2Fwp%2Fv2%2Fcomments&post=57"}],"version-history":[{"count":20,"href":"https:\/\/wp.ufpel.edu.br\/carlosritter\/index.php?rest_route=\/wp\/v2\/pages\/57\/revisions"}],"predecessor-version":[{"id":2429,"href":"https:\/\/wp.ufpel.edu.br\/carlosritter\/index.php?rest_route=\/wp\/v2\/pages\/57\/revisions\/2429"}],"wp:attachment":[{"href":"https:\/\/wp.ufpel.edu.br\/carlosritter\/index.php?rest_route=%2Fwp%2Fv2%2Fmedia&parent=57"}],"curies":[{"name":"wp","href":"https:\/\/api.w.org\/{rel}","templated":true}]}}