{"id":3048,"date":"2026-04-15T11:17:55","date_gmt":"2026-04-15T14:17:55","guid":{"rendered":"https:\/\/wp.ufpel.edu.br\/carlosritter\/?page_id=3048"},"modified":"2026-04-15T12:37:15","modified_gmt":"2026-04-15T15:37:15","slug":"relatorios-anuais-do-mcncr","status":"publish","type":"page","link":"https:\/\/wp.ufpel.edu.br\/carlosritter\/?page_id=3048","title":{"rendered":"RELAT\u00d3RIOS ANUAIS"},"content":{"rendered":"<p><strong>Relat\u00f3rios anuais do Museu de Ci\u00eancias Sociais Carlos Ritter<\/strong><\/p>\n<ul>\n<li><strong><span style=\"color: #008000;\"><a style=\"color: #008000;\" href=\"https:\/\/drive.google.com\/file\/d\/1LCgJ7Q0CjGW9z8OaWvWsVNqQ-bU4Wby1\/view?usp=sharing\" target=\"_blank\" rel=\"noopener\">Relat\u00f3rio de 2024<\/a><\/span><\/strong><\/li>\n<li><a href=\"https:\/\/drive.google.com\/file\/d\/1ZQTeFEuEhSIPZabXnSXuIBhf_ZAdkQbf\/view?usp=sharing\" target=\"_blank\" rel=\"noopener\"><strong><span style=\"color: #008000;\">Relat\u00f3rio de 2025<\/span><\/strong><\/a><\/li>\n<\/ul>\n<p>&nbsp;<\/p>\n","protected":false},"excerpt":{"rendered":"<p>Relat\u00f3rios anuais do Museu de Ci\u00eancias Sociais Carlos Ritter Relat\u00f3rio de 2024 Relat\u00f3rio de 2025 &nbsp;<\/p>\n","protected":false},"author":593,"featured_media":0,"parent":83,"menu_order":0,"comment_status":"closed","ping_status":"closed","template":"","meta":{"footnotes":""},"class_list":["post-3048","page","type-page","status-publish","hentry"],"jetpack_sharing_enabled":true,"_links":{"self":[{"href":"https:\/\/wp.ufpel.edu.br\/carlosritter\/index.php?rest_route=\/wp\/v2\/pages\/3048","targetHints":{"allow":["GET"]}}],"collection":[{"href":"https:\/\/wp.ufpel.edu.br\/carlosritter\/index.php?rest_route=\/wp\/v2\/pages"}],"about":[{"href":"https:\/\/wp.ufpel.edu.br\/carlosritter\/index.php?rest_route=\/wp\/v2\/types\/page"}],"author":[{"embeddable":true,"href":"https:\/\/wp.ufpel.edu.br\/carlosritter\/index.php?rest_route=\/wp\/v2\/users\/593"}],"replies":[{"embeddable":true,"href":"https:\/\/wp.ufpel.edu.br\/carlosritter\/index.php?rest_route=%2Fwp%2Fv2%2Fcomments&post=3048"}],"version-history":[{"count":3,"href":"https:\/\/wp.ufpel.edu.br\/carlosritter\/index.php?rest_route=\/wp\/v2\/pages\/3048\/revisions"}],"predecessor-version":[{"id":3056,"href":"https:\/\/wp.ufpel.edu.br\/carlosritter\/index.php?rest_route=\/wp\/v2\/pages\/3048\/revisions\/3056"}],"up":[{"embeddable":true,"href":"https:\/\/wp.ufpel.edu.br\/carlosritter\/index.php?rest_route=\/wp\/v2\/pages\/83"}],"wp:attachment":[{"href":"https:\/\/wp.ufpel.edu.br\/carlosritter\/index.php?rest_route=%2Fwp%2Fv2%2Fmedia&parent=3048"}],"curies":[{"name":"wp","href":"https:\/\/api.w.org\/{rel}","templated":true}]}}