{"id":2318,"date":"2024-11-29T13:06:03","date_gmt":"2024-11-29T16:06:03","guid":{"rendered":"https:\/\/wp.ufpel.edu.br\/carlosritter\/?page_id=2318"},"modified":"2026-03-17T14:44:13","modified_gmt":"2026-03-17T17:44:13","slug":"exposicoes","status":"publish","type":"page","link":"https:\/\/wp.ufpel.edu.br\/carlosritter\/?page_id=2318","title":{"rendered":"Eventos e exposi\u00e7\u00f5es"},"content":{"rendered":"<p><strong><span style=\"color: #003300; font-family: arial, helvetica, sans-serif; background-color: #ffffff; font-size: 14pt;\"><em>Acompanhe os eventos e exposi\u00e7\u00f5es que\u00a0 aconteceram no MCNNCR!<\/em><\/span><\/strong><\/p>\n<p>&nbsp;<\/p>\n<div class=\"article-paragraph\">\n<ul>\n<li style=\"text-align: justify;\"><span style=\"color: #008000; font-family: arial, helvetica, sans-serif;\"><strong>Exposi\u00e7\u00e3o \u201cAl\u00e9m do Naturalista: o legado de Carlos Ritter para a Ind\u00fastria Cervejeira\u201d (13\/03\/2020)<\/strong><\/span><\/li>\n<\/ul>\n<p style=\"padding-left: 40px;\"><span style=\"font-family: arial, helvetica, sans-serif;\"><a style=\"text-align: justify;\" href=\"https:\/\/ccs2.ufpel.edu.br\/wp\/wp-content\/uploads\/2020\/03\/convite_expo_cervejaria_ritter_MCNCR_5_Prancheta-1-1.jpg\"><img class=\" wp-image-93183 alignleft\" src=\"https:\/\/ccs2.ufpel.edu.br\/wp\/wp-content\/uploads\/2020\/03\/convite_expo_cervejaria_ritter_MCNCR_5_Prancheta-1-1-400x400.jpg\" sizes=\"(max-width: 400px) 100vw, 400px\" srcset=\"https:\/\/ccs2.ufpel.edu.br\/wp\/wp-content\/uploads\/2020\/03\/convite_expo_cervejaria_ritter_MCNCR_5_Prancheta-1-1-400x400.jpg 400w, https:\/\/ccs2.ufpel.edu.br\/wp\/wp-content\/uploads\/2020\/03\/convite_expo_cervejaria_ritter_MCNCR_5_Prancheta-1-1-1024x1024.jpg 1024w, https:\/\/ccs2.ufpel.edu.br\/wp\/wp-content\/uploads\/2020\/03\/convite_expo_cervejaria_ritter_MCNCR_5_Prancheta-1-1-200x200.jpg 200w, https:\/\/ccs2.ufpel.edu.br\/wp\/wp-content\/uploads\/2020\/03\/convite_expo_cervejaria_ritter_MCNCR_5_Prancheta-1-1-768x768.jpg 768w, https:\/\/ccs2.ufpel.edu.br\/wp\/wp-content\/uploads\/2020\/03\/convite_expo_cervejaria_ritter_MCNCR_5_Prancheta-1-1.jpg 1250w\" alt=\"cartaz da exposi\u00e7\u00e3o\" width=\"371\" height=\"371\" data-attachment-id=\"93183\" data-permalink=\"https:\/\/ccs2.ufpel.edu.br\/wp\/2020\/03\/09\/museu-carlos-ritter-abre-exposicao-sobre-o-legado-do-patrono-para-a-industria-cervejeira\/convite_expo_cervejaria_ritter_mcncr_5_prancheta-1-1\/\" data-orig-file=\"https:\/\/ccs2.ufpel.edu.br\/wp\/wp-content\/uploads\/2020\/03\/convite_expo_cervejaria_ritter_MCNCR_5_Prancheta-1-1.jpg\" data-orig-size=\"1250,1250\" data-comments-opened=\"0\" data-image-meta=\"{&quot;aperture&quot;:&quot;0&quot;,&quot;credit&quot;:&quot;&quot;,&quot;camera&quot;:&quot;&quot;,&quot;caption&quot;:&quot;&quot;,&quot;created_timestamp&quot;:&quot;0&quot;,&quot;copyright&quot;:&quot;&quot;,&quot;focal_length&quot;:&quot;0&quot;,&quot;iso&quot;:&quot;0&quot;,&quot;shutter_speed&quot;:&quot;0&quot;,&quot;title&quot;:&quot;&quot;,&quot;orientation&quot;:&quot;0&quot;}\" data-image-title=\"convite_expo_cervejaria_ritter_MCNCR_5_Prancheta 1 (1)\" data-image-description=\"\" data-image-caption=\"\" data-medium-file=\"https:\/\/ccs2.ufpel.edu.br\/wp\/wp-content\/uploads\/2020\/03\/convite_expo_cervejaria_ritter_MCNCR_5_Prancheta-1-1-400x400.jpg\" data-large-file=\"https:\/\/ccs2.ufpel.edu.br\/wp\/wp-content\/uploads\/2020\/03\/convite_expo_cervejaria_ritter_MCNCR_5_Prancheta-1-1-1024x1024.jpg\" \/><\/a><\/span><\/p>\n<\/div>\n<p><span style=\"font-family: arial, helvetica, sans-serif;\">O Museu de Ci\u00eancias Naturais Carlos Ritter, da Universidade Federal de Pelotas (UFPel), abre ao p\u00fablico uma exposi\u00e7\u00e3o que pretende destacar os feitos de Carlos Ritter em outro vi\u00e9s. \u201cAl\u00e9m do Naturalista: o legado de Carlos Ritter para a Ind\u00fastria Cervejeira\u201d inaugura na pr\u00f3xima sexta-feira (13), \u00e0s 18h.<\/span><\/p>\n<p><span style=\"font-family: arial, helvetica, sans-serif;\">S\u00e3o pe\u00e7as que v\u00e3o contar mais sobre o lado empreendedor do naturalista. A exposi\u00e7\u00e3o aborda dois temas: a hist\u00f3ria da cervejaria de Carlos Ritter e o processo de fabrica\u00e7\u00e3o de cerveja.<\/span><\/p>\n<p style=\"text-align: justify;\"><span style=\"color: #008000; font-family: arial, helvetica, sans-serif;\"><strong>Tradi\u00e7\u00e3o<\/strong><\/span><br \/>\n<span style=\"font-family: arial, helvetica, sans-serif;\">Carlos Ritter \u00e9 filho de um dos primeiros imigrantes alem\u00e3es do estado, Georg Heinrich Ritter, que fundou, em 1868, a primeira f\u00e1brica de cerveja do Rio Grande do Sul. Tr\u00eas filhos de Georg se destacaram na ind\u00fastria cervejeira, entre eles Carlos Ritter: os irm\u00e3os fizeram hist\u00f3ria ao fundarem duas das maiores cervejarias do Rio Grande do Sul no final dos anos 1800 e in\u00edcio dos anos 1900: a Cervejaria H. Ritter, em Porto Alegre, e a Cervejaria C. Ritter &amp; Irm\u00e3o, em Pelotas. A f\u00e1brica pelotense, fundada em 1870, tinha uma usina el\u00e9trica e fornecia gelo para a popula\u00e7\u00e3o e para a Santa Casa. Representou um rompimento com o modo de produ\u00e7\u00e3o at\u00e9 ent\u00e3o empregado em Pelotas. Na virada do s\u00e9culo a cervejaria produzia 4,5 milh\u00f5es de garrafas por ano e em 1911 a produ\u00e7\u00e3o chega a 6 milh\u00f5es de garrafas, al\u00e9m de gelo e gasosas, e emprega 250 oper\u00e1rios.\u00a0<\/span><span style=\"font-family: arial, helvetica, sans-serif;\">Texto Fonte: <a href=\"https:\/\/ccs2.ufpel.edu.br\/wp\/2020\/03\/09\/museu-carlos-ritter-abre-exposicao-sobre-o-legado-do-patrono-para-a-industria-cervejeira\/\" target=\"_blank\" rel=\"noopener\">Portal da UFPel<\/a><\/span><\/p>\n<ul>\n<li><span style=\"color: #008000;\"><a style=\"color: #008000;\" href=\"https:\/\/wp.ufpel.edu.br\/carlosritter\/?p=1550\" target=\"_blank\" rel=\"noopener\">17\u00aa Primavera dos Museus, sob a tem\u00e1tica<\/a><strong>\u00a0\u00a0 \u201cMem\u00f3rias e democracia: pessoas LGBT+, Ind\u00edgenas e Quilombolas.<\/strong><\/span>\u00a0 \u00a0Veja o v\u00eddeo da\u00a0<strong><span style=\"color: #008000;\"><a style=\"color: #008000;\" href=\"https:\/\/wp.ufpel.edu.br\/carlosritter\/?p=1550\" target=\"_blank\" rel=\"noopener\">Oficina <\/a><\/span><\/strong><a href=\"https:\/\/www.instagram.com\/reel\/CxyP4gKgSJ4\/\" target=\"_blank\" rel=\"noopener\"><strong><span style=\"color: #008000;\">Mem\u00f3ria e Democracia no caminho \u00c1frica \u00e0s Am\u00e9ricas<\/span><\/strong>\u201d<\/a><\/li>\n<\/ul>\n<div dir=\"auto\" style=\"text-align: center;\">\n<ul>\n<li style=\"text-align: left;\"><span style=\"font-family: arial, helvetica, sans-serif; color: #008000;\"><a style=\"color: #008000;\" href=\"https:\/\/wp.ufpel.edu.br\/carlosritter\/2023\/03\/15\/exposicao-temporaria-da-beira-da-praia-ao-fundo-do-mar\/\" target=\"_blank\" rel=\"noopener\"><span style=\"font-size: 12pt;\">Exposi\u00e7\u00e3o:<strong> \u00a8Da beira da praia ao fundo do mar \u00a8<\/strong><\/span><\/a><\/span><\/li>\n<li style=\"text-align: left;\"><span style=\"font-family: arial, helvetica, sans-serif; font-size: 12pt;\"><a href=\"https:\/\/wp.ufpel.edu.br\/carlosritter\/2023\/05\/11\/exposicao-pampa-singular-dialogos-sobre-paisagem-arte-e-ciencia\/\" target=\"_blank\" rel=\"noopener\">Pampa singular: <span style=\"color: #008000;\"><strong>Di\u00e1logos sobre paisagem, arte e ci\u00eancia<\/strong><\/span><\/a><\/span><\/li>\n<li style=\"text-align: left;\"><span style=\"font-family: arial, helvetica, sans-serif; font-size: 12pt; color: #008000;\"><a style=\"color: #008000;\" href=\"https:\/\/wp.ufpel.edu.br\/carlosritter\/?p=1265\" target=\"_blank\" rel=\"noopener\">Exposi\u00e7\u00e3o: <strong>II Concurso de Fotografia e Ilustra\u00e7\u00e3o Cient\u00edfica &#8220;Intera\u00e7\u00f5es e Rela\u00e7\u00f5es Ecol\u00f3gicas entre Seres Vivos&#8221;<\/strong><\/a><\/span><\/li>\n<li style=\"text-align: left;\"><span style=\"color: #008000;\"><a style=\"color: #008000;\" href=\"https:\/\/wp.ufpel.edu.br\/carlosritter\/?p=1436\">GEGRAD e NEAB realizaram exposi\u00e7\u00e3o em parceria com o Museu de Ci\u00eancias Naturais Carlos Ritter<\/a><\/span><\/li>\n<li style=\"text-align: left;\"><span style=\"color: #008000;\"><a style=\"color: #008000;\" href=\"https:\/\/wp.ufpel.edu.br\/carlosritter\/?p=1487\" target=\"_blank\" rel=\"noopener\">Exposi\u00e7\u00e3o: <strong>\u201cComunica\u00e7\u00e3o em organismos n\u00e3o-humanos\u201d<\/strong><\/a><\/span> \u00a0&#8211; <span style=\"color: #000000;\">Saiba mais em: <\/span><span style=\"color: #008000;\"><a style=\"text-align: justify; font-family: var(--fonte-corpo); color: #008000;\" href=\"https:\/\/ccs2.ufpel.edu.br\/wp\/2023\/09\/01\/museu-de-ciencias-naturais-carlos-ritter-inaugura-exposicao-comunicacao-em-organismos-nao-humanos\/?fbclid=IwAR21A5zxPS5A4sJub0KTB38pSdYbu2asFtfQcDmn1_kMPLf36KPQm8jkf0c\"><span style=\"color: #000000;\">Coordena\u00e7\u00e3o de Comunica\u00e7\u00e3o Social \u00bb Museu de Ci\u00eancias Naturais Carlos Ritter inaugura exposi\u00e7\u00e3o \u201cComunica\u00e7\u00e3o em Organismos n\u00e3o-Humanos\u201d (ufp<\/span>el.edu.br)<\/a><\/span>\u00a0 e<span style=\"text-align: justify; font-family: var(--fonte-corpo); color: #000000;\">\u00a0 Veja\u00a0 a <\/span><span style=\"color: #008000;\"><a style=\"color: #008000;\" href=\"https:\/\/globoplay.globo.com\/v\/11909679\/?s=0s\" target=\"_blank\" rel=\"noopener\">Reportagem da\u00a0 RBS TV.<\/a><\/span><\/li>\n<li style=\"text-align: left;\"><a href=\"https:\/\/wp.ufpel.edu.br\/carlosritter\/?p=1502\"><span style=\"color: #008000;\">Jogo da Mem\u00f3ria Aves<\/span><\/a> &#8211; 0 nosso \u201c<strong>Jogo da Mem\u00f3ria Aves\u201d<\/strong> que prop\u00f5e ensinar de forma l\u00fadica a import\u00e2ncia do nome cient\u00edfico. O lan\u00e7amento ocorreu durante a Semana do Patrim\u00f4nio da UFPel, que ocorrei nos dias: 18, 19 e 20 de agosto.<\/li>\n<li style=\"text-align: left;\"><span style=\"font-size: 12pt;\"><span style=\"color: #008000;\"><a style=\"color: #008000;\" href=\"https:\/\/www.facebook.com\/reel\/561731452717793\" target=\"_blank\" rel=\"noopener\"><strong>Dia do Bi\u00f3logo<\/strong><\/a><\/span>\u00a0&#8211; Uma tarde primorosa de partilha de conhecimentos e experi\u00eancias, que envolveu a apresenta\u00e7\u00e3o de projetos do Instituto de Biologia, doa\u00e7\u00f5es de mudas de plantas, jogo da mem\u00f3ria, entre outras atividades.\u00a0 <a style=\"text-align: justify; font-family: var(--fonte-corpo);\" href=\"https:\/\/www.instagram.com\/reel\/CwxhrIPArwN\/\" target=\"_blank\" rel=\"noopener\"><span style=\"color: #008000;\">Veja o v\u00eddeo AQUI!<\/span><\/a><\/span><\/li>\n<li style=\"text-align: left;\"><a style=\"font-size: 12pt; text-align: center; font-family: var(--fonte-corpo);\" href=\"https:\/\/wp.ufpel.edu.br\/carlosritter\/?p=1550\">Oficina: <strong><span style=\"color: #008000;\">Mem\u00f3ria e Democracia no caminho \u00c1frica \u00e0s Am\u00e9ricas<\/span><\/strong><\/a><\/li>\n<li style=\"text-align: left;\"><a style=\"font-size: 12pt; text-align: center; font-family: var(--fonte-corpo);\" href=\"https:\/\/wp.ufpel.edu.br\/carlosritter\/?p=1681\">Exposi\u00e7\u00e3o:\u00a0<span style=\"color: #008000;\"><strong>A beleza das plantas secas<\/strong><\/span><\/a><\/li>\n<li style=\"text-align: left;\"><span style=\"font-size: 12pt;\"><a href=\"https:\/\/wp.ufpel.edu.br\/carlosritter\/?p=1751\">Exposi\u00e7\u00e3o: <span style=\"color: #008000;\"><strong>\u201cF\u00f3sseis do Araripe: um testemunho da hist\u00f3ria da vida na Terra\u201d.<\/strong><\/span><\/a><\/span><\/li>\n<li style=\"text-align: left;\"><a style=\"font-size: 12pt; text-align: center; font-family: var(--fonte-corpo);\" href=\"https:\/\/wp.ufpel.edu.br\/carlosritter\/?p=1761\">Col\u00f3quio de encerramento <span style=\"color: #008000;\">do<\/span> Quest\u00f5es Ecol\u00f3gicas de 2023<\/a><\/li>\n<li class=\"corTexto\" style=\"text-align: justify;\"><span style=\"font-size: 12pt;\"><a style=\"font-family: var(--fonte-corpo);\" href=\"https:\/\/wp.ufpel.edu.br\/carlosritter\/?p=1918\">Exposi\u00e7\u00e3o<span style=\"color: #008000;\"><strong>\u201cPovoamento, Arqueologia e Mitologia Ind\u00edgena no Rio Grande do Sul\u201d.<\/strong><\/span><\/a><\/span><\/li>\n<li class=\"corTexto\" style=\"text-align: justify;\"><a href=\"https:\/\/wp.ufpel.edu.br\/carlosritter\/?p=1930\"><strong><span style=\"color: #008000;\">Museu na Rua<\/span><\/strong><\/a> &#8211; A atividade foi uma iniciativa dos alunos da disciplina A<a href=\"https:\/\/institucional.ufpel.edu.br\/disciplinas\/cod\/10910120\" target=\"_blank\" rel=\"noopener\">rqueologia Extensionista<\/a>,\u00a0do\u00a0<a href=\"https:\/\/institucional.ufpel.edu.br\/cursos\/cod\/8100\" target=\"_blank\" rel=\"noopener\">Curso de Arqueologia da UFPel,<\/a>\u00a0sob orienta\u00e7\u00e3o do professor\u00a0<em><a href=\"https:\/\/institucional.ufpel.edu.br\/servidores\/id\/26506\" target=\"_blank\" rel=\"noopener\">Cl\u00e1udio Carle<\/a>.<\/em><\/li>\n<li class=\"corTexto\" style=\"text-align: justify;\"><a href=\"https:\/\/wp.ufpel.edu.br\/carlosritter\/?p=1972\">Exposi\u00e7\u00e3o: <span style=\"color: #008000;\"><strong>Os povos origin\u00e1rios e a fauna do pampa.<\/strong><\/span><\/a><\/li>\n<li class=\"corTexto\" style=\"text-align: justify;\"><a href=\"https:\/\/wp.ufpel.edu.br\/carlosritter\/?p=1990\">Exposi\u00e7\u00e3o tempor\u00e1ria<span style=\"color: #008000;\"><strong> \u201cImitando as aves: a poesia do voo\u201d.<\/strong><\/span><\/a><\/li>\n<li class=\"corTexto\" style=\"text-align: justify;\">Exposi\u00e7\u00e3o: <span style=\"color: #008000;\"><a style=\"font-family: var(--fonte-corpo); color: #008000;\" href=\"https:\/\/wp.ufpel.edu.br\/carlosritter\/?p=1998\"><strong>\u201cO solo vira arte<\/strong>\u201d<\/a><\/span>&#8211; A exposi\u00e7\u00e3o apresentou a possibilidade de integrar a arte e os diferentes conhecimentos relacionados ao solo, que precisa ser preservado tendo em vista o impacto que representa para a conserva\u00e7\u00e3o dos ecossistemas<\/li>\n<li class=\"corTexto\" style=\"text-align: justify;\"><a href=\"https:\/\/wp.ufpel.edu.br\/carlosritter\/?p=2003\">III Concurso de Fotografia e Ilustra\u00e7\u00e3o <span style=\"color: #008000;\"><strong>\u201cViventes dessa terra: biodiversidade do Rio Grande do Sul\u201d.<\/strong><\/span><\/a><\/li>\n<li class=\"corTexto\" style=\"text-align: justify;\"><a href=\"https:\/\/wp.ufpel.edu.br\/carlosritter\/?p=2012\">Exposi\u00e7\u00e3o <span style=\"color: #008000;\"><strong>\u201cImpress\u00e3o (3D) do relevo de Pelotas: um espa\u00e7o para reflex\u00e3o sobre a enchente\u201d<\/strong>.<\/span><\/a><\/li>\n<li class=\"corTexto\" style=\"text-align: justify;\"><strong><span style=\"color: #008000;\"><a style=\"color: #008000;\" href=\"https:\/\/wp.ufpel.edu.br\/carlosritter\/?p=2030\">Semin\u00e1rio da Semana dos Museus da UFPEL!\u00a0<\/a><\/span><\/strong><\/li>\n<li class=\"corTexto\" style=\"text-align: justify;\">Exposi\u00e7\u00e3o: <span style=\"color: #008000;\"><strong><span style=\"font-size: 12pt;\"><a style=\"font-family: var(--fonte-corpo); color: #008000;\" href=\"https:\/\/wp.ufpel.edu.br\/carlosritter\/?p=2047\">Olhares m\u00faltiplos sob uma perspectiva interdisciplinar: as enchentes no contexto de eventos clim\u00e1ticos extremos<\/a><\/span><\/strong><\/span><\/li>\n<li class=\"corTexto\" style=\"text-align: justify;\"><a href=\"https:\/\/wp.ufpel.edu.br\/carlosritter\/?p=2063\">Exposi\u00e7\u00e3o: <span style=\"color: #008000;\"><strong>Percursos vis\u00edveis e invis\u00edveis \u2013 Pessoas lugares e mem\u00f3rias<\/strong>.<\/span><\/a><\/li>\n<li class=\"corTexto\" style=\"text-align: justify;\"><span style=\"color: #008000;\"><a style=\"color: #008000;\" href=\"https:\/\/wp.ufpel.edu.br\/carlosritter\/?p=2126\">Atividades para a comunidade em comemora\u00e7\u00e3o ao Dia do Bi\u00f3logo\u00a0<\/a><\/span><\/li>\n<li style=\"text-align: left;\"><a href=\"https:\/\/wp.ufpel.edu.br\/carlosritter\/?p=2133\">Exposi\u00e7\u00e3o:\u00a0 <span style=\"color: #008000;\"><strong>A Terra Fala: Hist\u00f3rias e narrativas ind\u00edgenas para um mundo em Crise\u00a0<\/strong><\/span><\/a><span style=\"color: #008000;\"><strong>&#8211; <\/strong><\/span><strong style=\"color: var(--cor-texto); font-family: var(--fonte-corpo);\">ASSISTA V\u00cdDEO <\/strong><strong style=\"color: var(--cor-texto); font-family: var(--fonte-corpo);\"><span style=\"color: #008000;\"><span style=\"font-size: 14pt;\">AQUI<\/span><\/span><\/strong><\/li>\n<li style=\"text-align: left;\"><span style=\"color: #008000;\"><strong><a style=\"color: #008000;\" href=\"https:\/\/wp.ufpel.edu.br\/carlosritter\/?p=2142\">Primavera dos Museus ter\u00e1 como tema: \u201cMuseus, acessibilidade e inclus\u00e3o\u201d.\u00a0<\/a><\/strong><\/span><\/li>\n<li class=\"corTexto\" style=\"text-align: justify;\"><a href=\"https:\/\/wp.ufpel.edu.br\/carlosritter\/?p=2156\">Mesa redonda: <span style=\"color: #008000;\"><strong>\u201cArqueologia e hist\u00f3rias ind\u00edgenas de longa dura\u00e7\u00e3o no RS<\/strong>\u201d<\/span><\/a><\/li>\n<li style=\"text-align: left;\"><span style=\"font-size: 12pt;\"><span style=\"font-size: 12pt;\"><a style=\"text-align: justify; font-family: var(--fonte-corpo);\" href=\"https:\/\/wp.ufpel.edu.br\/carlosritter\/?p=2163\">A\u00e7\u00e3o educativa: <\/a><a href=\"https:\/\/wp.ufpel.edu.br\/carlosritter\/?p=2163\" target=\"_blank\" rel=\"noopener\"><strong><span style=\"color: #008000;\">\u201cConhecendo a diversidade das plantas por meio de outros sentido<\/span><\/strong><\/a><span style=\"color: #008000;\"><a style=\"color: #008000;\" href=\"https:\/\/wp.ufpel.edu.br\/carlosritter\/?p=2163\"><strong>s\u201d.<\/strong><\/a><\/span><\/span><\/span><\/li>\n<li style=\"text-align: left;\">Quebra Cabe\u00e7a: <strong><span style=\"color: #008000;\"><a style=\"color: #008000;\" href=\"https:\/\/wp.ufpel.edu.br\/carlosritter\/?p=2343\" target=\"_blank\" rel=\"noopener\">Representa\u00e7\u00e3o do Ecossistema do Bioma Pampa<\/a><\/span><\/strong><\/li>\n<li style=\"text-align: left;\">Exposi\u00e7\u00e3o;\u00a0<span style=\"color: #008000;\"><strong><a style=\"color: #008000;\" href=\"https:\/\/wp.ufpel.edu.br\/carlosritter\/?p=2367\" target=\"_blank\" rel=\"noopener\"> Ilustre Pampa\u00a0 <\/a>&#8211; <\/strong><\/span><strong style=\"color: var(--cor-texto); font-family: var(--fonte-corpo);\">ASSISTA V\u00cdDEO<span style=\"color: #008000; font-size: 14pt;\"> <a style=\"color: #008000;\" href=\"https:\/\/www.facebook.com\/reel\/999268095448474\/?ref=embed_post\" target=\"_blank\" rel=\"noopener\">AQUI<\/a><\/span><\/strong><\/li>\n<li style=\"text-align: left;\">Oficina Ilustre Pampa <a href=\"https:\/\/wp.ufpel.edu.br\/carlosritter\/?p=2399\" target=\"_blank\" rel=\"noopener\"><span style=\"color: #008000;\"><strong><span style=\"color: #008000;\">De Desenho da Biodiversida<\/span><\/strong><strong><span style=\"color: #008000;\">de<\/span><\/strong><strong> das plantas por meio de outros sentidos<\/strong><\/span><\/a><\/li>\n<li style=\"text-align: left;\">Campanha: <strong><span style=\"color: #008000;\"><a style=\"color: #008000;\" href=\"https:\/\/wp.ufpel.edu.br\/carlosritter\/?p=2432\" target=\"_blank\" rel=\"noopener\">Mem\u00f3rias com o Museu Carlos Ritter \u2013 Campanha comemorativa aos 55 anos do museu<br \/>\n<\/a><\/span><\/strong><\/li>\n<li style=\"text-align: left;\"><strong><span style=\"color: #008000;\"><a style=\"color: #008000;\" href=\"https:\/\/wp.ufpel.edu.br\/carlosritter\/?p=2534\" target=\"_blank\" rel=\"noopener\">MUSEU AMPLIA A ACESSIBILIDADE<\/a><\/span><\/strong><\/li>\n<li style=\"text-align: left;\">\n<p class=\"corTexto\"><span style=\"color: #008000;\"><strong>Exposi\u00e7\u00e3o:\u00a0\u201c<a style=\"color: #008000;\" href=\"https:\/\/wp.ufpel.edu.br\/carlosritter\/?p=2520\" target=\"_blank\" rel=\"noopener\">Museu Carlos Ritter: 55 anos entrela\u00e7ando mem\u00f3rias e tecendo saberes\u201d.<\/a><\/strong><\/span><\/p>\n<\/li>\n<li>\n<p class=\"corTexto\"><span style=\"color: #008000;\"><span style=\"color: #000000;\">Palestra:<\/span> <strong>\u201c<a style=\"color: #008000;\" href=\"https:\/\/wp.ufpel.edu.br\/carlosritter\/?p=2548\" target=\"_blank\" rel=\"noopener\">Museus e acervos de cole\u00e7\u00f5es zool\u00f3gicos: um memoir sob a \u00f3tica da herpetologia\u201d.<\/a><\/strong><\/span><\/p>\n<\/li>\n<li>\n<p class=\"corTexto\" style=\"text-align: left;\"><strong><span style=\"color: #008000;\"><a style=\"color: #008000;\" href=\"https:\/\/wp.ufpel.edu.br\/carlosritter\/?p=2582\">Dia do Meio Ambiente<\/a><\/span><\/strong><\/p>\n<\/li>\n<li>\n<p class=\"corTexto\" style=\"text-align: left;\"><strong><span style=\"color: #008000;\"><a style=\"color: #008000;\" href=\"https:\/\/wp.ufpel.edu.br\/carlosritter\/?p=2608\">Elei\u00e7\u00f5es Chefia e Subchefia da Museu Carlos Ritter<\/a><\/span><\/strong><\/p>\n<\/li>\n<li style=\"text-align: left;\">\n<p class=\"corTexto\"><strong><span style=\"color: #008000;\"><a style=\"color: #008000;\" href=\"https:\/\/wp.ufpel.edu.br\/carlosritter\/?p=2682\">COMO FOI A SUA VISITA AO MUSEU?<\/a><\/span><\/strong><\/p>\n<\/li>\n<li style=\"text-align: left;\">\n<p class=\"corTexto\"><strong><span style=\"color: #008000;\"><a style=\"color: #008000;\" href=\"https:\/\/wp.ufpel.edu.br\/carlosritter\/?p=2737\">IV Concurso de Fotografia e Ilustra\u00e7\u00e3o dos acad\u00eamicos dos cursos de Biologia<\/a><\/span><\/strong><\/p>\n<\/li>\n<li>\n<p class=\"corTexto\" style=\"text-align: left;\"><span style=\"color: #008000;\"><a style=\"color: #008000;\" href=\"https:\/\/wp.ufpel.edu.br\/carlosritter\/?p=2744\"><span style=\"color: #000000;\">Roda de conversa:<\/span> <strong>Preservando o Bioma Pampa<\/strong><\/a><\/span><\/p>\n<\/li>\n<li>\n<p class=\"corTexto\" style=\"text-align: left;\"><span style=\"color: #000000;\"><a style=\"color: #000000;\" href=\"https:\/\/wp.ufpel.edu.br\/carlosritter\/?p=2780\">EDITAL 02\/2025<\/a><strong><a style=\"color: #000000;\" href=\"https:\/\/wp.ufpel.edu.br\/carlosritter\/?p=2780\"> \u2013 <span style=\"color: #008000;\">Sele\u00e7\u00e3o para est\u00e1gio curricular e extensionistas volunt\u00e1rios<\/span><\/a><\/strong><\/span><\/p>\n<\/li>\n<li>\n<p class=\"corTexto\" style=\"text-align: left;\"><span style=\"color: #000000;\">Exposi\u00e7\u00e3o: <\/span><span style=\"color: #008000;\"><strong><strong style=\"font-size: 12pt;\"><a style=\"color: #008000;\" href=\"https:\/\/wp.ufpel.edu.br\/carlosritter\/?p=2836\" target=\"_blank\" rel=\"noopener\">IV Concurso de Fotografia e Ilustra\u00e7\u00e3o \u2013 Biodiversidade Urbana <\/a><\/strong><\/strong><\/span><\/p>\n<\/li>\n<li>\n<p class=\"corTexto\" style=\"text-align: left;\">Exposi\u00e7\u00e3o Peixes: <strong><span style=\"color: #008000;\"><a style=\"color: #008000;\" href=\"https:\/\/wp.ufpel.edu.br\/carlosritter\/?p=2845\" target=\"_blank\" rel=\"noopener\">da lagoa \u00e0s nuvens.<\/a><\/span><\/strong><\/p>\n<\/li>\n<li>\n<p class=\"corTexto\" style=\"text-align: left;\"><strong><span style=\"color: #008000;\"><a style=\"color: #008000;\" href=\"https:\/\/wp.ufpel.edu.br\/carlosritter\/?p=2862\" target=\"_blank\" rel=\"noopener\">19\u00aa edi\u00e7\u00e3o da Primavera dos Museus<\/a><\/span><\/strong><\/p>\n<\/li>\n<li>\n<p class=\"corTexto\"><strong><span style=\"color: #008000;\"><a style=\"color: #008000;\" href=\"https:\/\/wp.ufpel.edu.br\/carlosritter\/?p=2909\" target=\"_blank\" rel=\"noopener\">Resultado do IV Concurso de Fotografia e Ilustra\u00e7\u00e3o: Biodiversidade Urbana<\/a><\/span><\/strong><\/p>\n<\/li>\n<li>\n<p class=\"corTexto\"><span style=\"color: #008000;\"><span style=\"color: #000000;\">Exposi\u00e7\u00e3o<\/span><strong><span style=\"color: #000000;\">:<\/span><a style=\"color: #008000;\" href=\"https:\/\/wp.ufpel.edu.br\/carlosritter\/?p=2920\"> \u201cA mem\u00f3ria no museu: conhecendo as bases biol\u00f3gicas envolvidas\u201d<\/a><\/strong><\/span><\/p>\n<\/li>\n<li>\n<p class=\"corTexto\"><span style=\"color: #000000;\">Projeto de pesquisa: <\/span><strong><span style=\"color: #008000;\"><a style=\"color: #008000;\" href=\"https:\/\/wp.ufpel.edu.br\/carlosritter\/?p=2934\">\u201cMuseologia em Perspectiva de G\u00eanero:\u00a0um estudo sobre o Museu Carlos Ritter\u201d (MUPEG)<\/a><\/span><\/strong><\/p>\n<\/li>\n<li>\n<p class=\"corTexto\">Atividade: <span style=\"color: #008000;\"><strong><a style=\"color: #008000;\" href=\"https:\/\/wp.ufpel.edu.br\/carlosritter\/?p=2958\">Voc\u00ea sabe o que \u00e9 Poliniza\u00e7\u00e3o?<\/a><\/strong><\/span><\/p>\n<\/li>\n<li>\n<p class=\"corTexto\">Exposi\u00e7\u00e3o: <strong><span style=\"color: #008000;\"><a style=\"color: #008000;\" href=\"https:\/\/wp.ufpel.edu.br\/carlosritter\/?p=2974\">\u201cNada do que sobreviveu foi por acaso: o restauro do acervo do Museu de Ci\u00eancias Naturais Carlos Ritter por Maria Helena Xavier\u201d.<\/a><\/span><\/strong><\/p>\n<\/li>\n<\/ul>\n<\/div>\n","protected":false},"excerpt":{"rendered":"<p>Acompanhe os eventos e exposi\u00e7\u00f5es que\u00a0 aconteceram no MCNNCR! &nbsp; Exposi\u00e7\u00e3o \u201cAl\u00e9m do Naturalista: o legado de Carlos Ritter para a Ind\u00fastria Cervejeira\u201d (13\/03\/2020) O Museu de Ci\u00eancias Naturais Carlos Ritter, da Universidade Federal de Pelotas (UFPel), abre ao p\u00fablico uma exposi\u00e7\u00e3o que pretende destacar os feitos de Carlos Ritter em outro vi\u00e9s. \u201cAl\u00e9m do [&hellip;]<\/p>\n","protected":false},"author":593,"featured_media":0,"parent":66,"menu_order":0,"comment_status":"closed","ping_status":"closed","template":"","meta":{"footnotes":""},"class_list":["post-2318","page","type-page","status-publish","hentry"],"jetpack_sharing_enabled":true,"_links":{"self":[{"href":"https:\/\/wp.ufpel.edu.br\/carlosritter\/index.php?rest_route=\/wp\/v2\/pages\/2318","targetHints":{"allow":["GET"]}}],"collection":[{"href":"https:\/\/wp.ufpel.edu.br\/carlosritter\/index.php?rest_route=\/wp\/v2\/pages"}],"about":[{"href":"https:\/\/wp.ufpel.edu.br\/carlosritter\/index.php?rest_route=\/wp\/v2\/types\/page"}],"author":[{"embeddable":true,"href":"https:\/\/wp.ufpel.edu.br\/carlosritter\/index.php?rest_route=\/wp\/v2\/users\/593"}],"replies":[{"embeddable":true,"href":"https:\/\/wp.ufpel.edu.br\/carlosritter\/index.php?rest_route=%2Fwp%2Fv2%2Fcomments&post=2318"}],"version-history":[{"count":3,"href":"https:\/\/wp.ufpel.edu.br\/carlosritter\/index.php?rest_route=\/wp\/v2\/pages\/2318\/revisions"}],"predecessor-version":[{"id":2998,"href":"https:\/\/wp.ufpel.edu.br\/carlosritter\/index.php?rest_route=\/wp\/v2\/pages\/2318\/revisions\/2998"}],"up":[{"embeddable":true,"href":"https:\/\/wp.ufpel.edu.br\/carlosritter\/index.php?rest_route=\/wp\/v2\/pages\/66"}],"wp:attachment":[{"href":"https:\/\/wp.ufpel.edu.br\/carlosritter\/index.php?rest_route=%2Fwp%2Fv2%2Fmedia&parent=2318"}],"curies":[{"name":"wp","href":"https:\/\/api.w.org\/{rel}","templated":true}]}}