{"id":1827,"date":"2024-02-21T16:51:48","date_gmt":"2024-02-21T19:51:48","guid":{"rendered":"https:\/\/wp.ufpel.edu.br\/carlosritter\/?page_id=1827"},"modified":"2025-10-31T11:52:16","modified_gmt":"2025-10-31T14:52:16","slug":"trabalhos-academicos","status":"publish","type":"page","link":"https:\/\/wp.ufpel.edu.br\/carlosritter\/?page_id=1827","title":{"rendered":"TRABALHOS ACAD\u00caMICOS"},"content":{"rendered":"<p style=\"text-align: justify;\"><span style=\"color: #008000;\"><strong>TRABALHOS PUBLICADOS<\/strong><\/span><\/p>\n<p style=\"text-align: justify;\">Este espa\u00e7o destinasse a publica\u00e7\u00e3o de trabalhos acad\u00eamicos\u00a0 que foram desenvolvidos junto ao Museu de Ci\u00eancias Naturais Carlos Ritter.<\/p>\n<ul>\n<li><span style=\"color: #008000;\"><strong><em><span style=\"color: #008000;\"><a style=\"color: #008000;\" href=\"https:\/\/drive.google.com\/file\/d\/1OYKAmuNMolXr-cETM232psUzbbdI8Wdc\/view?usp=sharing\" target=\"_blank\" rel=\"noopener\">ENTRE ALEIAS E CONCRETO: INVESTIGANDO O LEGADO DO PATRIMONIO DE CARLOS RITTER EM PELOTAS<\/a><\/span><\/em> &#8211; <\/strong><span style=\"color: #000000;\"><em>GABRIELA GON\u00c7ALVES DA ROSA FERREIRA &#8211; <a href=\"https:\/\/wp.ufpel.edu.br\/vieifi\/files\/2024\/12\/Caderno-de-Resumos-Atualizado.docx.pdf\" target=\"_blank\" rel=\"noopener\">VI ENCONTRO INTERNACIONAL FRONTEIRAS e IDENTIDADES \u2013 VI EIFI -UNIVERSIDADE FEDERAL DE PELOTAS<\/a> &#8211; PROGRAMA DE P\u00d3S-GRADUA\u00c7\u00c3O EM HIST\u00d3RIA\u00a0<\/em><\/span><\/span><\/li>\n<li><strong><em><a href=\"https:\/\/drive.google.com\/file\/d\/1h0j25-GfhF1r6uLyw90ju-oOjnO7YzYz\/view?usp=sharing\" target=\"_blank\" rel=\"noopener\"><span style=\"color: #008000;\">M<\/span><\/a><\/em><em><a href=\"https:\/\/drive.google.com\/file\/d\/1h0j25-GfhF1r6uLyw90ju-oOjnO7YzYz\/view?usp=sharing\" target=\"_blank\" rel=\"noopener\"><span style=\"color: #008000;\">USEU DE CI\u00caNCIAS NATURAIS CARLOS RITTER: GERENCIAMENTO DE ACERVO COMO FUNDAMENTO DE DESENVOLVIMENTO MUSEOL\u00d3GICO<\/span><\/a><\/em><em> &#8211; <\/em><\/strong><em>GABRIELA GON\u00c7ALVES DA ROSA FERREIRA, CARLOS EDUARDO \u00c1VILA BAUER, LISIANE GASTAL PEREIRA<\/em><strong><em>.<\/em><\/strong><\/li>\n<li><strong><em><a href=\"https:\/\/drive.google.com\/file\/d\/10lIbRouS5zZWWfFQVpafOSKoNKfBnaJe\/view?usp=sharing\" target=\"_blank\" rel=\"noopener\"><span style=\"color: #008000;\">EXPOSI\u00c7\u00c3O \u201cDA BEIRA DA PRAIA AO FUNDO MAR: CONCHAS E CRUST\u00c1CEOS DA COLE\u00c7\u00c3O MAXIMIANO CIRNE\u201d: DO PLANEJAMENTO A MONTAGEM<\/span><\/a><\/em><em> &#8211; <\/em><\/strong>RENAN MARQUES AZEVEDO DA MATA, MUSEOLOGO; LISIANE PEREIRA GASTAL.<\/li>\n<li><strong><a href=\"https:\/\/drive.google.com\/file\/d\/1h0j25-GfhF1r6uLyw90ju-oOjnO7YzYz\/view?usp=sharing\" target=\"_blank\" rel=\"noopener\"><span style=\"color: #008000;\"><em>PROJETO DE REQUALIFICA\u00c7\u00c3O DO ACERVO ENTOMOL\u00d3GICO DO MUSEU DE CI\u00caNCIAS NATURAIS CARLOS RITTER<\/em> <\/span><\/a><\/strong>&#8211; BIBIANA LUIZI GROFF,, THEO LAZZARI, LISIANE GASTAL PEREIRA.<\/li>\n<li><em><a href=\"https:\/\/drive.google.com\/file\/d\/1q92SnffaeNR5ol15prDtqA-BXO9Kz_sR\/view?usp=sharing\" target=\"_blank\" rel=\"noopener\"><span style=\"color: #008000;\"><strong>PRINCIPAIS OBST\u00c1CULOS NA CONSERVA\u00c7\u00c3O DO ACERVO DE ANIMAIS TAXIDERMIZADOS DO MUSEU DE CI\u00caNCIAS NATURAIS CARLOS RITTER<\/strong><\/span><\/a><\/em><strong><em> &#8211; <\/em><\/strong>LUCAS DE SOUZA LIMA PEREIRA, LISIANE GASTAL PEREIRA,MAURO MASCARENHAS, MATEUS MENEGHETTI FERRER.<\/li>\n<li><em><a href=\"https:\/\/drive.google.com\/file\/d\/1Epi0z8x0b44qWW2_J-cWDdaGoq3EnpDx\/view?usp=sharing\" target=\"_blank\" rel=\"noopener\"><span style=\"color: #008000;\"><strong>PROCESSO DE DOCUMENTA\u00c7\u00c3O DO ACERVO DO MUSEU DE CI\u00caNCIAS NATURAIS CARLOS RITTER<\/strong><\/span><\/a><\/em> -LUANA DE AVILA SPAGIARI, GABRIELA GON\u00c7ALVES DA ROSA FERREIRA, LISIANE GASTAL PEREIRA.<\/li>\n<li><a href=\"https:\/\/guaiaca.ufpel.edu.br\/bitstream\/handle\/prefix\/6810\/Museu_de_ci%C3%AAncias_naturais_carlos_ritter.pdf?sequence=1&amp;isAllowed=y\" target=\"_blank\" rel=\"noopener\"><span style=\"color: #008000;\"><strong><em>M<\/em><em>USEU DE CI\u00caNCIAS NATURAIS CARLOS RITTER<\/em><\/strong>: DESAFIOS E PERSPECTIVAS PARA MUSEUS DE CIENCIAS NATURAIS UNIVERSITARIOS<\/span><\/a> &#8211;\u00a0 JO\u00c3O IGANCI<\/li>\n<li><em><strong><a href=\"https:\/\/cti.ufpel.edu.br\/siepe\/arquivos\/2024\/G1_06261.pdf\" target=\"_blank\" rel=\"noopener\"><span style=\"color: #008000;\">INCLUS\u00c3O, ACESSIBILIDADE, MEM\u00d3RIA E PATRIM\u00d4NIO: UM ESTUDO SOBRE OS MUSEUS DA UNIVERSIDADE FEDERAL DE PELOTAS (UFPEL)<\/span><\/a><\/strong><\/em><br \/>\nRAFAELA DOMINGUES CAVALHEIRO, ALINE NUNES DA CUNHA DE MEDEIROS<\/li>\n<li><a href=\"https:\/\/drive.google.com\/file\/d\/1iEKKJMHCA7tbcYbXuce-baZ2Pjw37q57\/view?usp=sharing\" target=\"_blank\" rel=\"noopener\"><strong><span style=\"color: #008000;\">MUSEU DE CI\u00caNCIAS NATURAIS CARLOS RITTER: OBJETIVOS E DESAFIOS PARA A IMPLEMENTA\u00c7\u00c2O DE UM MUSEU DIGITAL<\/span><\/strong><\/a> &#8211; LUCCA LILLES GALV\u00c3O MACHADO &#8211; LISIANE GASTAL PEREIRA &#8211;\u00a0 LUIZ ERNESTO COSTA-SCHMIDT &#8211; <a href=\"https:\/\/wp.ufpel.edu.br\/congressoextensao\/files\/2025\/01\/Cultura.pdf\" target=\"_blank\" rel=\"noopener\">ANAIS do XI CEC- Congresso de Extens\u00e3o e Cultura<\/a><\/li>\n<li><span style=\"color: #008000;\"><strong><span style=\"color: #008000;\"><a style=\"color: #008000;\" href=\"https:\/\/drive.google.com\/file\/d\/1mgEvJyqJ5FG4LDQNCwRY4JlttAECPHqf\/view?usp=sharing\" target=\"_blank\" rel=\"noopener\">TRAJET\u00d3RIAS E VIS\u00d5ES NATIVAS NO MUSEU: EXPOSI\u00c7\u00c3O \u201cA TERRA ,FALA: HIST\u00d3RIAS E PERSPECTIVAS IND\u00cdGENAS PARA UM MUNDO EM CRISE<\/a> <\/span>&#8211; <\/strong><span style=\"color: #000000;\">JEFFERSON FOSTER DA SILVA- <a href=\"https:\/\/wp.ufpel.edu.br\/congressoextensao\/files\/2025\/01\/Cultura.pdf\" target=\"_blank\" rel=\"noopener\">ANAIS do XI CEC- Congresso de Extens\u00e3o e Cultura<\/a><\/span><\/span><\/li>\n<li><a href=\"https:\/\/drive.google.com\/file\/d\/1YBj90talKiZjtNtifvqYSkp6ZChwRZMN\/view?usp=sharing\" target=\"_blank\" rel=\"noopener\"><strong><span style=\"color: #008000;\">PRINCIPAIS OBST\u00c1CULOS NA CONSERVA\u00c7\u00c3O DO ACERVO DE ANIMAIS\u00a0 TAXIDERMIZADOS DO MUSEU DECI\u00caNCIAS NATURAIS CARLOS RITTER<\/span><\/strong><\/a>\u00a0&#8211; LUCAS DE SOUZA LIMA PEREIRA &#8211; COAUTORES: LISIANE GASTAL PEREIRA &#8211; MAURO MASCARENHAS &#8211;\u00a0 MATEUS MENEGHETTI FERRERANAIS &#8211; <a href=\"https:\/\/guaiaca.ufpel.edu.br\/bitstream\/handle\/prefix\/18113\/ANAIS_com%20ficha_SEMANA%20DOS%20MUSEUS%20DA%20UFPEL%202024_final.pdf?sequence=1&amp;isAllowed=y\" target=\"_blank\" rel=\"noopener\">SEMANA DOS MUSEUS DA UFPEL 2024 UFPEL<\/a><\/li>\n<li><span style=\"color: #003300;\"><a href=\"https:\/\/drive.google.com\/file\/d\/1TyAkjfZUz0_o-HjuFec2v6ue9m5GLBlB\/view?usp=sharing\" target=\"_blank\" rel=\"noopener\"><span style=\"color: #008000;\"><strong>PR\u00c1TICAS DE TAXIDERMIA: UM RELATO DE EXPERI\u00caNCIA NO MUSEU DE CI\u00caNCIAS NATURAIS CARLOS RITTER<\/strong><\/span> <\/a>&#8211;<\/span> AMANDA VICTORIA NEUMANN COAUTORES: LISIANE GASTAL PEREIRA;\u00a0 CRISTIANO AGRA ISERHARD; MAURO MASCARENHAS &#8211; \u00a0<a href=\"https:\/\/guaiaca.ufpel.edu.br\/bitstream\/handle\/prefix\/18113\/ANAIS_com%20ficha_SEMANA%20DOS%20MUSEUS%20DA%20UFPEL%202024_final.pdf?sequence=1&amp;isAllowed=y\" target=\"_blank\" rel=\"noopener\">SEMANA DOS MUSEUS DA UFPEL 2024 UFPEL<\/a><\/li>\n<li><a href=\"https:\/\/drive.google.com\/file\/d\/1qEJoTBLAHABfFy1YQFH_W39KzcUl2f7a\/view?usp=sharing\" target=\"_blank\" rel=\"noopener\"><span style=\"color: #008000;\"><strong>MEDIA\u00c7\u00c3O E ESTUDO TAXON\u00d4MICO DAS AVES DO ACERVO DO MUSEU DE CI\u00caNCIAS NATURAIS CARLOS RITTER<\/strong><\/span><\/a>. &#8211; DANIEL DIAS QUADRO;<br \/>\nCOAUTORES: FELIPE DIEHL E LISIANE GASTAL PEREIRA &#8211;\u00a0<a href=\"https:\/\/guaiaca.ufpel.edu.br\/bitstream\/handle\/prefix\/18113\/ANAIS_com%20ficha_SEMANA%20DOS%20MUSEUS%20DA%20UFPEL%202024_final.pdf?sequence=1&amp;isAllowed=y\" target=\"_blank\" rel=\"noopener\">SEMANA DOS MUSEUS DA UFPEL 2024 UFPEL<\/a><\/li>\n<li><a href=\"https:\/\/drive.google.com\/file\/d\/1eNMVARfSxTT2LERgtBtaJek3ZjEAX_E3\/view?usp=sharing\" target=\"_blank\" rel=\"noopener\"><span style=\"color: #008000;\"><strong>PERSPECTIVAS DECOLONIAIS: O MUSEU E CI\u00caNCIAS NATURAIS CARLOS RITTER NO CAMINHO DA \u00c1FRICA \u00c0S AM\u00c9RICAS<\/strong><\/span><\/a> &#8211; GABRIELA GON\u00c7ALVES DA ROSA FERREIRA; COAUTORES: LISIANE GASTAL PEREIRA\u00a0&#8211;\u00a0<a href=\"https:\/\/guaiaca.ufpel.edu.br\/bitstream\/handle\/prefix\/18113\/ANAIS_com%20ficha_SEMANA%20DOS%20MUSEUS%20DA%20UFPEL%202024_final.pdf?sequence=1&amp;isAllowed=y\" target=\"_blank\" rel=\"noopener\">SEMANA DOS MUSEUS DA UFPEL 2024 UFPEL<\/a><\/li>\n<\/ul>\n<p style=\"text-align: center;\"><span style=\"color: #800000;\"><span style=\"color: #000000;\"><em><strong>\u00a0 <span style=\"color: #003300;\">Sinta-se a vontade em nos contatar para divulgar seu trabalho nesta p\u00e1gina.<\/span><\/strong><\/em><\/span><\/span><\/p>\n","protected":false},"excerpt":{"rendered":"<p>TRABALHOS PUBLICADOS Este espa\u00e7o destinasse a publica\u00e7\u00e3o de trabalhos acad\u00eamicos\u00a0 que foram desenvolvidos junto ao Museu de Ci\u00eancias Naturais Carlos Ritter. ENTRE ALEIAS E CONCRETO: INVESTIGANDO O LEGADO DO PATRIMONIO DE CARLOS RITTER EM PELOTAS &#8211; GABRIELA GON\u00c7ALVES DA ROSA FERREIRA &#8211; VI ENCONTRO INTERNACIONAL FRONTEIRAS e IDENTIDADES \u2013 VI EIFI -UNIVERSIDADE FEDERAL DE PELOTAS [&hellip;]<\/p>\n","protected":false},"author":593,"featured_media":0,"parent":0,"menu_order":0,"comment_status":"closed","ping_status":"closed","template":"","meta":{"footnotes":""},"class_list":["post-1827","page","type-page","status-publish","hentry"],"jetpack_sharing_enabled":true,"_links":{"self":[{"href":"https:\/\/wp.ufpel.edu.br\/carlosritter\/index.php?rest_route=\/wp\/v2\/pages\/1827","targetHints":{"allow":["GET"]}}],"collection":[{"href":"https:\/\/wp.ufpel.edu.br\/carlosritter\/index.php?rest_route=\/wp\/v2\/pages"}],"about":[{"href":"https:\/\/wp.ufpel.edu.br\/carlosritter\/index.php?rest_route=\/wp\/v2\/types\/page"}],"author":[{"embeddable":true,"href":"https:\/\/wp.ufpel.edu.br\/carlosritter\/index.php?rest_route=\/wp\/v2\/users\/593"}],"replies":[{"embeddable":true,"href":"https:\/\/wp.ufpel.edu.br\/carlosritter\/index.php?rest_route=%2Fwp%2Fv2%2Fcomments&post=1827"}],"version-history":[{"count":3,"href":"https:\/\/wp.ufpel.edu.br\/carlosritter\/index.php?rest_route=\/wp\/v2\/pages\/1827\/revisions"}],"predecessor-version":[{"id":2908,"href":"https:\/\/wp.ufpel.edu.br\/carlosritter\/index.php?rest_route=\/wp\/v2\/pages\/1827\/revisions\/2908"}],"wp:attachment":[{"href":"https:\/\/wp.ufpel.edu.br\/carlosritter\/index.php?rest_route=%2Fwp%2Fv2%2Fmedia&parent=1827"}],"curies":[{"name":"wp","href":"https:\/\/api.w.org\/{rel}","templated":true}]}}