{"id":35,"date":"2011-10-13T15:34:30","date_gmt":"2011-10-13T18:34:30","guid":{"rendered":"https:\/\/wp.ufpel.edu.br\/cape\/"},"modified":"2011-10-13T15:50:06","modified_gmt":"2011-10-13T18:50:06","slug":"cape","status":"publish","type":"page","link":"https:\/\/wp.ufpel.edu.br\/cape\/","title":{"rendered":"CAPE"},"content":{"rendered":"<div align=\"justify\">\n<strong>Descripci\u00f3n del Curso:<\/strong><br \/>\nEl curso se concibe con un enfoque eminentemente pr\u00e1ctico considerando la pr\u00e1ctica docente del profesor en relaci\u00f3n a los contenidos, que versan sobre aspectos relacionados con la metodolog\u00eda y la did\u00e1ctica de la lengua espa\u00f1ola para brasile\u00f1os, la actualizaci\u00f3n ling\u00fc\u00edstica y los aspectos culturales de la comunidad hispanoamericana.<\/p>\n<p><strong>Objetivos:<\/strong><\/p>\n<ul>\n<li>Profundizar en conceptos b\u00e1sicos de metodolog\u00eda de ense\u00f1anza del espa\u00f1ol como lengua extranjera.<\/li>\n<li> Analizar la utilidad de las nuevas tecnolog\u00edas como recurso para la creaci\u00f3n de materiales did\u00e1cticos para el aula de E\/LE.<\/li>\n<li> Reflexionar sobre el rol y la importancia de la fon\u00e9tica y la fonolog\u00eda en las clases de E\/LE.<\/li>\n<li> Presentar y analizar las variantes del espa\u00f1ol y sus aspectos m\u00e1s relevantes y valorar su utilizaci\u00f3n en la ense\u00f1anza de E\/LE y la proyecci\u00f3n actual de su ense\u00f1anza.<\/li>\n<li> Exponer una base te\u00f3rica y diferentes materiales para poner en pr\u00e1ctica las cuatro destrezas comunicativas en la ense\u00f1anza de E\/LE.<\/li>\n<li> Analizar diversas posibilidades de explotaci\u00f3n did\u00e1ctica de los textos literarios en clase de E\/LE.<\/li>\n<\/ul>\n<\/div>\n","protected":false},"excerpt":{"rendered":"<p>Descripci\u00f3n del Curso: El curso se concibe con un enfoque eminentemente pr\u00e1ctico considerando la pr\u00e1ctica docente del profesor en relaci\u00f3n a los contenidos, que versan sobre aspectos relacionados con la metodolog\u00eda y la did\u00e1ctica de la lengua espa\u00f1ola para brasile\u00f1os, la actualizaci\u00f3n ling\u00fc\u00edstica y los aspectos culturales de la comunidad hispanoamericana. Objetivos: Profundizar en conceptos &hellip; <\/p>\n<p><a class=\"more-link btn\" href=\"https:\/\/wp.ufpel.edu.br\/cape\/\">Continue lendo<\/a><\/p>\n","protected":false},"author":142,"featured_media":0,"parent":0,"menu_order":1,"comment_status":"closed","ping_status":"closed","template":"","meta":{"footnotes":""},"class_list":["post-35","page","type-page","status-publish","hentry","nodate","item-wrap"],"_links":{"self":[{"href":"https:\/\/wp.ufpel.edu.br\/cape\/wp-json\/wp\/v2\/pages\/35","targetHints":{"allow":["GET"]}}],"collection":[{"href":"https:\/\/wp.ufpel.edu.br\/cape\/wp-json\/wp\/v2\/pages"}],"about":[{"href":"https:\/\/wp.ufpel.edu.br\/cape\/wp-json\/wp\/v2\/types\/page"}],"author":[{"embeddable":true,"href":"https:\/\/wp.ufpel.edu.br\/cape\/wp-json\/wp\/v2\/users\/142"}],"replies":[{"embeddable":true,"href":"https:\/\/wp.ufpel.edu.br\/cape\/wp-json\/wp\/v2\/comments?post=35"}],"version-history":[{"count":4,"href":"https:\/\/wp.ufpel.edu.br\/cape\/wp-json\/wp\/v2\/pages\/35\/revisions"}],"predecessor-version":[{"id":39,"href":"https:\/\/wp.ufpel.edu.br\/cape\/wp-json\/wp\/v2\/pages\/35\/revisions\/39"}],"wp:attachment":[{"href":"https:\/\/wp.ufpel.edu.br\/cape\/wp-json\/wp\/v2\/media?parent=35"}],"curies":[{"name":"wp","href":"https:\/\/api.w.org\/{rel}","templated":true}]}}