{"id":32,"date":"2011-10-13T15:16:39","date_gmt":"2011-10-13T18:16:39","guid":{"rendered":"https:\/\/wp.ufpel.edu.br\/cape\/"},"modified":"2011-10-13T15:54:25","modified_gmt":"2011-10-13T18:54:25","slug":"contato","status":"publish","type":"page","link":"https:\/\/wp.ufpel.edu.br\/cape\/contato\/","title":{"rendered":"Contato"},"content":{"rendered":"<p>Para cualquier informaci\u00f3n sobre el curso dirigirse a la siguiente direcci\u00f3n de correo electr\u00f3nico:<br \/>\n<strong><a href=\"mailto:asesoria.portoalegre@educacion.es\">asesoria.portoalegre@educacion.es<\/a><\/strong><\/p>\n","protected":false},"excerpt":{"rendered":"<p>Para cualquier informaci\u00f3n sobre el curso dirigirse a la siguiente direcci\u00f3n de correo electr\u00f3nico: asesoria.portoalegre@educacion.es<\/p>\n","protected":false},"author":142,"featured_media":0,"parent":0,"menu_order":4,"comment_status":"closed","ping_status":"open","template":"","meta":{"footnotes":""},"class_list":["post-32","page","type-page","status-publish","hentry","nodate","item-wrap"],"_links":{"self":[{"href":"https:\/\/wp.ufpel.edu.br\/cape\/wp-json\/wp\/v2\/pages\/32","targetHints":{"allow":["GET"]}}],"collection":[{"href":"https:\/\/wp.ufpel.edu.br\/cape\/wp-json\/wp\/v2\/pages"}],"about":[{"href":"https:\/\/wp.ufpel.edu.br\/cape\/wp-json\/wp\/v2\/types\/page"}],"author":[{"embeddable":true,"href":"https:\/\/wp.ufpel.edu.br\/cape\/wp-json\/wp\/v2\/users\/142"}],"replies":[{"embeddable":true,"href":"https:\/\/wp.ufpel.edu.br\/cape\/wp-json\/wp\/v2\/comments?post=32"}],"version-history":[{"count":3,"href":"https:\/\/wp.ufpel.edu.br\/cape\/wp-json\/wp\/v2\/pages\/32\/revisions"}],"predecessor-version":[{"id":43,"href":"https:\/\/wp.ufpel.edu.br\/cape\/wp-json\/wp\/v2\/pages\/32\/revisions\/43"}],"wp:attachment":[{"href":"https:\/\/wp.ufpel.edu.br\/cape\/wp-json\/wp\/v2\/media?parent=32"}],"curies":[{"name":"wp","href":"https:\/\/api.w.org\/{rel}","templated":true}]}}