{"id":5,"date":"2020-02-10T21:04:34","date_gmt":"2020-02-11T00:04:34","guid":{"rendered":"https:\/\/wp.ufpel.edu.br\/capacitacaobioterioufpel\/?page_id=5"},"modified":"2020-02-13T20:21:55","modified_gmt":"2020-02-13T23:21:55","slug":"home","status":"publish","type":"page","link":"https:\/\/wp.ufpel.edu.br\/capacitacaobioterioufpel\/home\/","title":{"rendered":"O evento"},"content":{"rendered":"<p style=\"text-align: justify\">O in\u00edcio do s\u00e9culo XX foi marcado pela evolu\u00e7\u00e3o cient\u00edfica, principalmente das ci\u00eancias m\u00e9dicas, biom\u00e9dicas e biol\u00f3gicas, onde v\u00e1rias esp\u00e9cies de animais foram utilizadas, tais como: ratos, camundongos, cobaias, ovelhas, vacas e porcos. Estas pesquisas permitiram enormes avan\u00e7os para sa\u00fade e melhora da qualidade de vida humana, permitindo a descoberta de vacinas, utilizadas na preven\u00e7\u00e3o de doen\u00e7as, como a raiva, t\u00e9tano, sarampo, difteria e gripe, dentre tantas outras. A descoberta de medicamentos como insulina, penicilina, antihipertensivos, ansiol\u00edticos e v\u00e1rias outras classes de f\u00e1rmacos que tanto contribuem para o tratamento de diversas patologias que afligem a humanidade.<\/p>\n<p style=\"text-align: justify\">Atualmente a comunidade cient\u00edfica em todo mundo vem discutindo a adequa\u00e7\u00e3o de princ\u00edpios \u00e9ticos no uso de animais de laborat\u00f3rio. No Brasil, a lei 11.794 de 08 de outubro de 2008, do Conselho Nacional de Controle de Experimenta\u00e7\u00e3o Animal (CONCEA) estabelece que a cria\u00e7\u00e3o e a utiliza\u00e7\u00e3o de animais em atividades de ensino e pesquisa cient\u00edfica, em todo o territ\u00f3rio nacional, devem obedecer aos crit\u00e9rios estabelecidos nesta Lei.<\/p>\n<p style=\"text-align: justify\">Desta forma, o Biot\u00e9rio Central da UFPel, obedecendo a legisla\u00e7\u00e3o vigente, estabelecida pelo CONCEA, organizou um curso de extens\u00e3o, direcionado a toda a comunidade cient\u00edfica que atualmente faz uso de animais de laborat\u00f3rio deste biot\u00e9rio. Assim, este curso tem como objetivo manter um treinamento cont\u00ednuo de alunos e pesquisadores dos diversos departamentos da UFPel al\u00e9m de pesquisadores de institui\u00e7\u00f5es externas colaboradoras.<\/p>\n<p style=\"text-align: right\"><em><strong>Contamos com a sua participa\u00e7\u00e3o!<\/strong><\/em><\/p>\n","protected":false},"excerpt":{"rendered":"<p>O in\u00edcio do s\u00e9culo XX foi marcado pela evolu\u00e7\u00e3o cient\u00edfica, principalmente das ci\u00eancias m\u00e9dicas, biom\u00e9dicas e biol\u00f3gicas, onde v\u00e1rias esp\u00e9cies de animais foram utilizadas, tais como: ratos,&hellip; <span class=\"read-more\"><a class=\"more-link\" href=\"https:\/\/wp.ufpel.edu.br\/capacitacaobioterioufpel\/home\/\" rel=\"bookmark\">Leia Mais <span class=\"screen-reader-text\">&#8220;O evento&#8221;<\/span><\/a><\/span><\/p>\n","protected":false},"author":966,"featured_media":0,"parent":0,"menu_order":1,"comment_status":"closed","ping_status":"closed","template":"","meta":{"footnotes":""},"class_list":["post-5","page","type-page","status-publish","hentry"],"_links":{"self":[{"href":"https:\/\/wp.ufpel.edu.br\/capacitacaobioterioufpel\/wp-json\/wp\/v2\/pages\/5","targetHints":{"allow":["GET"]}}],"collection":[{"href":"https:\/\/wp.ufpel.edu.br\/capacitacaobioterioufpel\/wp-json\/wp\/v2\/pages"}],"about":[{"href":"https:\/\/wp.ufpel.edu.br\/capacitacaobioterioufpel\/wp-json\/wp\/v2\/types\/page"}],"author":[{"embeddable":true,"href":"https:\/\/wp.ufpel.edu.br\/capacitacaobioterioufpel\/wp-json\/wp\/v2\/users\/966"}],"replies":[{"embeddable":true,"href":"https:\/\/wp.ufpel.edu.br\/capacitacaobioterioufpel\/wp-json\/wp\/v2\/comments?post=5"}],"version-history":[{"count":5,"href":"https:\/\/wp.ufpel.edu.br\/capacitacaobioterioufpel\/wp-json\/wp\/v2\/pages\/5\/revisions"}],"predecessor-version":[{"id":90,"href":"https:\/\/wp.ufpel.edu.br\/capacitacaobioterioufpel\/wp-json\/wp\/v2\/pages\/5\/revisions\/90"}],"wp:attachment":[{"href":"https:\/\/wp.ufpel.edu.br\/capacitacaobioterioufpel\/wp-json\/wp\/v2\/media?parent=5"}],"curies":[{"name":"wp","href":"https:\/\/api.w.org\/{rel}","templated":true}]}}