{"id":158,"date":"2020-03-02T19:54:26","date_gmt":"2020-03-02T22:54:26","guid":{"rendered":"https:\/\/wp.ufpel.edu.br\/capacitacaobioterioufpel\/?page_id=158"},"modified":"2021-10-18T15:04:05","modified_gmt":"2021-10-18T18:04:05","slug":"inscricoes","status":"publish","type":"page","link":"https:\/\/wp.ufpel.edu.br\/capacitacaobioterioufpel\/inscricoes\/","title":{"rendered":"INSCRI\u00c7\u00d5ES"},"content":{"rendered":"<p style=\"text-align: center\"><strong>Est\u00e3o abertas as inscri\u00e7\u00f5es para a segunda edi\u00e7\u00e3o do Curso de Capacita\u00e7\u00e3o em Uso e Manejo de Animais de Laborat\u00f3rio da Universidade Federal de Pelotas!<\/strong><\/p>\n<ul>\n<li><strong><em>M\u00f3dulo te\u00f3rico (certifica\u00e7\u00e3o de 25h)<\/em><\/strong><\/li>\n<\/ul>\n<ol>\n<li><em>Quando?<\/em> De 08 a 30 de novembro de 2021.<\/li>\n<li><em>Onde?<\/em>\u00a0Atrav\u00e9s da plataforma e-PROJETOS, da UFPel.<\/li>\n<li><em>Valores:<\/em>\u00a0R$ 60,00 para graduandos, R$ 100,00 para p\u00f3s-graduandos e R$ 200,00 para professores, alunos de p\u00f3s-doutorado e outros profissionais.<\/li>\n<li><strong><em>Como se inscrever?<\/em>\u00a0<\/strong>Durante o per\u00edodo de 18\/10 a 01\/11, preencher a ficha de inscri\u00e7\u00e3o referente ao m\u00f3dulo te\u00f3rico (dispon\u00edvel abaixo). Em seguida, enviar para o e-mail capacitacaobioterioufpel@gmail.com o anexo com a ficha preenchida e aguardar o recebimento da guia de pagamento. Por fim, a confirma\u00e7\u00e3o da inscri\u00e7\u00e3o ocorre mediante o envio do comprovante de pagamento para o mesmo e-mail.<\/li>\n<\/ol>\n<ul>\n<li><a href=\"https:\/\/wp.ufpel.edu.br\/capacitacaobioterioufpel\/files\/2021\/10\/Ficha-de-inscricao-Modulo-Teorico-2.docx\">Ficha de Inscri\u00e7\u00e3o &#8211; M\u00f3dulo Te\u00f3rico <\/a><\/li>\n<\/ul>\n<p>&nbsp;<\/p>\n<ul>\n<li><strong><em>M\u00f3dulo Te\u00f3rico-Pr\u00e1tico (certifica\u00e7\u00e3o de 5h)<\/em><\/strong><\/li>\n<\/ul>\n<ol>\n<li><em>Quando?<\/em>\u00a0Nos dias 01 e 03 de dezembro de 2021, durante o turno da tarde e manh\u00e3, respectivamente.<\/li>\n<li><em>Onde?<\/em>\u00a0Via Google Meet.<\/li>\n<li><em>Valor:<\/em>\u00a0R$ 20,00.<\/li>\n<li><em><strong>Como se inscrever?<\/strong><\/em>\u00a0Durante o per\u00edodo de 18\/10 a 01\/11, preencher a ficha de inscri\u00e7\u00e3o referente ao m\u00f3dulo te\u00f3rico-pr\u00e1tico (dispon\u00edvel abaixo). Em seguida, enviar para o e-mail capacitacaobioterioufpel@gmail.com o anexo com a ficha preenchida e aguardar o recebimento da guia de pagamento. Por fim, a confirma\u00e7\u00e3o da inscri\u00e7\u00e3o ocorre mediante o envio do comprovante de pagamento para o mesmo e-mail.<\/li>\n<li>\u00a0As vagas s\u00e3o\u00a0<strong>limitadas<\/strong>.<\/li>\n<\/ol>\n<ul>\n<li><a href=\"https:\/\/wp.ufpel.edu.br\/capacitacaobioterioufpel\/files\/2021\/10\/Ficha-de-inscricao-Modulo-Pratico-3.docx\">Ficha de Inscri\u00e7\u00e3o &#8211; M\u00f3dulo Pr\u00e1tico <\/a><\/li>\n<\/ul>\n<p style=\"text-align: right\"><em><strong>Contamos com a sua participa\u00e7\u00e3o!<\/strong><\/em><\/p>\n<p><!--nextpage--><\/p>\n<p><b>Prezados,<\/b><\/p>\n<p><span style=\"font-weight: 400\">Em raz\u00e3o da gravidade da situa\u00e7\u00e3o relativa \u00e0 pandemia do coronav\u00edrus (COVID-19), n\u00f3s da equipe organizadora do evento \u201cCapacita\u00e7\u00e3o em uso e manejo de animais de laborat\u00f3rio da UFPEL\u201d informamos que existe a possibilidade de mudan\u00e7as no per\u00edodo de execu\u00e7\u00e3o do referido curso. Estamos acompanhando as not\u00edcias, e lhes manteremos informados.<\/span><\/p>\n<p><span style=\"font-weight: 400\">As atividades da UFPEL est\u00e3o suspensas por tr\u00eas semanas (at\u00e9 03 de abril). O curso pode ocorrer durante o per\u00edodo planejado caso as atividades retornem, por\u00e9m existe a possibilidade de que este cancelamento de aulas\/eventos possa se prolongar por mais tempo. Caso isso ocorra, os eventos na universidade estar\u00e3o proibidos.<\/span><\/p>\n<p><span style=\"font-weight: 400\">Em alinhamento com o Comit\u00ea Interno para Acompanhamento da Evolu\u00e7\u00e3o da Pandemia por Coronav\u00edrus da UFPel, se for necess\u00e1rio, remarcaremos as datas do curso para que palestrantes, participantes e organizadores do curso estejam protegidos, bem como para evitar a propaga\u00e7\u00e3o do v\u00edrus. Todos ser\u00e3o avisados previamente.<\/span><\/p>\n<p><span style=\"font-weight: 400\">Diante da situa\u00e7\u00e3o que enfrentamos neste momento em todo o mundo, contamos com a sua compreens\u00e3o caso as datas tenham que ser remanejadas.<\/span><\/p>\n<p><span style=\"font-weight: 400\">Atenciosamente<\/span><\/p>\n<p><span style=\"font-weight: 400\">Comiss\u00e3o organizadora.<\/span><\/p>\n<p><!--nextpage--><\/p>\n<h1>Primeira Edi\u00e7\u00e3o &#8211; 2020<\/h1>\n<p style=\"text-align: center\"><strong>Est\u00e3o abertas as inscri\u00e7\u00f5es para a primeira edi\u00e7\u00e3o do Curso de Capacita\u00e7\u00e3o em Uso e Manejo de Animais de Laborat\u00f3rio da Universidade Federal de Pelotas!<\/strong><\/p>\n<ul>\n<li><span style=\"font-weight: 400\">O curso ser\u00e1 dividido em 2 m\u00f3dulos.<\/span>\n<ul>\n<li style=\"font-weight: 400\"><b>M\u00d3DULO TE\u00d3RICO<\/b><span style=\"font-weight: 400\"> (certifica\u00e7\u00e3o de 25h):<\/span>\n<ul>\n<li style=\"font-weight: 400\"><b>Quando?<\/b><span style=\"font-weight: 400\"> de 13 a 17 de abril de 2020 no turno da manh\u00e3.<\/span><\/li>\n<li style=\"font-weight: 400\"><b>Onde?<\/b><span style=\"font-weight: 400\"> Audit\u00f3rio da Faculdade de Agronomia Eliseu Maciel (FAEM), Campus Cap\u00e3o do Le\u00e3o, UFPel, Av. Eliseu Maciel s\/n<\/span><\/li>\n<li style=\"font-weight: 400\"><b>Inscri\u00e7\u00f5es: <\/b><span style=\"font-weight: 400\">03 a 13 de mar\u00e7o de 2020<\/span><\/li>\n<li style=\"font-weight: 400\"><b>Valores:<\/b><span style=\"font-weight: 400\"> R$ 60 para estudantes de gradua\u00e7\u00e3o, R$ para p\u00f3s-graduandos e R$ 200 para professores, alunos de p\u00f3s-doutorado e outros profissionais.<\/span><\/li>\n<\/ul>\n<\/li>\n<\/ul>\n<p><span style=\"font-weight: 400\">\u00a0<\/span><\/p>\n<ul>\n<li style=\"font-weight: 400\"><b>M\u00d3DULO PR\u00c1TICO<\/b><span style=\"font-weight: 400\"> (certifica\u00e7\u00e3o de 5h):<\/span>\n<ul>\n<li style=\"font-weight: 400\"><b>Valor:<\/b><span style=\"font-weight: 400\"> R$ 20<\/span><\/li>\n<li style=\"font-weight: 400\"><b>Inscri\u00e7\u00f5es:<\/b><span style=\"font-weight: 400\"> de 03 a 13 de mar\u00e7o de 2020<\/span><\/li>\n<li style=\"font-weight: 400\"><b>Turmas j\u00e1 confirmadas 1, 2 ou 3:<\/b><span style=\"font-weight: 400\"> Dias 14, 15, 16, 28, 29 ou 30 de abril de 2020 no turno da tarde.<\/span><\/li>\n<li style=\"font-weight: 400\"><b>Local:<\/b><span style=\"font-weight: 400\"> Biot\u00e9rio Central da UFPel.<\/span><\/li>\n<li style=\"font-weight: 400\"><b>M\u00e9dica veterin\u00e1ria respons\u00e1vel t\u00e9cnica:<\/b><span style=\"font-weight: 400\"> Anelize C. Felix.<\/span><\/li>\n<\/ul>\n<\/li>\n<\/ul>\n<p><b>Observa\u00e7\u00e3o: Informamos que, devido a limita\u00e7\u00e3o do espa\u00e7o f\u00edsico na sala de procedimentos do Biot\u00e9rio Central, as aulas pr\u00e1ticas do curso ser\u00e3o destinadas, inicialmente, a alunos de pesquisadores usu\u00e1rios do Biot\u00e9rio Central. Existe a possibilidade de que ocorra um m\u00f3dulo pr\u00e1tico adicional, em breve mais informa\u00e7\u00f5es sobre esta modalidade.<\/b><\/li>\n<\/ul>\n<p>&nbsp;<\/p>\n<p style=\"text-align: right\"><em><strong>Contamos com a sua participa\u00e7\u00e3o!<\/strong><\/em><\/p>\n","protected":false},"excerpt":{"rendered":"<p>Est\u00e3o abertas as inscri\u00e7\u00f5es para a segunda edi\u00e7\u00e3o do Curso de Capacita\u00e7\u00e3o em Uso e Manejo de Animais de Laborat\u00f3rio da Universidade Federal de Pelotas! M\u00f3dulo te\u00f3rico&hellip; <span class=\"read-more\"><a class=\"more-link\" href=\"https:\/\/wp.ufpel.edu.br\/capacitacaobioterioufpel\/inscricoes\/\" rel=\"bookmark\">Leia Mais <span class=\"screen-reader-text\">&#8220;INSCRI\u00c7\u00d5ES&#8221;<\/span><\/a><\/span><\/p>\n","protected":false},"author":966,"featured_media":0,"parent":0,"menu_order":0,"comment_status":"closed","ping_status":"closed","template":"","meta":{"footnotes":""},"class_list":["post-158","page","type-page","status-publish","hentry"],"_links":{"self":[{"href":"https:\/\/wp.ufpel.edu.br\/capacitacaobioterioufpel\/wp-json\/wp\/v2\/pages\/158","targetHints":{"allow":["GET"]}}],"collection":[{"href":"https:\/\/wp.ufpel.edu.br\/capacitacaobioterioufpel\/wp-json\/wp\/v2\/pages"}],"about":[{"href":"https:\/\/wp.ufpel.edu.br\/capacitacaobioterioufpel\/wp-json\/wp\/v2\/types\/page"}],"author":[{"embeddable":true,"href":"https:\/\/wp.ufpel.edu.br\/capacitacaobioterioufpel\/wp-json\/wp\/v2\/users\/966"}],"replies":[{"embeddable":true,"href":"https:\/\/wp.ufpel.edu.br\/capacitacaobioterioufpel\/wp-json\/wp\/v2\/comments?post=158"}],"version-history":[{"count":17,"href":"https:\/\/wp.ufpel.edu.br\/capacitacaobioterioufpel\/wp-json\/wp\/v2\/pages\/158\/revisions"}],"predecessor-version":[{"id":267,"href":"https:\/\/wp.ufpel.edu.br\/capacitacaobioterioufpel\/wp-json\/wp\/v2\/pages\/158\/revisions\/267"}],"wp:attachment":[{"href":"https:\/\/wp.ufpel.edu.br\/capacitacaobioterioufpel\/wp-json\/wp\/v2\/media?parent=158"}],"curies":[{"name":"wp","href":"https:\/\/api.w.org\/{rel}","templated":true}]}}