{"id":14,"date":"2020-02-10T21:17:00","date_gmt":"2020-02-11T00:17:00","guid":{"rendered":"https:\/\/wp.ufpel.edu.br\/capacitacaobioterioufpel\/?page_id=14"},"modified":"2020-03-02T21:23:25","modified_gmt":"2020-03-03T00:23:25","slug":"conferencistas-confirmadosas","status":"publish","type":"page","link":"https:\/\/wp.ufpel.edu.br\/capacitacaobioterioufpel\/conferencistas-confirmadosas\/","title":{"rendered":"CONFERENCISTAS CONFIRMADOS(AS)"},"content":{"rendered":"<p><strong><img loading=\"lazy\" decoding=\"async\" class=\"alignnone wp-image-123 size-pique-thumbnail-avatar\" src=\"https:\/\/wp.ufpel.edu.br\/capacitacaobioterioufpel\/files\/2020\/02\/anelize-100x100.jpg\" alt=\"\" width=\"100\" height=\"100\" srcset=\"https:\/\/wp.ufpel.edu.br\/capacitacaobioterioufpel\/files\/2020\/02\/anelize-100x100.jpg 100w, https:\/\/wp.ufpel.edu.br\/capacitacaobioterioufpel\/files\/2020\/02\/anelize-200x200.jpg 200w\" sizes=\"auto, (max-width: 100px) 100vw, 100px\" \/> ANELIZE DE OLIVEIRA CAMPELLO FELIX &#8211; UFPEL<\/strong><\/p>\n<p><a href=\"http:\/\/lattes.cnpq.br\/4064902111812687\"><em>Curr\u00edculo Lattes<\/em><\/a><\/p>\n<p>M\u00e9dica Veterin\u00e1ria formada na Universidade Federal de Pelotas (2007). Possui mestrado (2010) e doutorado (2014) pelo Programa de P\u00f3s-gradua\u00e7\u00e3o em Veterin\u00e1ria da Universidade Federal de Pelotas, na \u00e1rea de Cl\u00ednica M\u00e9dica de Pequenos Animais. Sua \u00e1rea de atua\u00e7\u00e3o \u00e9 em cl\u00ednica m\u00e9dica de pequenos animais e animais de laborat\u00f3rio. Atualmente atua como M\u00e9dica Veterin\u00e1ria Respons\u00e1vel T\u00e9cnica do Biot\u00e9rio Central da UFPel, como t\u00e9cnica administrativa (concurso p\u00fablico). Atua ainda, como Presidente do Comit\u00ea de \u00c9tica em Experimenta\u00e7\u00e3o Animal da UFPel.<\/p>\n<p>&nbsp;<\/p>\n<p><strong><img loading=\"lazy\" decoding=\"async\" class=\"alignnone wp-image-124 size-pique-thumbnail-avatar\" src=\"https:\/\/wp.ufpel.edu.br\/capacitacaobioterioufpel\/files\/2020\/02\/daiana-100x100.jpg\" alt=\"\" width=\"100\" height=\"100\" \/> DAIANA SILVA DE \u00c1VILA \u2013 UNIPAMPA CAMPUS URUGUAIANA<\/strong><\/p>\n<p><a href=\"http:\/\/lattes.cnpq.br\/4355211015887363\"><em>Curr\u00edculo Lattes<\/em><\/a><\/p>\n<p>Possui gradua\u00e7\u00e3o em Farm\u00e1cia pela Universidade Federal de Santa Maria (2005) , mestrado em Ci\u00eancias Biol\u00f3gicas (Bioqu\u00edmica Toxicol\u00f3gica) pela Universidade Federal de Santa Maria (2007) e doutorado Ci\u00eancias Biol\u00f3gicas (Bioqu\u00edmica Toxicol\u00f3gica) pela Universidade Federal de Santa Maria (2009). Realizou p\u00f3s-doutorado na Vanderbilt University (EUA) entre 2009 e 2011. Tem experi\u00eancia na \u00e1rea de Bioqu\u00edmica Toxicol\u00f3gica, com \u00eanfase toxicologia e farmacologia de organocalcog\u00eanios e toxicologia de metais, pesticidas e nanomateriais, al\u00e9m de possuir experi\u00eancia com o uso de Caenorhabditis elegans como modelo experimental na \u00e1rea. \u00c9 docente na UNIPAMPA- Campus Uruguaiana, orientando no PPG Bioqu\u00edmica a n\u00edvel de mestrado e doutorado, liderando o Grupo de Pesquisa em Bioqu\u00edmica e Toxicologia em C. elegans (GBToxCe). \u00c9 decente colaboradora do PPG Ci\u00eancias Biol\u00f3gicas: Bioqu\u00edmica Toxicol\u00f3gica da Universidade Federal de Santa Maria. Em 2015, recebeu o Pr\u00eamio Para Mulheres da Ci\u00eancia- L\u00b4Oreal\/ UNESCO\/Academia Brasileira de Ci\u00eancias. Bolsista de Produtividade N\u00edvel 2 do CNPq e Membro Afiliado da Academia Brasileira de Ci\u00eancias (2019-2023).<\/p>\n<p>&nbsp;<\/p>\n<p><strong><img loading=\"lazy\" decoding=\"async\" class=\"alignnone wp-image-164 size-pique-thumbnail-avatar\" src=\"https:\/\/wp.ufpel.edu.br\/capacitacaobioterioufpel\/files\/2020\/03\/palestrante-bioterio-100x100.jpg\" alt=\"\" width=\"100\" height=\"100\" srcset=\"https:\/\/wp.ufpel.edu.br\/capacitacaobioterioufpel\/files\/2020\/03\/palestrante-bioterio-100x100.jpg 100w, https:\/\/wp.ufpel.edu.br\/capacitacaobioterioufpel\/files\/2020\/03\/palestrante-bioterio-200x200.jpg 200w, https:\/\/wp.ufpel.edu.br\/capacitacaobioterioufpel\/files\/2020\/03\/palestrante-bioterio-280x280.jpg 280w, https:\/\/wp.ufpel.edu.br\/capacitacaobioterioufpel\/files\/2020\/03\/palestrante-bioterio.jpg 400w\" sizes=\"auto, (max-width: 100px) 100vw, 100px\" \/>FAB\u00cdOLA SCHONS MEYER &#8211; UFRGS<\/strong><\/p>\n<p><a href=\"http:\/\/lattes.cnpq.br\/3965174372954410\"><em>Curr\u00edculo Lattes<\/em><\/a><\/p>\n<p>Possui gradua\u00e7\u00e3o em Medicina Veterin\u00e1ria pela Universidade Federal do Rio Grande do Sul (2007) e mestrado em Ci\u00eancias Veterin\u00e1rias pela Universidade Federal do Rio Grande do Sul (2010). Atualmente \u00e9 m\u00e9dica veterin\u00e1ria da Universidade Federal do Rio Grande do Sul. Tem experi\u00eancia na \u00e1rea de Medicina Veterin\u00e1ria, com \u00eanfase em ANIMAIS DE LABORAT\u00d3RIO.<\/p>\n<p>&nbsp;<\/p>\n<p><strong><img loading=\"lazy\" decoding=\"async\" class=\"alignnone wp-image-125 size-pique-thumbnail-avatar\" src=\"https:\/\/wp.ufpel.edu.br\/capacitacaobioterioufpel\/files\/2020\/02\/romero-100x100.jpg\" alt=\"\" width=\"100\" height=\"100\" srcset=\"https:\/\/wp.ufpel.edu.br\/capacitacaobioterioufpel\/files\/2020\/02\/romero-100x100.jpg 100w, https:\/\/wp.ufpel.edu.br\/capacitacaobioterioufpel\/files\/2020\/02\/romero-200x200.jpg 200w\" sizes=\"auto, (max-width: 100px) 100vw, 100px\" \/> FRANCISCO ROMERO CABRAL &#8211; UFPEL<\/strong><\/p>\n<p><em><a href=\"http:\/\/lattes.cnpq.br\/2523581749971153\">Curr\u00edculo Lattes<\/a><\/em><\/p>\n<p>Doutorado em Neurologia \/ Neuroci\u00eancias na Universidade Federal de S\u00e3o Paulo (2007), Mestrado em Farmacologia na Universidade Federal do Cear\u00e1 (2001) e gradua\u00e7\u00e3o em Farm\u00e1cia na Universidade Federal do Cear\u00e1 (1994). Professor Visitante do Programa de P\u00f3s-Gradua\u00e7\u00e3o em Bioqu\u00edmica e Bioprospec\u00e7\u00e3o da Universidade Federal de Pelotas, RS; Professor Convidado do Programa de P\u00f3s-Gradua\u00e7\u00e3o Stricto Sensu em Ci\u00eancias da Sa\u00fade (N\u00edvel Mestrado e Doutorado) da Faculdade de Ci\u00eancias M\u00e9dicas da Santa Casa de S\u00e3o Paulo. Pesquisador do Instituto do C\u00e9rebro do Hospital Israelita Albert Einstein (2008 &#8211; 2017). Tem experi\u00eancia na \u00e1rea de Farmacologia, com \u00eanfase em Neuroci\u00eancias, atuando principalmente nos seguintes temas: Epilepsia, Acidente Vascular Encef\u00e1lico, Neuroqu\u00edmica e Neurofarmacologia.<\/p>\n<p>&nbsp;<\/p>\n<p><strong><img loading=\"lazy\" decoding=\"async\" class=\"alignnone wp-image-126 size-pique-thumbnail-avatar\" src=\"https:\/\/wp.ufpel.edu.br\/capacitacaobioterioufpel\/files\/2020\/02\/ligia-100x100.jpg\" alt=\"\" width=\"100\" height=\"100\" srcset=\"https:\/\/wp.ufpel.edu.br\/capacitacaobioterioufpel\/files\/2020\/02\/ligia-100x100.jpg 100w, https:\/\/wp.ufpel.edu.br\/capacitacaobioterioufpel\/files\/2020\/02\/ligia-200x200.jpg 200w, https:\/\/wp.ufpel.edu.br\/capacitacaobioterioufpel\/files\/2020\/02\/ligia-280x280.jpg 280w\" sizes=\"auto, (max-width: 100px) 100vw, 100px\" \/> L\u00cdGIA GOMES MIYAZATO \u2013 UFSM<\/strong><\/p>\n<p><a href=\"http:\/\/lattes.cnpq.br\/8173034957996124\"><em>Curr\u00edculo Lattes<\/em><\/a><\/p>\n<p>Possui gradua\u00e7\u00e3o em Medicina Veterin\u00e1ria pela Universidade Estadual Paulista J\u00falio de Mesquita Filho (2002), mestrado em Medicina Veterin\u00e1ria pela Universidade Estadual Paulista J\u00falio de Mesquita Filho (2005) e doutorado-sandu\u00edche em Medicina Veterin\u00e1ria pela Universidade Estadual Paulista J\u00falio de Mesquita Filho e Escola de Medicina da Carolina do Norte (2010). Tem experi\u00eancia na \u00e1rea de Medicina Veterin\u00e1ria, com \u00eanfase em Patologia Experimental e Comparada, atuando principalmente nos seguintes temas: c\u00e3es, histopatologia, distrofia muscular, golden retriever, diagn\u00f3stico, enzimoistoqu\u00edmica e imunoistoqu\u00edmica. Realizou p\u00f3s-doutorado no laborat\u00f3rio de Neurotoxicidade e Psicofarmacologia da Universidade Federal de Santa Maria, atuando principalmente na caracteriza\u00e7\u00e3o imunoistoqu\u00edmica dos receptores de leucotrienos em modelos animais para o estudo das convuls\u00f5es e epilepsia. Atualmente \u00e9 diretora e m\u00e9dica veterin\u00e1ria no Biot\u00e9rio Central da Universidade Federal de Santa Maria.<\/p>\n<p>&nbsp;<\/p>\n<p><strong><img loading=\"lazy\" decoding=\"async\" class=\"alignnone wp-image-127 size-pique-thumbnail-avatar\" src=\"https:\/\/wp.ufpel.edu.br\/capacitacaobioterioufpel\/files\/2020\/02\/marina-100x100.jpg\" alt=\"\" width=\"100\" height=\"100\" srcset=\"https:\/\/wp.ufpel.edu.br\/capacitacaobioterioufpel\/files\/2020\/02\/marina-100x100.jpg 100w, https:\/\/wp.ufpel.edu.br\/capacitacaobioterioufpel\/files\/2020\/02\/marina-400x400.jpg 400w, https:\/\/wp.ufpel.edu.br\/capacitacaobioterioufpel\/files\/2020\/02\/marina-200x200.jpg 200w, https:\/\/wp.ufpel.edu.br\/capacitacaobioterioufpel\/files\/2020\/02\/marina-280x280.jpg 280w, https:\/\/wp.ufpel.edu.br\/capacitacaobioterioufpel\/files\/2020\/02\/marina.jpg 512w\" sizes=\"auto, (max-width: 100px) 100vw, 100px\" \/> MARINA PRIGOL <\/strong><strong>\u2013 UNIPAMPA CAMPUS ITAQUI<\/strong><\/p>\n<p><a href=\"http:\/\/lattes.cnpq.br\/6724052141066150\"><em>Curr\u00edculo Lattes<\/em><\/a><\/p>\n<p>Bolsista de Produtividade em Pesquisa CNPq (PQ2). Professora Adjunta da Universidade Federal do Pampa (UNIPAMPA), docente e orientadora atuando junto ao Programa de P\u00f3s-gradua\u00e7\u00e3o em Bioqu\u00edmica da UNIPAMPA. Desenvolve suas atividades de pesquisa junto ao Laborat\u00f3rio de avalia\u00e7\u00f5es farmacol\u00f3gicas e toxicol\u00f3gicas aplicadas \u00e0s mol\u00e9culas bioativas (LaftamBio Pampa), sendo que a linha de pesquisa est\u00e1 voltada principalmente para os estudos farmacol\u00f3gicos e\/ou toxicol\u00f3gicos de mol\u00e9culas bioativas, com destaque aos compostos organocalcog\u00eanios, atuando principalmente na pesquisa de compostos org\u00e2nicos com potencial terap\u00eautico sobre altera\u00e7\u00f5es biol\u00f3gicas relacionadas ao estresse oxidativo. Foi bolsista no Programa Nacional de P\u00f3s-doutorado (PNPD) da CAPES na \u00e1rea de Bioqu\u00edmica Toxicol\u00f3gica na UFSM. \u00c9 doutora em Bioqu\u00edmica Toxicol\u00f3gica pela UFSM, com parte do doutorado desenvolvido na Universidade de Lisboa &#8211; Portugal, atuando nos seguintes temas: farmacocin\u00e9tica e metabolismo de compostos de Sel\u00eanio. \u00c9 mestre em Bioqu\u00edmica Toxicol\u00f3gica pela UFSM atuando principalmente nos seguintes temas: convuls\u00e3o e estresse oxidativo envolvendo compostos de Sel\u00eanio. \u00c9 graduada em Farm\u00e1cia &#8211; Bioqu\u00edmica Cl\u00ednica pela Universidade Regional Integrada do Alto Uruguai e das Miss\u00f5es Erechim.<\/p>\n<p>&nbsp;<\/p>\n<p><strong><img loading=\"lazy\" decoding=\"async\" class=\"alignnone wp-image-128 size-pique-thumbnail-avatar\" src=\"https:\/\/wp.ufpel.edu.br\/capacitacaobioterioufpel\/files\/2020\/02\/tony-100x100.jpg\" alt=\"\" width=\"100\" height=\"100\" srcset=\"https:\/\/wp.ufpel.edu.br\/capacitacaobioterioufpel\/files\/2020\/02\/tony-100x100.jpg 100w, https:\/\/wp.ufpel.edu.br\/capacitacaobioterioufpel\/files\/2020\/02\/tony-200x200.jpg 200w, https:\/\/wp.ufpel.edu.br\/capacitacaobioterioufpel\/files\/2020\/02\/tony-280x280.jpg 280w\" sizes=\"auto, (max-width: 100px) 100vw, 100px\" \/> TONY SILVEIRA &#8211; FURG<\/strong><\/p>\n<p><em><a href=\"http:\/\/lattes.cnpq.br\/1263861295344033\">Curr\u00edculo Lattes<\/a><\/em><\/p>\n<p>Possui gradua\u00e7\u00e3o em Ci\u00eancias Biol\u00f3gicas (2011) e Medicina Veterin\u00e1ria (2015) pela Universidade Federal de Pelotas (UFPEL), mestrado em Ci\u00eancias Biol\u00f3gicas &#8211; Parasitologia (2012) e doutorado em Ci\u00eancias &#8211; Biotecnologia (2017) tamb\u00e9m pela UFPEL. Atuou como professor substituto da disciplina de Anatomia dos Animais Dom\u00e9sticos I na UFPEL. Foi colaborador do Laborat\u00f3rio de Zoologia de Vertebrados, realizando atividades de pesquisa, ensino e extens\u00e3o. Atualmente, \u00e9 colaborador do Laborat\u00f3rio de Gen\u00f4mica Estrutural do Programa de P\u00f3s-Gradua\u00e7\u00e3o em Biotecnologia. Al\u00e9m disso, \u00e9 vinculado ao Instituto de Ci\u00eancias Biol\u00f3gicas (ICB) da Universidade Federal do Rio Grande (FURG) como t\u00e9cnico em bioterismo, atuando como coordenador do Biot\u00e9rio de Roedores Convencionais e colaborador do Biot\u00e9rio de Peixes Transg\u00eanicos e do Biot\u00e9rio Aqu\u00e1tico do ICB &#8211; FURG. \u00c9 membro da Sociedade Brasileira de Ci\u00eancia em Animais de Laborat\u00f3rio e tem experi\u00eancia na cria\u00e7\u00e3o e manipula\u00e7\u00e3o de ratos, camundongos e zebrafish. Tamb\u00e9m tem experi\u00eancia docente nas \u00e1reas de zoologia de vertebrados, anatomia animal, parasitologia, biologia molecular e evolu\u00e7\u00e3o.<\/p>\n<p>&nbsp;<\/p>\n<p><strong><img loading=\"lazy\" decoding=\"async\" class=\"alignnone wp-image-166 size-pique-thumbnail-avatar\" src=\"https:\/\/wp.ufpel.edu.br\/capacitacaobioterioufpel\/files\/2020\/03\/servletrecuperafoto-100x100.jpg\" alt=\"\" width=\"100\" height=\"100\" srcset=\"https:\/\/wp.ufpel.edu.br\/capacitacaobioterioufpel\/files\/2020\/03\/servletrecuperafoto-100x100.jpg 100w, https:\/\/wp.ufpel.edu.br\/capacitacaobioterioufpel\/files\/2020\/03\/servletrecuperafoto-200x200.jpg 200w, https:\/\/wp.ufpel.edu.br\/capacitacaobioterioufpel\/files\/2020\/03\/servletrecuperafoto-280x280.jpg 280w\" sizes=\"auto, (max-width: 100px) 100vw, 100px\" \/> KLENA SARGES MARRUAZ DA SILVA &#8211; FUNDA\u00c7\u00c3O OSWALDO CRUZ<\/strong><\/p>\n<p><a href=\"http:\/\/lattes.cnpq.br\/9546515243950901\">Curr\u00edculo Lattes<\/a><\/p>\n<p>M\u00e9dica veterin\u00e1ria. Possui mestrado em Ci\u00eancia Animal pela Universidade Federal do Par\u00e1 (2005). Doutorado em Ci\u00eancias da Sa\u00fade pela Faculdade de Ci\u00eancias M\u00e9dicas da Santa Casa de S\u00e3o Paulo (2016). Atualmente \u00e9 pesquisadora em Sa\u00fade P\u00fablica do Instituto de Ci\u00eancia e Tecnologia em Biomodelos da Funda\u00e7\u00e3o Oswaldo Cruz (FIOCRUZ\/RJ) e docente do Programa de p\u00f3s-gradua\u00e7\u00e3o em Ci\u00eancia de Animais de Laborat\u00f3rio (Mestrado Profissional\/FIOCRUZ\/CAPES). Coordena projeto de pesquisa no Instituto Nacional de Ci\u00eancia e Tecnologia em C\u00e9lulas Tronco e Terapia Celular (INCTC\/CNPq). Tem experi\u00eancia na \u00e1rea de Medicina Veterin\u00e1ria atuando principalmente nos seguintes temas: primatas n\u00e3o humanos, animais de laborat\u00f3rio, animais silvestres, modelos animais, neuroci\u00eancia.<\/p>\n","protected":false},"excerpt":{"rendered":"<p>ANELIZE DE OLIVEIRA CAMPELLO FELIX &#8211; UFPEL Curr\u00edculo Lattes M\u00e9dica Veterin\u00e1ria formada na Universidade Federal de Pelotas (2007). Possui mestrado (2010) e doutorado (2014) pelo Programa de&hellip; <span class=\"read-more\"><a class=\"more-link\" href=\"https:\/\/wp.ufpel.edu.br\/capacitacaobioterioufpel\/conferencistas-confirmadosas\/\" rel=\"bookmark\">Leia Mais <span class=\"screen-reader-text\">&#8220;CONFERENCISTAS CONFIRMADOS(AS)&#8221;<\/span><\/a><\/span><\/p>\n","protected":false},"author":966,"featured_media":0,"parent":0,"menu_order":3,"comment_status":"closed","ping_status":"closed","template":"","meta":{"footnotes":""},"class_list":["post-14","page","type-page","status-publish","hentry"],"_links":{"self":[{"href":"https:\/\/wp.ufpel.edu.br\/capacitacaobioterioufpel\/wp-json\/wp\/v2\/pages\/14","targetHints":{"allow":["GET"]}}],"collection":[{"href":"https:\/\/wp.ufpel.edu.br\/capacitacaobioterioufpel\/wp-json\/wp\/v2\/pages"}],"about":[{"href":"https:\/\/wp.ufpel.edu.br\/capacitacaobioterioufpel\/wp-json\/wp\/v2\/types\/page"}],"author":[{"embeddable":true,"href":"https:\/\/wp.ufpel.edu.br\/capacitacaobioterioufpel\/wp-json\/wp\/v2\/users\/966"}],"replies":[{"embeddable":true,"href":"https:\/\/wp.ufpel.edu.br\/capacitacaobioterioufpel\/wp-json\/wp\/v2\/comments?post=14"}],"version-history":[{"count":5,"href":"https:\/\/wp.ufpel.edu.br\/capacitacaobioterioufpel\/wp-json\/wp\/v2\/pages\/14\/revisions"}],"predecessor-version":[{"id":167,"href":"https:\/\/wp.ufpel.edu.br\/capacitacaobioterioufpel\/wp-json\/wp\/v2\/pages\/14\/revisions\/167"}],"wp:attachment":[{"href":"https:\/\/wp.ufpel.edu.br\/capacitacaobioterioufpel\/wp-json\/wp\/v2\/media?parent=14"}],"curies":[{"name":"wp","href":"https:\/\/api.w.org\/{rel}","templated":true}]}}