{"id":96,"date":"2017-07-11T13:43:24","date_gmt":"2017-07-11T16:43:24","guid":{"rendered":"https:\/\/wp.ufpel.edu.br\/cap\/?page_id=96"},"modified":"2017-07-12T09:17:06","modified_gmt":"2017-07-12T12:17:06","slug":"apresentacao","status":"publish","type":"page","link":"https:\/\/wp.ufpel.edu.br\/cap\/apresentacao\/","title":{"rendered":"Apresenta\u00e7\u00e3o"},"content":{"rendered":"<p><a href=\"https:\/\/wp.ufpel.edu.br\/cap\/files\/2015\/07\/LOGO-CAP.jpg\"><img class=\"size-medium wp-image-94 alignleft\" src=\"https:\/\/wp.ufpel.edu.br\/cap\/files\/2015\/07\/LOGO-CAP-400x400.jpg\" alt=\"\" width=\"400\" height=\"400\" srcset=\"https:\/\/wp.ufpel.edu.br\/cap\/files\/2015\/07\/LOGO-CAP-400x400.jpg 400w, https:\/\/wp.ufpel.edu.br\/cap\/files\/2015\/07\/LOGO-CAP-200x200.jpg 200w, https:\/\/wp.ufpel.edu.br\/cap\/files\/2015\/07\/LOGO-CAP-768x768.jpg 768w, https:\/\/wp.ufpel.edu.br\/cap\/files\/2015\/07\/LOGO-CAP.jpg 960w\" sizes=\"(max-width: 400px) 100vw, 400px\" \/><\/a>O Centro Agropecu\u00e1rio da Palma \u00e9 uma unidade ligada diretamente ao gabinete do Vice-reitor da Universidade Federal de Pelotas.<\/p>\n<p>\u00c9 uma unidade que atualmente tem como Coordenador o servidor Vilson Borba Pinto. Al\u00e9m do diretor, constam nessa unidade 10 servidores, distribu\u00eddos nas mais diversas fun\u00e7\u00f5es, 8 tratadores de animais contratados pela empresa Lideran\u00e7a, 1 mec\u00e2nico contratado pela empresa Planservice, 4 porteiros contratados pela empresa Sulport, 1 servente contratada pela empresa Click e 20 vigilantes contratados pela empresa Lince.<\/p>\n<p>Por se tratar de uma unidade com servi\u00e7os essenciais, devido a produ\u00e7\u00e3o de mudas e a manuten\u00e7\u00e3o de animais no local, o funcionamento se d\u00e1 de domingo a domingo, 12 horas por dia, com exce\u00e7\u00e3o da vigil\u00e2ncia que ocorre 24 horas por dia.<\/p>\n<p>Atualmente, o Centro Agropecu\u00e1rio da Palma atende a demanda de muitos pesquisadores de diferentes \u00e1reas.<\/p>\n","protected":false},"excerpt":{"rendered":"<p>O Centro Agropecu\u00e1rio da Palma \u00e9 uma unidade ligada diretamente ao gabinete do Vice-reitor da Universidade Federal de Pelotas. \u00c9 uma unidade que atualmente tem como Coordenador o servidor Vilson Borba Pinto. Al\u00e9m do diretor, constam nessa unidade 10 servidores, distribu\u00eddos nas mais diversas fun\u00e7\u00f5es, 8 tratadores de animais contratados pela empresa Lideran\u00e7a, 1 mec\u00e2nico [&hellip;]<\/p>\n","protected":false},"author":320,"featured_media":0,"parent":0,"menu_order":0,"comment_status":"closed","ping_status":"closed","template":"","meta":{"footnotes":""},"class_list":["post-96","page","type-page","status-publish","hentry"],"_links":{"self":[{"href":"https:\/\/wp.ufpel.edu.br\/cap\/wp-json\/wp\/v2\/pages\/96","targetHints":{"allow":["GET"]}}],"collection":[{"href":"https:\/\/wp.ufpel.edu.br\/cap\/wp-json\/wp\/v2\/pages"}],"about":[{"href":"https:\/\/wp.ufpel.edu.br\/cap\/wp-json\/wp\/v2\/types\/page"}],"author":[{"embeddable":true,"href":"https:\/\/wp.ufpel.edu.br\/cap\/wp-json\/wp\/v2\/users\/320"}],"replies":[{"embeddable":true,"href":"https:\/\/wp.ufpel.edu.br\/cap\/wp-json\/wp\/v2\/comments?post=96"}],"version-history":[{"count":5,"href":"https:\/\/wp.ufpel.edu.br\/cap\/wp-json\/wp\/v2\/pages\/96\/revisions"}],"predecessor-version":[{"id":105,"href":"https:\/\/wp.ufpel.edu.br\/cap\/wp-json\/wp\/v2\/pages\/96\/revisions\/105"}],"wp:attachment":[{"href":"https:\/\/wp.ufpel.edu.br\/cap\/wp-json\/wp\/v2\/media?parent=96"}],"curies":[{"name":"wp","href":"https:\/\/api.w.org\/{rel}","templated":true}]}}