{"id":7,"date":"2013-10-14T14:51:54","date_gmt":"2013-10-14T17:51:54","guid":{"rendered":"https:\/\/wp.ufpel.edu.br\/cap\/?page_id=7"},"modified":"2017-07-12T09:06:04","modified_gmt":"2017-07-12T12:06:04","slug":"equipe","status":"publish","type":"page","link":"https:\/\/wp.ufpel.edu.br\/cap\/apresentacao\/equipe\/","title":{"rendered":"Equipe"},"content":{"rendered":"<p><strong>Coordena\u00e7\u00e3o do Centro Agropecu\u00e1rio da Palma<\/strong><\/p>\n<ul>\n<li><em>Coordenador:<\/em> Vilson Borba Pinto<\/li>\n<\/ul>\n<p><strong>Secretaria<\/strong><\/p>\n<ul>\n<li><em>Horto:<\/em><\/li>\n<li>Mirian de Farias Ribeiro<\/li>\n<li>Mirta da Silva Beskow<\/li>\n<\/ul>\n<p><strong>N\u00facleo da Pecu\u00e1ria<\/strong><\/p>\n<ul>\n<li><em>Chefe: <\/em>Carlos Gon\u00e7alves Maich<\/li>\n<li>Antonio Luiz Schollet Barcelos<\/li>\n<li>Eberson Silva da Silva<\/li>\n<li>Maria Ver\u00f4nica Oliveira Godinho<\/li>\n<li>Rodrigo Maich<\/li>\n<li>Vanderlei Medeiros Padilha<\/li>\n<\/ul>\n<p><strong>N\u00facleo do Horto<\/strong><\/p>\n<ul>\n<li>Deloir Vieira Xavier<\/li>\n<li>Ermindo Eichholz<\/li>\n<li>Jos\u00e9 Luis da Rosa Farias<\/li>\n<li>Andr\u00e9<\/li>\n<li>\n<div>Alexandre da Rosa Waldow<\/div>\n<\/li>\n<li>\n<div>Alci Pimenta Franck<\/div>\n<\/li>\n<li>Carlos<\/li>\n<li>\n<div>Claudio<\/div>\n<\/li>\n<\/ul>\n<p><strong>N\u00facleo do Pomar<\/strong><\/p>\n<ul>\n<li>Marco Venicio Avencurt<\/li>\n<li>Nei Bilhalva da Luz<\/li>\n<\/ul>\n","protected":false},"excerpt":{"rendered":"<p>Coordena\u00e7\u00e3o do Centro Agropecu\u00e1rio da Palma Coordenador: Vilson Borba Pinto Secretaria Horto: Mirian de Farias Ribeiro Mirta da Silva Beskow N\u00facleo da Pecu\u00e1ria Chefe: Carlos Gon\u00e7alves Maich Antonio Luiz Schollet Barcelos Eberson Silva da Silva Maria Ver\u00f4nica Oliveira Godinho Rodrigo Maich Vanderlei Medeiros Padilha N\u00facleo do Horto Deloir Vieira Xavier Ermindo Eichholz Jos\u00e9 Luis da [&hellip;]<\/p>\n","protected":false},"author":320,"featured_media":0,"parent":96,"menu_order":0,"comment_status":"closed","ping_status":"closed","template":"","meta":{"footnotes":""},"class_list":["post-7","page","type-page","status-publish","hentry"],"_links":{"self":[{"href":"https:\/\/wp.ufpel.edu.br\/cap\/wp-json\/wp\/v2\/pages\/7","targetHints":{"allow":["GET"]}}],"collection":[{"href":"https:\/\/wp.ufpel.edu.br\/cap\/wp-json\/wp\/v2\/pages"}],"about":[{"href":"https:\/\/wp.ufpel.edu.br\/cap\/wp-json\/wp\/v2\/types\/page"}],"author":[{"embeddable":true,"href":"https:\/\/wp.ufpel.edu.br\/cap\/wp-json\/wp\/v2\/users\/320"}],"replies":[{"embeddable":true,"href":"https:\/\/wp.ufpel.edu.br\/cap\/wp-json\/wp\/v2\/comments?post=7"}],"version-history":[{"count":7,"href":"https:\/\/wp.ufpel.edu.br\/cap\/wp-json\/wp\/v2\/pages\/7\/revisions"}],"predecessor-version":[{"id":103,"href":"https:\/\/wp.ufpel.edu.br\/cap\/wp-json\/wp\/v2\/pages\/7\/revisions\/103"}],"up":[{"embeddable":true,"href":"https:\/\/wp.ufpel.edu.br\/cap\/wp-json\/wp\/v2\/pages\/96"}],"wp:attachment":[{"href":"https:\/\/wp.ufpel.edu.br\/cap\/wp-json\/wp\/v2\/media?parent=7"}],"curies":[{"name":"wp","href":"https:\/\/api.w.org\/{rel}","templated":true}]}}