{"id":46,"date":"2015-07-07T11:35:11","date_gmt":"2015-07-07T14:35:11","guid":{"rendered":"https:\/\/wp.ufpel.edu.br\/cap\/?page_id=46"},"modified":"2015-07-07T11:49:31","modified_gmt":"2015-07-07T14:49:31","slug":"horto","status":"publish","type":"page","link":"https:\/\/wp.ufpel.edu.br\/cap\/horto\/","title":{"rendered":"Horto"},"content":{"rendered":"<p style=\"text-align: center\">O Horto do Centro Agropecu\u00e1rio da Palma tem uma grande produ\u00e7\u00e3o de mudas, principalmente de esp\u00e9cies nativas.<a href=\"https:\/\/wp.ufpel.edu.br\/cap\/files\/2015\/07\/Imagem4.jpg\"><img class=\" size-medium wp-image-69 aligncenter\" src=\"https:\/\/wp.ufpel.edu.br\/cap\/files\/2015\/07\/Imagem4-382x318.jpg\" alt=\"Imagem4\" width=\"382\" height=\"318\" srcset=\"https:\/\/wp.ufpel.edu.br\/cap\/files\/2015\/07\/Imagem4-382x318.jpg 382w, https:\/\/wp.ufpel.edu.br\/cap\/files\/2015\/07\/Imagem4-191x159.jpg 191w, https:\/\/wp.ufpel.edu.br\/cap\/files\/2015\/07\/Imagem4.jpg 764w\" sizes=\"(max-width: 382px) 100vw, 382px\" \/><\/a><\/p>\n","protected":false},"excerpt":{"rendered":"<p>O Horto do Centro Agropecu\u00e1rio da Palma tem uma grande produ\u00e7\u00e3o de mudas, principalmente de esp\u00e9cies nativas.<\/p>\n","protected":false},"author":320,"featured_media":0,"parent":0,"menu_order":0,"comment_status":"closed","ping_status":"closed","template":"","meta":{"footnotes":""},"class_list":["post-46","page","type-page","status-publish","hentry"],"_links":{"self":[{"href":"https:\/\/wp.ufpel.edu.br\/cap\/wp-json\/wp\/v2\/pages\/46","targetHints":{"allow":["GET"]}}],"collection":[{"href":"https:\/\/wp.ufpel.edu.br\/cap\/wp-json\/wp\/v2\/pages"}],"about":[{"href":"https:\/\/wp.ufpel.edu.br\/cap\/wp-json\/wp\/v2\/types\/page"}],"author":[{"embeddable":true,"href":"https:\/\/wp.ufpel.edu.br\/cap\/wp-json\/wp\/v2\/users\/320"}],"replies":[{"embeddable":true,"href":"https:\/\/wp.ufpel.edu.br\/cap\/wp-json\/wp\/v2\/comments?post=46"}],"version-history":[{"count":5,"href":"https:\/\/wp.ufpel.edu.br\/cap\/wp-json\/wp\/v2\/pages\/46\/revisions"}],"predecessor-version":[{"id":73,"href":"https:\/\/wp.ufpel.edu.br\/cap\/wp-json\/wp\/v2\/pages\/46\/revisions\/73"}],"wp:attachment":[{"href":"https:\/\/wp.ufpel.edu.br\/cap\/wp-json\/wp\/v2\/media?parent=46"}],"curies":[{"name":"wp","href":"https:\/\/api.w.org\/{rel}","templated":true}]}}