{"id":18,"date":"2014-11-10T13:40:39","date_gmt":"2014-11-10T15:40:39","guid":{"rendered":"https:\/\/wp.ufpel.edu.br\/cap\/?page_id=18"},"modified":"2015-07-07T11:54:45","modified_gmt":"2015-07-07T14:54:45","slug":"localizacao","status":"publish","type":"page","link":"https:\/\/wp.ufpel.edu.br\/cap\/localizacao\/","title":{"rendered":"Localiza\u00e7\u00e3o"},"content":{"rendered":"<p style=\"text-align: center\">O Centro Agropecu\u00e1rio da Palma localiza-se \u00e0s margens da BR 116, mais precisamente no Km 537, possuindo uma entrada secund\u00e1ria pela Estrada do Pav\u00e3o, Cap\u00e3o do Le\u00e3o.<\/p>\n<p><a href=\"https:\/\/wp.ufpel.edu.br\/cap\/files\/2015\/07\/Imagem1.jpg\"><img class=\" size-medium wp-image-32 aligncenter\" src=\"https:\/\/wp.ufpel.edu.br\/cap\/files\/2015\/07\/Imagem1-424x313.jpg\" alt=\"Imagem1\" width=\"424\" height=\"313\" srcset=\"https:\/\/wp.ufpel.edu.br\/cap\/files\/2015\/07\/Imagem1-424x313.jpg 424w, https:\/\/wp.ufpel.edu.br\/cap\/files\/2015\/07\/Imagem1-212x157.jpg 212w, https:\/\/wp.ufpel.edu.br\/cap\/files\/2015\/07\/Imagem1.jpg 770w\" sizes=\"(max-width: 424px) 100vw, 424px\" \/><\/a><\/p>\n<p style=\"text-align: center\">P\u00f3rtico de entrada da BR 116<a href=\"https:\/\/wp.ufpel.edu.br\/cap\/files\/2014\/11\/Imagem3.jpg\"><img class=\" size-medium wp-image-74 aligncenter\" src=\"https:\/\/wp.ufpel.edu.br\/cap\/files\/2014\/11\/Imagem3-424x281.jpg\" alt=\"Imagem3\" width=\"424\" height=\"281\" srcset=\"https:\/\/wp.ufpel.edu.br\/cap\/files\/2014\/11\/Imagem3-424x281.jpg 424w, https:\/\/wp.ufpel.edu.br\/cap\/files\/2014\/11\/Imagem3-212x140.jpg 212w, https:\/\/wp.ufpel.edu.br\/cap\/files\/2014\/11\/Imagem3.jpg 906w\" sizes=\"(max-width: 424px) 100vw, 424px\" \/><\/a><\/p>\n<p style=\"text-align: center\">Guarita da BR 116<\/p>\n<p style=\"text-align: left\"><a href=\"https:\/\/www.google.com.br\/maps\/@-31.8007154,-52.4960304,1620m\/data=!3m1!1e3\">Localiza\u00e7\u00e3o do Centro Agropecu\u00e1rio da Palma<\/a><\/p>\n","protected":false},"excerpt":{"rendered":"<p>O Centro Agropecu\u00e1rio da Palma localiza-se \u00e0s margens da BR 116, mais precisamente no Km 537, possuindo uma entrada secund\u00e1ria pela Estrada do Pav\u00e3o, Cap\u00e3o do Le\u00e3o. P\u00f3rtico de entrada da BR 116 Guarita da BR 116 Localiza\u00e7\u00e3o do Centro Agropecu\u00e1rio da Palma<\/p>\n","protected":false},"author":320,"featured_media":0,"parent":0,"menu_order":0,"comment_status":"closed","ping_status":"closed","template":"","meta":{"footnotes":""},"class_list":["post-18","page","type-page","status-publish","hentry"],"_links":{"self":[{"href":"https:\/\/wp.ufpel.edu.br\/cap\/wp-json\/wp\/v2\/pages\/18","targetHints":{"allow":["GET"]}}],"collection":[{"href":"https:\/\/wp.ufpel.edu.br\/cap\/wp-json\/wp\/v2\/pages"}],"about":[{"href":"https:\/\/wp.ufpel.edu.br\/cap\/wp-json\/wp\/v2\/types\/page"}],"author":[{"embeddable":true,"href":"https:\/\/wp.ufpel.edu.br\/cap\/wp-json\/wp\/v2\/users\/320"}],"replies":[{"embeddable":true,"href":"https:\/\/wp.ufpel.edu.br\/cap\/wp-json\/wp\/v2\/comments?post=18"}],"version-history":[{"count":12,"href":"https:\/\/wp.ufpel.edu.br\/cap\/wp-json\/wp\/v2\/pages\/18\/revisions"}],"predecessor-version":[{"id":79,"href":"https:\/\/wp.ufpel.edu.br\/cap\/wp-json\/wp\/v2\/pages\/18\/revisions\/79"}],"wp:attachment":[{"href":"https:\/\/wp.ufpel.edu.br\/cap\/wp-json\/wp\/v2\/media?parent=18"}],"curies":[{"name":"wp","href":"https:\/\/api.w.org\/{rel}","templated":true}]}}