{"id":556,"date":"2018-04-17T05:54:26","date_gmt":"2018-04-17T08:54:26","guid":{"rendered":"https:\/\/wp.ufpel.edu.br\/camu\/?page_id=556"},"modified":"2018-04-17T12:07:30","modified_gmt":"2018-04-17T15:07:30","slug":"12-de-abril-de-2018","status":"publish","type":"page","link":"https:\/\/wp.ufpel.edu.br\/camu\/12-de-abril-de-2018\/","title":{"rendered":"12 de abril de 2018"},"content":{"rendered":"<p>Aos doze dias do m\u00eas de abril do ano de dois mil e dezoito reuniu-se em  car\u00e1cter de assembl\u00e9ia dos estudantes do Curso de Bacharelado em Museologia, para tratar dos seguintes assuntos: 1) Fala da Coordena\u00e7\u00e3o do Curso; 2) Fala de boas vindas aos calouros; 3) Inscri\u00e7\u00f5es de demandas emergenciais; 4) Afastamento da gest\u00e3o atual do Centro Acad\u00eamico; 5) Forma\u00e7\u00e3o da comiss\u00e3o de elei\u00e7\u00e3o e 6) Debate das demandas inscritas.<\/p>\n<p>Em rela\u00e7\u00e3o ao item 1, falou para assembl\u00e9ia, o coordenador do Curso Professor Dr. Diego Lemos Ribeiro, abordou a relev\u00e2ncia do CAMU (Centro Acad\u00eamico da Museologia), colocou a import\u00e2ncia do CAMU para o di\u00e1logo amplo, e a partir de a\u00e7\u00f5es do CAMU desenvolver a ideia de ampliar a divulga\u00e7\u00e3o do Curso, indo at\u00e9 as escolas, atendendo uma demanda ampla.<br \/>\nEm rela\u00e7\u00e3o ao item 2, fala de acolhida aos calouros, nada consta nesse item.<br \/>\nEm rela\u00e7\u00e3o ao item 3, demandas emergenciais: 1) Mudan\u00e7a nas salas de aula das seguintes disciplinas \u201cHist\u00f3ria Geral da Arte\u201d e \u201cIconografia\u201d, demanda proposta pelo colega Danilo Rangel. Falou-se sobre a necessidade de uma cortina para limitar a claridade e para melhor visualiza\u00e7\u00e3o dos slides.<br \/>\nEm rela\u00e7\u00e3o ao item 4, afastamento da gest\u00e3o \u201cFaca na Bota\u201d, segundo o regulamento. O afastamento torna-se necess\u00e1rio para que se forme uma nova chapa e a Comiss\u00e3o de Elei\u00e7\u00e3o. Juntamente foi relatado a presta\u00e7\u00e3o de contas da gest\u00e3o \u201cFaca na Bota\u201d.<br \/>\nEm rela\u00e7\u00e3o ao item 5, forma\u00e7\u00e3o da COE (Comiss\u00e3o de Elei\u00e7\u00e3o), foi formada a comiss\u00e3o com os seguintes alunos: Danilo Rangel, Carolina Nogueira e Carliston Ribeiro. Foram feitos esclarecimentos a respeito do edital e do regulamento.<br \/>\nEm rela\u00e7\u00e3o ao item 6, debate das inscri\u00e7\u00f5es, foi decidido mandar um documento para PROPLAN para que se resolva o problema da cortina na sala de aula.<br \/>\nNada havendo mais a tratar deu-se por encerrada a assembl\u00e9ia de estudantes do Bacharelado em Museologia.<br \/>\nAta assinada por Carliston Ribeiro e Carolina Nogueira.<\/p>\n","protected":false},"excerpt":{"rendered":"<p>Aos doze dias do m\u00eas de abril do ano de dois mil e dezoito reuniu-se em car\u00e1cter de assembl\u00e9ia dos estudantes do Curso de Bacharelado em Museologia, para tratar dos seguintes assuntos: 1) Fala da Coordena\u00e7\u00e3o do Curso; 2) Fala de boas vindas aos calouros; 3) Inscri\u00e7\u00f5es de demandas emergenciais; 4) Afastamento da gest\u00e3o atual &hellip; <a href=\"https:\/\/wp.ufpel.edu.br\/camu\/12-de-abril-de-2018\/\" class=\"more-link\">Continue lendo<span class=\"screen-reader-text\"> &#8220;12 de abril de 2018&#8221;<\/span><\/a><\/p>\n","protected":false},"author":830,"featured_media":0,"parent":0,"menu_order":0,"comment_status":"closed","ping_status":"closed","template":"","meta":{"jetpack_post_was_ever_published":false,"footnotes":""},"class_list":["post-556","page","type-page","status-publish","hentry"],"jetpack_sharing_enabled":true,"jetpack_shortlink":"https:\/\/wp.me\/P9MPYQ-8Y","jetpack_likes_enabled":true,"jetpack-related-posts":[],"_links":{"self":[{"href":"https:\/\/wp.ufpel.edu.br\/camu\/wp-json\/wp\/v2\/pages\/556","targetHints":{"allow":["GET"]}}],"collection":[{"href":"https:\/\/wp.ufpel.edu.br\/camu\/wp-json\/wp\/v2\/pages"}],"about":[{"href":"https:\/\/wp.ufpel.edu.br\/camu\/wp-json\/wp\/v2\/types\/page"}],"author":[{"embeddable":true,"href":"https:\/\/wp.ufpel.edu.br\/camu\/wp-json\/wp\/v2\/users\/830"}],"replies":[{"embeddable":true,"href":"https:\/\/wp.ufpel.edu.br\/camu\/wp-json\/wp\/v2\/comments?post=556"}],"version-history":[{"count":3,"href":"https:\/\/wp.ufpel.edu.br\/camu\/wp-json\/wp\/v2\/pages\/556\/revisions"}],"predecessor-version":[{"id":565,"href":"https:\/\/wp.ufpel.edu.br\/camu\/wp-json\/wp\/v2\/pages\/556\/revisions\/565"}],"wp:attachment":[{"href":"https:\/\/wp.ufpel.edu.br\/camu\/wp-json\/wp\/v2\/media?parent=556"}],"curies":[{"name":"wp","href":"https:\/\/api.w.org\/{rel}","templated":true}]}}