{"id":535,"date":"2018-04-17T05:39:43","date_gmt":"2018-04-17T08:39:43","guid":{"rendered":"https:\/\/wp.ufpel.edu.br\/camu\/?page_id=535"},"modified":"2018-05-17T19:39:53","modified_gmt":"2018-05-17T22:39:53","slug":"eleicoes-2018","status":"publish","type":"page","link":"https:\/\/wp.ufpel.edu.br\/camu\/eleicoes-2018\/","title":{"rendered":"Elei\u00e7\u00f5es 2018"},"content":{"rendered":"<p>Documentos para elei\u00e7\u00f5es do CAMU do ano de 2018.<\/p>\n<p>Aten\u00e7\u00e3o as datas, conforme:<\/p>\n<p>Inscri\u00e7\u00f5es 23 de abril<br \/>\nHomologa\u00e7\u00e3o 25 de abril<br \/>\nElei\u00e7\u00e3o 16 de maio<br \/>\nPublica\u00e7\u00e3o do resultado oficial 17 de maio<\/p>\n<p><a href=\"https:\/\/wp.ufpel.edu.br\/camu\/files\/2018\/04\/EDITAL-DE-ELEI\u00c7\u00c3O.pdf\">EDITAL DE ELEI\u00c7\u00c3O<\/a><\/p>\n<p><a href=\"https:\/\/wp.ufpel.edu.br\/camu\/files\/2018\/04\/HOMOLOGA\u00c7\u00c3O-DAS-INSCRI\u00c7\u00d5ES.pdf\">HOMOLOGA\u00c7\u00c3O DAS INSCRI\u00c7\u00d5ES<\/a><\/p>\n<p><a href=\"https:\/\/wp.ufpel.edu.br\/camu\/files\/2018\/05\/RESULTADO-ELEI\u00c7\u00c3O-CAMU-2018.pdf\">RESULTADO ELEI\u00c7\u00c3O CAMU 2018<\/a><\/p>\n","protected":false},"excerpt":{"rendered":"<p>Edital de elei\u00e7\u00e3o do CAMU 2018<\/p>\n","protected":false},"author":830,"featured_media":0,"parent":0,"menu_order":0,"comment_status":"closed","ping_status":"closed","template":"","meta":{"jetpack_post_was_ever_published":false,"footnotes":""},"class_list":["post-535","page","type-page","status-publish","hentry"],"jetpack_sharing_enabled":true,"jetpack_shortlink":"https:\/\/wp.me\/P9MPYQ-8D","jetpack_likes_enabled":true,"jetpack-related-posts":[],"_links":{"self":[{"href":"https:\/\/wp.ufpel.edu.br\/camu\/wp-json\/wp\/v2\/pages\/535","targetHints":{"allow":["GET"]}}],"collection":[{"href":"https:\/\/wp.ufpel.edu.br\/camu\/wp-json\/wp\/v2\/pages"}],"about":[{"href":"https:\/\/wp.ufpel.edu.br\/camu\/wp-json\/wp\/v2\/types\/page"}],"author":[{"embeddable":true,"href":"https:\/\/wp.ufpel.edu.br\/camu\/wp-json\/wp\/v2\/users\/830"}],"replies":[{"embeddable":true,"href":"https:\/\/wp.ufpel.edu.br\/camu\/wp-json\/wp\/v2\/comments?post=535"}],"version-history":[{"count":10,"href":"https:\/\/wp.ufpel.edu.br\/camu\/wp-json\/wp\/v2\/pages\/535\/revisions"}],"predecessor-version":[{"id":580,"href":"https:\/\/wp.ufpel.edu.br\/camu\/wp-json\/wp\/v2\/pages\/535\/revisions\/580"}],"wp:attachment":[{"href":"https:\/\/wp.ufpel.edu.br\/camu\/wp-json\/wp\/v2\/media?parent=535"}],"curies":[{"name":"wp","href":"https:\/\/api.w.org\/{rel}","templated":true}]}}