{"id":50,"date":"2018-03-21T21:26:04","date_gmt":"2018-03-22T00:26:04","guid":{"rendered":"https:\/\/wp.ufpel.edu.br\/camu\/?page_id=50"},"modified":"2018-03-21T22:13:09","modified_gmt":"2018-03-22T01:13:09","slug":"2017-2","status":"publish","type":"page","link":"https:\/\/wp.ufpel.edu.br\/camu\/2017-2\/","title":{"rendered":"III Jornada &#8211; 2017"},"content":{"rendered":"<div class=\"tiled-gallery type-rectangular tiled-gallery-unresized\" data-original-width=\"840\" data-carousel-extra='{&quot;blog_id&quot;:855,&quot;permalink&quot;:&quot;https:\\\/\\\/wp.ufpel.edu.br\\\/camu\\\/2017-2\\\/&quot;,&quot;likes_blog_id&quot;:144626584}' itemscope itemtype=\"http:\/\/schema.org\/ImageGallery\" > <div class=\"gallery-row\" style=\"width: 840px; height: 443px;\" data-original-width=\"840\" data-original-height=\"443\" > <div class=\"gallery-group images-1\" style=\"width: 840px; height: 443px;\" data-original-width=\"840\" data-original-height=\"443\" > <div class=\"tiled-gallery-item tiled-gallery-item-large\" itemprop=\"associatedMedia\" itemscope itemtype=\"http:\/\/schema.org\/ImageObject\"> <a href=\"https:\/\/i0.wp.com\/wp.ufpel.edu.br\/camu\/files\/2018\/03\/jornada0001-1.jpg?ssl=1\" border=\"0\" itemprop=\"url\"> <meta itemprop=\"width\" content=\"836\"> <meta itemprop=\"height\" content=\"439\"> <img decoding=\"async\" class=\"\" data-attachment-id=\"72\" data-orig-file=\"https:\/\/wp.ufpel.edu.br\/camu\/files\/2018\/03\/jornada0001-1.jpg\" data-orig-size=\"960,504\" data-comments-opened=\"\" data-image-meta=\"{&quot;aperture&quot;:&quot;0&quot;,&quot;credit&quot;:&quot;&quot;,&quot;camera&quot;:&quot;&quot;,&quot;caption&quot;:&quot;&quot;,&quot;created_timestamp&quot;:&quot;0&quot;,&quot;copyright&quot;:&quot;&quot;,&quot;focal_length&quot;:&quot;0&quot;,&quot;iso&quot;:&quot;0&quot;,&quot;shutter_speed&quot;:&quot;0&quot;,&quot;title&quot;:&quot;&quot;,&quot;orientation&quot;:&quot;1&quot;}\" data-image-title=\"jornada0001-1\" data-image-description=\"\" data-medium-file=\"https:\/\/i0.wp.com\/wp.ufpel.edu.br\/camu\/files\/2018\/03\/jornada0001-1.jpg?fit=400%2C210&#038;ssl=1\" data-large-file=\"https:\/\/i0.wp.com\/wp.ufpel.edu.br\/camu\/files\/2018\/03\/jornada0001-1.jpg?fit=840%2C441&#038;ssl=1\" src=\"https:\/\/i0.wp.com\/wp.ufpel.edu.br\/camu\/files\/2018\/03\/jornada0001-1.jpg?w=836&#038;h=439&#038;ssl=1\" srcset=\"https:\/\/i0.wp.com\/wp.ufpel.edu.br\/camu\/files\/2018\/03\/jornada0001-1.jpg?w=960&amp;ssl=1 960w, https:\/\/i0.wp.com\/wp.ufpel.edu.br\/camu\/files\/2018\/03\/jornada0001-1.jpg?resize=400%2C210&amp;ssl=1 400w, https:\/\/i0.wp.com\/wp.ufpel.edu.br\/camu\/files\/2018\/03\/jornada0001-1.jpg?resize=768%2C403&amp;ssl=1 768w\" width=\"836\" height=\"439\" loading=\"lazy\" data-original-width=\"836\" data-original-height=\"439\" itemprop=\"http:\/\/schema.org\/image\" title=\"jornada0001-1\" alt=\"jornada0001-1\" style=\"width: 836px; height: 439px;\" \/> <\/a> <\/div> <\/div> <!-- close group --> <\/div> <!-- close row --> <\/div>\n<p>Confira o Site da <a href=\"https:\/\/jornadamuseoeconse.wixsite.com\/3jornada\" target=\"_blank\" rel=\"noopener\">III Jornada Integrada de Museologia, Conserva\u00e7\u00e3o e Restaura\u00e7\u00e3o<\/a>\u00a0que aconteceu entre 2 e 6 de Outubro de 2017.<\/p>\n","protected":false},"excerpt":{"rendered":"<p>Confira o Site da III Jornada Integrada de Museologia, Conserva\u00e7\u00e3o e Restaura\u00e7\u00e3o\u00a0que aconteceu entre 2 e 6 de Outubro de 2017.<\/p>\n","protected":false},"author":830,"featured_media":0,"parent":0,"menu_order":0,"comment_status":"closed","ping_status":"closed","template":"","meta":{"jetpack_post_was_ever_published":false,"footnotes":""},"class_list":["post-50","page","type-page","status-publish","hentry"],"jetpack_sharing_enabled":true,"jetpack_shortlink":"https:\/\/wp.me\/P9MPYQ-O","jetpack_likes_enabled":true,"jetpack-related-posts":[],"_links":{"self":[{"href":"https:\/\/wp.ufpel.edu.br\/camu\/wp-json\/wp\/v2\/pages\/50","targetHints":{"allow":["GET"]}}],"collection":[{"href":"https:\/\/wp.ufpel.edu.br\/camu\/wp-json\/wp\/v2\/pages"}],"about":[{"href":"https:\/\/wp.ufpel.edu.br\/camu\/wp-json\/wp\/v2\/types\/page"}],"author":[{"embeddable":true,"href":"https:\/\/wp.ufpel.edu.br\/camu\/wp-json\/wp\/v2\/users\/830"}],"replies":[{"embeddable":true,"href":"https:\/\/wp.ufpel.edu.br\/camu\/wp-json\/wp\/v2\/comments?post=50"}],"version-history":[{"count":7,"href":"https:\/\/wp.ufpel.edu.br\/camu\/wp-json\/wp\/v2\/pages\/50\/revisions"}],"predecessor-version":[{"id":73,"href":"https:\/\/wp.ufpel.edu.br\/camu\/wp-json\/wp\/v2\/pages\/50\/revisions\/73"}],"wp:attachment":[{"href":"https:\/\/wp.ufpel.edu.br\/camu\/wp-json\/wp\/v2\/media?parent=50"}],"curies":[{"name":"wp","href":"https:\/\/api.w.org\/{rel}","templated":true}]}}