{"id":31,"date":"2018-03-21T21:04:46","date_gmt":"2018-03-22T00:04:46","guid":{"rendered":"https:\/\/wp.ufpel.edu.br\/camu\/?page_id=31"},"modified":"2018-03-31T10:01:25","modified_gmt":"2018-03-31T13:01:25","slug":"2018-2","status":"publish","type":"page","link":"https:\/\/wp.ufpel.edu.br\/camu\/2018-2\/","title":{"rendered":"Apresenta\u00e7\u00e3o 2018"},"content":{"rendered":"<p>Comiss\u00e3o do Curso de Bacharelado em Museologia da UFPel promove Semana de Acolhida aos calouros ingressantes em 2018.1.<\/p>\n<p>O objetivo principal \u00e9 receber os ingressantes criando um espa\u00e7o de integra\u00e7\u00e3o entre estes e veteranos, em um evento constru\u00eddo por estudantes para estudantes.<\/p>\n<p>O evento prop\u00f5e em sua programa\u00e7\u00e3o, recep\u00e7\u00e3o realizada pelos veteranos, apresenta\u00e7\u00e3o da estrutura do Curso, Aula Inaugural com a cria\u00e7\u00e3o e trajet\u00f3ria do mesmo, visitas a museus, inser\u00e7\u00e3o e trajet\u00f3ria no campo com egressos do Curso, al\u00e9m de falas da PRAE e do NAI e de eventos culturais, com a participa\u00e7\u00e3o dos coletivos Art\u00eamista e Ruidosa Alma.<\/p>\n<p>S\u00e3o 6 dias de atividades, iniciando na segunda-feira (26\/3) e terminando no domingo (1\/4).<\/p>\n<p>Conforme divulga\u00e7\u00e3o anexa.<\/p>\n<div class=\"tiled-gallery type-rectangular tiled-gallery-unresized\" data-original-width=\"840\" data-carousel-extra='{&quot;blog_id&quot;:855,&quot;permalink&quot;:&quot;https:\\\/\\\/wp.ufpel.edu.br\\\/camu\\\/2018-2\\\/&quot;,&quot;likes_blog_id&quot;:144626584}' itemscope itemtype=\"http:\/\/schema.org\/ImageGallery\" > <div class=\"gallery-row\" style=\"width: 840px; height: 231px;\" data-original-width=\"840\" data-original-height=\"231\" > <div class=\"gallery-group images-1\" style=\"width: 165px; height: 231px;\" data-original-width=\"165\" data-original-height=\"231\" > <div class=\"tiled-gallery-item tiled-gallery-item-small\" itemprop=\"associatedMedia\" itemscope itemtype=\"http:\/\/schema.org\/ImageObject\"> <a href=\"https:\/\/i0.wp.com\/wp.ufpel.edu.br\/camu\/files\/2018\/03\/Cartaz_Semana-Acolhida-1.jpg?ssl=1\" border=\"0\" itemprop=\"url\"> <meta itemprop=\"width\" content=\"161\"> <meta itemprop=\"height\" content=\"227\"> <img decoding=\"async\" class=\"\" data-attachment-id=\"47\" data-orig-file=\"https:\/\/wp.ufpel.edu.br\/camu\/files\/2018\/03\/Cartaz_Semana-Acolhida-1.jpg\" data-orig-size=\"1654,2339\" data-comments-opened=\"\" data-image-meta=\"{&quot;aperture&quot;:&quot;0&quot;,&quot;credit&quot;:&quot;&quot;,&quot;camera&quot;:&quot;&quot;,&quot;caption&quot;:&quot;&quot;,&quot;created_timestamp&quot;:&quot;0&quot;,&quot;copyright&quot;:&quot;&quot;,&quot;focal_length&quot;:&quot;0&quot;,&quot;iso&quot;:&quot;0&quot;,&quot;shutter_speed&quot;:&quot;0&quot;,&quot;title&quot;:&quot;&quot;,&quot;orientation&quot;:&quot;0&quot;}\" data-image-title=\"Cartaz_Semana Acolhida-1\" data-image-description=\"\" data-medium-file=\"https:\/\/i0.wp.com\/wp.ufpel.edu.br\/camu\/files\/2018\/03\/Cartaz_Semana-Acolhida-1.jpg?fit=283%2C400&#038;ssl=1\" data-large-file=\"https:\/\/i0.wp.com\/wp.ufpel.edu.br\/camu\/files\/2018\/03\/Cartaz_Semana-Acolhida-1.jpg?fit=724%2C1024&#038;ssl=1\" src=\"https:\/\/i0.wp.com\/wp.ufpel.edu.br\/camu\/files\/2018\/03\/Cartaz_Semana-Acolhida-1.jpg?w=161&#038;h=227&#038;ssl=1\" srcset=\"https:\/\/i0.wp.com\/wp.ufpel.edu.br\/camu\/files\/2018\/03\/Cartaz_Semana-Acolhida-1.jpg?w=1654&amp;ssl=1 1654w, https:\/\/i0.wp.com\/wp.ufpel.edu.br\/camu\/files\/2018\/03\/Cartaz_Semana-Acolhida-1.jpg?resize=283%2C400&amp;ssl=1 283w, https:\/\/i0.wp.com\/wp.ufpel.edu.br\/camu\/files\/2018\/03\/Cartaz_Semana-Acolhida-1.jpg?resize=768%2C1086&amp;ssl=1 768w, https:\/\/i0.wp.com\/wp.ufpel.edu.br\/camu\/files\/2018\/03\/Cartaz_Semana-Acolhida-1.jpg?resize=724%2C1024&amp;ssl=1 724w\" width=\"161\" height=\"227\" loading=\"lazy\" data-original-width=\"161\" data-original-height=\"227\" itemprop=\"http:\/\/schema.org\/image\" title=\"Cartaz_Semana Acolhida-1\" alt=\"Cartaz_Semana Acolhida-1\" style=\"width: 161px; height: 227px;\" \/> <\/a> <\/div> <\/div> <!-- close group --> <div class=\"gallery-group images-1\" style=\"width: 164px; height: 231px;\" data-original-width=\"164\" data-original-height=\"231\" > <div class=\"tiled-gallery-item tiled-gallery-item-small\" itemprop=\"associatedMedia\" itemscope itemtype=\"http:\/\/schema.org\/ImageObject\"> <a href=\"https:\/\/i0.wp.com\/wp.ufpel.edu.br\/camu\/files\/2018\/03\/Programa%C3%A7%C3%A3o_Final-1.jpg?ssl=1\" border=\"0\" itemprop=\"url\"> <meta itemprop=\"width\" content=\"160\"> <meta itemprop=\"height\" content=\"227\"> <img decoding=\"async\" class=\"\" data-attachment-id=\"43\" data-orig-file=\"https:\/\/wp.ufpel.edu.br\/camu\/files\/2018\/03\/Programa\u00e7\u00e3o_Final-1.jpg\" data-orig-size=\"1654,2339\" data-comments-opened=\"\" data-image-meta=\"{&quot;aperture&quot;:&quot;0&quot;,&quot;credit&quot;:&quot;&quot;,&quot;camera&quot;:&quot;&quot;,&quot;caption&quot;:&quot;&quot;,&quot;created_timestamp&quot;:&quot;0&quot;,&quot;copyright&quot;:&quot;&quot;,&quot;focal_length&quot;:&quot;0&quot;,&quot;iso&quot;:&quot;0&quot;,&quot;shutter_speed&quot;:&quot;0&quot;,&quot;title&quot;:&quot;&quot;,&quot;orientation&quot;:&quot;0&quot;}\" data-image-title=\"Programa\u00e7\u00e3o_Final-1\" data-image-description=\"\" data-medium-file=\"https:\/\/i0.wp.com\/wp.ufpel.edu.br\/camu\/files\/2018\/03\/Programa%C3%A7%C3%A3o_Final-1.jpg?fit=283%2C400&#038;ssl=1\" data-large-file=\"https:\/\/i0.wp.com\/wp.ufpel.edu.br\/camu\/files\/2018\/03\/Programa%C3%A7%C3%A3o_Final-1.jpg?fit=724%2C1024&#038;ssl=1\" src=\"https:\/\/i0.wp.com\/wp.ufpel.edu.br\/camu\/files\/2018\/03\/Programa%C3%A7%C3%A3o_Final-1.jpg?w=160&#038;h=227&#038;ssl=1\" width=\"160\" height=\"227\" loading=\"lazy\" data-original-width=\"160\" data-original-height=\"227\" itemprop=\"http:\/\/schema.org\/image\" title=\"Programa\u00e7\u00e3o_Final-1\" alt=\"Programa\u00e7\u00e3o_Final-1\" style=\"width: 160px; height: 227px;\" \/> <\/a> <\/div> <\/div> <!-- close group --> <div class=\"gallery-group images-1\" style=\"width: 275px; height: 231px;\" data-original-width=\"275\" data-original-height=\"231\" > <div class=\"tiled-gallery-item tiled-gallery-item-large\" itemprop=\"associatedMedia\" itemscope itemtype=\"http:\/\/schema.org\/ImageObject\"> <a href=\"https:\/\/i0.wp.com\/wp.ufpel.edu.br\/camu\/files\/2018\/03\/Atividade_Laranjal.png?ssl=1\" border=\"0\" itemprop=\"url\"> <meta itemprop=\"width\" content=\"271\"> <meta itemprop=\"height\" content=\"227\"> <img decoding=\"async\" class=\"\" data-attachment-id=\"269\" data-orig-file=\"https:\/\/wp.ufpel.edu.br\/camu\/files\/2018\/03\/Atividade_Laranjal.png\" data-orig-size=\"940,788\" data-comments-opened=\"\" data-image-meta=\"{&quot;aperture&quot;:&quot;0&quot;,&quot;credit&quot;:&quot;&quot;,&quot;camera&quot;:&quot;&quot;,&quot;caption&quot;:&quot;&quot;,&quot;created_timestamp&quot;:&quot;0&quot;,&quot;copyright&quot;:&quot;&quot;,&quot;focal_length&quot;:&quot;0&quot;,&quot;iso&quot;:&quot;0&quot;,&quot;shutter_speed&quot;:&quot;0&quot;,&quot;title&quot;:&quot;&quot;,&quot;orientation&quot;:&quot;0&quot;}\" data-image-title=\"Atividade_Laranjal\" data-image-description=\"\" data-medium-file=\"https:\/\/i0.wp.com\/wp.ufpel.edu.br\/camu\/files\/2018\/03\/Atividade_Laranjal.png?fit=400%2C335&#038;ssl=1\" data-large-file=\"https:\/\/i0.wp.com\/wp.ufpel.edu.br\/camu\/files\/2018\/03\/Atividade_Laranjal.png?fit=840%2C704&#038;ssl=1\" src=\"https:\/\/i0.wp.com\/wp.ufpel.edu.br\/camu\/files\/2018\/03\/Atividade_Laranjal.png?w=271&#038;h=227&#038;ssl=1\" srcset=\"https:\/\/i0.wp.com\/wp.ufpel.edu.br\/camu\/files\/2018\/03\/Atividade_Laranjal.png?w=940&amp;ssl=1 940w, https:\/\/i0.wp.com\/wp.ufpel.edu.br\/camu\/files\/2018\/03\/Atividade_Laranjal.png?resize=400%2C335&amp;ssl=1 400w, https:\/\/i0.wp.com\/wp.ufpel.edu.br\/camu\/files\/2018\/03\/Atividade_Laranjal.png?resize=768%2C644&amp;ssl=1 768w\" width=\"271\" height=\"227\" loading=\"lazy\" data-original-width=\"271\" data-original-height=\"227\" itemprop=\"http:\/\/schema.org\/image\" title=\"Atividade_Laranjal\" alt=\"Atividade_Laranjal\" style=\"width: 271px; height: 227px;\" \/> <\/a> <\/div> <\/div> <!-- close group --> <div class=\"gallery-group images-1\" style=\"width: 236px; height: 231px;\" data-original-width=\"236\" data-original-height=\"231\" > <div class=\"tiled-gallery-item tiled-gallery-item-small\" itemprop=\"associatedMedia\" itemscope itemtype=\"http:\/\/schema.org\/ImageObject\"> <a href=\"https:\/\/i0.wp.com\/wp.ufpel.edu.br\/camu\/files\/2018\/03\/29745529_448567525563208_2116636464_n.jpg?ssl=1\" border=\"0\" itemprop=\"url\"> <meta itemprop=\"width\" content=\"232\"> <meta itemprop=\"height\" content=\"227\"> <img decoding=\"async\" class=\"\" data-attachment-id=\"455\" data-orig-file=\"https:\/\/wp.ufpel.edu.br\/camu\/files\/2018\/03\/29745529_448567525563208_2116636464_n.jpg\" data-orig-size=\"916,897\" data-comments-opened=\"\" data-image-meta=\"{&quot;aperture&quot;:&quot;0&quot;,&quot;credit&quot;:&quot;&quot;,&quot;camera&quot;:&quot;&quot;,&quot;caption&quot;:&quot;&quot;,&quot;created_timestamp&quot;:&quot;0&quot;,&quot;copyright&quot;:&quot;&quot;,&quot;focal_length&quot;:&quot;0&quot;,&quot;iso&quot;:&quot;0&quot;,&quot;shutter_speed&quot;:&quot;0&quot;,&quot;title&quot;:&quot;&quot;,&quot;orientation&quot;:&quot;0&quot;}\" data-image-title=\"29745529_448567525563208_2116636464_n\" data-image-description=\"\" data-medium-file=\"https:\/\/i0.wp.com\/wp.ufpel.edu.br\/camu\/files\/2018\/03\/29745529_448567525563208_2116636464_n.jpg?fit=400%2C392&#038;ssl=1\" data-large-file=\"https:\/\/i0.wp.com\/wp.ufpel.edu.br\/camu\/files\/2018\/03\/29745529_448567525563208_2116636464_n.jpg?fit=840%2C823&#038;ssl=1\" src=\"https:\/\/i0.wp.com\/wp.ufpel.edu.br\/camu\/files\/2018\/03\/29745529_448567525563208_2116636464_n.jpg?w=232&#038;h=227&#038;ssl=1\" srcset=\"https:\/\/i0.wp.com\/wp.ufpel.edu.br\/camu\/files\/2018\/03\/29745529_448567525563208_2116636464_n.jpg?w=916&amp;ssl=1 916w, https:\/\/i0.wp.com\/wp.ufpel.edu.br\/camu\/files\/2018\/03\/29745529_448567525563208_2116636464_n.jpg?resize=400%2C392&amp;ssl=1 400w, https:\/\/i0.wp.com\/wp.ufpel.edu.br\/camu\/files\/2018\/03\/29745529_448567525563208_2116636464_n.jpg?resize=768%2C752&amp;ssl=1 768w\" width=\"232\" height=\"227\" loading=\"lazy\" data-original-width=\"232\" data-original-height=\"227\" itemprop=\"http:\/\/schema.org\/image\" title=\"29745529_448567525563208_2116636464_n\" alt=\"29745529_448567525563208_2116636464_n\" style=\"width: 232px; height: 227px;\" \/> <\/a> <\/div> <\/div> <!-- close group --> <\/div> <!-- close row --> <\/div>\n<p>&nbsp;<\/p>\n<p>As pe\u00e7as s\u00e3o de Richard e Jhone Lug\u00e3o<\/p>\n","protected":false},"excerpt":{"rendered":"<p>Comiss\u00e3o do Curso de Bacharelado em Museologia da UFPel promove Semana de Acolhida aos calouros ingressantes em 2018.1. O objetivo principal \u00e9 receber os ingressantes criando um espa\u00e7o de integra\u00e7\u00e3o entre estes e veteranos, em um evento constru\u00eddo por estudantes para estudantes. O evento prop\u00f5e em sua programa\u00e7\u00e3o, recep\u00e7\u00e3o realizada pelos veteranos, apresenta\u00e7\u00e3o da estrutura &hellip; <a href=\"https:\/\/wp.ufpel.edu.br\/camu\/2018-2\/\" class=\"more-link\">Continue lendo<span class=\"screen-reader-text\"> &#8220;Apresenta\u00e7\u00e3o 2018&#8221;<\/span><\/a><\/p>\n","protected":false},"author":830,"featured_media":0,"parent":0,"menu_order":0,"comment_status":"closed","ping_status":"closed","template":"","meta":{"jetpack_post_was_ever_published":false,"footnotes":""},"class_list":["post-31","page","type-page","status-publish","hentry"],"jetpack_sharing_enabled":true,"jetpack_shortlink":"https:\/\/wp.me\/P9MPYQ-v","jetpack_likes_enabled":true,"jetpack-related-posts":[],"_links":{"self":[{"href":"https:\/\/wp.ufpel.edu.br\/camu\/wp-json\/wp\/v2\/pages\/31","targetHints":{"allow":["GET"]}}],"collection":[{"href":"https:\/\/wp.ufpel.edu.br\/camu\/wp-json\/wp\/v2\/pages"}],"about":[{"href":"https:\/\/wp.ufpel.edu.br\/camu\/wp-json\/wp\/v2\/types\/page"}],"author":[{"embeddable":true,"href":"https:\/\/wp.ufpel.edu.br\/camu\/wp-json\/wp\/v2\/users\/830"}],"replies":[{"embeddable":true,"href":"https:\/\/wp.ufpel.edu.br\/camu\/wp-json\/wp\/v2\/comments?post=31"}],"version-history":[{"count":11,"href":"https:\/\/wp.ufpel.edu.br\/camu\/wp-json\/wp\/v2\/pages\/31\/revisions"}],"predecessor-version":[{"id":457,"href":"https:\/\/wp.ufpel.edu.br\/camu\/wp-json\/wp\/v2\/pages\/31\/revisions\/457"}],"wp:attachment":[{"href":"https:\/\/wp.ufpel.edu.br\/camu\/wp-json\/wp\/v2\/media?parent=31"}],"curies":[{"name":"wp","href":"https:\/\/api.w.org\/{rel}","templated":true}]}}