{"id":275,"date":"2018-03-28T11:12:25","date_gmt":"2018-03-28T14:12:25","guid":{"rendered":"https:\/\/wp.ufpel.edu.br\/camu\/?page_id=275"},"modified":"2018-03-29T09:59:00","modified_gmt":"2018-03-29T12:59:00","slug":"dia-28-3","status":"publish","type":"page","link":"https:\/\/wp.ufpel.edu.br\/camu\/dia-28-3\/","title":{"rendered":"Dia 28\/3"},"content":{"rendered":"<p>As atividades do terceiro dia aconteceram no Museu do Doce e fomos prestigiados com a fala dos egressos, Muse\u00f3logos Matheus Cruz, Jossana Coelho e Renata Castro. Al\u00e9m destes, participa\u00e7\u00e3o fant\u00e1stica de representantes da Associa\u00e7\u00e3o Hip Hop Pelotas Alexandra Pereira e Josemar Will. E por final uma media\u00e7\u00e3o dialogada com Tamara Oliveira pelo Museu do Doce.<\/p>\n<p>&nbsp;<\/p>\n<p class=\"jetpack-slideshow-noscript robots-nocontent\">Este slideshow necessita de JavaScript.<\/p><div id=\"gallery-275-1-slideshow\" class=\"jetpack-slideshow-window jetpack-slideshow jetpack-slideshow-black\" data-trans=\"fade\" data-autostart=\"1\" data-gallery=\"[{&quot;src&quot;:&quot;https:\\\/\\\/i0.wp.com\\\/wp.ufpel.edu.br\\\/camu\\\/files\\\/2018\\\/03\\\/29572932_2090954940934548_1922426471646186890_n.jpg?fit=960%2C540\\u0026ssl=1&quot;,&quot;id&quot;:&quot;376&quot;,&quot;title&quot;:&quot;29572932_2090954940934548_1922426471646186890_n&quot;,&quot;alt&quot;:&quot;&quot;,&quot;caption&quot;:&quot;&quot;,&quot;itemprop&quot;:&quot;image&quot;},{&quot;src&quot;:&quot;https:\\\/\\\/i0.wp.com\\\/wp.ufpel.edu.br\\\/camu\\\/files\\\/2018\\\/03\\\/29541954_2090954770934565_5407417415470189333_n.jpg?fit=960%2C540\\u0026ssl=1&quot;,&quot;id&quot;:&quot;363&quot;,&quot;title&quot;:&quot;29541954_2090954770934565_5407417415470189333_n&quot;,&quot;alt&quot;:&quot;&quot;,&quot;caption&quot;:&quot;&quot;,&quot;itemprop&quot;:&quot;image&quot;},{&quot;src&quot;:&quot;https:\\\/\\\/i0.wp.com\\\/wp.ufpel.edu.br\\\/camu\\\/files\\\/2018\\\/03\\\/29542327_2090955324267843_118021737625277338_n.jpg?fit=960%2C540\\u0026ssl=1&quot;,&quot;id&quot;:&quot;364&quot;,&quot;title&quot;:&quot;29542327_2090955324267843_118021737625277338_n&quot;,&quot;alt&quot;:&quot;&quot;,&quot;caption&quot;:&quot;&quot;,&quot;itemprop&quot;:&quot;image&quot;},{&quot;src&quot;:&quot;https:\\\/\\\/i0.wp.com\\\/wp.ufpel.edu.br\\\/camu\\\/files\\\/2018\\\/03\\\/29542378_2090956157601093_5783403510345550380_n.jpg?fit=960%2C540\\u0026ssl=1&quot;,&quot;id&quot;:&quot;365&quot;,&quot;title&quot;:&quot;29542378_2090956157601093_5783403510345550380_n&quot;,&quot;alt&quot;:&quot;&quot;,&quot;caption&quot;:&quot;&quot;,&quot;itemprop&quot;:&quot;image&quot;},{&quot;src&quot;:&quot;https:\\\/\\\/i0.wp.com\\\/wp.ufpel.edu.br\\\/camu\\\/files\\\/2018\\\/03\\\/29542808_2090955580934484_2387601364319279615_n.jpg?fit=960%2C540\\u0026ssl=1&quot;,&quot;id&quot;:&quot;367&quot;,&quot;title&quot;:&quot;29542808_2090955580934484_2387601364319279615_n&quot;,&quot;alt&quot;:&quot;&quot;,&quot;caption&quot;:&quot;&quot;,&quot;itemprop&quot;:&quot;image&quot;},{&quot;src&quot;:&quot;https:\\\/\\\/i0.wp.com\\\/wp.ufpel.edu.br\\\/camu\\\/files\\\/2018\\\/03\\\/29542879_2090955107601198_6936796781837051862_n.jpg?fit=960%2C540\\u0026ssl=1&quot;,&quot;id&quot;:&quot;368&quot;,&quot;title&quot;:&quot;29542879_2090955107601198_6936796781837051862_n&quot;,&quot;alt&quot;:&quot;&quot;,&quot;caption&quot;:&quot;&quot;,&quot;itemprop&quot;:&quot;image&quot;},{&quot;src&quot;:&quot;https:\\\/\\\/i0.wp.com\\\/wp.ufpel.edu.br\\\/camu\\\/files\\\/2018\\\/03\\\/29594399_2090955437601165_8020992991922924260_n.jpg?fit=960%2C540\\u0026ssl=1&quot;,&quot;id&quot;:&quot;378&quot;,&quot;title&quot;:&quot;29594399_2090955437601165_8020992991922924260_n&quot;,&quot;alt&quot;:&quot;&quot;,&quot;caption&quot;:&quot;&quot;,&quot;itemprop&quot;:&quot;image&quot;},{&quot;src&quot;:&quot;https:\\\/\\\/i0.wp.com\\\/wp.ufpel.edu.br\\\/camu\\\/files\\\/2018\\\/03\\\/29543188_2090955720934470_1099612475156980751_n.jpg?fit=960%2C540\\u0026ssl=1&quot;,&quot;id&quot;:&quot;369&quot;,&quot;title&quot;:&quot;29543188_2090955720934470_1099612475156980751_n&quot;,&quot;alt&quot;:&quot;&quot;,&quot;caption&quot;:&quot;&quot;,&quot;itemprop&quot;:&quot;image&quot;},{&quot;src&quot;:&quot;https:\\\/\\\/i0.wp.com\\\/wp.ufpel.edu.br\\\/camu\\\/files\\\/2018\\\/03\\\/29570491_2090956474267728_93422012236657918_n.jpg?fit=960%2C540\\u0026ssl=1&quot;,&quot;id&quot;:&quot;370&quot;,&quot;title&quot;:&quot;29570491_2090956474267728_93422012236657918_n&quot;,&quot;alt&quot;:&quot;&quot;,&quot;caption&quot;:&quot;&quot;,&quot;itemprop&quot;:&quot;image&quot;},{&quot;src&quot;:&quot;https:\\\/\\\/i0.wp.com\\\/wp.ufpel.edu.br\\\/camu\\\/files\\\/2018\\\/03\\\/29570950_2090955007601208_6805835341205023214_n.jpg?fit=960%2C540\\u0026ssl=1&quot;,&quot;id&quot;:&quot;373&quot;,&quot;title&quot;:&quot;29570950_2090955007601208_6805835341205023214_n&quot;,&quot;alt&quot;:&quot;&quot;,&quot;caption&quot;:&quot;&quot;,&quot;itemprop&quot;:&quot;image&quot;},{&quot;src&quot;:&quot;https:\\\/\\\/i0.wp.com\\\/wp.ufpel.edu.br\\\/camu\\\/files\\\/2018\\\/03\\\/29595438_2090955627601146_3875389592103059701_n.jpg?fit=960%2C540\\u0026ssl=1&quot;,&quot;id&quot;:&quot;381&quot;,&quot;title&quot;:&quot;29595438_2090955627601146_3875389592103059701_n&quot;,&quot;alt&quot;:&quot;&quot;,&quot;caption&quot;:&quot;&quot;,&quot;itemprop&quot;:&quot;image&quot;},{&quot;src&quot;:&quot;https:\\\/\\\/i0.wp.com\\\/wp.ufpel.edu.br\\\/camu\\\/files\\\/2018\\\/03\\\/29791583_2090955927601116_1599601224238802482_n.jpg?fit=960%2C540\\u0026ssl=1&quot;,&quot;id&quot;:&quot;383&quot;,&quot;title&quot;:&quot;29791583_2090955927601116_1599601224238802482_n&quot;,&quot;alt&quot;:&quot;&quot;,&quot;caption&quot;:&quot;&quot;,&quot;itemprop&quot;:&quot;image&quot;},{&quot;src&quot;:&quot;https:\\\/\\\/i0.wp.com\\\/wp.ufpel.edu.br\\\/camu\\\/files\\\/2018\\\/03\\\/29595276_2090955854267790_5714384885530988485_n.jpg?fit=960%2C540\\u0026ssl=1&quot;,&quot;id&quot;:&quot;380&quot;,&quot;title&quot;:&quot;29595276_2090955854267790_5714384885530988485_n&quot;,&quot;alt&quot;:&quot;&quot;,&quot;caption&quot;:&quot;&quot;,&quot;itemprop&quot;:&quot;image&quot;},{&quot;src&quot;:&quot;https:\\\/\\\/i0.wp.com\\\/wp.ufpel.edu.br\\\/camu\\\/files\\\/2018\\\/03\\\/29571434_2090955967601112_4265436331965651323_n.jpg?fit=960%2C540\\u0026ssl=1&quot;,&quot;id&quot;:&quot;374&quot;,&quot;title&quot;:&quot;29571434_2090955967601112_4265436331965651323_n&quot;,&quot;alt&quot;:&quot;&quot;,&quot;caption&quot;:&quot;&quot;,&quot;itemprop&quot;:&quot;image&quot;},{&quot;src&quot;:&quot;https:\\\/\\\/i0.wp.com\\\/wp.ufpel.edu.br\\\/camu\\\/files\\\/2018\\\/03\\\/29572845_2090956307601078_6736716763635643431_n.jpg?fit=540%2C960\\u0026ssl=1&quot;,&quot;id&quot;:&quot;375&quot;,&quot;title&quot;:&quot;29572845_2090956307601078_6736716763635643431_n&quot;,&quot;alt&quot;:&quot;&quot;,&quot;caption&quot;:&quot;&quot;,&quot;itemprop&quot;:&quot;image&quot;},{&quot;src&quot;:&quot;https:\\\/\\\/i0.wp.com\\\/wp.ufpel.edu.br\\\/camu\\\/files\\\/2018\\\/03\\\/29573150_2090956420934400_6352831286822422915_n.jpg?fit=540%2C960\\u0026ssl=1&quot;,&quot;id&quot;:&quot;377&quot;,&quot;title&quot;:&quot;29573150_2090956420934400_6352831286822422915_n&quot;,&quot;alt&quot;:&quot;&quot;,&quot;caption&quot;:&quot;&quot;,&quot;itemprop&quot;:&quot;image&quot;},{&quot;src&quot;:&quot;https:\\\/\\\/i0.wp.com\\\/wp.ufpel.edu.br\\\/camu\\\/files\\\/2018\\\/03\\\/29595452_2090956200934422_4529739704296544548_n.jpg?fit=960%2C540\\u0026ssl=1&quot;,&quot;id&quot;:&quot;382&quot;,&quot;title&quot;:&quot;29595452_2090956200934422_4529739704296544548_n&quot;,&quot;alt&quot;:&quot;&quot;,&quot;caption&quot;:&quot;&quot;,&quot;itemprop&quot;:&quot;image&quot;},{&quot;src&quot;:&quot;https:\\\/\\\/i0.wp.com\\\/wp.ufpel.edu.br\\\/camu\\\/files\\\/2018\\\/03\\\/29570641_2090958177600891_389212981144029371_n.jpg?fit=540%2C960\\u0026ssl=1&quot;,&quot;id&quot;:&quot;371&quot;,&quot;title&quot;:&quot;29570641_2090958177600891_389212981144029371_n&quot;,&quot;alt&quot;:&quot;&quot;,&quot;caption&quot;:&quot;&quot;,&quot;itemprop&quot;:&quot;image&quot;},{&quot;src&quot;:&quot;https:\\\/\\\/i0.wp.com\\\/wp.ufpel.edu.br\\\/camu\\\/files\\\/2018\\\/03\\\/29594715_2090958360934206_8953876749239696889_n.jpg?fit=960%2C540\\u0026ssl=1&quot;,&quot;id&quot;:&quot;379&quot;,&quot;title&quot;:&quot;29594715_2090958360934206_8953876749239696889_n&quot;,&quot;alt&quot;:&quot;&quot;,&quot;caption&quot;:&quot;&quot;,&quot;itemprop&quot;:&quot;image&quot;},{&quot;src&quot;:&quot;https:\\\/\\\/i0.wp.com\\\/wp.ufpel.edu.br\\\/camu\\\/files\\\/2018\\\/03\\\/29542709_2090958727600836_392159060090337083_n.jpg?fit=960%2C540\\u0026ssl=1&quot;,&quot;id&quot;:&quot;366&quot;,&quot;title&quot;:&quot;29542709_2090958727600836_392159060090337083_n&quot;,&quot;alt&quot;:&quot;&quot;,&quot;caption&quot;:&quot;&quot;,&quot;itemprop&quot;:&quot;image&quot;},{&quot;src&quot;:&quot;https:\\\/\\\/i0.wp.com\\\/wp.ufpel.edu.br\\\/camu\\\/files\\\/2018\\\/03\\\/29570872_2090958550934187_5739666412086558151_n.jpg?fit=960%2C540\\u0026ssl=1&quot;,&quot;id&quot;:&quot;372&quot;,&quot;title&quot;:&quot;29570872_2090958550934187_5739666412086558151_n&quot;,&quot;alt&quot;:&quot;&quot;,&quot;caption&quot;:&quot;&quot;,&quot;itemprop&quot;:&quot;image&quot;}]\" itemscope itemtype=\"https:\/\/schema.org\/ImageGallery\"><\/div>\n","protected":false},"excerpt":{"rendered":"<p>As atividades do terceiro dia aconteceram no Museu do Doce e fomos prestigiados com a fala dos egressos, Muse\u00f3logos Matheus Cruz, Jossana Coelho e Renata Castro. Al\u00e9m destes, participa\u00e7\u00e3o fant\u00e1stica de representantes da Associa\u00e7\u00e3o Hip Hop Pelotas Alexandra Pereira e Josemar Will. E por final uma media\u00e7\u00e3o dialogada com Tamara Oliveira pelo Museu do Doce. &hellip; <a href=\"https:\/\/wp.ufpel.edu.br\/camu\/dia-28-3\/\" class=\"more-link\">Continue lendo<span class=\"screen-reader-text\"> &#8220;Dia 28\/3&#8221;<\/span><\/a><\/p>\n","protected":false},"author":830,"featured_media":0,"parent":0,"menu_order":0,"comment_status":"closed","ping_status":"closed","template":"","meta":{"jetpack_post_was_ever_published":false,"footnotes":""},"class_list":["post-275","page","type-page","status-publish","hentry"],"jetpack_sharing_enabled":true,"jetpack_shortlink":"https:\/\/wp.me\/P9MPYQ-4r","jetpack_likes_enabled":true,"jetpack-related-posts":[],"_links":{"self":[{"href":"https:\/\/wp.ufpel.edu.br\/camu\/wp-json\/wp\/v2\/pages\/275","targetHints":{"allow":["GET"]}}],"collection":[{"href":"https:\/\/wp.ufpel.edu.br\/camu\/wp-json\/wp\/v2\/pages"}],"about":[{"href":"https:\/\/wp.ufpel.edu.br\/camu\/wp-json\/wp\/v2\/types\/page"}],"author":[{"embeddable":true,"href":"https:\/\/wp.ufpel.edu.br\/camu\/wp-json\/wp\/v2\/users\/830"}],"replies":[{"embeddable":true,"href":"https:\/\/wp.ufpel.edu.br\/camu\/wp-json\/wp\/v2\/comments?post=275"}],"version-history":[{"count":4,"href":"https:\/\/wp.ufpel.edu.br\/camu\/wp-json\/wp\/v2\/pages\/275\/revisions"}],"predecessor-version":[{"id":388,"href":"https:\/\/wp.ufpel.edu.br\/camu\/wp-json\/wp\/v2\/pages\/275\/revisions\/388"}],"wp:attachment":[{"href":"https:\/\/wp.ufpel.edu.br\/camu\/wp-json\/wp\/v2\/media?parent=275"}],"curies":[{"name":"wp","href":"https:\/\/api.w.org\/{rel}","templated":true}]}}