{"id":274,"date":"2018-03-28T11:12:23","date_gmt":"2018-03-28T14:12:23","guid":{"rendered":"https:\/\/wp.ufpel.edu.br\/camu\/?page_id=274"},"modified":"2018-03-29T09:39:14","modified_gmt":"2018-03-29T12:39:14","slug":"dia-27-3","status":"publish","type":"page","link":"https:\/\/wp.ufpel.edu.br\/camu\/dia-27-3\/","title":{"rendered":"Dia 27\/3"},"content":{"rendered":"<p>O segundo dia de Acolhida foi abrilhantado pela Aula Inaugural: Cria\u00e7\u00e3o do Curso de Bacharelado Museologia UFPel, com Prof\u00ba Dr F\u00e1bio Vergara Cerqueira e pela atividade do Amigo Universit\u00e1rio.<\/p>\n<p>Confiram algumas fotos<\/p>\n<p class=\"jetpack-slideshow-noscript robots-nocontent\">Este slideshow necessita de JavaScript.<\/p><div id=\"gallery-274-1-slideshow\" class=\"jetpack-slideshow-window jetpack-slideshow jetpack-slideshow-black\" data-trans=\"fade\" data-autostart=\"1\" data-gallery=\"[{&quot;src&quot;:&quot;https:\\\/\\\/i0.wp.com\\\/wp.ufpel.edu.br\\\/camu\\\/files\\\/2018\\\/03\\\/29683081_2089329544430421_6661761818555811493_n.jpg?fit=960%2C540\\u0026ssl=1&quot;,&quot;id&quot;:&quot;340&quot;,&quot;title&quot;:&quot;29683081_2089329544430421_6661761818555811493_n&quot;,&quot;alt&quot;:&quot;&quot;,&quot;caption&quot;:&quot;&quot;,&quot;itemprop&quot;:&quot;image&quot;},{&quot;src&quot;:&quot;https:\\\/\\\/i0.wp.com\\\/wp.ufpel.edu.br\\\/camu\\\/files\\\/2018\\\/03\\\/29513202_2089329617763747_4854450285926436098_n.jpg?fit=540%2C960\\u0026ssl=1&quot;,&quot;id&quot;:&quot;321&quot;,&quot;title&quot;:&quot;29513202_2089329617763747_4854450285926436098_n&quot;,&quot;alt&quot;:&quot;&quot;,&quot;caption&quot;:&quot;&quot;,&quot;itemprop&quot;:&quot;image&quot;},{&quot;src&quot;:&quot;https:\\\/\\\/i0.wp.com\\\/wp.ufpel.edu.br\\\/camu\\\/files\\\/2018\\\/03\\\/29595350_2089329744430401_7709521859000632528_n.jpg?fit=960%2C540\\u0026ssl=1&quot;,&quot;id&quot;:&quot;336&quot;,&quot;title&quot;:&quot;29595350_2089329744430401_7709521859000632528_n&quot;,&quot;alt&quot;:&quot;&quot;,&quot;caption&quot;:&quot;&quot;,&quot;itemprop&quot;:&quot;image&quot;},{&quot;src&quot;:&quot;https:\\\/\\\/i0.wp.com\\\/wp.ufpel.edu.br\\\/camu\\\/files\\\/2018\\\/03\\\/29572345_2089329684430407_4966750502332604037_n.jpg?fit=960%2C540\\u0026ssl=1&quot;,&quot;id&quot;:&quot;330&quot;,&quot;title&quot;:&quot;29572345_2089329684430407_4966750502332604037_n&quot;,&quot;alt&quot;:&quot;&quot;,&quot;caption&quot;:&quot;&quot;,&quot;itemprop&quot;:&quot;image&quot;},{&quot;src&quot;:&quot;https:\\\/\\\/i0.wp.com\\\/wp.ufpel.edu.br\\\/camu\\\/files\\\/2018\\\/03\\\/29541449_2089329474430428_7283495865635034680_n.jpg?fit=960%2C540\\u0026ssl=1&quot;,&quot;id&quot;:&quot;323&quot;,&quot;title&quot;:&quot;29541449_2089329474430428_7283495865635034680_n&quot;,&quot;alt&quot;:&quot;&quot;,&quot;caption&quot;:&quot;&quot;,&quot;itemprop&quot;:&quot;image&quot;},{&quot;src&quot;:&quot;https:\\\/\\\/i0.wp.com\\\/wp.ufpel.edu.br\\\/camu\\\/files\\\/2018\\\/03\\\/29542286_2089327944430581_3883385890717071935_n.jpg?fit=960%2C540\\u0026ssl=1&quot;,&quot;id&quot;:&quot;325&quot;,&quot;title&quot;:&quot;29542286_2089327944430581_3883385890717071935_n&quot;,&quot;alt&quot;:&quot;&quot;,&quot;caption&quot;:&quot;&quot;,&quot;itemprop&quot;:&quot;image&quot;},{&quot;src&quot;:&quot;https:\\\/\\\/i0.wp.com\\\/wp.ufpel.edu.br\\\/camu\\\/files\\\/2018\\\/03\\\/29542663_2089328184430557_8372957900599545058_n.jpg?fit=960%2C540\\u0026ssl=1&quot;,&quot;id&quot;:&quot;326&quot;,&quot;title&quot;:&quot;29542663_2089328184430557_8372957900599545058_n&quot;,&quot;alt&quot;:&quot;&quot;,&quot;caption&quot;:&quot;&quot;,&quot;itemprop&quot;:&quot;image&quot;},{&quot;src&quot;:&quot;https:\\\/\\\/i0.wp.com\\\/wp.ufpel.edu.br\\\/camu\\\/files\\\/2018\\\/03\\\/29542890_2089328334430542_5845771946017812581_n.jpg?fit=960%2C540\\u0026ssl=1&quot;,&quot;id&quot;:&quot;328&quot;,&quot;title&quot;:&quot;29542890_2089328334430542_5845771946017812581_n&quot;,&quot;alt&quot;:&quot;&quot;,&quot;caption&quot;:&quot;&quot;,&quot;itemprop&quot;:&quot;image&quot;},{&quot;src&quot;:&quot;https:\\\/\\\/i0.wp.com\\\/wp.ufpel.edu.br\\\/camu\\\/files\\\/2018\\\/03\\\/29571234_2089329191097123_5458583523662454343_n.jpg?fit=960%2C540\\u0026ssl=1&quot;,&quot;id&quot;:&quot;329&quot;,&quot;title&quot;:&quot;29571234_2089329191097123_5458583523662454343_n&quot;,&quot;alt&quot;:&quot;&quot;,&quot;caption&quot;:&quot;&quot;,&quot;itemprop&quot;:&quot;image&quot;},{&quot;src&quot;:&quot;https:\\\/\\\/i0.wp.com\\\/wp.ufpel.edu.br\\\/camu\\\/files\\\/2018\\\/03\\\/29541854_2089328031097239_6039565717861646358_n.jpg?fit=960%2C540\\u0026ssl=1&quot;,&quot;id&quot;:&quot;324&quot;,&quot;title&quot;:&quot;29541854_2089328031097239_6039565717861646358_n&quot;,&quot;alt&quot;:&quot;&quot;,&quot;caption&quot;:&quot;&quot;,&quot;itemprop&quot;:&quot;image&quot;},{&quot;src&quot;:&quot;https:\\\/\\\/i0.wp.com\\\/wp.ufpel.edu.br\\\/camu\\\/files\\\/2018\\\/03\\\/29541225_2089328271097215_3485055756911857167_n.jpg?fit=960%2C540\\u0026ssl=1&quot;,&quot;id&quot;:&quot;322&quot;,&quot;title&quot;:&quot;29541225_2089328271097215_3485055756911857167_n&quot;,&quot;alt&quot;:&quot;&quot;,&quot;caption&quot;:&quot;&quot;,&quot;itemprop&quot;:&quot;image&quot;},{&quot;src&quot;:&quot;https:\\\/\\\/i0.wp.com\\\/wp.ufpel.edu.br\\\/camu\\\/files\\\/2018\\\/03\\\/29572498_2089327617763947_1789269615053993954_n.jpg?fit=960%2C540\\u0026ssl=1&quot;,&quot;id&quot;:&quot;332&quot;,&quot;title&quot;:&quot;29572498_2089327617763947_1789269615053993954_n&quot;,&quot;alt&quot;:&quot;&quot;,&quot;caption&quot;:&quot;&quot;,&quot;itemprop&quot;:&quot;image&quot;},{&quot;src&quot;:&quot;https:\\\/\\\/i0.wp.com\\\/wp.ufpel.edu.br\\\/camu\\\/files\\\/2018\\\/03\\\/29594684_2089329391097103_579762786514660881_n.jpg?fit=960%2C540\\u0026ssl=1&quot;,&quot;id&quot;:&quot;335&quot;,&quot;title&quot;:&quot;29594684_2089329391097103_579762786514660881_n&quot;,&quot;alt&quot;:&quot;&quot;,&quot;caption&quot;:&quot;&quot;,&quot;itemprop&quot;:&quot;image&quot;},{&quot;src&quot;:&quot;https:\\\/\\\/i0.wp.com\\\/wp.ufpel.edu.br\\\/camu\\\/files\\\/2018\\\/03\\\/29513188_2089327834430592_160930862865014320_n.jpg?fit=960%2C540\\u0026ssl=1&quot;,&quot;id&quot;:&quot;320&quot;,&quot;title&quot;:&quot;29513188_2089327834430592_160930862865014320_n&quot;,&quot;alt&quot;:&quot;&quot;,&quot;caption&quot;:&quot;&quot;,&quot;itemprop&quot;:&quot;image&quot;},{&quot;src&quot;:&quot;https:\\\/\\\/i0.wp.com\\\/wp.ufpel.edu.br\\\/camu\\\/files\\\/2018\\\/03\\\/29542836_2089327781097264_5109134356960658883_n.jpg?fit=540%2C960\\u0026ssl=1&quot;,&quot;id&quot;:&quot;327&quot;,&quot;title&quot;:&quot;29542836_2089327781097264_5109134356960658883_n&quot;,&quot;alt&quot;:&quot;&quot;,&quot;caption&quot;:&quot;&quot;,&quot;itemprop&quot;:&quot;image&quot;},{&quot;src&quot;:&quot;https:\\\/\\\/i0.wp.com\\\/wp.ufpel.edu.br\\\/camu\\\/files\\\/2018\\\/03\\\/29597385_2089328097763899_3929826107871891489_n.jpg?fit=960%2C540\\u0026ssl=1&quot;,&quot;id&quot;:&quot;337&quot;,&quot;title&quot;:&quot;29597385_2089328097763899_3929826107871891489_n&quot;,&quot;alt&quot;:&quot;&quot;,&quot;caption&quot;:&quot;&quot;,&quot;itemprop&quot;:&quot;image&quot;},{&quot;src&quot;:&quot;https:\\\/\\\/i0.wp.com\\\/wp.ufpel.edu.br\\\/camu\\\/files\\\/2018\\\/03\\\/29597496_2089327717763937_779421831081568929_n.jpg?fit=960%2C540\\u0026ssl=1&quot;,&quot;id&quot;:&quot;338&quot;,&quot;title&quot;:&quot;29597496_2089327717763937_779421831081568929_n&quot;,&quot;alt&quot;:&quot;&quot;,&quot;caption&quot;:&quot;&quot;,&quot;itemprop&quot;:&quot;image&quot;},{&quot;src&quot;:&quot;https:\\\/\\\/i0.wp.com\\\/wp.ufpel.edu.br\\\/camu\\\/files\\\/2018\\\/03\\\/29597564_2089329031097139_3766577433234452996_n.jpg?fit=960%2C540\\u0026ssl=1&quot;,&quot;id&quot;:&quot;339&quot;,&quot;title&quot;:&quot;29597564_2089329031097139_3766577433234452996_n&quot;,&quot;alt&quot;:&quot;&quot;,&quot;caption&quot;:&quot;&quot;,&quot;itemprop&quot;:&quot;image&quot;},{&quot;src&quot;:&quot;https:\\\/\\\/i0.wp.com\\\/wp.ufpel.edu.br\\\/camu\\\/files\\\/2018\\\/03\\\/29572858_2089328887763820_3012073570955541967_n.jpg?fit=960%2C540\\u0026ssl=1&quot;,&quot;id&quot;:&quot;333&quot;,&quot;title&quot;:&quot;29572858_2089328887763820_3012073570955541967_n&quot;,&quot;alt&quot;:&quot;&quot;,&quot;caption&quot;:&quot;&quot;,&quot;itemprop&quot;:&quot;image&quot;},{&quot;src&quot;:&quot;https:\\\/\\\/i0.wp.com\\\/wp.ufpel.edu.br\\\/camu\\\/files\\\/2018\\\/03\\\/29594558_2089328741097168_440921339933266776_n.jpg?fit=960%2C540\\u0026ssl=1&quot;,&quot;id&quot;:&quot;334&quot;,&quot;title&quot;:&quot;29594558_2089328741097168_440921339933266776_n&quot;,&quot;alt&quot;:&quot;&quot;,&quot;caption&quot;:&quot;&quot;,&quot;itemprop&quot;:&quot;image&quot;}]\" itemscope itemtype=\"https:\/\/schema.org\/ImageGallery\"><\/div>\n<p>&nbsp;<\/p>\n<p>Cr\u00e9ditos das fotos Andr\u00e9a C Messias<\/p>\n","protected":false},"excerpt":{"rendered":"<p>O segundo dia de Acolhida foi abrilhantado pela Aula Inaugural: Cria\u00e7\u00e3o do Curso de Bacharelado Museologia UFPel, com Prof\u00ba Dr F\u00e1bio Vergara Cerqueira e pela atividade do Amigo Universit\u00e1rio. Confiram algumas fotos &nbsp; Cr\u00e9ditos das fotos Andr\u00e9a C Messias<\/p>\n","protected":false},"author":830,"featured_media":0,"parent":0,"menu_order":0,"comment_status":"closed","ping_status":"closed","template":"","meta":{"jetpack_post_was_ever_published":false,"footnotes":""},"class_list":["post-274","page","type-page","status-publish","hentry"],"jetpack_sharing_enabled":true,"jetpack_shortlink":"https:\/\/wp.me\/P9MPYQ-4q","jetpack_likes_enabled":true,"jetpack-related-posts":[],"_links":{"self":[{"href":"https:\/\/wp.ufpel.edu.br\/camu\/wp-json\/wp\/v2\/pages\/274","targetHints":{"allow":["GET"]}}],"collection":[{"href":"https:\/\/wp.ufpel.edu.br\/camu\/wp-json\/wp\/v2\/pages"}],"about":[{"href":"https:\/\/wp.ufpel.edu.br\/camu\/wp-json\/wp\/v2\/types\/page"}],"author":[{"embeddable":true,"href":"https:\/\/wp.ufpel.edu.br\/camu\/wp-json\/wp\/v2\/users\/830"}],"replies":[{"embeddable":true,"href":"https:\/\/wp.ufpel.edu.br\/camu\/wp-json\/wp\/v2\/comments?post=274"}],"version-history":[{"count":4,"href":"https:\/\/wp.ufpel.edu.br\/camu\/wp-json\/wp\/v2\/pages\/274\/revisions"}],"predecessor-version":[{"id":385,"href":"https:\/\/wp.ufpel.edu.br\/camu\/wp-json\/wp\/v2\/pages\/274\/revisions\/385"}],"wp:attachment":[{"href":"https:\/\/wp.ufpel.edu.br\/camu\/wp-json\/wp\/v2\/media?parent=274"}],"curies":[{"name":"wp","href":"https:\/\/api.w.org\/{rel}","templated":true}]}}