{"id":273,"date":"2018-03-28T11:12:20","date_gmt":"2018-03-28T14:12:20","guid":{"rendered":"https:\/\/wp.ufpel.edu.br\/camu\/?page_id=273"},"modified":"2018-03-29T09:43:36","modified_gmt":"2018-03-29T12:43:36","slug":"dia-1","status":"publish","type":"page","link":"https:\/\/wp.ufpel.edu.br\/camu\/dia-1\/","title":{"rendered":"Dia 26\/3"},"content":{"rendered":"<p>O primeiro dia a Acolhida 2018 deu lugar a fala de recep\u00e7\u00e3o do CAMU; a apresenta\u00e7\u00e3o do Campus ll; a fala da coordena\u00e7\u00e3o pela Prof\u00aa Ms Sarah Maggitti; e apresenta\u00e7\u00e3o dos projetos de ensino, pesquisa e extens\u00e3o do curso com a presen\u00e7a da Prof\u00aa Dra Carla Rodrigues Gastaud, Prof\u00ba Dr Pedro Luis Machado Sanches, Prof\u00ba Dr Diego Lemos Ribeiro e Prof\u00aa Ms Sarah Maggiti Silva.<\/p>\n<p>Al\u00e9m destes, antecipamos a participa\u00e7\u00e3o do colega Muse\u00f3logo Diego R Nonato que falou sobre o Movimento Nacional Estudantil.<\/p>\n<p>As atividades do dia foram encerradas com caf\u00e9 da manh\u00e3 e din\u00e2mica realizada no p\u00e1tio da unidade.<\/p>\n<p>Confiram algumas fotos<\/p>\n<p class=\"jetpack-slideshow-noscript robots-nocontent\">Este slideshow necessita de JavaScript.<\/p><div id=\"gallery-273-1-slideshow\" class=\"jetpack-slideshow-window jetpack-slideshow jetpack-slideshow-black\" data-trans=\"fade\" data-autostart=\"1\" data-gallery=\"[{&quot;src&quot;:&quot;https:\\\/\\\/i0.wp.com\\\/wp.ufpel.edu.br\\\/camu\\\/files\\\/2018\\\/03\\\/29597890_2089321414431234_703587325065010111_n.jpg?fit=540%2C960\\u0026ssl=1&quot;,&quot;id&quot;:&quot;305&quot;,&quot;title&quot;:&quot;29597890_2089321414431234_703587325065010111_n&quot;,&quot;alt&quot;:&quot;&quot;,&quot;caption&quot;:&quot;&quot;,&quot;itemprop&quot;:&quot;image&quot;},{&quot;src&quot;:&quot;https:\\\/\\\/i0.wp.com\\\/wp.ufpel.edu.br\\\/camu\\\/files\\\/2018\\\/03\\\/29683908_2089322304431145_2062959236646489223_n.jpg?fit=540%2C960\\u0026ssl=1&quot;,&quot;id&quot;:&quot;307&quot;,&quot;title&quot;:&quot;29683908_2089322304431145_2062959236646489223_n&quot;,&quot;alt&quot;:&quot;&quot;,&quot;caption&quot;:&quot;&quot;,&quot;itemprop&quot;:&quot;image&quot;},{&quot;src&quot;:&quot;https:\\\/\\\/i0.wp.com\\\/wp.ufpel.edu.br\\\/camu\\\/files\\\/2018\\\/03\\\/29597817_2089322181097824_1984087561519065208_n.jpg?fit=540%2C960\\u0026ssl=1&quot;,&quot;id&quot;:&quot;304&quot;,&quot;title&quot;:&quot;29597817_2089322181097824_1984087561519065208_n&quot;,&quot;alt&quot;:&quot;&quot;,&quot;caption&quot;:&quot;&quot;,&quot;itemprop&quot;:&quot;image&quot;},{&quot;src&quot;:&quot;https:\\\/\\\/i0.wp.com\\\/wp.ufpel.edu.br\\\/camu\\\/files\\\/2018\\\/03\\\/29594509_2089322637764445_3672357178847686446_n.jpg?fit=540%2C960\\u0026ssl=1&quot;,&quot;id&quot;:&quot;303&quot;,&quot;title&quot;:&quot;29594509_2089322637764445_3672357178847686446_n&quot;,&quot;alt&quot;:&quot;&quot;,&quot;caption&quot;:&quot;&quot;,&quot;itemprop&quot;:&quot;image&quot;},{&quot;src&quot;:&quot;https:\\\/\\\/i0.wp.com\\\/wp.ufpel.edu.br\\\/camu\\\/files\\\/2018\\\/03\\\/29570599_2089322101097832_1522240892367495270_n.jpg?fit=540%2C960\\u0026ssl=1&quot;,&quot;id&quot;:&quot;301&quot;,&quot;title&quot;:&quot;29570599_2089322101097832_1522240892367495270_n&quot;,&quot;alt&quot;:&quot;&quot;,&quot;caption&quot;:&quot;&quot;,&quot;itemprop&quot;:&quot;image&quot;},{&quot;src&quot;:&quot;https:\\\/\\\/i0.wp.com\\\/wp.ufpel.edu.br\\\/camu\\\/files\\\/2018\\\/03\\\/29570586_2089322241097818_1018034854716726864_n.jpg?fit=960%2C540\\u0026ssl=1&quot;,&quot;id&quot;:&quot;300&quot;,&quot;title&quot;:&quot;29570586_2089322241097818_1018034854716726864_n&quot;,&quot;alt&quot;:&quot;&quot;,&quot;caption&quot;:&quot;&quot;,&quot;itemprop&quot;:&quot;image&quot;},{&quot;src&quot;:&quot;https:\\\/\\\/i0.wp.com\\\/wp.ufpel.edu.br\\\/camu\\\/files\\\/2018\\\/03\\\/29543206_2089322024431173_1933660560481900283_n.jpg?fit=540%2C960\\u0026ssl=1&quot;,&quot;id&quot;:&quot;297&quot;,&quot;title&quot;:&quot;29543206_2089322024431173_1933660560481900283_n&quot;,&quot;alt&quot;:&quot;&quot;,&quot;caption&quot;:&quot;&quot;,&quot;itemprop&quot;:&quot;image&quot;},{&quot;src&quot;:&quot;https:\\\/\\\/i0.wp.com\\\/wp.ufpel.edu.br\\\/camu\\\/files\\\/2018\\\/03\\\/29541282_2089322397764469_2725115027126907430_n.jpg?fit=540%2C960\\u0026ssl=1&quot;,&quot;id&quot;:&quot;292&quot;,&quot;title&quot;:&quot;29541282_2089322397764469_2725115027126907430_n&quot;,&quot;alt&quot;:&quot;&quot;,&quot;caption&quot;:&quot;&quot;,&quot;itemprop&quot;:&quot;image&quot;},{&quot;src&quot;:&quot;https:\\\/\\\/i0.wp.com\\\/wp.ufpel.edu.br\\\/camu\\\/files\\\/2018\\\/03\\\/29542722_2089321821097860_8394844835581389871_n.jpg?fit=540%2C960\\u0026ssl=1&quot;,&quot;id&quot;:&quot;295&quot;,&quot;title&quot;:&quot;29542722_2089321821097860_8394844835581389871_n&quot;,&quot;alt&quot;:&quot;&quot;,&quot;caption&quot;:&quot;&quot;,&quot;itemprop&quot;:&quot;image&quot;},{&quot;src&quot;:&quot;https:\\\/\\\/i0.wp.com\\\/wp.ufpel.edu.br\\\/camu\\\/files\\\/2018\\\/03\\\/29541226_2089323071097735_5412900956972284167_n.jpg?fit=960%2C540\\u0026ssl=1&quot;,&quot;id&quot;:&quot;290&quot;,&quot;title&quot;:&quot;29541226_2089323071097735_5412900956972284167_n&quot;,&quot;alt&quot;:&quot;&quot;,&quot;caption&quot;:&quot;&quot;,&quot;itemprop&quot;:&quot;image&quot;},{&quot;src&quot;:&quot;https:\\\/\\\/i0.wp.com\\\/wp.ufpel.edu.br\\\/camu\\\/files\\\/2018\\\/03\\\/29542593_2089321531097889_5928238591095195096_n.jpg?fit=960%2C540\\u0026ssl=1&quot;,&quot;id&quot;:&quot;294&quot;,&quot;title&quot;:&quot;29542593_2089321531097889_5928238591095195096_n&quot;,&quot;alt&quot;:&quot;&quot;,&quot;caption&quot;:&quot;&quot;,&quot;itemprop&quot;:&quot;image&quot;},{&quot;src&quot;:&quot;https:\\\/\\\/i0.wp.com\\\/wp.ufpel.edu.br\\\/camu\\\/files\\\/2018\\\/03\\\/29541274_2089321481097894_3341235645628329729_n.jpg?fit=960%2C540\\u0026ssl=1&quot;,&quot;id&quot;:&quot;291&quot;,&quot;title&quot;:&quot;29541274_2089321481097894_3341235645628329729_n&quot;,&quot;alt&quot;:&quot;&quot;,&quot;caption&quot;:&quot;&quot;,&quot;itemprop&quot;:&quot;image&quot;},{&quot;src&quot;:&quot;https:\\\/\\\/i0.wp.com\\\/wp.ufpel.edu.br\\\/camu\\\/files\\\/2018\\\/03\\\/29541898_2089321654431210_6273098029111321504_n.jpg?fit=960%2C540\\u0026ssl=1&quot;,&quot;id&quot;:&quot;293&quot;,&quot;title&quot;:&quot;29541898_2089321654431210_6273098029111321504_n&quot;,&quot;alt&quot;:&quot;&quot;,&quot;caption&quot;:&quot;&quot;,&quot;itemprop&quot;:&quot;image&quot;},{&quot;src&quot;:&quot;https:\\\/\\\/i0.wp.com\\\/wp.ufpel.edu.br\\\/camu\\\/files\\\/2018\\\/03\\\/29570474_2089321581097884_4378020630621486106_n.jpg?fit=960%2C540\\u0026ssl=1&quot;,&quot;id&quot;:&quot;299&quot;,&quot;title&quot;:&quot;29570474_2089321581097884_4378020630621486106_n&quot;,&quot;alt&quot;:&quot;&quot;,&quot;caption&quot;:&quot;&quot;,&quot;itemprop&quot;:&quot;image&quot;},{&quot;src&quot;:&quot;https:\\\/\\\/i0.wp.com\\\/wp.ufpel.edu.br\\\/camu\\\/files\\\/2018\\\/03\\\/29570289_2089322767764432_286328656326562368_n.jpg?fit=960%2C540\\u0026ssl=1&quot;,&quot;id&quot;:&quot;298&quot;,&quot;title&quot;:&quot;29570289_2089322767764432_286328656326562368_n&quot;,&quot;alt&quot;:&quot;&quot;,&quot;caption&quot;:&quot;&quot;,&quot;itemprop&quot;:&quot;image&quot;},{&quot;src&quot;:&quot;https:\\\/\\\/i0.wp.com\\\/wp.ufpel.edu.br\\\/camu\\\/files\\\/2018\\\/03\\\/29683228_2089321877764521_3771207280647906673_n.jpg?fit=960%2C540\\u0026ssl=1&quot;,&quot;id&quot;:&quot;306&quot;,&quot;title&quot;:&quot;29683228_2089321877764521_3771207280647906673_n&quot;,&quot;alt&quot;:&quot;&quot;,&quot;caption&quot;:&quot;&quot;,&quot;itemprop&quot;:&quot;image&quot;},{&quot;src&quot;:&quot;https:\\\/\\\/i0.wp.com\\\/wp.ufpel.edu.br\\\/camu\\\/files\\\/2018\\\/03\\\/WP_20180326_10_04_16_Pro.jpg?fit=4208%2C2368\\u0026ssl=1&quot;,&quot;id&quot;:&quot;308&quot;,&quot;title&quot;:&quot;WP_20180326_10_04_16_Pro&quot;,&quot;alt&quot;:&quot;&quot;,&quot;caption&quot;:&quot;&quot;,&quot;itemprop&quot;:&quot;image&quot;},{&quot;src&quot;:&quot;https:\\\/\\\/i0.wp.com\\\/wp.ufpel.edu.br\\\/camu\\\/files\\\/2018\\\/03\\\/WP_20180326_12_06_57_Pro.jpg?fit=4208%2C2368\\u0026ssl=1&quot;,&quot;id&quot;:&quot;314&quot;,&quot;title&quot;:&quot;WP_20180326_12_06_57_Pro&quot;,&quot;alt&quot;:&quot;&quot;,&quot;caption&quot;:&quot;&quot;,&quot;itemprop&quot;:&quot;image&quot;},{&quot;src&quot;:&quot;https:\\\/\\\/i0.wp.com\\\/wp.ufpel.edu.br\\\/camu\\\/files\\\/2018\\\/03\\\/WP_20180326_11_29_53_Pro.jpg?fit=4208%2C2368\\u0026ssl=1&quot;,&quot;id&quot;:&quot;309&quot;,&quot;title&quot;:&quot;WP_20180326_11_29_53_Pro&quot;,&quot;alt&quot;:&quot;&quot;,&quot;caption&quot;:&quot;&quot;,&quot;itemprop&quot;:&quot;image&quot;},{&quot;src&quot;:&quot;https:\\\/\\\/i0.wp.com\\\/wp.ufpel.edu.br\\\/camu\\\/files\\\/2018\\\/03\\\/WP_20180326_11_30_06_Pro.jpg?fit=4208%2C2368\\u0026ssl=1&quot;,&quot;id&quot;:&quot;310&quot;,&quot;title&quot;:&quot;WP_20180326_11_30_06_Pro&quot;,&quot;alt&quot;:&quot;&quot;,&quot;caption&quot;:&quot;&quot;,&quot;itemprop&quot;:&quot;image&quot;},{&quot;src&quot;:&quot;https:\\\/\\\/i0.wp.com\\\/wp.ufpel.edu.br\\\/camu\\\/files\\\/2018\\\/03\\\/WP_20180326_11_30_12_Pro.jpg?fit=4208%2C2368\\u0026ssl=1&quot;,&quot;id&quot;:&quot;311&quot;,&quot;title&quot;:&quot;WP_20180326_11_30_12_Pro&quot;,&quot;alt&quot;:&quot;&quot;,&quot;caption&quot;:&quot;&quot;,&quot;itemprop&quot;:&quot;image&quot;},{&quot;src&quot;:&quot;https:\\\/\\\/i0.wp.com\\\/wp.ufpel.edu.br\\\/camu\\\/files\\\/2018\\\/03\\\/WP_20180326_11_30_20_Pro.jpg?fit=4208%2C2368\\u0026ssl=1&quot;,&quot;id&quot;:&quot;312&quot;,&quot;title&quot;:&quot;WP_20180326_11_30_20_Pro&quot;,&quot;alt&quot;:&quot;&quot;,&quot;caption&quot;:&quot;&quot;,&quot;itemprop&quot;:&quot;image&quot;},{&quot;src&quot;:&quot;https:\\\/\\\/i0.wp.com\\\/wp.ufpel.edu.br\\\/camu\\\/files\\\/2018\\\/03\\\/WP_20180326_11_31_13_Pro.jpg?fit=4208%2C2368\\u0026ssl=1&quot;,&quot;id&quot;:&quot;313&quot;,&quot;title&quot;:&quot;WP_20180326_11_31_13_Pro&quot;,&quot;alt&quot;:&quot;&quot;,&quot;caption&quot;:&quot;&quot;,&quot;itemprop&quot;:&quot;image&quot;}]\" itemscope itemtype=\"https:\/\/schema.org\/ImageGallery\"><\/div>\n<p>Cr\u00e9ditos aos fot\u00f3grafos Andr\u00e9a C Messias e Danilo A Rangel<\/p>\n<p>&nbsp;<\/p>\n","protected":false},"excerpt":{"rendered":"<p>O primeiro dia a Acolhida 2018 deu lugar a fala de recep\u00e7\u00e3o do CAMU; a apresenta\u00e7\u00e3o do Campus ll; a fala da coordena\u00e7\u00e3o pela Prof\u00aa Ms Sarah Maggitti; e apresenta\u00e7\u00e3o dos projetos de ensino, pesquisa e extens\u00e3o do curso com a presen\u00e7a da Prof\u00aa Dra Carla Rodrigues Gastaud, Prof\u00ba Dr Pedro Luis Machado Sanches, Prof\u00ba &hellip; <a href=\"https:\/\/wp.ufpel.edu.br\/camu\/dia-1\/\" class=\"more-link\">Continue lendo<span class=\"screen-reader-text\"> &#8220;Dia 26\/3&#8221;<\/span><\/a><\/p>\n","protected":false},"author":830,"featured_media":0,"parent":0,"menu_order":0,"comment_status":"closed","ping_status":"closed","template":"","meta":{"jetpack_post_was_ever_published":false,"footnotes":""},"class_list":["post-273","page","type-page","status-publish","hentry"],"jetpack_sharing_enabled":true,"jetpack_shortlink":"https:\/\/wp.me\/P9MPYQ-4p","jetpack_likes_enabled":true,"jetpack-related-posts":[],"_links":{"self":[{"href":"https:\/\/wp.ufpel.edu.br\/camu\/wp-json\/wp\/v2\/pages\/273","targetHints":{"allow":["GET"]}}],"collection":[{"href":"https:\/\/wp.ufpel.edu.br\/camu\/wp-json\/wp\/v2\/pages"}],"about":[{"href":"https:\/\/wp.ufpel.edu.br\/camu\/wp-json\/wp\/v2\/types\/page"}],"author":[{"embeddable":true,"href":"https:\/\/wp.ufpel.edu.br\/camu\/wp-json\/wp\/v2\/users\/830"}],"replies":[{"embeddable":true,"href":"https:\/\/wp.ufpel.edu.br\/camu\/wp-json\/wp\/v2\/comments?post=273"}],"version-history":[{"count":10,"href":"https:\/\/wp.ufpel.edu.br\/camu\/wp-json\/wp\/v2\/pages\/273\/revisions"}],"predecessor-version":[{"id":386,"href":"https:\/\/wp.ufpel.edu.br\/camu\/wp-json\/wp\/v2\/pages\/273\/revisions\/386"}],"wp:attachment":[{"href":"https:\/\/wp.ufpel.edu.br\/camu\/wp-json\/wp\/v2\/media?parent=273"}],"curies":[{"name":"wp","href":"https:\/\/api.w.org\/{rel}","templated":true}]}}