{"id":12,"date":"2018-03-21T20:29:46","date_gmt":"2018-03-21T23:29:46","guid":{"rendered":"https:\/\/wp.ufpel.edu.br\/camu\/?page_id=12"},"modified":"2018-03-22T12:10:59","modified_gmt":"2018-03-22T15:10:59","slug":"o-curso","status":"publish","type":"page","link":"https:\/\/wp.ufpel.edu.br\/camu\/o-curso\/","title":{"rendered":"O Curso"},"content":{"rendered":"<div class=\"tiled-gallery type-rectangular tiled-gallery-unresized\" data-original-width=\"840\" data-carousel-extra='{&quot;blog_id&quot;:855,&quot;permalink&quot;:&quot;https:\\\/\\\/wp.ufpel.edu.br\\\/camu\\\/o-curso\\\/&quot;,&quot;likes_blog_id&quot;:144626584}' itemscope itemtype=\"http:\/\/schema.org\/ImageGallery\" > <div class=\"gallery-row\" style=\"width: 840px; height: 525px;\" data-original-width=\"840\" data-original-height=\"525\" > <div class=\"gallery-group images-1\" style=\"width: 840px; height: 525px;\" data-original-width=\"840\" data-original-height=\"525\" > <div class=\"tiled-gallery-item tiled-gallery-item-large\" itemprop=\"associatedMedia\" itemscope itemtype=\"http:\/\/schema.org\/ImageObject\"> <a href=\"https:\/\/i0.wp.com\/wp.ufpel.edu.br\/camu\/files\/2018\/03\/logo-museologia.jpg?ssl=1\" border=\"0\" itemprop=\"url\"> <meta itemprop=\"width\" content=\"836\"> <meta itemprop=\"height\" content=\"521\"> <img decoding=\"async\" class=\"\" data-attachment-id=\"267\" data-orig-file=\"https:\/\/wp.ufpel.edu.br\/camu\/files\/2018\/03\/logo-museologia.jpg\" data-orig-size=\"215,134\" data-comments-opened=\"\" data-image-meta=\"{&quot;aperture&quot;:&quot;0&quot;,&quot;credit&quot;:&quot;Picasa 3.0&quot;,&quot;camera&quot;:&quot;&quot;,&quot;caption&quot;:&quot;&quot;,&quot;created_timestamp&quot;:&quot;0&quot;,&quot;copyright&quot;:&quot;&quot;,&quot;focal_length&quot;:&quot;0&quot;,&quot;iso&quot;:&quot;0&quot;,&quot;shutter_speed&quot;:&quot;0&quot;,&quot;title&quot;:&quot;&quot;,&quot;orientation&quot;:&quot;0&quot;}\" data-image-title=\"logo-museologia\" data-image-description=\"\" data-medium-file=\"https:\/\/i0.wp.com\/wp.ufpel.edu.br\/camu\/files\/2018\/03\/logo-museologia.jpg?fit=215%2C134&#038;ssl=1\" data-large-file=\"https:\/\/i0.wp.com\/wp.ufpel.edu.br\/camu\/files\/2018\/03\/logo-museologia.jpg?fit=215%2C134&#038;ssl=1\" src=\"https:\/\/i0.wp.com\/wp.ufpel.edu.br\/camu\/files\/2018\/03\/logo-museologia.jpg?w=836&#038;h=521&#038;ssl=1\" width=\"836\" height=\"521\" loading=\"lazy\" data-original-width=\"836\" data-original-height=\"521\" itemprop=\"http:\/\/schema.org\/image\" title=\"logo-museologia\" alt=\"logo-museologia\" style=\"width: 836px; height: 521px;\" \/> <\/a> <\/div> <\/div> <!-- close group --> <\/div> <!-- close row --> <\/div>\n<p style=\"text-align: justify\">A gradua\u00e7\u00e3o em Museologia da Universidade Federal de Pelotas foi criada pela portaria 1158 de 21 de agosto de 2006. Sendo o Curso\u00a0reconhecido pela Portaria n\u00ba 216 de 31\/10\/2012. O mesmo \u00e9 um bacharelado de oito semestres (quatro anos), conceito MEC 4 em 2016. A modalidade do curso \u00e9 presencial, de turno integral.\u00a0Pertence ao Instituto de Ci\u00eancias Humanas da UFPel, ligado ao Departamento de Museologia, Conserva\u00e7\u00e3o e Restaura\u00e7\u00e3o.<\/p>\n<p style=\"text-align: justify\">O ingresso para este d\u00e1-se por meio do SISU-ENEM e PAVE, no primeiro semestre do ano, com trinta vagas no total.<\/p>\n<p style=\"text-align: justify\">\u00a0Maiores informa\u00e7\u00f5es visita o site do Curso, clicando <a href=\"https:\/\/museologiaufpel.wordpress.com\/\">aqui,<\/a> ou o Instirucional UFPel, clicando <a href=\"https:\/\/institucional.ufpel.edu.br\/cursos\/cod\/5400\">aqui.<\/a><\/p>\n<p>&nbsp;<\/p>\n","protected":false},"excerpt":{"rendered":"<p>A gradua\u00e7\u00e3o em Museologia da Universidade Federal de Pelotas foi criada pela portaria 1158 de 21 de agosto de 2006. Sendo o Curso\u00a0reconhecido pela Portaria n\u00ba 216 de 31\/10\/2012. O mesmo \u00e9 um bacharelado de oito semestres (quatro anos), conceito MEC 4 em 2016. A modalidade do curso \u00e9 presencial, de turno integral.\u00a0Pertence ao Instituto &hellip; <a href=\"https:\/\/wp.ufpel.edu.br\/camu\/o-curso\/\" class=\"more-link\">Continue lendo<span class=\"screen-reader-text\"> &#8220;O Curso&#8221;<\/span><\/a><\/p>\n","protected":false},"author":830,"featured_media":0,"parent":0,"menu_order":0,"comment_status":"closed","ping_status":"closed","template":"","meta":{"jetpack_post_was_ever_published":false,"footnotes":""},"class_list":["post-12","page","type-page","status-publish","hentry"],"jetpack_sharing_enabled":true,"jetpack_shortlink":"https:\/\/wp.me\/P9MPYQ-c","jetpack_likes_enabled":true,"jetpack-related-posts":[],"_links":{"self":[{"href":"https:\/\/wp.ufpel.edu.br\/camu\/wp-json\/wp\/v2\/pages\/12","targetHints":{"allow":["GET"]}}],"collection":[{"href":"https:\/\/wp.ufpel.edu.br\/camu\/wp-json\/wp\/v2\/pages"}],"about":[{"href":"https:\/\/wp.ufpel.edu.br\/camu\/wp-json\/wp\/v2\/types\/page"}],"author":[{"embeddable":true,"href":"https:\/\/wp.ufpel.edu.br\/camu\/wp-json\/wp\/v2\/users\/830"}],"replies":[{"embeddable":true,"href":"https:\/\/wp.ufpel.edu.br\/camu\/wp-json\/wp\/v2\/comments?post=12"}],"version-history":[{"count":6,"href":"https:\/\/wp.ufpel.edu.br\/camu\/wp-json\/wp\/v2\/pages\/12\/revisions"}],"predecessor-version":[{"id":257,"href":"https:\/\/wp.ufpel.edu.br\/camu\/wp-json\/wp\/v2\/pages\/12\/revisions\/257"}],"wp:attachment":[{"href":"https:\/\/wp.ufpel.edu.br\/camu\/wp-json\/wp\/v2\/media?parent=12"}],"curies":[{"name":"wp","href":"https:\/\/api.w.org\/{rel}","templated":true}]}}