{"id":10,"date":"2018-03-21T20:29:41","date_gmt":"2018-03-21T23:29:41","guid":{"rendered":"https:\/\/wp.ufpel.edu.br\/camu\/?page_id=10"},"modified":"2018-03-22T10:47:28","modified_gmt":"2018-03-22T13:47:28","slug":"o-camu","status":"publish","type":"page","link":"https:\/\/wp.ufpel.edu.br\/camu\/o-camu\/","title":{"rendered":"O CAMU"},"content":{"rendered":"<p>O Centro Acad\u00eamico do Curso de Bacharelado em Museologia (CAMU) \u00e9 a entidade estudantil que representa os estudantes do curso, garantindo a participa\u00e7\u00e3o discente em inst\u00e2ncias decis\u00f3rias (Conselho Departamental, Colegiado e DCE).<\/p>\n<p>O Centro Acad\u00eamico \u00e9 um espa\u00e7o de congrega\u00e7\u00e3o estudantil que tem como objeto a integra\u00e7\u00e3o dos alunos no curso e na organiza\u00e7\u00e3o de eventos como Acolhida, Jornada Integrada, Encontro Nacional de Estudantes de Museologia (ENEMUs), Encontros Regionais de estudantes de Museologia (EREMUs) e etc.<\/p>\n","protected":false},"excerpt":{"rendered":"<p>O Centro Acad\u00eamico do Curso de Bacharelado em Museologia (CAMU) \u00e9 a entidade estudantil que representa os estudantes do curso, garantindo a participa\u00e7\u00e3o discente em inst\u00e2ncias decis\u00f3rias (Conselho Departamental, Colegiado e DCE). O Centro Acad\u00eamico \u00e9 um espa\u00e7o de congrega\u00e7\u00e3o estudantil que tem como objeto a integra\u00e7\u00e3o dos alunos no curso e na organiza\u00e7\u00e3o de &hellip; <a href=\"https:\/\/wp.ufpel.edu.br\/camu\/o-camu\/\" class=\"more-link\">Continue lendo<span class=\"screen-reader-text\"> &#8220;O CAMU&#8221;<\/span><\/a><\/p>\n","protected":false},"author":830,"featured_media":0,"parent":0,"menu_order":0,"comment_status":"closed","ping_status":"closed","template":"","meta":{"jetpack_post_was_ever_published":false,"footnotes":""},"class_list":["post-10","page","type-page","status-publish","hentry"],"jetpack_sharing_enabled":true,"jetpack_shortlink":"https:\/\/wp.me\/P9MPYQ-a","jetpack_likes_enabled":true,"jetpack-related-posts":[],"_links":{"self":[{"href":"https:\/\/wp.ufpel.edu.br\/camu\/wp-json\/wp\/v2\/pages\/10","targetHints":{"allow":["GET"]}}],"collection":[{"href":"https:\/\/wp.ufpel.edu.br\/camu\/wp-json\/wp\/v2\/pages"}],"about":[{"href":"https:\/\/wp.ufpel.edu.br\/camu\/wp-json\/wp\/v2\/types\/page"}],"author":[{"embeddable":true,"href":"https:\/\/wp.ufpel.edu.br\/camu\/wp-json\/wp\/v2\/users\/830"}],"replies":[{"embeddable":true,"href":"https:\/\/wp.ufpel.edu.br\/camu\/wp-json\/wp\/v2\/comments?post=10"}],"version-history":[{"count":3,"href":"https:\/\/wp.ufpel.edu.br\/camu\/wp-json\/wp\/v2\/pages\/10\/revisions"}],"predecessor-version":[{"id":222,"href":"https:\/\/wp.ufpel.edu.br\/camu\/wp-json\/wp\/v2\/pages\/10\/revisions\/222"}],"wp:attachment":[{"href":"https:\/\/wp.ufpel.edu.br\/camu\/wp-json\/wp\/v2\/media?parent=10"}],"curies":[{"name":"wp","href":"https:\/\/api.w.org\/{rel}","templated":true}]}}