{"id":49,"date":"2022-03-23T08:06:31","date_gmt":"2022-03-23T11:06:31","guid":{"rendered":"https:\/\/wp.ufpel.edu.br\/caminhografiaurbana\/?page_id=49"},"modified":"2023-11-11T09:40:58","modified_gmt":"2023-11-11T12:40:58","slug":"escrever","status":"publish","type":"page","link":"https:\/\/wp.ufpel.edu.br\/caminhografiaurbana\/escrever\/","title":{"rendered":"escrever"},"content":{"rendered":"<p><span style=\"color: #ff0000;\"><strong>participa\u00e7\u00e3o em pr\u00eamios<\/strong><\/span><\/p>\n<p><span style=\"font-size: 12pt;\"><strong>[2023]<\/strong><\/span><\/p>\n<p><span style=\"font-size: 10pt;\">ROCHA, E.; SANTOS, T. B. dos; Del FIOL, P. P. (2023). Caminhografia urbana. Pr\u00eamio Arquisur, Categora Investiga\u00e7\u00e3o: B,\u00a0 pesquisadores treinados (<a href=\"https:\/\/arquisur.org\/premios-2023\/\">https:\/\/arquisur.org\/premios\/premio-de-investigacao\/?lang=pt-br<\/a>).<\/span><\/p>\n<div style=\"width: 428px;\" class=\"wp-video\"><video class=\"wp-video-shortcode\" id=\"video-49-1\" width=\"428\" height=\"242\" preload=\"metadata\" controls=\"controls\"><source type=\"video\/mp4\" src=\"https:\/\/wp.ufpel.edu.br\/caminhografiaurbana\/files\/2023\/10\/Meu-Filme-Pequeno.mp4?_=1\" \/><a href=\"https:\/\/wp.ufpel.edu.br\/caminhografiaurbana\/files\/2023\/10\/Meu-Filme-Pequeno.mp4\">https:\/\/wp.ufpel.edu.br\/caminhografiaurbana\/files\/2023\/10\/Meu-Filme-Pequeno.mp4<\/a><\/video><\/div>\n<p><span style=\"color: #ff0000;\"><strong>artigos em peri\u00f3dicos<\/strong><\/span><\/p>\n<p><span style=\"font-size: 12pt;\"><strong>[2023]<\/strong><\/span><\/p>\n<p><span style=\"font-size: 10pt;\">ROCHA, E.; SANTOS, T. B. dos. (2023). <a href=\"https:\/\/vitruvius.com.br\/revistas\/read\/arquitextos\/24.281\/8923\">Como \u00e9 a Caminhografia Urbana? <\/a>Registrar, <\/span><span style=\"font-size: 10pt;\">jogar e criar na cidade. Arquitextos, 281, ano 24, S\u00e3o Paulo, out. 2023.<\/span><\/p>\n<p><span style=\"font-size: 10pt;\">ROCHA, E. (2023). TRANScidade: a caminhografia urbana no centro de Pelotas\/RS (em <\/span><span style=\"font-size: 10pt;\">avalia\u00e7\u00e3o na Urbe, https:\/\/www.scielo.br\/j\/urbe\/i\/2023.v15\/)<\/span><\/p>\n<p><span style=\"font-size: 10pt;\">ROCHA, E; SANTOS, T. B. dos. (2023). Caminhografia e Escrita-Coletiva: decolonizar <\/span><span style=\"font-size: 10pt;\">experi\u00eancias na cidade (em avalia\u00e7\u00e3o na POIESES, https:\/\/periodicos.uff.br\/poiesis<\/span><span style=\"font-size: 10pt;\">)<\/span><\/p>\n<p><span style=\"font-size: 10pt;\">ROCHA, E.; SANTOS, T. B. dos; Del FIOL, P. P. (2023). Registrar, Jogar e Criar: a <\/span><span style=\"font-size: 10pt;\">caminhografia nos processos de transcria\u00e7\u00e3o da cidade (em avalia\u00e7\u00e3o na GEARTE, <\/span><span style=\"font-size: 10pt;\">https:\/\/seer.ufrgs.br\/gearte)<\/span><\/p>\n<p><span style=\"font-size: 12pt;\"><strong>[2022]<\/strong><\/span><\/p>\n<p><span style=\"font-size: 10pt;\">DETONI, L. P.\u00a0;\u00a0ROCHA, E.\u00a0. Cidades pequenas: territ\u00f3rio de um devir menor na contemporaneidade. OCULUM ENSAIOS, v. 19, p. 1-24, 2022.<\/span><\/p>\n<p><span style=\"font-size: 10pt;\">PORTELA, L. D. ;\u00a0ROCHA, E.\u00a0. Povoado em Abandono: A polissemia de Cu\u00f1apir\u00fa\/Corrales no Uruguay. PIXO &#8211; revista de arquitetura, cidade e contemporaneidade, v. 6, p. 206-225, 2022.<\/span><\/p>\n<p><span style=\"font-size: 12pt;\"><strong>[2021]<\/strong><\/span><\/p>\n<p class=\"p1\"><span style=\"font-size: 10pt;\">FIOL, P. P.; ROCHA, E.; SANTOS, T. B.; FORNECK, V.; MARICATTO, I. <a href=\"http:\/\/https: \/\/periodicos.ufpel.edu.br\/ojs2\/index.php\/pixo\/article\/view\/21295\">Mapas e Rastros: a experi\u00eancia da caminhografia como m\u00e9todo virtual<\/a>. PIXO &#8211; revista de arquitetura, cidade e contemporaneidade. , v.18, p.230 &#8211; 247, 2021.<\/span><\/p>\n<p><strong>[2019]<\/strong><\/p>\n<p><span style=\"font-size: 10pt;\">ROCHA, E. <a href=\"http:\/\/www.vitruvius.com.br\/revistas\/read\/minhacidade\/19.228\/7436\">Roma tem\u00edvel. Por uma sinfonia dissonante da cidade e da hospitalidade<\/a>. MINHA CIDADE. , v.228.03, p.1-5, 2019.<\/span><\/p>\n<p class=\"p1\"><span style=\"font-size: 10pt;\">ROCHA, E.; MACHADO, V. <a href=\"http:\/\/https: \/\/periodicos.ufpel.edu.br\/ojs2\/index.php\/paralelo\/article\/view\/18686\">Caminhar em Roma: a experi\u00eancia de inscrever-se no selv\u00e1tico da cidade<\/a>. PARALELO 31. , v.1, p.8 -25, 2019.<\/span><\/p>\n<p><span style=\"font-size: 10pt;\">ROCHA, E.; RESENDE, Lorena. M.; <span class=\"s1\">DETONI, L. P.<\/span>; SANTOS, T. B.; FORNECK, V. <a href=\"http:\/\/www.nomads.usp.br\/virus\/virus19\/?sec=4&amp;item=8&amp;lang=pt\">Caminhar e Cartografar: travessia na fronteira Chu\u00ed-BR e Chuy-UY<\/a>. VIRUS. , v.19, p.1 &#8211; 11, 2019.<\/span><\/p>\n<p><span style=\"color: #ff0000;\"><strong>disserta\u00e7\u00f5es<\/strong><\/span><\/p>\n<p><span style=\"font-size: 12pt;\"><strong>[2023]<\/strong><\/span><\/p>\n<p><span style=\"font-size: 10pt;\">DEL FIOL, Paula Pedreira. Entre Galerias e a Rua: caminhografia urbana em Pelotas\/RS. Pelotas: PROGRAU\/UFPel, 2023. [disserta\u00e7\u00e3o de mestrado].<\/span><\/p>\n<p><span style=\"font-size: 10pt;\">FERREIRA, Lais Becker. Cidade entre Muros: caminhografia nas bordas de condom\u00ednios fechados de Pelotas. Pelotas: PROGRAU\/UFPel, 2023. [disserta\u00e7\u00e3o de mestrado].<\/span><\/p>\n<p><span style=\"font-size: 10pt;\">SILVA, Gabriele Vargas da. Grafitti e Produ\u00e7\u00e3o de Subjetividade: Cartografando di\u00e1logos sens\u00edveis atrav\u00e9s das obras de Gordo Muswieck. Pelotas: PROGRAU\/UFPel, 2023. [disserta\u00e7\u00e3o de mestrado].<\/span><\/p>\n<p><span style=\"font-size: 12pt;\"><strong>[2022]<\/strong><\/span><\/p>\n<p><span style=\"font-size: 10pt;\">MARICATTO, Isabella Khauam. <a href=\"https:\/\/drive.google.com\/file\/d\/1cYN-fOVH76G7pP8xP9uuopK9MXnLELLp\/view?usp=share_link\">Entre Cursos de um Arroio: cartografia urbana em devir terceira paisagem.<\/a> Pelotas: PROGRAU\/UFPel, 2022. [disserta\u00e7\u00e3o de mestrado].<\/span><\/p>\n<p><span style=\"font-size: 12pt;\"><strong>[2021]<\/strong><\/span><\/p>\n<p><span style=\"font-size: 10pt;\">FORNECK, Vanessa. <a href=\"https:\/\/drive.google.com\/file\/d\/18nwF9xy8DB_IvYp6qzINbwybn6LLsf1Z\/view?usp=sharing\">Abandono de Esta\u00e7\u00f5es F\u00e9rreas: cartografia sens\u00edvel na fronteira Brasil-Uruguay<\/a>. Pelotas: PROGRAU\/UFPel, 2021. [disserta\u00e7\u00e3o de mestrado].<\/span><\/p>\n<p><span style=\"font-size: 10pt;\">PORTELA, La\u00eds Dellinghausen. <a href=\"https:\/\/drive.google.com\/file\/d\/1oPwbroKD6TzYhvvx0G_ASVucf0c_cvzl\/view?usp=sharing\">Povoado em Abandono: a polissemia da paisagem contemporanea em Cu\u00f1apir\u00fa-Corrales no Uruguay<\/a>. Pelotas: PROGRAU\/UFPel, 2021. [disserta\u00e7\u00e3o de mestrado].<\/span><\/p>\n<p><span style=\"font-size: 10pt;\">SANTOS, Ta\u00eds Beltrame dos. <a href=\"https:\/\/drive.google.com\/file\/d\/17PtmZl73Z13HaWbG5pc3DqU7Lc38GDcM\/view?usp=sharing\">Seres Lentos e Vida Urbana: caminhografia pelas ruas de Montevideo, Porto Alegre e Pelotas<\/a>. Pelotas: PROGRAU\/UFPel, 2021. [disserta\u00e7\u00e3o de mestrado].<\/span><\/p>\n<p><span style=\"font-size: 10pt;\">SEBALHOS, Carolina Frasson. <a href=\"https:\/\/drive.google.com\/file\/d\/108eSif-raDHXSNrrhrkFzH8qQGuDyeQH\/view?usp=sharing\">Heterotopias na cidade: caminhografia do evento &#8220;Sof\u00e1 na Rua&#8221; em Pelotas<\/a>. Pelotas: PROGRAU\/UFPel, 2021. [disserta\u00e7\u00e3o de mestrado].<\/span><\/p>\n<p><span style=\"font-size: 12pt;\"><strong>[2020]<\/strong><\/span><\/p>\n<p><span style=\"font-size: 10pt;\">MACHADO, Valentina.\u00a0<a href=\"https:\/\/drive.google.com\/file\/d\/17Q2pOv1fKlaSrTOk5HoxW1iTfHxa_NGi\/view?usp=sharing\">O Arroio, a Rua, o Verde e a Vida: cartografia do caminhar nas bordas do arroio Pepino<\/a>.Pelotas: PROGRAU\/UFPel, 2020. [disserta\u00e7\u00e3o de mestrado].<\/span><\/p>\n<p><span style=\"font-size: 10pt;\">SANTOS, Shirley Terra Lara dos. <a href=\"https:\/\/drive.google.com\/open?id=1CK-gcT1_iQgV7-beRMECixQHYhbY9C52\">Narrativas Urbanas sobre o estar \u201cem \u00f4nibus\u201d: experi\u00eancia cartogr\u00e1fica feminista<\/a>. Pelotas: PROGRAU\/UFPel, 2020. [disserta\u00e7\u00e3o de mestrado].<\/span><\/p>\n<p><span style=\"font-size: 12pt;\"><strong>[2019]<\/strong><\/span><\/p>\n<p><span style=\"font-size: 10pt;\">RESENDE, Lorena Maia. <a href=\"http:\/\/Pelotas: PROGRAU\/UFPel, 2020. [disserta\u00e7\u00e3o de mestrado].\">Cartografia Urbana na Linha de Fronteira: travessias nas cidades-g\u00eameas Brasil-Uruguay<\/a>. Pelotas: PROGRAU\/UFPel, 2019. [disserta\u00e7\u00e3o de mestrado].<\/span><\/p>\n<p><span style=\"color: #ff0000;\"><strong>peri\u00f3dicos organizados<\/strong><\/span><\/p>\n<p><span style=\"font-size: 12pt;\"><strong>[2019-2020]<\/strong><\/span><\/p>\n<table style=\"border-collapse: collapse; width: 100%;\" border=\"1\">\n<tbody>\n<tr>\n<td style=\"width: 50%;\"><span style=\"font-family: inherit; font-size: 10pt;\"><a href=\"https:\/\/periodicos.ufpel.edu.br\/ojs2\/index.php\/pixo\/issue\/view\/939\"><img loading=\"lazy\" decoding=\"async\" class=\"alignleft wp-image-396 size-thumbnail\" src=\"https:\/\/wp.ufpel.edu.br\/caminhografiaurbana\/files\/2022\/03\/icones4-200x200.png\" alt=\"\" width=\"200\" height=\"200\" srcset=\"https:\/\/wp.ufpel.edu.br\/caminhografiaurbana\/files\/2022\/03\/icones4-200x200.png 200w, https:\/\/wp.ufpel.edu.br\/caminhografiaurbana\/files\/2022\/03\/icones4-400x400.png 400w, https:\/\/wp.ufpel.edu.br\/caminhografiaurbana\/files\/2022\/03\/icones4.png 512w\" sizes=\"auto, (max-width: 200px) 85vw, 200px\" \/><\/a>ROCHA, Eduardo; PAESE, Celma. <a href=\"https:\/\/periodicos.ufpel.edu.br\/ojs2\/index.php\/pixo\/issue\/view\/939\">Caminhografia Urbana I<\/a>. Pixo &#8211; revista de arquitetura, cidade e contemporaneidade, n.11, v.3. Pelotas: UFPel, 2019.<\/span><\/td>\n<td style=\"width: 50%;\"><span style=\"font-family: inherit; font-size: 10pt;\"><a href=\"https:\/\/periodicos.ufpel.edu.br\/ojs2\/index.php\/pixo\/issue\/view\/949\"><img loading=\"lazy\" decoding=\"async\" class=\"alignleft wp-image-377 size-thumbnail\" src=\"https:\/\/wp.ufpel.edu.br\/caminhografiaurbana\/files\/2022\/03\/40-200x200.png\" alt=\"\" width=\"200\" height=\"200\" srcset=\"https:\/\/wp.ufpel.edu.br\/caminhografiaurbana\/files\/2022\/03\/40-200x200.png 200w, https:\/\/wp.ufpel.edu.br\/caminhografiaurbana\/files\/2022\/03\/40-400x400.png 400w, https:\/\/wp.ufpel.edu.br\/caminhografiaurbana\/files\/2022\/03\/40.png 512w\" sizes=\"auto, (max-width: 200px) 85vw, 200px\" \/><\/a>ROCHA, Eduardo; PAESE, Celma. <a href=\"https:\/\/periodicos.ufpel.edu.br\/ojs2\/index.php\/pixo\/issue\/view\/949\">Caminhografia Urbana II<\/a>. Pixo &#8211; revista de arquitetura, cidade e contemporaneidade, n.12, v.4. Pelotas: UFPel, 2020.<\/span><\/td>\n<\/tr>\n<\/tbody>\n<\/table>\n<p><span style=\"color: #ff0000;\"><strong>anais de eventos<\/strong><\/span><\/p>\n<p><span style=\"font-size: 10pt;\"><span style=\"font-size: 12pt;\"><strong>[2021]<\/strong><\/span><\/span><\/p>\n<p><span style=\"font-size: 10pt;\">ALVES, A. X.; FIOL, P. P.; ROCHA, E. <a href=\"http:\/\/https: \/\/wp.ufpel.edu.br\/3ciecit\/pt\/2022\/03\/03\/livro-de-resumos-disponivelagora\/? fbclid=IwAR1mJhJUrPtFmS6a793ZkvbxTBGcjR9EvVqV3RPblSYvnkOEAOy6F-53cik\">Caminhografia Urbana: Encontrar, experimentar e escrever com a cidade<\/a>. In: 3o. CIE CIT, 2021, Pelotas. Anais do 3o. CIE CIT. Pelotas: UFPel, 2021. v.1. p.306 &#8211; 310.<\/span><\/p>\n<p><span style=\"font-size: 10pt;\">ROCHA, E.; PAESE, C.; MACHADO, V.; MARIANO, G.; DORFMAN, B. R.; FIORIN, E.; FUENTES, M.; SOUZA, L. R.; LIMA, C. H. M. <a href=\"http:\/\/enanparq2020.com.br\/wp-content\/uploads\/2021\/03\/VI-ENANPARQ_ANAIS-SESSOESLIVRES_ 24MAR21.pdf\">Caminhografia Urbana<\/a> .In: VI ENANPARQ, 2021. Anais do VI ENANPARQ. UNB, 2021. v.1. p.297 &#8211; 332.<\/span><\/p>\n<p class=\"p1\"><span style=\"font-size: 10pt;\">ROCHA, E.; MACHADO, V. <a href=\"http:\/\/enanparq2020.com.br\/wp-content\/uploads\/2021\/03\/VI-ENANPARQ_ANAIS-SESSOESLIVRES_ 24MAR21.pdf\">Caminhografia dos Encontros na Cidade<\/a>. In: VI ENANPARQ, 2021, Bras\u00edlia. Anais do VI ENANPARQ. Bras\u00edlia: UNB, 2021. v.1. p.302 &#8211; 307.<\/span><\/p>\n<p><span style=\"font-size: 10pt;\"><span style=\"font-size: 12pt;\"><strong>[2019]<\/strong><\/span><\/span><\/p>\n<p><span style=\"font-size: 10pt;\">MACHADO, V.; ROCHA, E. <a href=\"http:\/\/https: \/\/wp.ufpel.edu.br\/enpos\/anais\/anais-2019\/\">Caminhada e Mnemosyne: uma experi\u00eancia pelo selv\u00e1tico de Roma<\/a>. In: XXI ENPOS\/UFPel, 2019, Pelotas. Anais do XXI ENPOS\/UFPel. Pelotas: UFPel, 2019. v.1. p.1 &#8211; 5.<\/span><\/p>\n<p><span style=\"font-size: 10pt;\">SANTOS, T. B.; ROCHA, E. <a href=\"http:\/\/https: \/\/wp.ufpel.edu.br\/enpos\/anais\/anais-2019\/\">Seres Lentos e Vida Urbana: caminhgrafia pelas ruas de Porto Alegre, Montevideo e Buenos Aires<\/a>. In: XXI ENPOS\/UFPel, 2019, Pelotas.<\/span><\/p>\n<p><span style=\"color: #ff0000;\"><strong>cap\u00edtulos de livro<\/strong><\/span><\/p>\n<p><span style=\"font-size: 10pt;\"><span style=\"font-size: 12pt;\"><strong>[2024]<\/strong><\/span><\/span><\/p>\n<p><span style=\"font-size: 10pt;\">DEL FIOL, Paula Pedreira; ROCHA, E. Caminhografia urbana entre galerias e a rua<\/span><span style=\"font-size: 10pt;\">. In: Libro Experiencias Cartogr\u00e1ficas 2, Ediciones Margen, Buenos Aires [em edi\u00e7\u00e3o].<\/span><\/p>\n<p><span style=\"font-size: 10pt;\">ROCHA, E.; SANTOS, Ta\u00eds Beltrame dos \u00bfC\u00f3mo es la Caminograf\u00eda Urbana? Registrar, jugar y crear en la ciudad<\/span><span style=\"font-size: 10pt;\">. In: Libro Experiencias Cartogr\u00e1ficas 2, Ediciones Margen, Buenos Aires [em edi\u00e7\u00e3o].<\/span><\/p>\n<p><span style=\"font-size: 10pt;\">ROCHA, E.; SANTOS, Ta\u00eds Beltrame dos; DEL FIOL, Paula Pedreira. Caminhografia Urbana: experimentando a cidade de forma criativa e imersiva. In: Metodologias inovadoras: a\u00e7\u00f5es de ensino, extens\u00e3o, pesquisa e inova\u00e7\u00e3o na UFPel, Editora da UFPel, Pelotas [em edi\u00e7\u00e3o].<\/span><\/p>\n<p><span style=\"color: #ff0000;\"><strong>livros<\/strong><\/span><\/p>\n<p><span style=\"font-size: 10pt;\"><span style=\"font-size: 12pt;\"><strong>[2024]<\/strong><\/span><\/span><\/p>\n<p><span style=\"font-size: 10pt;\">ROCHA, Eduardo; DEL FIOL, Paula Pedreira [orgs.]. Conversas sobre Caminhografia Urbana. Pelotas, Editora da UFPel [em edi\u00e7\u00e3o].<\/span><\/p>\n<p><span style=\"font-size: 10pt;\">ROCHA, Eduardo; SANTOS, Ta\u00eds Beltrame dos; CLASEN, Carolina Mesquita [orgs.]. Verbol\u00e1rio da Caminhografia Urbana. Pelotas, Editora da UFPel [em edi\u00e7\u00e3o].<\/span><\/p>\n","protected":false},"excerpt":{"rendered":"<p>participa\u00e7\u00e3o em pr\u00eamios [2023] ROCHA, E.; SANTOS, T. B. dos; Del FIOL, P. P. (2023). Caminhografia urbana. Pr\u00eamio Arquisur, Categora Investiga\u00e7\u00e3o: B,\u00a0 pesquisadores treinados (https:\/\/arquisur.org\/premios\/premio-de-investigacao\/?lang=pt-br). artigos em peri\u00f3dicos [2023] ROCHA, E.; SANTOS, T. B. dos. (2023). Como \u00e9 a Caminhografia Urbana? Registrar, jogar e criar na cidade. Arquitextos, 281, ano 24, S\u00e3o Paulo, out. 2023. &hellip; <a href=\"https:\/\/wp.ufpel.edu.br\/caminhografiaurbana\/escrever\/\" class=\"more-link\">Continue lendo<span class=\"screen-reader-text\"> &#8220;escrever&#8221;<\/span><\/a><\/p>\n","protected":false},"author":716,"featured_media":0,"parent":0,"menu_order":0,"comment_status":"closed","ping_status":"closed","template":"","meta":{"footnotes":""},"class_list":["post-49","page","type-page","status-publish","hentry"],"_links":{"self":[{"href":"https:\/\/wp.ufpel.edu.br\/caminhografiaurbana\/wp-json\/wp\/v2\/pages\/49","targetHints":{"allow":["GET"]}}],"collection":[{"href":"https:\/\/wp.ufpel.edu.br\/caminhografiaurbana\/wp-json\/wp\/v2\/pages"}],"about":[{"href":"https:\/\/wp.ufpel.edu.br\/caminhografiaurbana\/wp-json\/wp\/v2\/types\/page"}],"author":[{"embeddable":true,"href":"https:\/\/wp.ufpel.edu.br\/caminhografiaurbana\/wp-json\/wp\/v2\/users\/716"}],"replies":[{"embeddable":true,"href":"https:\/\/wp.ufpel.edu.br\/caminhografiaurbana\/wp-json\/wp\/v2\/comments?post=49"}],"version-history":[{"count":71,"href":"https:\/\/wp.ufpel.edu.br\/caminhografiaurbana\/wp-json\/wp\/v2\/pages\/49\/revisions"}],"predecessor-version":[{"id":1758,"href":"https:\/\/wp.ufpel.edu.br\/caminhografiaurbana\/wp-json\/wp\/v2\/pages\/49\/revisions\/1758"}],"wp:attachment":[{"href":"https:\/\/wp.ufpel.edu.br\/caminhografiaurbana\/wp-json\/wp\/v2\/media?parent=49"}],"curies":[{"name":"wp","href":"https:\/\/api.w.org\/{rel}","templated":true}]}}