{"id":478,"date":"2022-03-28T13:34:36","date_gmt":"2022-03-28T16:34:36","guid":{"rendered":"https:\/\/wp.ufpel.edu.br\/caminhografiaurbana\/?page_id=478"},"modified":"2022-11-12T08:06:44","modified_gmt":"2022-11-12T11:06:44","slug":"filmes-2","status":"publish","type":"page","link":"https:\/\/wp.ufpel.edu.br\/caminhografiaurbana\/filmes-2\/","title":{"rendered":"filmes"},"content":{"rendered":"<p><a href=\"https:\/\/www.youtube.com\/watch?v=mTWns8ACYDU\">Abeced\u00e1rio Virginia Kastrup: cartografias da inven\u00e7\u00e3o [entrevista]<\/a><\/p>\n<p><a href=\"https:\/\/www.youtube.com\/channel\/UCDuLlC84tl61hCBMcijKM5A\">Canal Revista Pixo [v\u00eddeos diversos]<\/a><\/p>\n<p><a href=\"https:\/\/m.facebook.com\/Deleuze-Modos-de-Usar-101019808325084\/videos\/deleuze-e-a-cartografia-prof-dr-luciano-bedin\/1213882688967107\/\">Deleuze e Cartografia [entrevista com Luciano Bedin]<\/a><\/p>\n<p><a href=\"https:\/\/www.youtube.com\/watch?v=aOtjxIhDKuc\">ENANPARQ, Sess\u00e3o Livre 17: caminhografia urbana [apresenta\u00e7\u00f5es]<\/a><\/p>\n<p><a href=\"https:\/\/www.youtube.com\/watch?v=EQ_up-BGvdE\">Ensuciarse la lengua [filme de Jorge Larossa Bondia]<\/a><\/p>\n<p><a href=\"https:\/\/www.youtube.com\/playlist?list=PLST4zdr192bnF_5iCkAkxtIvduxK7fvgk\">La piel de la ciudad<\/a><\/p>\n<p><a href=\"https:\/\/www.youtube.com\/watch?v=GjsRiQB_5DY\">Narciso no Espelho do Seculo XXI [entrevista com Suely Rolnik]<\/a><\/p>\n<p><a href=\"https:\/\/www.youtube.com\/watch?v=g-Sco1Jnmcg\">O Anjo da Hist\u00f3ria e a Queda do C\u00e9u [fala de Paola Jacques]<\/a><\/p>\n<p><a href=\"https:\/\/www.youtube.com\/watch?v=7-YaLUd0vrQ\">O Corpo Encantado das Ruas [fala de Guilherme Visnik]<\/a><\/p>\n<p><a href=\"https:\/\/www.youtube.com\/watch?v=QNrXkFWtL2s\">Subjetividade contempor\u00e2nea: crise da identidade moderna [entrevista com Suely Rolnik]<\/a><\/p>\n","protected":false},"excerpt":{"rendered":"<p>Abeced\u00e1rio Virginia Kastrup: cartografias da inven\u00e7\u00e3o [entrevista] Canal Revista Pixo [v\u00eddeos diversos] Deleuze e Cartografia [entrevista com Luciano Bedin] ENANPARQ, Sess\u00e3o Livre 17: caminhografia urbana [apresenta\u00e7\u00f5es] Ensuciarse la lengua [filme de Jorge Larossa Bondia] La piel de la ciudad Narciso no Espelho do Seculo XXI [entrevista com Suely Rolnik] O Anjo da Hist\u00f3ria e a &hellip; <a href=\"https:\/\/wp.ufpel.edu.br\/caminhografiaurbana\/filmes-2\/\" class=\"more-link\">Continue lendo<span class=\"screen-reader-text\"> &#8220;filmes&#8221;<\/span><\/a><\/p>\n","protected":false},"author":716,"featured_media":0,"parent":0,"menu_order":0,"comment_status":"closed","ping_status":"closed","template":"","meta":{"footnotes":""},"class_list":["post-478","page","type-page","status-publish","hentry"],"_links":{"self":[{"href":"https:\/\/wp.ufpel.edu.br\/caminhografiaurbana\/wp-json\/wp\/v2\/pages\/478","targetHints":{"allow":["GET"]}}],"collection":[{"href":"https:\/\/wp.ufpel.edu.br\/caminhografiaurbana\/wp-json\/wp\/v2\/pages"}],"about":[{"href":"https:\/\/wp.ufpel.edu.br\/caminhografiaurbana\/wp-json\/wp\/v2\/types\/page"}],"author":[{"embeddable":true,"href":"https:\/\/wp.ufpel.edu.br\/caminhografiaurbana\/wp-json\/wp\/v2\/users\/716"}],"replies":[{"embeddable":true,"href":"https:\/\/wp.ufpel.edu.br\/caminhografiaurbana\/wp-json\/wp\/v2\/comments?post=478"}],"version-history":[{"count":14,"href":"https:\/\/wp.ufpel.edu.br\/caminhografiaurbana\/wp-json\/wp\/v2\/pages\/478\/revisions"}],"predecessor-version":[{"id":1633,"href":"https:\/\/wp.ufpel.edu.br\/caminhografiaurbana\/wp-json\/wp\/v2\/pages\/478\/revisions\/1633"}],"wp:attachment":[{"href":"https:\/\/wp.ufpel.edu.br\/caminhografiaurbana\/wp-json\/wp\/v2\/media?parent=478"}],"curies":[{"name":"wp","href":"https:\/\/api.w.org\/{rel}","templated":true}]}}