{"id":40,"date":"2022-03-23T08:03:41","date_gmt":"2022-03-23T11:03:41","guid":{"rendered":"https:\/\/wp.ufpel.edu.br\/caminhografiaurbana\/?page_id=40"},"modified":"2023-08-26T08:44:23","modified_gmt":"2023-08-26T11:44:23","slug":"caminhografs","status":"publish","type":"page","link":"https:\/\/wp.ufpel.edu.br\/caminhografiaurbana\/caminhografs\/","title":{"rendered":"caminh\u00f3graf@s"},"content":{"rendered":"<p>&nbsp;<\/p>\n<table style=\"border-collapse: collapse; width: 100%;\" border=\"1\">\n<tbody>\n<tr>\n<td style=\"width: 25%;\">\n<p style=\"text-align: left;\"><a href=\"http:\/\/lattes.cnpq.br\/6927803856702261\"><span style=\"font-size: 12pt;\"><strong style=\"font-family: inherit;\"><img loading=\"lazy\" decoding=\"async\" class=\"alignnone wp-image-730 size-thumbnail\" src=\"https:\/\/wp.ufpel.edu.br\/caminhografiaurbana\/files\/2022\/04\/icones12-200x200.png\" alt=\"\" width=\"200\" height=\"200\" srcset=\"https:\/\/wp.ufpel.edu.br\/caminhografiaurbana\/files\/2022\/04\/icones12-200x200.png 200w, https:\/\/wp.ufpel.edu.br\/caminhografiaurbana\/files\/2022\/04\/icones12-400x400.png 400w, https:\/\/wp.ufpel.edu.br\/caminhografiaurbana\/files\/2022\/04\/icones12.png 512w\" sizes=\"auto, (max-width: 200px) 85vw, 200px\" \/><\/strong><\/span><\/a><\/p>\n<p style=\"text-align: left;\"><span style=\"font-size: 12pt;\"><strong style=\"font-family: inherit;\">Edu Rocha<\/strong><\/span><\/p>\n<\/td>\n<td style=\"width: 25%;\"><span style=\"font-size: 12pt;\"><strong><a href=\"http:\/\/lattes.cnpq.br\/6555196497786606\"><img loading=\"lazy\" decoding=\"async\" class=\"wp-image-165 size-thumbnail alignnone\" src=\"https:\/\/wp.ufpel.edu.br\/caminhografiaurbana\/files\/2022\/03\/icones1-200x200.png\" alt=\"\" width=\"200\" height=\"200\" srcset=\"https:\/\/wp.ufpel.edu.br\/caminhografiaurbana\/files\/2022\/03\/icones1-200x200.png 200w, https:\/\/wp.ufpel.edu.br\/caminhografiaurbana\/files\/2022\/03\/icones1-400x400.png 400w, https:\/\/wp.ufpel.edu.br\/caminhografiaurbana\/files\/2022\/03\/icones1.png 512w\" sizes=\"auto, (max-width: 200px) 85vw, 200px\" \/><\/a><\/strong><\/span><\/p>\n<p style=\"text-align: left;\"><span style=\"font-size: 12pt;\"><strong>Aline dos Santos<\/strong><\/span><\/p>\n<\/td>\n<td style=\"width: 25%; text-align: center;\"><a href=\"http:\/\/lattes.cnpq.br\/3518247831840336\"><img loading=\"lazy\" decoding=\"async\" class=\"wp-image-269 size-thumbnail alignnone\" src=\"https:\/\/wp.ufpel.edu.br\/caminhografiaurbana\/files\/2022\/03\/32-200x200.png\" alt=\"\" width=\"200\" height=\"200\" srcset=\"https:\/\/wp.ufpel.edu.br\/caminhografiaurbana\/files\/2022\/03\/32-200x200.png 200w, https:\/\/wp.ufpel.edu.br\/caminhografiaurbana\/files\/2022\/03\/32-400x400.png 400w, https:\/\/wp.ufpel.edu.br\/caminhografiaurbana\/files\/2022\/03\/32.png 512w\" sizes=\"auto, (max-width: 200px) 85vw, 200px\" \/><\/a><\/p>\n<p style=\"text-align: left;\"><span style=\"font-size: 12pt;\"><strong style=\"font-family: inherit;\">Alissa Alves<\/strong><\/span><\/p>\n<\/td>\n<\/tr>\n<tr style=\"height: 258px;\">\n<td style=\"width: 25%; height: 258px;\">\n<p style=\"text-align: left;\"><span style=\"font-size: 12pt;\"><strong><a href=\"http:\/\/lattes.cnpq.br\/0936370369588492\"><img loading=\"lazy\" decoding=\"async\" class=\"alignnone wp-image-256 size-thumbnail\" src=\"https:\/\/wp.ufpel.edu.br\/caminhografiaurbana\/files\/2022\/03\/19-200x200.png\" alt=\"\" width=\"200\" height=\"200\" srcset=\"https:\/\/wp.ufpel.edu.br\/caminhografiaurbana\/files\/2022\/03\/19-200x200.png 200w, https:\/\/wp.ufpel.edu.br\/caminhografiaurbana\/files\/2022\/03\/19-400x400.png 400w, https:\/\/wp.ufpel.edu.br\/caminhografiaurbana\/files\/2022\/03\/19.png 512w\" sizes=\"auto, (max-width: 200px) 85vw, 200px\" \/><\/a><\/strong><\/span><\/p>\n<p style=\"text-align: left;\"><span style=\"font-size: 12pt;\"><strong>Carolina Sebalhos<\/strong><\/span><\/p>\n<\/td>\n<td style=\"width: 25%; height: 258px;\">\n<p style=\"text-align: left;\"><strong><img loading=\"lazy\" decoding=\"async\" class=\"alignnone wp-image-268 size-thumbnail\" src=\"https:\/\/wp.ufpel.edu.br\/caminhografiaurbana\/files\/2022\/03\/31-200x200.png\" alt=\"\" width=\"200\" height=\"200\" srcset=\"https:\/\/wp.ufpel.edu.br\/caminhografiaurbana\/files\/2022\/03\/31-200x200.png 200w, https:\/\/wp.ufpel.edu.br\/caminhografiaurbana\/files\/2022\/03\/31-400x400.png 400w, https:\/\/wp.ufpel.edu.br\/caminhografiaurbana\/files\/2022\/03\/31.png 512w\" sizes=\"auto, (max-width: 200px) 85vw, 200px\" \/><\/strong><\/p>\n<p style=\"text-align: left;\"><strong>Carolina Clasen<\/strong><\/p>\n<\/td>\n<td style=\"width: 25%; height: 258px;\"><a href=\"http:\/\/lattes.cnpq.br\/9914484256929938\"><img loading=\"lazy\" decoding=\"async\" class=\"wp-image-498 size-thumbnail alignnone\" src=\"https:\/\/wp.ufpel.edu.br\/caminhografiaurbana\/files\/2022\/03\/icones-1-200x200.png\" alt=\"\" width=\"200\" height=\"200\" srcset=\"https:\/\/wp.ufpel.edu.br\/caminhografiaurbana\/files\/2022\/03\/icones-1-200x200.png 200w, https:\/\/wp.ufpel.edu.br\/caminhografiaurbana\/files\/2022\/03\/icones-1-400x400.png 400w, https:\/\/wp.ufpel.edu.br\/caminhografiaurbana\/files\/2022\/03\/icones-1.png 512w\" sizes=\"auto, (max-width: 200px) 85vw, 200px\" \/><\/a><\/p>\n<p style=\"text-align: left;\"><strong>Celma Paese<\/strong><\/p>\n<\/td>\n<\/tr>\n<tr style=\"height: 253px;\">\n<td style=\"width: 25%; height: 253px;\"><a href=\"http:\/\/lattes.cnpq.br\/4370655117255320\"><img loading=\"lazy\" decoding=\"async\" class=\"wp-image-258 size-thumbnail alignnone\" src=\"https:\/\/wp.ufpel.edu.br\/caminhografiaurbana\/files\/2022\/03\/21-200x200.png\" alt=\"\" width=\"200\" height=\"200\" srcset=\"https:\/\/wp.ufpel.edu.br\/caminhografiaurbana\/files\/2022\/03\/21-200x200.png 200w, https:\/\/wp.ufpel.edu.br\/caminhografiaurbana\/files\/2022\/03\/21-400x400.png 400w, https:\/\/wp.ufpel.edu.br\/caminhografiaurbana\/files\/2022\/03\/21.png 512w\" sizes=\"auto, (max-width: 200px) 85vw, 200px\" \/><\/a><\/p>\n<p class=\"p1\" style=\"text-align: left;\"><strong>Eduardo Silva<\/strong><\/p>\n<\/td>\n<td style=\"width: 25%; height: 253px;\"><img loading=\"lazy\" decoding=\"async\" class=\"alignnone size-thumbnail wp-image-1715\" src=\"https:\/\/wp.ufpel.edu.br\/caminhografiaurbana\/files\/2023\/08\/83-200x200.png\" alt=\"\" width=\"200\" height=\"200\" srcset=\"https:\/\/wp.ufpel.edu.br\/caminhografiaurbana\/files\/2023\/08\/83-200x200.png 200w, https:\/\/wp.ufpel.edu.br\/caminhografiaurbana\/files\/2023\/08\/83-400x400.png 400w, https:\/\/wp.ufpel.edu.br\/caminhografiaurbana\/files\/2023\/08\/83.png 512w\" sizes=\"auto, (max-width: 200px) 85vw, 200px\" \/><\/p>\n<p style=\"text-align: left;\"><strong>Gabriela Droppa<\/strong><\/p>\n<\/td>\n<td style=\"width: 25%; height: 253px;\"><a href=\"http:\/\/lattes.cnpq.br\/1357310785652267\"><img loading=\"lazy\" decoding=\"async\" class=\"wp-image-267 size-thumbnail alignnone\" src=\"https:\/\/wp.ufpel.edu.br\/caminhografiaurbana\/files\/2022\/03\/30-200x200.png\" alt=\"\" width=\"200\" height=\"200\" srcset=\"https:\/\/wp.ufpel.edu.br\/caminhografiaurbana\/files\/2022\/03\/30-200x200.png 200w, https:\/\/wp.ufpel.edu.br\/caminhografiaurbana\/files\/2022\/03\/30-400x400.png 400w, https:\/\/wp.ufpel.edu.br\/caminhografiaurbana\/files\/2022\/03\/30.png 512w\" sizes=\"auto, (max-width: 200px) 85vw, 200px\" \/><\/a><\/p>\n<p style=\"text-align: left;\"><strong>Gabriele Vargas\u00a0<\/strong><\/p>\n<\/td>\n<\/tr>\n<tr style=\"height: 253px;\">\n<td style=\"width: 25%; height: 253px;\"><img loading=\"lazy\" decoding=\"async\" class=\"alignnone size-thumbnail wp-image-1614\" src=\"https:\/\/wp.ufpel.edu.br\/caminhografiaurbana\/files\/2022\/10\/icones-200x200.png\" alt=\"\" width=\"200\" height=\"200\" srcset=\"https:\/\/wp.ufpel.edu.br\/caminhografiaurbana\/files\/2022\/10\/icones-200x200.png 200w, https:\/\/wp.ufpel.edu.br\/caminhografiaurbana\/files\/2022\/10\/icones-400x400.png 400w, https:\/\/wp.ufpel.edu.br\/caminhografiaurbana\/files\/2022\/10\/icones.png 512w\" sizes=\"auto, (max-width: 200px) 85vw, 200px\" \/><\/p>\n<p class=\"p1\" style=\"text-align: left;\"><strong>Gianluca Perseu<\/strong><\/p>\n<\/td>\n<td style=\"width: 25%; height: 253px; text-align: left;\"><a href=\"http:\/\/lattes.cnpq.br\/1523111032869374\"><img loading=\"lazy\" decoding=\"async\" class=\"wp-image-266 size-thumbnail alignnone\" src=\"https:\/\/wp.ufpel.edu.br\/caminhografiaurbana\/files\/2022\/03\/29-200x200.png\" alt=\"\" width=\"200\" height=\"200\" srcset=\"https:\/\/wp.ufpel.edu.br\/caminhografiaurbana\/files\/2022\/03\/29-200x200.png 200w, https:\/\/wp.ufpel.edu.br\/caminhografiaurbana\/files\/2022\/03\/29-400x400.png 400w, https:\/\/wp.ufpel.edu.br\/caminhografiaurbana\/files\/2022\/03\/29.png 512w\" sizes=\"auto, (max-width: 200px) 85vw, 200px\" \/><\/a><\/p>\n<p class=\"p1\" style=\"text-align: left;\"><strong>Isabella Maricatto<\/strong><\/p>\n<\/td>\n<td style=\"width: 25%; height: 253px; text-align: left;\"><a href=\"http:\/\/lattes.cnpq.br\/7636216741003653\"><img loading=\"lazy\" decoding=\"async\" class=\"wp-image-265 size-thumbnail alignnone\" src=\"https:\/\/wp.ufpel.edu.br\/caminhografiaurbana\/files\/2022\/03\/28-200x200.png\" alt=\"\" width=\"200\" height=\"200\" srcset=\"https:\/\/wp.ufpel.edu.br\/caminhografiaurbana\/files\/2022\/03\/28-200x200.png 200w, https:\/\/wp.ufpel.edu.br\/caminhografiaurbana\/files\/2022\/03\/28-400x400.png 400w, https:\/\/wp.ufpel.edu.br\/caminhografiaurbana\/files\/2022\/03\/28.png 512w\" sizes=\"auto, (max-width: 200px) 85vw, 200px\" \/><\/a><\/p>\n<p class=\"p1\" style=\"text-align: left;\"><strong>Jordana Berchon<\/strong><\/p>\n<\/td>\n<\/tr>\n<tr style=\"height: 253px;\">\n<td style=\"width: 25%; height: 253px;\">\n<p><strong><a href=\"http:\/\/lattes.cnpq.br\/4423929174426414\"><img loading=\"lazy\" decoding=\"async\" class=\"wp-image-264 size-thumbnail alignnone\" src=\"https:\/\/wp.ufpel.edu.br\/caminhografiaurbana\/files\/2022\/03\/27-200x200.png\" alt=\"\" width=\"200\" height=\"200\" srcset=\"https:\/\/wp.ufpel.edu.br\/caminhografiaurbana\/files\/2022\/03\/27-200x200.png 200w, https:\/\/wp.ufpel.edu.br\/caminhografiaurbana\/files\/2022\/03\/27-400x400.png 400w, https:\/\/wp.ufpel.edu.br\/caminhografiaurbana\/files\/2022\/03\/27.png 512w\" sizes=\"auto, (max-width: 200px) 85vw, 200px\" \/><\/a><\/strong><\/p>\n<p><strong>La\u00eds Becker<\/strong><strong>\u00a0<\/strong><\/td>\n<td style=\"width: 25%; height: 253px;\">\n<p><a href=\"http:\/\/lattes.cnpq.br\/6234575036510146\"><img loading=\"lazy\" decoding=\"async\" class=\"wp-image-263 size-thumbnail alignnone\" src=\"https:\/\/wp.ufpel.edu.br\/caminhografiaurbana\/files\/2022\/03\/26-200x200.png\" alt=\"\" width=\"200\" height=\"200\" srcset=\"https:\/\/wp.ufpel.edu.br\/caminhografiaurbana\/files\/2022\/03\/26-200x200.png 200w, https:\/\/wp.ufpel.edu.br\/caminhografiaurbana\/files\/2022\/03\/26-400x400.png 400w, https:\/\/wp.ufpel.edu.br\/caminhografiaurbana\/files\/2022\/03\/26.png 512w\" sizes=\"auto, (max-width: 200px) 85vw, 200px\" \/><\/a><\/p>\n<p><strong>La\u00eds Portela<\/strong><\/td>\n<td style=\"width: 25%; height: 253px;\"><a href=\"http:\/\/lattes.cnpq.br\/6006656146616887\"><img loading=\"lazy\" decoding=\"async\" class=\"wp-image-262 size-thumbnail alignnone\" src=\"https:\/\/wp.ufpel.edu.br\/caminhografiaurbana\/files\/2022\/03\/25-200x200.png\" alt=\"\" width=\"200\" height=\"200\" srcset=\"https:\/\/wp.ufpel.edu.br\/caminhografiaurbana\/files\/2022\/03\/25-200x200.png 200w, https:\/\/wp.ufpel.edu.br\/caminhografiaurbana\/files\/2022\/03\/25-400x400.png 400w, https:\/\/wp.ufpel.edu.br\/caminhografiaurbana\/files\/2022\/03\/25.png 512w\" sizes=\"auto, (max-width: 200px) 85vw, 200px\" \/><\/a><\/p>\n<p class=\"p1\" style=\"text-align: left;\"><strong>Lorena Resende<\/strong><\/p>\n<\/td>\n<\/tr>\n<tr style=\"height: 253px;\">\n<td style=\"width: 25%; height: 253px;\"><a href=\"http:\/\/lattes.cnpq.br\/1703526475128461\"><img loading=\"lazy\" decoding=\"async\" class=\"wp-image-261 size-thumbnail alignnone\" src=\"https:\/\/wp.ufpel.edu.br\/caminhografiaurbana\/files\/2022\/03\/24-200x200.png\" alt=\"\" width=\"200\" height=\"200\" srcset=\"https:\/\/wp.ufpel.edu.br\/caminhografiaurbana\/files\/2022\/03\/24-200x200.png 200w, https:\/\/wp.ufpel.edu.br\/caminhografiaurbana\/files\/2022\/03\/24-400x400.png 400w, https:\/\/wp.ufpel.edu.br\/caminhografiaurbana\/files\/2022\/03\/24.png 512w\" sizes=\"auto, (max-width: 200px) 85vw, 200px\" \/><\/a><\/p>\n<p class=\"p1\" style=\"text-align: left;\"><strong>Luana Detoni<\/strong><\/p>\n<\/td>\n<td style=\"width: 25%; height: 253px;\"><img loading=\"lazy\" decoding=\"async\" class=\"alignnone size-thumbnail wp-image-1717\" src=\"https:\/\/wp.ufpel.edu.br\/caminhografiaurbana\/files\/2023\/08\/84-200x200.png\" alt=\"\" width=\"200\" height=\"200\" srcset=\"https:\/\/wp.ufpel.edu.br\/caminhografiaurbana\/files\/2023\/08\/84-200x200.png 200w, https:\/\/wp.ufpel.edu.br\/caminhografiaurbana\/files\/2023\/08\/84-400x400.png 400w, https:\/\/wp.ufpel.edu.br\/caminhografiaurbana\/files\/2023\/08\/84.png 512w\" sizes=\"auto, (max-width: 200px) 85vw, 200px\" \/><\/p>\n<p class=\"p1\" style=\"text-align: left;\"><strong>Ot\u00e1vio Gigante<\/strong><\/p>\n<\/td>\n<td style=\"width: 25%; height: 253px;\"><a href=\"http:\/\/lattes.cnpq.br\/9683397709080939\"><img loading=\"lazy\" decoding=\"async\" class=\"wp-image-260 size-thumbnail alignnone\" src=\"https:\/\/wp.ufpel.edu.br\/caminhografiaurbana\/files\/2022\/03\/23-200x200.png\" alt=\"\" width=\"200\" height=\"200\" srcset=\"https:\/\/wp.ufpel.edu.br\/caminhografiaurbana\/files\/2022\/03\/23-200x200.png 200w, https:\/\/wp.ufpel.edu.br\/caminhografiaurbana\/files\/2022\/03\/23-400x400.png 400w, https:\/\/wp.ufpel.edu.br\/caminhografiaurbana\/files\/2022\/03\/23.png 512w\" sizes=\"auto, (max-width: 200px) 85vw, 200px\" \/><\/a><\/p>\n<p class=\"p1\" style=\"text-align: left;\"><strong>Paula Del Fiol<\/strong><\/p>\n<\/td>\n<\/tr>\n<tr>\n<td style=\"width: 25%;\"><a href=\"http:\/\/lattes.cnpq.br\/0702035357125121\"><img loading=\"lazy\" decoding=\"async\" class=\"wp-image-259 size-thumbnail alignnone\" src=\"https:\/\/wp.ufpel.edu.br\/caminhografiaurbana\/files\/2022\/03\/22-200x200.png\" alt=\"\" width=\"200\" height=\"200\" srcset=\"https:\/\/wp.ufpel.edu.br\/caminhografiaurbana\/files\/2022\/03\/22-200x200.png 200w, https:\/\/wp.ufpel.edu.br\/caminhografiaurbana\/files\/2022\/03\/22-400x400.png 400w, https:\/\/wp.ufpel.edu.br\/caminhografiaurbana\/files\/2022\/03\/22.png 512w\" sizes=\"auto, (max-width: 200px) 85vw, 200px\" \/><\/a><\/p>\n<p class=\"p1\" style=\"text-align: left;\"><strong>Rafaela Pinho<\/strong><\/p>\n<\/td>\n<td style=\"width: 25%;\"><img loading=\"lazy\" decoding=\"async\" class=\"alignnone size-thumbnail wp-image-1719\" src=\"https:\/\/wp.ufpel.edu.br\/caminhografiaurbana\/files\/2023\/08\/icones-200x200.png\" alt=\"\" width=\"200\" height=\"200\" srcset=\"https:\/\/wp.ufpel.edu.br\/caminhografiaurbana\/files\/2023\/08\/icones-200x200.png 200w, https:\/\/wp.ufpel.edu.br\/caminhografiaurbana\/files\/2023\/08\/icones-400x400.png 400w, https:\/\/wp.ufpel.edu.br\/caminhografiaurbana\/files\/2023\/08\/icones.png 512w\" sizes=\"auto, (max-width: 200px) 85vw, 200px\" \/><\/p>\n<p class=\"p1\" style=\"text-align: left;\"><strong>Renata Zchornack<\/strong><\/p>\n<\/td>\n<td style=\"width: 25%;\"><a href=\"http:\/\/lattes.cnpq.br\/7512537877937928\"><img loading=\"lazy\" decoding=\"async\" class=\"wp-image-257 size-thumbnail alignnone\" src=\"https:\/\/wp.ufpel.edu.br\/caminhografiaurbana\/files\/2022\/03\/20-200x200.png\" alt=\"\" width=\"200\" height=\"200\" srcset=\"https:\/\/wp.ufpel.edu.br\/caminhografiaurbana\/files\/2022\/03\/20-200x200.png 200w, https:\/\/wp.ufpel.edu.br\/caminhografiaurbana\/files\/2022\/03\/20-400x400.png 400w, https:\/\/wp.ufpel.edu.br\/caminhografiaurbana\/files\/2022\/03\/20.png 512w\" sizes=\"auto, (max-width: 200px) 85vw, 200px\" \/><\/a><\/p>\n<p class=\"p1\" style=\"text-align: left;\"><strong>Shirley dos Santos<\/strong><\/p>\n<\/td>\n<\/tr>\n<tr>\n<td style=\"width: 25%;\"><a href=\"http:\/\/lattes.cnpq.br\/9571277459347727\"><img loading=\"lazy\" decoding=\"async\" class=\"wp-image-255 size-thumbnail alignnone\" src=\"https:\/\/wp.ufpel.edu.br\/caminhografiaurbana\/files\/2022\/03\/18-200x200.png\" alt=\"\" width=\"200\" height=\"200\" srcset=\"https:\/\/wp.ufpel.edu.br\/caminhografiaurbana\/files\/2022\/03\/18-200x200.png 200w, https:\/\/wp.ufpel.edu.br\/caminhografiaurbana\/files\/2022\/03\/18-400x400.png 400w, https:\/\/wp.ufpel.edu.br\/caminhografiaurbana\/files\/2022\/03\/18.png 512w\" sizes=\"auto, (max-width: 200px) 85vw, 200px\" \/><\/a><\/p>\n<p class=\"p1\" style=\"text-align: left;\"><strong>Ta\u00eds Beltrame<\/strong><\/p>\n<\/td>\n<td style=\"width: 25%;\"><a href=\"http:\/\/lattes.cnpq.br\/1900819855594576\"><img loading=\"lazy\" decoding=\"async\" class=\"wp-image-254 size-thumbnail alignnone\" src=\"https:\/\/wp.ufpel.edu.br\/caminhografiaurbana\/files\/2022\/03\/17-200x200.png\" alt=\"\" width=\"200\" height=\"200\" srcset=\"https:\/\/wp.ufpel.edu.br\/caminhografiaurbana\/files\/2022\/03\/17-200x200.png 200w, https:\/\/wp.ufpel.edu.br\/caminhografiaurbana\/files\/2022\/03\/17-400x400.png 400w, https:\/\/wp.ufpel.edu.br\/caminhografiaurbana\/files\/2022\/03\/17.png 512w\" sizes=\"auto, (max-width: 200px) 85vw, 200px\" \/><\/a><\/p>\n<p class=\"p1\" style=\"text-align: left;\"><strong>Valentina Machado<\/strong><\/p>\n<\/td>\n<td style=\"width: 25%;\"><a href=\"http:\/\/lattes.cnpq.br\/0939617393016155\"><img loading=\"lazy\" decoding=\"async\" class=\"wp-image-253 size-thumbnail alignnone\" src=\"https:\/\/wp.ufpel.edu.br\/caminhografiaurbana\/files\/2022\/03\/16-200x200.png\" alt=\"\" width=\"200\" height=\"200\" srcset=\"https:\/\/wp.ufpel.edu.br\/caminhografiaurbana\/files\/2022\/03\/16-200x200.png 200w, https:\/\/wp.ufpel.edu.br\/caminhografiaurbana\/files\/2022\/03\/16-400x400.png 400w, https:\/\/wp.ufpel.edu.br\/caminhografiaurbana\/files\/2022\/03\/16.png 512w\" sizes=\"auto, (max-width: 200px) 85vw, 200px\" \/><\/a><\/p>\n<p class=\"p1\" style=\"text-align: left;\"><strong>Vanessa Forneck<\/strong><\/p>\n<\/td>\n<\/tr>\n<\/tbody>\n<\/table>\n<p><strong style=\"color: #ff0000; font-size: 14pt;\">coopera\u00e7\u00f5es\u00a0<\/strong><\/p>\n<p><strong><a href=\"http:\/\/lattes.cnpq.br\/5204931161666059\">Ana Clara Correa Henning<\/a><\/strong> [PPGD\/UFPel-Brasil]<\/p>\n<p><a href=\"http:\/\/lattes.cnpq.br\/4414871540948735\"><strong>C\u00edntia Vieira Essinger<\/strong><\/a> [PROPLAN\/UFPel-Brasil]<\/p>\n<p class=\"p1\"><a href=\"http:\/\/lattes.cnpq.br\/8576013096415713\"><strong>Emanuela Di Felice <\/strong><\/a>[Universitad Catolica de Valpara\u00edso-Chile\/UFPel-Brasil]<\/p>\n<p class=\"p1\"><a href=\"http:\/\/lattes.cnpq.br\/3852560888851492\"><strong>Fernando\u00a0 Fu\u00e3o<\/strong><\/a> [PROPAR\/UFRGS-Brasil]<\/p>\n<p><a href=\"https:\/\/www.uniroma3.it\/en\/persone\/dk9PcHBHcm84NGx1OHVJZGNkZldEZEV6YmhBbHdlRHVrekM2a0ZrV3hxST0=\/\"><strong>Francesco Careri <\/strong><\/a>[Universit\u00e0 degli Studi Roma Tre-It\u00e1lia]<\/p>\n<p class=\"p1\"><a href=\"https:\/\/conicet-ar.academia.edu\/jmdieztetamanti\/CurriculumVitae\"><strong>Juan Manuel\u00a0 Tetamanti <\/strong><\/a>[Universidad Nacional de la Patagonia San Juan Bosco-Argentina]<\/p>\n<p class=\"p1\"><a href=\"https:\/\/www.brookes.ac.uk\/templates\/pages\/staff.aspx?uid=p0025983\"><strong>Laura Novo de Azevedo <\/strong><\/a>[Oxford Brookes University-UK]<\/p>\n<p><strong><a href=\"http:\/\/lattes.cnpq.br\/5251871279558601\">Maur\u00edcio Polidori<\/a> <\/strong>[PROGRAU\/UFPel-Brasil]<\/p>\n<p><strong><a href=\"http:\/\/lattes.cnpq.br\/3623706033011018\">Ot\u00e1vio Martins Peres<\/a> <\/strong>[UFPel-Brasil]<\/p>\n","protected":false},"excerpt":{"rendered":"<p>&nbsp; Edu Rocha Aline dos Santos Alissa Alves Carolina Sebalhos Carolina Clasen Celma Paese Eduardo Silva Gabriela Droppa Gabriele Vargas\u00a0 Gianluca Perseu Isabella Maricatto Jordana Berchon La\u00eds Becker\u00a0 La\u00eds Portela Lorena Resende Luana Detoni Ot\u00e1vio Gigante Paula Del Fiol Rafaela Pinho Renata Zchornack Shirley dos Santos Ta\u00eds Beltrame Valentina Machado Vanessa Forneck coopera\u00e7\u00f5es\u00a0 Ana Clara &hellip; <a href=\"https:\/\/wp.ufpel.edu.br\/caminhografiaurbana\/caminhografs\/\" class=\"more-link\">Continue lendo<span class=\"screen-reader-text\"> &#8220;caminh\u00f3graf@s&#8221;<\/span><\/a><\/p>\n","protected":false},"author":716,"featured_media":0,"parent":0,"menu_order":0,"comment_status":"closed","ping_status":"closed","template":"","meta":{"footnotes":""},"class_list":["post-40","page","type-page","status-publish","hentry"],"_links":{"self":[{"href":"https:\/\/wp.ufpel.edu.br\/caminhografiaurbana\/wp-json\/wp\/v2\/pages\/40","targetHints":{"allow":["GET"]}}],"collection":[{"href":"https:\/\/wp.ufpel.edu.br\/caminhografiaurbana\/wp-json\/wp\/v2\/pages"}],"about":[{"href":"https:\/\/wp.ufpel.edu.br\/caminhografiaurbana\/wp-json\/wp\/v2\/types\/page"}],"author":[{"embeddable":true,"href":"https:\/\/wp.ufpel.edu.br\/caminhografiaurbana\/wp-json\/wp\/v2\/users\/716"}],"replies":[{"embeddable":true,"href":"https:\/\/wp.ufpel.edu.br\/caminhografiaurbana\/wp-json\/wp\/v2\/comments?post=40"}],"version-history":[{"count":126,"href":"https:\/\/wp.ufpel.edu.br\/caminhografiaurbana\/wp-json\/wp\/v2\/pages\/40\/revisions"}],"predecessor-version":[{"id":1720,"href":"https:\/\/wp.ufpel.edu.br\/caminhografiaurbana\/wp-json\/wp\/v2\/pages\/40\/revisions\/1720"}],"wp:attachment":[{"href":"https:\/\/wp.ufpel.edu.br\/caminhografiaurbana\/wp-json\/wp\/v2\/media?parent=40"}],"curies":[{"name":"wp","href":"https:\/\/api.w.org\/{rel}","templated":true}]}}