{"id":330,"date":"2022-03-26T10:04:27","date_gmt":"2022-03-26T13:04:27","guid":{"rendered":"https:\/\/wp.ufpel.edu.br\/caminhografiaurbana\/?page_id=330"},"modified":"2022-12-18T10:38:31","modified_gmt":"2022-12-18T13:38:31","slug":"teoria-da-arquitetura","status":"publish","type":"page","link":"https:\/\/wp.ufpel.edu.br\/caminhografiaurbana\/teoria-da-arquitetura\/","title":{"rendered":"teoria I"},"content":{"rendered":"<p>Atividades desenvolvidas na disciplina &#8220;<a href=\"https:\/\/wp.ufpel.edu.br\/atlasdearquitetura\/\">Teoria e Hist\u00f3ria I: arquitetura e urbanismo na contemporaneidade<\/a>&#8220;, da Faculdade de Arquitetura e Urbanismo (<a href=\"https:\/\/wp.ufpel.edu.br\/faurb\/\">FAUrb<\/a>), da Universidade Federal de Pelotas <a href=\"https:\/\/portal.ufpel.edu.br\/\">(UFPel<\/a>).<\/p>\n<p><a href=\"https:\/\/wp.ufpel.edu.br\/atlasdearquitetura\/\" target=\"_blank\" rel=\"noopener\"><img loading=\"lazy\" decoding=\"async\" class=\"alignleft wp-image-507 size-thumbnail\" src=\"https:\/\/wp.ufpel.edu.br\/caminhografiaurbana\/files\/2022\/03\/icones8-200x200.png\" alt=\"\" width=\"200\" height=\"200\" srcset=\"https:\/\/wp.ufpel.edu.br\/caminhografiaurbana\/files\/2022\/03\/icones8-200x200.png 200w, https:\/\/wp.ufpel.edu.br\/caminhografiaurbana\/files\/2022\/03\/icones8-400x400.png 400w, https:\/\/wp.ufpel.edu.br\/caminhografiaurbana\/files\/2022\/03\/icones8.png 512w\" sizes=\"auto, (max-width: 200px) 85vw, 200px\" \/><\/a><strong>[2022]<\/strong><\/p>\n<p><span style=\"color: #ff0000;\"><strong>Caminhografia no Bairro Porto<\/strong><\/span><\/p>\n<p>No 2<sup>o<\/sup>. semestre de 2022, foram realizadas\u00a0 4 caminhografias urbanas, pelo bairro Porto, na cidade de Pelotas, entre os meses de agosto e setembro. S\u00e3o ao todo 37 caminhografos, estudantes &#8211; do primeiro semestre do Curso de Arquitetura e Urbanismo, professor e estagi\u00e1rias docenetes. Todo o material coletado nas caminhografias foi depositado no\u00a0 drive da disciplina. Como reflex\u00e3o foram implementados mapas na plataforma My Maps Google.<\/p>\n<p><strong>Caminhogr\u00e1fos: <\/strong>Eduardo Rocha, Carolina Falc\u00e3o, Gabriele Vargas, \u00c1lvaro Henrique Ormonde Ferreira, Ana Clara Rodeghiero Nascimento, Ana Luiza Cassalta de Toledo, Beatriz de Oliveira Brum, Damille Aranha Souza, Denilson Rosa da Silva, Gabriel da Silva Araujo, Giovanni Fagundes Braga, Helena Guimar\u00e3es Alves , Iara Giroldo, Isabela Fischer de Melo, Isadora Rodrigues de Lima, Izabela Louzada de Oliveira, Jo\u00e3o Victor Ribeiro Baptista, Kamile Bernardes Marques , Larissa Mesquita da Silva , Lauren Botelho Espilma, Leonardo Perachi Polese, Leonardo Silva Vaz, Lucas Duarte dos Passos, Lucas Vidal Afonso, Mariana Medeiros Gon\u00e7alves, Matheus da Rosa Dias Martins, Matheus Oliveira de Oliveira, Milena Rheinheimer Vieira, Murilo Takeshi Dantas Oikawa, Rafaela Froes Braga, Raul da Costa Setim, Rayssa de Farias da Silva, Thamires da Silva Lopes, Vitoria Correa da Rosa, Waleska Loretto Teixeira e Withney Schwanke Coelho.<\/p>\n<p><strong>caminhografia 1 [ <span class=\"d2edcug0 hpfvmrgz qv66sw1b c1et5uql b0tq1wua a8c37x1j fe6kdd0r mau55g9w c8b282yb keod5gw0 nxhoafnm aigsh9s9 d9wwppkn hrzyx87i jq4qci2q a3bd9o3v b1v8xokw oo9gr5id\" dir=\"auto\"><span class=\"d2edcug0 hpfvmrgz qv66sw1b c1et5uql b0tq1wua jq4qci2q a3bd9o3v b1v8xokw oo9gr5id\"><b>10h00min, dia 18\/08<\/b><\/span><\/span>]- Encontrar um lugar no Porto!<\/strong><\/p>\n<p><strong>caminhografia 2 [ <span class=\"d2edcug0 hpfvmrgz qv66sw1b c1et5uql b0tq1wua a8c37x1j fe6kdd0r mau55g9w c8b282yb keod5gw0 nxhoafnm aigsh9s9 d9wwppkn hrzyx87i jq4qci2q a3bd9o3v b1v8xokw oo9gr5id\" dir=\"auto\"><span class=\"d2edcug0 hpfvmrgz qv66sw1b c1et5uql b0tq1wua jq4qci2q a3bd9o3v b1v8xokw oo9gr5id\"><b>10h00min, dia 25\/08<\/b><\/span><\/span>]- Um trajeto no Porto.<\/strong><\/p>\n<p><strong>caminhografia 3 [ <span class=\"d2edcug0 hpfvmrgz qv66sw1b c1et5uql b0tq1wua a8c37x1j fe6kdd0r mau55g9w c8b282yb keod5gw0 nxhoafnm aigsh9s9 d9wwppkn hrzyx87i jq4qci2q a3bd9o3v b1v8xokw oo9gr5id\" dir=\"auto\"><span class=\"d2edcug0 hpfvmrgz qv66sw1b c1et5uql b0tq1wua jq4qci2q a3bd9o3v b1v8xokw oo9gr5id\"><b>10h00min, dia 01\/09<\/b><\/span><\/span>]- Territ\u00f3rio de interven\u00e7\u00e3o.<\/strong><\/p>\n<p><strong>caminhografia 4 [ <span class=\"d2edcug0 hpfvmrgz qv66sw1b c1et5uql b0tq1wua a8c37x1j fe6kdd0r mau55g9w c8b282yb keod5gw0 nxhoafnm aigsh9s9 d9wwppkn hrzyx87i jq4qci2q a3bd9o3v b1v8xokw oo9gr5id\" dir=\"auto\"><span class=\"d2edcug0 hpfvmrgz qv66sw1b c1et5uql b0tq1wua jq4qci2q a3bd9o3v b1v8xokw oo9gr5id\"><b>10h00min, dia 08\/09<\/b><\/span><\/span>]- <em>Grafitti.<\/em><\/strong><\/p>\n<h3 id=\"sectionid-169605-title\" class=\"sectionname\"><\/h3>\n<p><iframe loading=\"lazy\" src=\"https:\/\/www.google.com\/maps\/d\/u\/0\/embed?mid=1cV0erKYqBNjnvtgRY9dM2T_nD90te4g&amp;ehbc=2E312F\" width=\"640\" height=\"480\"><\/iframe><\/p>\n","protected":false},"excerpt":{"rendered":"<p>Atividades desenvolvidas na disciplina &#8220;Teoria e Hist\u00f3ria I: arquitetura e urbanismo na contemporaneidade&#8220;, da Faculdade de Arquitetura e Urbanismo (FAUrb), da Universidade Federal de Pelotas (UFPel). [2022] Caminhografia no Bairro Porto No 2o. semestre de 2022, foram realizadas\u00a0 4 caminhografias urbanas, pelo bairro Porto, na cidade de Pelotas, entre os meses de agosto e setembro. &hellip; <a href=\"https:\/\/wp.ufpel.edu.br\/caminhografiaurbana\/teoria-da-arquitetura\/\" class=\"more-link\">Continue lendo<span class=\"screen-reader-text\"> &#8220;teoria I&#8221;<\/span><\/a><\/p>\n","protected":false},"author":716,"featured_media":0,"parent":0,"menu_order":0,"comment_status":"closed","ping_status":"closed","template":"","meta":{"footnotes":""},"class_list":["post-330","page","type-page","status-publish","hentry"],"_links":{"self":[{"href":"https:\/\/wp.ufpel.edu.br\/caminhografiaurbana\/wp-json\/wp\/v2\/pages\/330","targetHints":{"allow":["GET"]}}],"collection":[{"href":"https:\/\/wp.ufpel.edu.br\/caminhografiaurbana\/wp-json\/wp\/v2\/pages"}],"about":[{"href":"https:\/\/wp.ufpel.edu.br\/caminhografiaurbana\/wp-json\/wp\/v2\/types\/page"}],"author":[{"embeddable":true,"href":"https:\/\/wp.ufpel.edu.br\/caminhografiaurbana\/wp-json\/wp\/v2\/users\/716"}],"replies":[{"embeddable":true,"href":"https:\/\/wp.ufpel.edu.br\/caminhografiaurbana\/wp-json\/wp\/v2\/comments?post=330"}],"version-history":[{"count":18,"href":"https:\/\/wp.ufpel.edu.br\/caminhografiaurbana\/wp-json\/wp\/v2\/pages\/330\/revisions"}],"predecessor-version":[{"id":1695,"href":"https:\/\/wp.ufpel.edu.br\/caminhografiaurbana\/wp-json\/wp\/v2\/pages\/330\/revisions\/1695"}],"wp:attachment":[{"href":"https:\/\/wp.ufpel.edu.br\/caminhografiaurbana\/wp-json\/wp\/v2\/media?parent=330"}],"curies":[{"name":"wp","href":"https:\/\/api.w.org\/{rel}","templated":true}]}}