{"id":188,"date":"2022-03-23T17:12:16","date_gmt":"2022-03-23T20:12:16","guid":{"rendered":"https:\/\/wp.ufpel.edu.br\/caminhografiaurbana\/?page_id=188"},"modified":"2022-08-13T08:41:22","modified_gmt":"2022-08-13T11:41:22","slug":"prograu","status":"publish","type":"page","link":"https:\/\/wp.ufpel.edu.br\/caminhografiaurbana\/prograu\/","title":{"rendered":"prograu"},"content":{"rendered":"<p><img loading=\"lazy\" decoding=\"async\" class=\"alignleft wp-image-1489 size-thumbnail\" src=\"https:\/\/wp.ufpel.edu.br\/caminhografiaurbana\/files\/2022\/08\/63-200x200.png\" alt=\"\" width=\"200\" height=\"200\" srcset=\"https:\/\/wp.ufpel.edu.br\/caminhografiaurbana\/files\/2022\/08\/63-200x200.png 200w, https:\/\/wp.ufpel.edu.br\/caminhografiaurbana\/files\/2022\/08\/63-400x400.png 400w, https:\/\/wp.ufpel.edu.br\/caminhografiaurbana\/files\/2022\/08\/63.png 512w\" sizes=\"auto, (max-width: 200px) 85vw, 200px\" \/>Atividades desenvolvidas na disciplina &#8220;caminhografia urbana&#8221;, do Programa de P\u00f3s-gradua\u00e7\u00e3o em Arquitetura e Urbanismo (<a href=\"https:\/\/wp.ufpel.edu.br\/prograu\/\">PROGRAU<\/a>), da Universidade Federal de Pelotas (<a href=\"https:\/\/portal.ufpel.edu.br\/\">UFPel<\/a>). Durante os anos de <a href=\"https:\/\/wp.ufpel.edu.br\/caminhografiaurbana\/prograu-2019\/\" target=\"_blank\" rel=\"noopener\">2019<\/a> e <a href=\"https:\/\/wp.ufpel.edu.br\/caminhografiaurbana\/prograu-2022\/\" target=\"_blank\" rel=\"noopener\">2022<\/a>.<\/p>\n","protected":false},"excerpt":{"rendered":"<p>Atividades desenvolvidas na disciplina &#8220;caminhografia urbana&#8221;, do Programa de P\u00f3s-gradua\u00e7\u00e3o em Arquitetura e Urbanismo (PROGRAU), da Universidade Federal de Pelotas (UFPel). Durante os anos de 2019 e 2022.<\/p>\n","protected":false},"author":716,"featured_media":0,"parent":0,"menu_order":0,"comment_status":"closed","ping_status":"closed","template":"","meta":{"footnotes":""},"class_list":["post-188","page","type-page","status-publish","hentry"],"_links":{"self":[{"href":"https:\/\/wp.ufpel.edu.br\/caminhografiaurbana\/wp-json\/wp\/v2\/pages\/188","targetHints":{"allow":["GET"]}}],"collection":[{"href":"https:\/\/wp.ufpel.edu.br\/caminhografiaurbana\/wp-json\/wp\/v2\/pages"}],"about":[{"href":"https:\/\/wp.ufpel.edu.br\/caminhografiaurbana\/wp-json\/wp\/v2\/types\/page"}],"author":[{"embeddable":true,"href":"https:\/\/wp.ufpel.edu.br\/caminhografiaurbana\/wp-json\/wp\/v2\/users\/716"}],"replies":[{"embeddable":true,"href":"https:\/\/wp.ufpel.edu.br\/caminhografiaurbana\/wp-json\/wp\/v2\/comments?post=188"}],"version-history":[{"count":128,"href":"https:\/\/wp.ufpel.edu.br\/caminhografiaurbana\/wp-json\/wp\/v2\/pages\/188\/revisions"}],"predecessor-version":[{"id":1528,"href":"https:\/\/wp.ufpel.edu.br\/caminhografiaurbana\/wp-json\/wp\/v2\/pages\/188\/revisions\/1528"}],"wp:attachment":[{"href":"https:\/\/wp.ufpel.edu.br\/caminhografiaurbana\/wp-json\/wp\/v2\/media?parent=188"}],"curies":[{"name":"wp","href":"https:\/\/api.w.org\/{rel}","templated":true}]}}