{"id":187,"date":"2022-03-23T17:12:16","date_gmt":"2022-03-23T20:12:16","guid":{"rendered":"https:\/\/wp.ufpel.edu.br\/caminhografiaurbana\/?page_id=187"},"modified":"2022-12-19T07:19:43","modified_gmt":"2022-12-19T10:19:43","slug":"faurb-no-bairro","status":"publish","type":"page","link":"https:\/\/wp.ufpel.edu.br\/caminhografiaurbana\/faurb-no-bairro\/","title":{"rendered":"faurb no bairro"},"content":{"rendered":"<p>Atividades desenvolvidas junto ao projeto de extens\u00e3o &#8220;<a href=\"https:\/\/wp.ufpel.edu.br\/faurbnobairro\/\">FAUrb no Bairro<\/a>&#8220;, da Faculdade de Arquitetura e Urbanismo (<a href=\"https:\/\/wp.ufpel.edu.br\/faurb\/\">FAUrb<\/a>), da Universidade Federal de Pelotas (<a href=\"https:\/\/portal.ufpel.edu.br\/\">UFPel<\/a>).<\/p>\n<p><a href=\"https:\/\/wp.ufpel.edu.br\/faurbnobairro\/\"><img loading=\"lazy\" decoding=\"async\" class=\"alignleft wp-image-501 size-thumbnail\" src=\"https:\/\/wp.ufpel.edu.br\/caminhografiaurbana\/files\/2022\/03\/icones6-200x200.png\" alt=\"\" width=\"200\" height=\"200\" srcset=\"https:\/\/wp.ufpel.edu.br\/caminhografiaurbana\/files\/2022\/03\/icones6-200x200.png 200w, https:\/\/wp.ufpel.edu.br\/caminhografiaurbana\/files\/2022\/03\/icones6-400x400.png 400w, https:\/\/wp.ufpel.edu.br\/caminhografiaurbana\/files\/2022\/03\/icones6.png 512w\" sizes=\"auto, (max-width: 200px) 85vw, 200px\" \/><\/a><\/p>\n<p><strong>[2022]<\/strong><\/p>\n<p><span style=\"color: #ff0000;\"><strong>Caminhografia no Bairro Porto<\/strong><\/span><\/p>\n<p>Caminhografias realizadas junto ao projeto de extens\u00e3o FAUrb no Bairro, junto a turma de Requisitos Curriculares de Extens\u00e3o e Bolsistas.<\/p>\n<p>Divida em tr\u00eas fases: Registrar, Ouvir e Criar.<\/p>\n<p><strong>Caminhogr\u00e1fos: <\/strong>Edu Rocha, Rafaela Etges, Jordana Berchon, Paula Vendrusculo, Isabella Dal Ri, Paula Del Fiol, Isabela Ribeiro, Igor Muller e Branda Bonini.<\/p>\n<p><strong>caminhografia 1 [ <span class=\"d2edcug0 hpfvmrgz qv66sw1b c1et5uql b0tq1wua a8c37x1j fe6kdd0r mau55g9w c8b282yb keod5gw0 nxhoafnm aigsh9s9 d9wwppkn hrzyx87i jq4qci2q a3bd9o3v b1v8xokw oo9gr5id\" dir=\"auto\"><span class=\"d2edcug0 hpfvmrgz qv66sw1b c1et5uql b0tq1wua jq4qci2q a3bd9o3v b1v8xokw oo9gr5id\"><b>13h00min, dia 18\/08<\/b><\/span><\/span>]- Registrar o Bairro Porto<\/strong><\/p>\n<p><strong>caminhografia 2 [ <span class=\"d2edcug0 hpfvmrgz qv66sw1b c1et5uql b0tq1wua a8c37x1j fe6kdd0r mau55g9w c8b282yb keod5gw0 nxhoafnm aigsh9s9 d9wwppkn hrzyx87i jq4qci2q a3bd9o3v b1v8xokw oo9gr5id\" dir=\"auto\"><span class=\"d2edcug0 hpfvmrgz qv66sw1b c1et5uql b0tq1wua jq4qci2q a3bd9o3v b1v8xokw oo9gr5id\"><b>13h00min, dia 24\/08<\/b><\/span><\/span>]- Ouvir o Bairro Porto<\/strong><\/p>\n<p><strong>planejamento de a\u00e7\u00f5es [ <span class=\"d2edcug0 hpfvmrgz qv66sw1b c1et5uql b0tq1wua a8c37x1j fe6kdd0r mau55g9w c8b282yb keod5gw0 nxhoafnm aigsh9s9 d9wwppkn hrzyx87i jq4qci2q a3bd9o3v b1v8xokw oo9gr5id\" dir=\"auto\"><span class=\"d2edcug0 hpfvmrgz qv66sw1b c1et5uql b0tq1wua jq4qci2q a3bd9o3v b1v8xokw oo9gr5id\"><b>13h00min, dia 31\/08 a 05\/10<\/b><\/span><\/span>]- Registrar o Bairro Porto<\/strong><\/p>\n<p><strong>caminhografia 3 [ <span class=\"d2edcug0 hpfvmrgz qv66sw1b c1et5uql b0tq1wua a8c37x1j fe6kdd0r mau55g9w c8b282yb keod5gw0 nxhoafnm aigsh9s9 d9wwppkn hrzyx87i jq4qci2q a3bd9o3v b1v8xokw oo9gr5id\" dir=\"auto\"><span class=\"d2edcug0 hpfvmrgz qv66sw1b c1et5uql b0tq1wua jq4qci2q a3bd9o3v b1v8xokw oo9gr5id\"><b>13h00min, dia 26\/10]<\/b><\/span><\/span>&#8211; A\u00e7\u00e3o<\/strong><\/p>\n<p><strong>caminhografia 3 [ <span class=\"d2edcug0 hpfvmrgz qv66sw1b c1et5uql b0tq1wua a8c37x1j fe6kdd0r mau55g9w c8b282yb keod5gw0 nxhoafnm aigsh9s9 d9wwppkn hrzyx87i jq4qci2q a3bd9o3v b1v8xokw oo9gr5id\" dir=\"auto\"><span class=\"d2edcug0 hpfvmrgz qv66sw1b c1et5uql b0tq1wua jq4qci2q a3bd9o3v b1v8xokw oo9gr5id\"><b>13h00min, dia 09\/11]<\/b><\/span><\/span>&#8211; A\u00e7\u00e3o<\/strong><\/p>\n<p><a href=\"https:\/\/photos.app.goo.gl\/scVa4n3ZdNmgsRx4A\" target=\"_blank\" rel=\"noopener\"><strong>avalia\u00e7\u00e3o das a\u00e7\u00f5es [ <span class=\"d2edcug0 hpfvmrgz qv66sw1b c1et5uql b0tq1wua a8c37x1j fe6kdd0r mau55g9w c8b282yb keod5gw0 nxhoafnm aigsh9s9 d9wwppkn hrzyx87i jq4qci2q a3bd9o3v b1v8xokw oo9gr5id\" dir=\"auto\"><span class=\"d2edcug0 hpfvmrgz qv66sw1b c1et5uql b0tq1wua jq4qci2q a3bd9o3v b1v8xokw oo9gr5id\"><b>13h00min, dia 16\/11]<\/b><\/span><\/span>&#8211; A\u00e7\u00e3o<\/strong><\/a><\/p>\n","protected":false},"excerpt":{"rendered":"<p>Atividades desenvolvidas junto ao projeto de extens\u00e3o &#8220;FAUrb no Bairro&#8220;, da Faculdade de Arquitetura e Urbanismo (FAUrb), da Universidade Federal de Pelotas (UFPel). [2022] Caminhografia no Bairro Porto Caminhografias realizadas junto ao projeto de extens\u00e3o FAUrb no Bairro, junto a turma de Requisitos Curriculares de Extens\u00e3o e Bolsistas. Divida em tr\u00eas fases: Registrar, Ouvir e &hellip; <a href=\"https:\/\/wp.ufpel.edu.br\/caminhografiaurbana\/faurb-no-bairro\/\" class=\"more-link\">Continue lendo<span class=\"screen-reader-text\"> &#8220;faurb no bairro&#8221;<\/span><\/a><\/p>\n","protected":false},"author":716,"featured_media":0,"parent":0,"menu_order":0,"comment_status":"closed","ping_status":"closed","template":"","meta":{"footnotes":""},"class_list":["post-187","page","type-page","status-publish","hentry"],"_links":{"self":[{"href":"https:\/\/wp.ufpel.edu.br\/caminhografiaurbana\/wp-json\/wp\/v2\/pages\/187","targetHints":{"allow":["GET"]}}],"collection":[{"href":"https:\/\/wp.ufpel.edu.br\/caminhografiaurbana\/wp-json\/wp\/v2\/pages"}],"about":[{"href":"https:\/\/wp.ufpel.edu.br\/caminhografiaurbana\/wp-json\/wp\/v2\/types\/page"}],"author":[{"embeddable":true,"href":"https:\/\/wp.ufpel.edu.br\/caminhografiaurbana\/wp-json\/wp\/v2\/users\/716"}],"replies":[{"embeddable":true,"href":"https:\/\/wp.ufpel.edu.br\/caminhografiaurbana\/wp-json\/wp\/v2\/comments?post=187"}],"version-history":[{"count":11,"href":"https:\/\/wp.ufpel.edu.br\/caminhografiaurbana\/wp-json\/wp\/v2\/pages\/187\/revisions"}],"predecessor-version":[{"id":1697,"href":"https:\/\/wp.ufpel.edu.br\/caminhografiaurbana\/wp-json\/wp\/v2\/pages\/187\/revisions\/1697"}],"wp:attachment":[{"href":"https:\/\/wp.ufpel.edu.br\/caminhografiaurbana\/wp-json\/wp\/v2\/media?parent=187"}],"curies":[{"name":"wp","href":"https:\/\/api.w.org\/{rel}","templated":true}]}}