{"id":1602,"date":"2022-10-12T08:57:34","date_gmt":"2022-10-12T11:57:34","guid":{"rendered":"https:\/\/wp.ufpel.edu.br\/caminhografiaurbana\/?page_id=1602"},"modified":"2022-12-18T09:10:02","modified_gmt":"2022-12-18T12:10:02","slug":"arquisur","status":"publish","type":"page","link":"https:\/\/wp.ufpel.edu.br\/caminhografiaurbana\/arquisur\/","title":{"rendered":"arquisur"},"content":{"rendered":"<p><span style=\"color: #ff0000; font-size: 12pt;\"><strong><span style=\"font-size: 12pt;\"><a href=\"https:\/\/photos.app.goo.gl\/aXMJ2LuEctFb1ENP6\" target=\"_blank\" rel=\"noopener\"><img loading=\"lazy\" decoding=\"async\" class=\"alignleft wp-image-1668 size-thumbnail\" src=\"https:\/\/wp.ufpel.edu.br\/caminhografiaurbana\/files\/2022\/12\/icones-1-200x200.png\" alt=\"\" width=\"200\" height=\"200\" srcset=\"https:\/\/wp.ufpel.edu.br\/caminhografiaurbana\/files\/2022\/12\/icones-1-200x200.png 200w, https:\/\/wp.ufpel.edu.br\/caminhografiaurbana\/files\/2022\/12\/icones-1-400x400.png 400w, https:\/\/wp.ufpel.edu.br\/caminhografiaurbana\/files\/2022\/12\/icones-1.png 512w\" sizes=\"auto, (max-width: 200px) 85vw, 200px\" \/><\/a><span style=\"color: #000000;\"><strong style=\"font-family: inherit;\">[2022]<\/strong><\/span><\/span><\/strong><\/span><\/p>\n<p><span style=\"color: #ff0000; font-size: 12pt;\"><strong>Caminhografia da Desborda<\/strong><\/span><\/p>\n<p><span style=\"font-size: 12pt;\">Oficina que aconteceu na cidade de Porto Alegre\/RS, durante o XXV ARQUISUR, nos dias 05 e 07 de outubro de 2022, promovido pela <span class=\"legales\">Asociaci\u00f3n de Facultades y Escuelas de Arquitectura de Universidades P\u00fablicas de los pa\u00edses de Am\u00e9rica del Sur (<a href=\"http:\/\/arquisur.org\/\" target=\"_blank\" rel=\"noopener\">ARQUISUR<\/a>)<\/span>. Foi ministrado pela doutora Celma Paese (UFPel) e a mestre Gianluca Perseu (PROPUR\/UFRGS), em conjunto com o coletivo Cartografia da Hospitalidade.\u00a0<\/span><\/p>\n<p>Propomos a apropria\u00e7\u00e3o espacial perceptiva e n\u00e3o hegem\u00f4nica de um percurso da cidade de Porto Alegre que acolha parte de suas Desbordas: Ex-Bordas e a atual Borda do Rio Gua\u00edba, onde procuraremos viver e mostrar, na pr\u00e1tica, como a evolu\u00e7\u00e3o da cidade pode vir a mudar suas bordas em n\u00edvel f\u00edsico e perceptivo, em diferentes dimens\u00f5es provocando assim, a troca de ideias, saberes e olhares entre os participantes. A apropria\u00e7\u00e3o se dar\u00e1 atrav\u00e9s uma a\u00e7\u00e3o de Caminhografia: Enquanto caminhamos, cartografamos; reconhecendo, acolhendo e registrando imagens sobre tema, em forma de v\u00eddeo, <a href=\"https:\/\/photos.app.goo.gl\/aXMJ2LuEctFb1ENP6\" target=\"_blank\" rel=\"noopener\">fotos<\/a>, anota\u00e7\u00f5es e desenhos, que ser\u00e3o postadas nas redes dos proponentes e participantes do workshop, com as hashtags: #arquisur2022 #desbordas #caminhografia. Tempo de dura\u00e7\u00e3o do workshop: 3 horas 30 min (14hs-17:30hs)<\/p>\n","protected":false},"excerpt":{"rendered":"<p>[2022] Caminhografia da Desborda Oficina que aconteceu na cidade de Porto Alegre\/RS, durante o XXV ARQUISUR, nos dias 05 e 07 de outubro de 2022, promovido pela Asociaci\u00f3n de Facultades y Escuelas de Arquitectura de Universidades P\u00fablicas de los pa\u00edses de Am\u00e9rica del Sur (ARQUISUR). Foi ministrado pela doutora Celma Paese (UFPel) e a mestre &hellip; <a href=\"https:\/\/wp.ufpel.edu.br\/caminhografiaurbana\/arquisur\/\" class=\"more-link\">Continue lendo<span class=\"screen-reader-text\"> &#8220;arquisur&#8221;<\/span><\/a><\/p>\n","protected":false},"author":716,"featured_media":0,"parent":0,"menu_order":0,"comment_status":"closed","ping_status":"closed","template":"","meta":{"footnotes":""},"class_list":["post-1602","page","type-page","status-publish","hentry"],"_links":{"self":[{"href":"https:\/\/wp.ufpel.edu.br\/caminhografiaurbana\/wp-json\/wp\/v2\/pages\/1602","targetHints":{"allow":["GET"]}}],"collection":[{"href":"https:\/\/wp.ufpel.edu.br\/caminhografiaurbana\/wp-json\/wp\/v2\/pages"}],"about":[{"href":"https:\/\/wp.ufpel.edu.br\/caminhografiaurbana\/wp-json\/wp\/v2\/types\/page"}],"author":[{"embeddable":true,"href":"https:\/\/wp.ufpel.edu.br\/caminhografiaurbana\/wp-json\/wp\/v2\/users\/716"}],"replies":[{"embeddable":true,"href":"https:\/\/wp.ufpel.edu.br\/caminhografiaurbana\/wp-json\/wp\/v2\/comments?post=1602"}],"version-history":[{"count":7,"href":"https:\/\/wp.ufpel.edu.br\/caminhografiaurbana\/wp-json\/wp\/v2\/pages\/1602\/revisions"}],"predecessor-version":[{"id":1679,"href":"https:\/\/wp.ufpel.edu.br\/caminhografiaurbana\/wp-json\/wp\/v2\/pages\/1602\/revisions\/1679"}],"wp:attachment":[{"href":"https:\/\/wp.ufpel.edu.br\/caminhografiaurbana\/wp-json\/wp\/v2\/media?parent=1602"}],"curies":[{"name":"wp","href":"https:\/\/api.w.org\/{rel}","templated":true}]}}