{"id":1512,"date":"2022-08-13T08:25:22","date_gmt":"2022-08-13T11:25:22","guid":{"rendered":"https:\/\/wp.ufpel.edu.br\/caminhografiaurbana\/?page_id=1512"},"modified":"2022-12-18T09:55:02","modified_gmt":"2022-12-18T12:55:02","slug":"prograu-2022","status":"publish","type":"page","link":"https:\/\/wp.ufpel.edu.br\/caminhografiaurbana\/prograu-2022\/","title":{"rendered":"prograu 2022"},"content":{"rendered":"<table style=\"border-collapse: collapse; width: 100%;\" border=\"1\">\n<tbody>\n<tr>\n<td style=\"width: 100%;\">\n<p><span style=\"color: #ff0000; font-size: 12pt;\"><strong><img loading=\"lazy\" decoding=\"async\" class=\"size-thumbnail wp-image-1489 alignleft\" src=\"https:\/\/wp.ufpel.edu.br\/caminhografiaurbana\/files\/2022\/08\/63-200x200.png\" alt=\"\" width=\"200\" height=\"200\" srcset=\"https:\/\/wp.ufpel.edu.br\/caminhografiaurbana\/files\/2022\/08\/63-200x200.png 200w, https:\/\/wp.ufpel.edu.br\/caminhografiaurbana\/files\/2022\/08\/63-400x400.png 400w, https:\/\/wp.ufpel.edu.br\/caminhografiaurbana\/files\/2022\/08\/63.png 512w\" sizes=\"auto, (max-width: 200px) 85vw, 200px\" \/>Caminhografia da Cria\u00e7\u00e3o<\/strong><\/span><\/p>\n<p><span style=\"font-size: 10pt;\">No 2<sup>o<\/sup>. semestre de 2022, foram feitas 10 caminhografias urbanas, pela macroregi\u00e3o do Centro da cidade de Pelotas, cotando com 16 caminh\u00f3grafos (arquitetos, engenheiros, artistas e turism\u00f3logos).\u00a0 Todos com seus cadernos de campo individuais e alimentando o drive da disciplina. As caminhografias foram divididas em 3 blocos: REGISTRAR, JOGAR e CRIAR. Ao final de cada caminhografia tamb\u00e9m foi produzida uma<a href=\"https:\/\/photos.app.goo.gl\/fqYUCM7ztAoKgdJR6\" target=\"_blank\" rel=\"noopener\"> escrita coletiva<\/a> pelo grupo (<em>in loco<\/em>) &#8211; <a href=\"https:\/\/wp.ufpel.edu.br\/caminhografiaurbana\/files\/2022\/08\/Apresentac\u0327a\u0303o_caminhografia-urbana-4_compressed.pdf\" target=\"_blank\" rel=\"noopener\">apresenta\u00e7\u00e3o inicial<\/a>.<\/span><\/p>\n<p><span style=\"font-size: 10pt;\"><strong>Caminhogr\u00e1fos: <\/strong>Renata Braga Zschornack , Jordana da Silva Berchon, Gabriel Delpino da Silveira, Ot\u00e1vio Gigante Viana, Monique Grechi, Mariana Leal da Silva, Raquel Maciel Hernandes , Ricardo Pav\u00e9glio Sommer, Paula Pedreira Del Fiol, Eduardo Rocha, Aracele Rocha Mahfuz, Mariana Tavares Lafolga, Priscilla Teixeira da Silva, Gabriele Vargas da Silva, Jo\u00e3o Vicente Machado Schmitz e Zaira Julca.<\/span><\/td>\n<\/tr>\n<tr>\n<td style=\"width: 100%;\">\n<p><span style=\"color: #ff0000; font-size: 12pt;\"><strong>REGISTRAR<\/strong><\/span><\/p>\n<p><img loading=\"lazy\" decoding=\"async\" class=\"alignnone wp-image-1491 size-medium\" src=\"https:\/\/wp.ufpel.edu.br\/caminhografiaurbana\/files\/2022\/08\/Apresentac\u0327a\u0303o_caminhografia-urbana--400x225.png\" alt=\"\" width=\"400\" height=\"225\" srcset=\"https:\/\/wp.ufpel.edu.br\/caminhografiaurbana\/files\/2022\/08\/Apresentac\u0327a\u0303o_caminhografia-urbana--400x225.png 400w, https:\/\/wp.ufpel.edu.br\/caminhografiaurbana\/files\/2022\/08\/Apresentac\u0327a\u0303o_caminhografia-urbana--768x432.png 768w, https:\/\/wp.ufpel.edu.br\/caminhografiaurbana\/files\/2022\/08\/Apresentac\u0327a\u0303o_caminhografia-urbana-.png 960w\" sizes=\"auto, (max-width: 400px) 85vw, 400px\" \/><\/td>\n<\/tr>\n<tr>\n<td style=\"width: 100%;\">\n<p><a href=\"https:\/\/photos.app.goo.gl\/YVfwJhvWYyVfacZv6\" target=\"_blank\" rel=\"noopener\"><img loading=\"lazy\" decoding=\"async\" class=\"wp-image-1490 alignleft\" src=\"https:\/\/wp.ufpel.edu.br\/caminhografiaurbana\/files\/2022\/08\/64-200x200.png\" alt=\"\" width=\"100\" height=\"100\" srcset=\"https:\/\/wp.ufpel.edu.br\/caminhografiaurbana\/files\/2022\/08\/64-200x200.png 200w, https:\/\/wp.ufpel.edu.br\/caminhografiaurbana\/files\/2022\/08\/64-400x400.png 400w, https:\/\/wp.ufpel.edu.br\/caminhografiaurbana\/files\/2022\/08\/64.png 512w\" sizes=\"auto, (max-width: 100px) 85vw, 100px\" \/><\/a><span style=\"font-size: 10pt;\"><strong>caminhografia 1 [<span class=\"d2edcug0 hpfvmrgz qv66sw1b c1et5uql b0tq1wua a8c37x1j fe6kdd0r mau55g9w c8b282yb keod5gw0 nxhoafnm aigsh9s9 d9wwppkn hrzyx87i jq4qci2q a3bd9o3v b1v8xokw oo9gr5id\" dir=\"auto\"><span class=\"d2edcug0 hpfvmrgz qv66sw1b c1et5uql b0tq1wua jq4qci2q a3bd9o3v b1v8xokw oo9gr5id\"><b>13h30min, dia 11\/08<\/b><\/span><\/span>]- <span style=\"background-color: #008080; color: #ffffff;\">Porto<\/span><\/strong><\/span><\/p>\n<p><span style=\"font-size: 10pt;\">Registro: <a href=\"https:\/\/photos.app.goo.gl\/YVfwJhvWYyVfacZv6\" target=\"_blank\" rel=\"noopener\">desenhar. Escrita Coletiva 1.<\/a><\/span><\/td>\n<\/tr>\n<tr>\n<td style=\"width: 100%;\">\n<p><span style=\"font-size: 10pt;\"><strong><a href=\"https:\/\/photos.app.goo.gl\/1SHyn2zA1JepRKoc9\" target=\"_blank\" rel=\"noopener\"><img loading=\"lazy\" decoding=\"async\" class=\"alignleft wp-image-1554\" src=\"https:\/\/wp.ufpel.edu.br\/caminhografiaurbana\/files\/2022\/08\/icones1-200x200.png\" alt=\"\" width=\"100\" height=\"100\" srcset=\"https:\/\/wp.ufpel.edu.br\/caminhografiaurbana\/files\/2022\/08\/icones1-200x200.png 200w, https:\/\/wp.ufpel.edu.br\/caminhografiaurbana\/files\/2022\/08\/icones1-400x400.png 400w, https:\/\/wp.ufpel.edu.br\/caminhografiaurbana\/files\/2022\/08\/icones1.png 512w\" sizes=\"auto, (max-width: 100px) 85vw, 100px\" \/><\/a>caminhografia 2 [<span class=\"d2edcug0 hpfvmrgz qv66sw1b c1et5uql b0tq1wua a8c37x1j fe6kdd0r mau55g9w c8b282yb keod5gw0 nxhoafnm aigsh9s9 d9wwppkn hrzyx87i jq4qci2q a3bd9o3v b1v8xokw oo9gr5id\" dir=\"auto\"><span class=\"d2edcug0 hpfvmrgz qv66sw1b c1et5uql b0tq1wua jq4qci2q a3bd9o3v b1v8xokw oo9gr5id\"><b>13h30min, dia 18\/08<\/b><\/span><\/span>]- <span style=\"background-color: #ff0000; color: #ffffff;\">Doquinhas<\/span><\/strong><\/span><\/p>\n<p><span style=\"font-size: 10pt;\">Registro: <a href=\"https:\/\/photos.app.goo.gl\/1SHyn2zA1JepRKoc9\" target=\"_blank\" rel=\"noopener\">fotografar. Escrita Coletiva 2.<\/a><\/span><\/td>\n<\/tr>\n<tr>\n<td style=\"width: 100%;\">\n<p><span style=\"font-size: 10pt;\"><strong><img loading=\"lazy\" decoding=\"async\" class=\"alignleft wp-image-1687\" src=\"https:\/\/wp.ufpel.edu.br\/caminhografiaurbana\/files\/2022\/12\/81-400x400.png\" alt=\"\" width=\"100\" height=\"100\" srcset=\"https:\/\/wp.ufpel.edu.br\/caminhografiaurbana\/files\/2022\/12\/81-400x400.png 400w, https:\/\/wp.ufpel.edu.br\/caminhografiaurbana\/files\/2022\/12\/81-200x200.png 200w, https:\/\/wp.ufpel.edu.br\/caminhografiaurbana\/files\/2022\/12\/81.png 512w\" sizes=\"auto, (max-width: 100px) 85vw, 100px\" \/>caminhografia 3 [<span class=\"d2edcug0 hpfvmrgz qv66sw1b c1et5uql b0tq1wua a8c37x1j fe6kdd0r mau55g9w c8b282yb keod5gw0 nxhoafnm aigsh9s9 d9wwppkn hrzyx87i jq4qci2q a3bd9o3v b1v8xokw oo9gr5id\" dir=\"auto\"><span class=\"d2edcug0 hpfvmrgz qv66sw1b c1et5uql b0tq1wua jq4qci2q a3bd9o3v b1v8xokw oo9gr5id\"><b>13h30min, dia 25\/08<\/b><\/span><\/span>]- <span style=\"background-color: #ffcc00; color: #ffffff;\">Caieira<\/span><\/strong><\/span><\/p>\n<p><span style=\"font-size: 10pt;\">Registro: <a href=\"https:\/\/photos.app.goo.gl\/Sce1xGy3e5LbRrME7\" target=\"_blank\" rel=\"noopener\">filmar. Escrita Coletiva 3.<\/a><\/span><\/td>\n<\/tr>\n<tr>\n<td style=\"width: 100%;\">\n<p><span style=\"color: #ff0000; font-size: 12pt;\"><strong>JOGAR<\/strong><\/span><\/p>\n<p><img loading=\"lazy\" decoding=\"async\" class=\"alignnone size-medium wp-image-1655\" src=\"https:\/\/wp.ufpel.edu.br\/caminhografiaurbana\/files\/2022\/12\/image-400x224.png\" alt=\"\" width=\"400\" height=\"224\" srcset=\"https:\/\/wp.ufpel.edu.br\/caminhografiaurbana\/files\/2022\/12\/image-400x224.png 400w, https:\/\/wp.ufpel.edu.br\/caminhografiaurbana\/files\/2022\/12\/image-768x430.png 768w, https:\/\/wp.ufpel.edu.br\/caminhografiaurbana\/files\/2022\/12\/image.png 823w\" sizes=\"auto, (max-width: 400px) 85vw, 400px\" \/><\/td>\n<\/tr>\n<tr>\n<td style=\"width: 100%;\">\n<p><span style=\"font-size: 10pt;\"><strong><img loading=\"lazy\" decoding=\"async\" class=\"alignleft wp-image-1688\" src=\"https:\/\/wp.ufpel.edu.br\/caminhografiaurbana\/files\/2022\/12\/82-400x400.png\" alt=\"\" width=\"100\" height=\"100\" srcset=\"https:\/\/wp.ufpel.edu.br\/caminhografiaurbana\/files\/2022\/12\/82-400x400.png 400w, https:\/\/wp.ufpel.edu.br\/caminhografiaurbana\/files\/2022\/12\/82-200x200.png 200w, https:\/\/wp.ufpel.edu.br\/caminhografiaurbana\/files\/2022\/12\/82.png 512w\" sizes=\"auto, (max-width: 100px) 85vw, 100px\" \/>caminhografia 4 [<span class=\"d2edcug0 hpfvmrgz qv66sw1b c1et5uql b0tq1wua a8c37x1j fe6kdd0r mau55g9w c8b282yb keod5gw0 nxhoafnm aigsh9s9 d9wwppkn hrzyx87i jq4qci2q a3bd9o3v b1v8xokw oo9gr5id\" dir=\"auto\"><span class=\"d2edcug0 hpfvmrgz qv66sw1b c1et5uql b0tq1wua jq4qci2q a3bd9o3v b1v8xokw oo9gr5id\"><b>13h30min, dia 01\/09<\/b><\/span><\/span>]- <span style=\"background-color: #008080; color: #ffffff;\">Com\u00e9rcio Intensivo<\/span><\/strong><\/span><\/p>\n<p><span style=\"font-size: 10pt;\">Jogo: <a href=\"https:\/\/photos.app.goo.gl\/fPU3ieUhJujhjh3T7\" target=\"_blank\" rel=\"noopener\">falar com desconhecido. Escrita Coletiva 4.<\/a><\/span><\/td>\n<\/tr>\n<tr>\n<td style=\"width: 100%;\">\n<p><span style=\"font-size: 10pt;\"><strong><img loading=\"lazy\" decoding=\"async\" class=\"alignleft wp-image-1685\" src=\"https:\/\/wp.ufpel.edu.br\/caminhografiaurbana\/files\/2022\/12\/79-400x400.png\" alt=\"\" width=\"100\" height=\"100\" srcset=\"https:\/\/wp.ufpel.edu.br\/caminhografiaurbana\/files\/2022\/12\/79-400x400.png 400w, https:\/\/wp.ufpel.edu.br\/caminhografiaurbana\/files\/2022\/12\/79-200x200.png 200w, https:\/\/wp.ufpel.edu.br\/caminhografiaurbana\/files\/2022\/12\/79.png 512w\" sizes=\"auto, (max-width: 100px) 85vw, 100px\" \/>caminhografia 5 [<span class=\"d2edcug0 hpfvmrgz qv66sw1b c1et5uql b0tq1wua a8c37x1j fe6kdd0r mau55g9w c8b282yb keod5gw0 nxhoafnm aigsh9s9 d9wwppkn hrzyx87i jq4qci2q a3bd9o3v b1v8xokw oo9gr5id\" dir=\"auto\"><span class=\"d2edcug0 hpfvmrgz qv66sw1b c1et5uql b0tq1wua jq4qci2q a3bd9o3v b1v8xokw oo9gr5id\"><b>13h30min, dia 08\/09<\/b><\/span><\/span>]- <span style=\"background-color: #ff0000; color: #ffffff;\">Esta\u00e7\u00e3o<\/span><\/strong><\/span><\/p>\n<p><span style=\"font-size: 10pt;\">Jogo: <a href=\"https:\/\/photos.app.goo.gl\/o78koyEUZokd88Jh8\" target=\"_blank\" rel=\"noopener\">coletar alguma coisa no caminho. Escrita Coletiva 5.<\/a><\/span><\/td>\n<\/tr>\n<tr>\n<td style=\"width: 100%;\">\n<p><span style=\"font-size: 10pt;\"><strong><img loading=\"lazy\" decoding=\"async\" class=\"alignleft wp-image-1686\" src=\"https:\/\/wp.ufpel.edu.br\/caminhografiaurbana\/files\/2022\/12\/80-400x400.png\" alt=\"\" width=\"100\" height=\"100\" srcset=\"https:\/\/wp.ufpel.edu.br\/caminhografiaurbana\/files\/2022\/12\/80-400x400.png 400w, https:\/\/wp.ufpel.edu.br\/caminhografiaurbana\/files\/2022\/12\/80-200x200.png 200w, https:\/\/wp.ufpel.edu.br\/caminhografiaurbana\/files\/2022\/12\/80.png 512w\" sizes=\"auto, (max-width: 100px) 85vw, 100px\" \/>caminhografia 6 [1<span class=\"d2edcug0 hpfvmrgz qv66sw1b c1et5uql b0tq1wua a8c37x1j fe6kdd0r mau55g9w c8b282yb keod5gw0 nxhoafnm aigsh9s9 d9wwppkn hrzyx87i jq4qci2q a3bd9o3v b1v8xokw oo9gr5id\" dir=\"auto\"><span class=\"d2edcug0 hpfvmrgz qv66sw1b c1et5uql b0tq1wua jq4qci2q a3bd9o3v b1v8xokw oo9gr5id\"><b>3h30min, dia 15\/09<\/b><\/span><\/span>]- <span style=\"background-color: #ffcc00; color: #ffffff;\">Catedral+Cerquinha<\/span><\/strong><\/span><\/p>\n<p><span style=\"font-size: 10pt;\">Jogo: <a href=\"https:\/\/photos.app.goo.gl\/JeZZncnbuudKodAy5\" target=\"_blank\" rel=\"noopener\">esquecer alguma coisa no caminho. Escrita Coletiva 6.<\/a><\/span><\/td>\n<\/tr>\n<tr>\n<td style=\"width: 100%;\">\n<p><span style=\"font-size: 10pt;\"><strong><img loading=\"lazy\" decoding=\"async\" class=\"alignleft wp-image-1683\" src=\"https:\/\/wp.ufpel.edu.br\/caminhografiaurbana\/files\/2022\/12\/77-400x400.png\" alt=\"\" width=\"100\" height=\"100\" srcset=\"https:\/\/wp.ufpel.edu.br\/caminhografiaurbana\/files\/2022\/12\/77-400x400.png 400w, https:\/\/wp.ufpel.edu.br\/caminhografiaurbana\/files\/2022\/12\/77-200x200.png 200w, https:\/\/wp.ufpel.edu.br\/caminhografiaurbana\/files\/2022\/12\/77.png 512w\" sizes=\"auto, (max-width: 100px) 85vw, 100px\" \/>caminhografia 7 [<span class=\"d2edcug0 hpfvmrgz qv66sw1b c1et5uql b0tq1wua a8c37x1j fe6kdd0r mau55g9w c8b282yb keod5gw0 nxhoafnm aigsh9s9 d9wwppkn hrzyx87i jq4qci2q a3bd9o3v b1v8xokw oo9gr5id\" dir=\"auto\"><span class=\"d2edcug0 hpfvmrgz qv66sw1b c1et5uql b0tq1wua jq4qci2q a3bd9o3v b1v8xokw oo9gr5id\"><b>13h30min, dia 22\/09<\/b><\/span><\/span>]- <span style=\"background-color: #ff99cc; color: #ffffff;\">Baixada<\/span><\/strong><\/span><\/p>\n<p><span style=\"font-size: 10pt;\">Jogo: <a href=\"https:\/\/photos.app.goo.gl\/4cQL1Bd2b9AvfT3u7\" target=\"_blank\" rel=\"noopener\">trocar alguma coisa no caminho. Escrita Coletiva 7.<\/a><\/span><\/td>\n<\/tr>\n<tr>\n<td style=\"width: 100%;\">\n<p><span style=\"color: #ff0000; font-size: 12pt;\"><strong>CRIAR<\/strong><\/span><\/p>\n<p><img loading=\"lazy\" decoding=\"async\" class=\"alignnone size-medium wp-image-1657\" src=\"https:\/\/wp.ufpel.edu.br\/caminhografiaurbana\/files\/2022\/12\/image-4-400x225.png\" alt=\"\" width=\"400\" height=\"225\" srcset=\"https:\/\/wp.ufpel.edu.br\/caminhografiaurbana\/files\/2022\/12\/image-4-400x225.png 400w, https:\/\/wp.ufpel.edu.br\/caminhografiaurbana\/files\/2022\/12\/image-4-768x433.png 768w, https:\/\/wp.ufpel.edu.br\/caminhografiaurbana\/files\/2022\/12\/image-4.png 822w\" sizes=\"auto, (max-width: 400px) 85vw, 400px\" \/><\/td>\n<\/tr>\n<tr>\n<td style=\"width: 100%;\">\n<p><span style=\"font-size: 10pt;\"><strong><img loading=\"lazy\" decoding=\"async\" class=\"alignleft wp-image-1684\" src=\"https:\/\/wp.ufpel.edu.br\/caminhografiaurbana\/files\/2022\/12\/78-400x400.png\" alt=\"\" width=\"100\" height=\"100\" srcset=\"https:\/\/wp.ufpel.edu.br\/caminhografiaurbana\/files\/2022\/12\/78-400x400.png 400w, https:\/\/wp.ufpel.edu.br\/caminhografiaurbana\/files\/2022\/12\/78-200x200.png 200w, https:\/\/wp.ufpel.edu.br\/caminhografiaurbana\/files\/2022\/12\/78.png 512w\" sizes=\"auto, (max-width: 100px) 85vw, 100px\" \/>caminhografia 8 [<span class=\"d2edcug0 hpfvmrgz qv66sw1b c1et5uql b0tq1wua a8c37x1j fe6kdd0r mau55g9w c8b282yb keod5gw0 nxhoafnm aigsh9s9 d9wwppkn hrzyx87i jq4qci2q a3bd9o3v b1v8xokw oo9gr5id\" dir=\"auto\"><span class=\"d2edcug0 hpfvmrgz qv66sw1b c1et5uql b0tq1wua jq4qci2q a3bd9o3v b1v8xokw oo9gr5id\"><b>13h30min, dia 29\/09<\/b><\/span><\/span>]- <span style=\"background-color: #339966; color: #ffffff;\">Luz+Parque Gonzaga<\/span><\/strong><\/span><\/p>\n<p><span style=\"font-size: 10pt;\">Cria\u00e7\u00e3o: <a href=\"https:\/\/photos.app.goo.gl\/QFPM35bNEFPyNfHp6\" target=\"_blank\" rel=\"noopener\">artistando. Escrita Coletiva 8.<\/a><\/span><\/td>\n<\/tr>\n<tr>\n<td style=\"width: 100%;\">\n<p><span style=\"font-size: 10pt;\"><strong><img loading=\"lazy\" decoding=\"async\" class=\"alignleft wp-image-1674\" src=\"https:\/\/wp.ufpel.edu.br\/caminhografiaurbana\/files\/2022\/12\/icones-2-400x400.png\" alt=\"\" width=\"100\" height=\"100\" srcset=\"https:\/\/wp.ufpel.edu.br\/caminhografiaurbana\/files\/2022\/12\/icones-2-400x400.png 400w, https:\/\/wp.ufpel.edu.br\/caminhografiaurbana\/files\/2022\/12\/icones-2-200x200.png 200w, https:\/\/wp.ufpel.edu.br\/caminhografiaurbana\/files\/2022\/12\/icones-2.png 512w\" sizes=\"auto, (max-width: 100px) 85vw, 100px\" \/>caminhografia 9 [<span class=\"d2edcug0 hpfvmrgz qv66sw1b c1et5uql b0tq1wua a8c37x1j fe6kdd0r mau55g9w c8b282yb keod5gw0 nxhoafnm aigsh9s9 d9wwppkn hrzyx87i jq4qci2q a3bd9o3v b1v8xokw oo9gr5id\" dir=\"auto\"><span class=\"d2edcug0 hpfvmrgz qv66sw1b c1et5uql b0tq1wua jq4qci2q a3bd9o3v b1v8xokw oo9gr5id\"><b>13h30min, dia 27\/10<\/b><\/span><\/span>]- <span style=\"background-color: #ff0000; color: #ffffff;\">Colina do Sol+Treptow<\/span><\/strong><\/span><\/p>\n<p><span style=\"font-size: 10pt;\">Cria\u00e7\u00e3o: <a href=\"https:\/\/photos.app.goo.gl\/j3z25WSUTmid4nrD6\" target=\"_blank\" rel=\"noopener\">projetando. Escrita Coletiva 9.<\/a><\/span><\/td>\n<\/tr>\n<tr>\n<td style=\"width: 100%;\">\n<p><span style=\"font-size: 10pt;\"><strong><img loading=\"lazy\" decoding=\"async\" class=\"alignleft wp-image-1682\" src=\"https:\/\/wp.ufpel.edu.br\/caminhografiaurbana\/files\/2022\/12\/76-400x400.png\" alt=\"\" width=\"100\" height=\"100\" srcset=\"https:\/\/wp.ufpel.edu.br\/caminhografiaurbana\/files\/2022\/12\/76-400x400.png 400w, https:\/\/wp.ufpel.edu.br\/caminhografiaurbana\/files\/2022\/12\/76-200x200.png 200w, https:\/\/wp.ufpel.edu.br\/caminhografiaurbana\/files\/2022\/12\/76.png 512w\" sizes=\"auto, (max-width: 100px) 85vw, 100px\" \/>caminhografia 10 [<span class=\"d2edcug0 hpfvmrgz qv66sw1b c1et5uql b0tq1wua a8c37x1j fe6kdd0r mau55g9w c8b282yb keod5gw0 nxhoafnm aigsh9s9 d9wwppkn hrzyx87i jq4qci2q a3bd9o3v b1v8xokw oo9gr5id\" dir=\"auto\"><span class=\"d2edcug0 hpfvmrgz qv66sw1b c1et5uql b0tq1wua jq4qci2q a3bd9o3v b1v8xokw oo9gr5id\"><b>13h30min, dia 03\/11<\/b><\/span><\/span>]- <span style=\"background-color: #000000; color: #ffffff;\">Moacyr+Vazio<\/span><\/strong><\/span><\/p>\n<p><span style=\"font-size: 10pt;\">Cria\u00e7\u00e3o: <a href=\"https:\/\/photos.app.goo.gl\/CcxBDRyLURB1GV4Z6\" target=\"_blank\" rel=\"noopener\">pensar no caminho. Escrita Coletiva 10.<\/a><\/span><\/td>\n<\/tr>\n<tr>\n<td style=\"width: 100%;\">\n<p><span style=\"font-size: 10pt;\"><strong><img loading=\"lazy\" decoding=\"async\" class=\"alignleft wp-image-1689\" src=\"https:\/\/wp.ufpel.edu.br\/caminhografiaurbana\/files\/2022\/12\/icones-4-400x400.png\" alt=\"\" width=\"100\" height=\"100\" srcset=\"https:\/\/wp.ufpel.edu.br\/caminhografiaurbana\/files\/2022\/12\/icones-4-400x400.png 400w, https:\/\/wp.ufpel.edu.br\/caminhografiaurbana\/files\/2022\/12\/icones-4-200x200.png 200w, https:\/\/wp.ufpel.edu.br\/caminhografiaurbana\/files\/2022\/12\/icones-4.png 512w\" sizes=\"auto, (max-width: 100px) 85vw, 100px\" \/>final [<span class=\"d2edcug0 hpfvmrgz qv66sw1b c1et5uql b0tq1wua a8c37x1j fe6kdd0r mau55g9w c8b282yb keod5gw0 nxhoafnm aigsh9s9 d9wwppkn hrzyx87i jq4qci2q a3bd9o3v b1v8xokw oo9gr5id\" dir=\"auto\"><span class=\"d2edcug0 hpfvmrgz qv66sw1b c1et5uql b0tq1wua jq4qci2q a3bd9o3v b1v8xokw oo9gr5id\"><b>13h30min, dia 10\/11<\/b><\/span><\/span>]- A <span style=\"color: #000000;\">cria\u00e7\u00e3o<\/span><\/strong><\/span><\/p>\n<p><a href=\"https:\/\/photos.app.goo.gl\/XTuHZ3qbLBxUS8iT9\" target=\"_blank\" rel=\"noopener\"><span style=\"font-size: 10pt;\">Foi realizada uma instala\u00e7\u00e3o pelo grupo, no antigo leito do Canal Santa Barbara.<\/span><\/a><\/td>\n<\/tr>\n<tr>\n<td style=\"width: 100%;\">\n<p><span style=\"font-size: 10pt;\"><strong>refer\u00eancias b\u00e1sicas<\/strong><\/span><\/p>\n<p><span style=\"font-size: 10pt;\">CARERI, Francesco. Walkscapes: el andar como practica est\u00e9tica. Barcelona: Gustavo Gili, 2002.<\/span><\/p>\n<p><span style=\"font-size: 10pt;\">DELEUZE, Gilles, &amp; GUATTARI, F\u00e9lix. <span class=\"s1\">Introdu<\/span>\u00e7\u00e3o<span class=\"s1\">: R<\/span>izoma. In: <a href=\"https:\/\/conexoesclinicas.com.br\/wp-content\/uploads\/2016\/04\/deleuze-guattari-mil-platos-vol1.pdf\">Mil plat\u00f4s: capitalismo e esquizofrenia (Vol. 1)<\/a>. S\u00e3o Paulo: Ed. 34, 1995.\u00a0<\/span><\/p>\n<p><span style=\"font-size: 10pt;\">DELEUZE, Gilles. O ato da cria\u00e7\u00e3o. S\u00e3o Paulo: Folha de S\u00e3o Paulo, 199 Dispon\u00edvel em: <a href=\"https:\/\/lapea.furg.br\/images\/stories\/Oficina_de_video\/o%20ato%20de%20criao%20-%20gilles%20deleuze.pdf\">https:\/\/lapea.furg.br\/images\/stories\/Oficina_de_video\/o%20ato%20de%20criao%20-<span style=\"font-size: 10pt;\">%20gilles%20deleuze.pdf<\/span><\/a><\/span><\/p>\n<p><span style=\"font-size: 10pt;\"><strong>complementares<\/strong><\/span><\/p>\n<p><span style=\"font-size: 10pt;\">AGAMBEM, Giorgio. O que \u00e9 contempor\u00e2neo? e outros ensaios. Chapec\u00f3: Argos Editora, 2009.<\/span><\/p>\n<p><span style=\"font-size: 10pt;\">BRETON, David Le. Il Mondo a piedi: elogio della marcia. Milano: Feltrinelli, 2001.<\/span><\/p>\n<p><span style=\"font-size: 10pt;\">DIDI-HUBERMAN, Georges. Cascas. S\u00e3o Paulo: Ed. 34, 2017.<\/span><\/p>\n<p><span style=\"font-size: 10pt;\">JACQUES, Paola Berenstein. Elogio aos errantes. Salvador: EDUFBA, 2012.<\/span><\/p>\n<p><span style=\"font-size: 10pt;\">PASSOS, Eduardo; KASTRUP, Virginia; ESCOCIA, Liliana da. Pistas do m\u00e9todo da cartografia: Pesquisa-interven\u00e7\u00e3o e produ\u00e7\u00e3o de subjetividade. Porto Alegre: Sulina, 2010.<\/span><\/p>\n<p><span style=\"font-size: 10pt;\">PASSOS, Eduardo; KASTRUP, Virginia; ESCOCIA, Liliana. Pistas do m\u00e9todo da cartografia V.2: A experi\u00eancia da pesquisa e o plano comum. Porto Alegre: Sulina, 2014.<\/span><\/p>\n<p><span style=\"font-size: 10pt;\">SOLNIT, Rebeca. A hist\u00f3ria do caminhar. S\u00e3o Paulo: Martins Fontes, 2016.<\/span><\/p>\n<p><span style=\"font-size: 10pt;\">WOLFE, Charles R. Seeing the Better City: how to explore, observe, and improve urban space. Washington: Island Press, 2017.<\/span><\/td>\n<\/tr>\n<\/tbody>\n<\/table>\n<p>&nbsp;<\/p>\n","protected":false},"excerpt":{"rendered":"<p>Caminhografia da Cria\u00e7\u00e3o No 2o. semestre de 2022, foram feitas 10 caminhografias urbanas, pela macroregi\u00e3o do Centro da cidade de Pelotas, cotando com 16 caminh\u00f3grafos (arquitetos, engenheiros, artistas e turism\u00f3logos).\u00a0 Todos com seus cadernos de campo individuais e alimentando o drive da disciplina. As caminhografias foram divididas em 3 blocos: REGISTRAR, JOGAR e CRIAR. Ao &hellip; <a href=\"https:\/\/wp.ufpel.edu.br\/caminhografiaurbana\/prograu-2022\/\" class=\"more-link\">Continue lendo<span class=\"screen-reader-text\"> &#8220;prograu 2022&#8221;<\/span><\/a><\/p>\n","protected":false},"author":716,"featured_media":0,"parent":0,"menu_order":0,"comment_status":"closed","ping_status":"closed","template":"","meta":{"footnotes":""},"class_list":["post-1512","page","type-page","status-publish","hentry"],"_links":{"self":[{"href":"https:\/\/wp.ufpel.edu.br\/caminhografiaurbana\/wp-json\/wp\/v2\/pages\/1512","targetHints":{"allow":["GET"]}}],"collection":[{"href":"https:\/\/wp.ufpel.edu.br\/caminhografiaurbana\/wp-json\/wp\/v2\/pages"}],"about":[{"href":"https:\/\/wp.ufpel.edu.br\/caminhografiaurbana\/wp-json\/wp\/v2\/types\/page"}],"author":[{"embeddable":true,"href":"https:\/\/wp.ufpel.edu.br\/caminhografiaurbana\/wp-json\/wp\/v2\/users\/716"}],"replies":[{"embeddable":true,"href":"https:\/\/wp.ufpel.edu.br\/caminhografiaurbana\/wp-json\/wp\/v2\/comments?post=1512"}],"version-history":[{"count":32,"href":"https:\/\/wp.ufpel.edu.br\/caminhografiaurbana\/wp-json\/wp\/v2\/pages\/1512\/revisions"}],"predecessor-version":[{"id":1692,"href":"https:\/\/wp.ufpel.edu.br\/caminhografiaurbana\/wp-json\/wp\/v2\/pages\/1512\/revisions\/1692"}],"wp:attachment":[{"href":"https:\/\/wp.ufpel.edu.br\/caminhografiaurbana\/wp-json\/wp\/v2\/media?parent=1512"}],"curies":[{"name":"wp","href":"https:\/\/api.w.org\/{rel}","templated":true}]}}