{"id":1509,"date":"2022-08-13T08:25:07","date_gmt":"2022-08-13T11:25:07","guid":{"rendered":"https:\/\/wp.ufpel.edu.br\/caminhografiaurbana\/?page_id=1509"},"modified":"2022-12-16T09:09:14","modified_gmt":"2022-12-16T12:09:14","slug":"prograu-2019","status":"publish","type":"page","link":"https:\/\/wp.ufpel.edu.br\/caminhografiaurbana\/prograu-2019\/","title":{"rendered":"prograu 2019"},"content":{"rendered":"<table style=\"border-collapse: collapse; width: 100%;\" border=\"1\">\n<tbody>\n<tr>\n<td style=\"width: 100%;\">\n<p><span style=\"font-size: 10pt;\"><span style=\"font-size: 12pt;\"><strong style=\"font-family: inherit;\"><a href=\"https:\/\/www.google.com\/maps\/d\/edit?mid=1NZxNfMZZkYwSKFXvaEbjQI85WWsS5d5k&amp;usp=sharing\"><img loading=\"lazy\" decoding=\"async\" class=\"wp-image-939 size-thumbnail alignleft\" src=\"https:\/\/wp.ufpel.edu.br\/caminhografiaurbana\/files\/2022\/04\/Design-sem-nome1-1-e1651144353315-200x200.png\" alt=\"\" width=\"200\" height=\"200\" \/><\/a>[2019]<\/strong><\/span><\/span><\/p>\n<p><span style=\"color: #ff0000; font-size: 12pt;\"><strong>Caminhografia dos Encontros<\/strong><\/span><\/p>\n<p><span style=\"font-size: 10pt;\">No 2<sup>o<\/sup>. semestre de 2019, foram realizadas diversas experi\u00eancias caminhogr\u00e1ficas, junto a disciplina, que contava com 20 caminh\u00f3grafos (arquitetos, artistas, ge\u00f3grafos e psic\u00f3logos). Foram realizadas 7 caminhografias, na \u00e1rea urbana da cidade de Pelotas, entre os meses de agosto e novembro, coforme o <a href=\"https:\/\/wp.ufpel.edu.br\/caminhografiaurbana\/files\/2022\/04\/aula-1-caminhografia.pdf\">plano inicial<\/a>. Faziamos as caminhografias nos deslocando at\u00e9 o local marcado para o nosso encontro, com sol ou chuva, calor ou frio, cada um tendo como ponto de partida a sua casa, o seu trabalho, a universidade, etc. Levando cadernos de campo. No caminho jogavamos, faziamos interven\u00e7\u00f5es e conversamos com as pessoas. Ao final fizemos um mapa collage e um exercicio de <a href=\"https:\/\/photos.app.goo.gl\/EzkL8DWTZ2AiJRbw7\" target=\"_blank\" rel=\"noopener\">escrita coletiva<\/a>. Como <a href=\"https:\/\/wp.ufpel.edu.br\/caminhografiaurbana\/files\/2022\/04\/1_VIENANPARQ-6-11.pdf\">resultado<\/a> foi poss\u00edvel sentir diferentes cidades na mesma cidade, m\u00faltiplos sentidos e novas solu\u00e7\u00f5es.<\/span><\/p>\n<p><span style=\"font-size: 10pt;\"><strong>Caminhogr\u00e1fos:<\/strong> Carolina Frasson Sebalhos, Carolina Ritter, Fernanda Fedrizzi Loureiro de Lima, Fernando Henrique Nascimento Kikuchi, Flavio Almansa Baumbach, Gabriela Pasqualin Cavalheiro, Humberto Levy de Souza, Isabella Khauam Maricatto, Lais Dellinghausen Portela, Larissa de Andrade Carvalho, Livia Avila Cava, Luana Pavan Detoni, Luiza Coelho Quintana, Marina Mecabo, Rafael Oliveira Correa Luz, Shirley Terra Lara dos Santos, Sirlene de Mello Sope\u00f1a, Ta\u00eds Beltrame dos Santos, Thalissa Beatrice Fernandes Soares e Vanessa Forneck.<\/span><\/td>\n<\/tr>\n<tr>\n<td style=\"width: 100%;\">\n<p><span style=\"font-size: 10pt;\"><strong style=\"font-family: inherit;\"><a href=\"https:\/\/photos.app.goo.gl\/ZAt7yh5M7oYU7jXQ8\" target=\"_blank\" rel=\"noopener\"><img loading=\"lazy\" decoding=\"async\" class=\"alignleft wp-image-790\" src=\"https:\/\/wp.ufpel.edu.br\/caminhografiaurbana\/files\/2022\/04\/icones13-200x200.png\" alt=\"\" width=\"100\" height=\"100\" srcset=\"https:\/\/wp.ufpel.edu.br\/caminhografiaurbana\/files\/2022\/04\/icones13-200x200.png 200w, https:\/\/wp.ufpel.edu.br\/caminhografiaurbana\/files\/2022\/04\/icones13-400x400.png 400w, https:\/\/wp.ufpel.edu.br\/caminhografiaurbana\/files\/2022\/04\/icones13.png 512w\" sizes=\"auto, (max-width: 100px) 85vw, 100px\" \/><\/a>encontro 1 [ <span class=\"d2edcug0 hpfvmrgz qv66sw1b c1et5uql b0tq1wua a8c37x1j fe6kdd0r mau55g9w c8b282yb keod5gw0 nxhoafnm aigsh9s9 d9wwppkn hrzyx87i jq4qci2q a3bd9o3v b1v8xokw oo9gr5id\" dir=\"auto\"><span class=\"d2edcug0 hpfvmrgz qv66sw1b c1et5uql b0tq1wua jq4qci2q a3bd9o3v b1v8xokw oo9gr5id\"><b>14h15min, dia 21\/08<\/b><\/span><\/span>]- <a href=\"https:\/\/photos.app.goo.gl\/ZAt7yh5M7oYU7jXQ8\" target=\"_blank\" rel=\"noopener\"><span style=\"color: #ff0000;\">Mercado P\u00fablico<\/span><\/a><\/strong>\u00a0<\/span><\/p>\n<p><span style=\"font-size: 10pt;\">jogo: <span class=\"d2edcug0 hpfvmrgz qv66sw1b c1et5uql b0tq1wua a8c37x1j fe6kdd0r mau55g9w c8b282yb keod5gw0 nxhoafnm aigsh9s9 d9wwppkn hrzyx87i jq4qci2q a3bd9o3v b1v8xokw oo9gr5id\" dir=\"auto\"><span class=\"d2edcug0 hpfvmrgz qv66sw1b c1et5uql b0tq1wua jq4qci2q a3bd9o3v b1v8xokw oo9gr5id\">falar com algu\u00e9m no caminho e perguntar alguma \u201ccoisa\u201d sobre a cidade.<\/span><\/span><\/span><\/td>\n<\/tr>\n<tr>\n<td style=\"width: 100%;\">\n<p><span style=\"font-size: 10pt;\"><strong style=\"font-family: inherit;\"><a href=\"https:\/\/photos.app.goo.gl\/LvVHAEf3QAkYyVsK8\" target=\"_blank\" rel=\"noopener\"><img loading=\"lazy\" decoding=\"async\" class=\"wp-image-794 alignleft\" src=\"https:\/\/wp.ufpel.edu.br\/caminhografiaurbana\/files\/2022\/04\/53-1-400x400.png\" alt=\"\" width=\"100\" height=\"100\" srcset=\"https:\/\/wp.ufpel.edu.br\/caminhografiaurbana\/files\/2022\/04\/53-1-400x400.png 400w, https:\/\/wp.ufpel.edu.br\/caminhografiaurbana\/files\/2022\/04\/53-1-200x200.png 200w, https:\/\/wp.ufpel.edu.br\/caminhografiaurbana\/files\/2022\/04\/53-1.png 512w\" sizes=\"auto, (max-width: 100px) 85vw, 100px\" \/><\/a>encontro 2 [14h15min, dia 11\/09]- <a href=\"https:\/\/photos.app.goo.gl\/LvVHAEf3QAkYyVsK8\" target=\"_blank\" rel=\"noopener\"><span style=\"color: #ff0000;\">R\u00f3tula do Big<\/span><\/a><\/strong>\u00a0<\/span><\/p>\n<p><span style=\"font-size: 10pt;\">jogo: <span class=\"d2edcug0 hpfvmrgz qv66sw1b c1et5uql b0tq1wua a8c37x1j fe6kdd0r mau55g9w c8b282yb keod5gw0 nxhoafnm aigsh9s9 d9wwppkn hrzyx87i jq4qci2q a3bd9o3v b1v8xokw oo9gr5id hzawbc8m\" dir=\"auto\">deixar pelo caminho uma &#8220;escrita urbana&#8221;.<\/span><\/span><\/td>\n<\/tr>\n<tr>\n<td style=\"width: 100%;\">\n<p><span style=\"font-size: 10pt;\"><strong style=\"font-family: inherit;\"><a href=\"https:\/\/photos.app.goo.gl\/M4Mb5wVJSR9TfbFr6\" target=\"_blank\" rel=\"noopener\"><img loading=\"lazy\" decoding=\"async\" class=\"alignleft wp-image-798\" src=\"https:\/\/wp.ufpel.edu.br\/caminhografiaurbana\/files\/2022\/04\/57-400x400.png\" alt=\"\" width=\"100\" height=\"100\" srcset=\"https:\/\/wp.ufpel.edu.br\/caminhografiaurbana\/files\/2022\/04\/57-400x400.png 400w, https:\/\/wp.ufpel.edu.br\/caminhografiaurbana\/files\/2022\/04\/57-200x200.png 200w, https:\/\/wp.ufpel.edu.br\/caminhografiaurbana\/files\/2022\/04\/57.png 512w\" sizes=\"auto, (max-width: 100px) 85vw, 100px\" \/><\/a>encontro 3 [14h15min, dia 18\/09]- <a href=\"https:\/\/photos.app.goo.gl\/M4Mb5wVJSR9TfbFr6\" target=\"_blank\" rel=\"noopener\"><span style=\"color: #ff0000;\">Cemit\u00e9rio do Fragata <\/span><\/a><\/strong><\/span><\/p>\n<p><span style=\"font-size: 10pt;\">jogo: <span class=\"d2edcug0 hpfvmrgz qv66sw1b c1et5uql b0tq1wua jq4qci2q a3bd9o3v b1v8xokw oo9gr5id\">coletar alguma &#8220;coisa&#8221; no caminho.<\/span><\/span><\/td>\n<\/tr>\n<tr>\n<td style=\"width: 100%;\">\n<p><span style=\"font-size: 10pt;\"><strong style=\"font-family: inherit;\"><a href=\"https:\/\/photos.app.goo.gl\/BG6jGoSZNYouh8MS7\" target=\"_blank\" rel=\"noopener\"><img loading=\"lazy\" decoding=\"async\" class=\"alignleft wp-image-797\" src=\"https:\/\/wp.ufpel.edu.br\/caminhografiaurbana\/files\/2022\/04\/56-400x400.png\" alt=\"\" width=\"100\" height=\"100\" srcset=\"https:\/\/wp.ufpel.edu.br\/caminhografiaurbana\/files\/2022\/04\/56-400x400.png 400w, https:\/\/wp.ufpel.edu.br\/caminhografiaurbana\/files\/2022\/04\/56-200x200.png 200w, https:\/\/wp.ufpel.edu.br\/caminhografiaurbana\/files\/2022\/04\/56.png 512w\" sizes=\"auto, (max-width: 100px) 85vw, 100px\" \/><\/a>encontro 4 [14h15min, 25\/09]- <a href=\"https:\/\/photos.app.goo.gl\/BG6jGoSZNYouh8MS7\" target=\"_blank\" rel=\"noopener\"><span style=\"color: #ff0000;\">Gin\u00e1sio do Areal <\/span><\/a><\/strong><\/span><\/p>\n<p><span style=\"font-size: 10pt;\">jogo: <span class=\"d2edcug0 hpfvmrgz qv66sw1b c1et5uql b0tq1wua a8c37x1j fe6kdd0r mau55g9w c8b282yb keod5gw0 nxhoafnm aigsh9s9 d9wwppkn hrzyx87i jq4qci2q a3bd9o3v b1v8xokw oo9gr5id\" dir=\"auto\"><span class=\"d2edcug0 hpfvmrgz qv66sw1b c1et5uql b0tq1wua jq4qci2q a3bd9o3v b1v8xokw oo9gr5id\">vamos &#8220;comer&#8221; alguma coisa no caminho.<\/span><\/span><\/span><\/td>\n<\/tr>\n<tr>\n<td style=\"width: 100%;\">\n<p><span style=\"font-size: 10pt;\"><strong style=\"font-family: inherit;\"><a href=\"https:\/\/photos.app.goo.gl\/buoMP3DYwupNBJKi6\" target=\"_blank\" rel=\"noopener\"><img loading=\"lazy\" decoding=\"async\" class=\"alignleft wp-image-796\" src=\"https:\/\/wp.ufpel.edu.br\/caminhografiaurbana\/files\/2022\/04\/55-400x400.png\" alt=\"\" width=\"100\" height=\"100\" srcset=\"https:\/\/wp.ufpel.edu.br\/caminhografiaurbana\/files\/2022\/04\/55-400x400.png 400w, https:\/\/wp.ufpel.edu.br\/caminhografiaurbana\/files\/2022\/04\/55-200x200.png 200w, https:\/\/wp.ufpel.edu.br\/caminhografiaurbana\/files\/2022\/04\/55.png 512w\" sizes=\"auto, (max-width: 100px) 85vw, 100px\" \/><\/a>encontro 5 [14h15min, dia 09\/10]- <a href=\"https:\/\/photos.app.goo.gl\/buoMP3DYwupNBJKi6\" target=\"_blank\" rel=\"noopener\"><span style=\"color: #ff0000;\">Parque Una <\/span><\/a><\/strong><\/span><\/p>\n<p><span style=\"font-size: 10pt;\">jogo: fazer uma &#8220;pequena&#8221; interven\u00e7ao pelo caminho.<\/span><\/td>\n<\/tr>\n<tr>\n<td style=\"width: 100%;\">\n<p><span style=\"font-size: 10pt;\"><strong style=\"font-family: inherit;\"><a href=\"https:\/\/photos.app.goo.gl\/W5Gh3skGMPv2sc1WA\" target=\"_blank\" rel=\"noopener\"><img loading=\"lazy\" decoding=\"async\" class=\"alignleft wp-image-802\" src=\"https:\/\/wp.ufpel.edu.br\/caminhografiaurbana\/files\/2022\/04\/icones14-400x400.png\" alt=\"\" width=\"100\" height=\"100\" srcset=\"https:\/\/wp.ufpel.edu.br\/caminhografiaurbana\/files\/2022\/04\/icones14-400x400.png 400w, https:\/\/wp.ufpel.edu.br\/caminhografiaurbana\/files\/2022\/04\/icones14-200x200.png 200w, https:\/\/wp.ufpel.edu.br\/caminhografiaurbana\/files\/2022\/04\/icones14.png 512w\" sizes=\"auto, (max-width: 100px) 85vw, 100px\" \/><\/a>encontro 6 [14h15min, 16\/10]- <a href=\"https:\/\/photos.app.goo.gl\/W5Gh3skGMPv2sc1WA\" target=\"_blank\" rel=\"noopener\"><span style=\"color: #ff0000;\">Galerias do Centro<\/span><\/a><\/strong>\u00a0 <\/span><\/p>\n<p><span style=\"font-size: 10pt;\">jogo: escolher algum dos outros jogos anteriores, jogar de novo!<\/span><\/td>\n<\/tr>\n<tr>\n<td style=\"width: 100%;\">\n<p><span style=\"font-size: 10pt;\"><strong style=\"font-family: inherit;\"><a href=\"https:\/\/photos.app.goo.gl\/1MFJDAiZyXMAomraA\" target=\"_blank\" rel=\"noopener\"><img loading=\"lazy\" decoding=\"async\" class=\"alignleft wp-image-795\" src=\"https:\/\/wp.ufpel.edu.br\/caminhografiaurbana\/files\/2022\/04\/54-400x400.png\" alt=\"\" width=\"100\" height=\"100\" srcset=\"https:\/\/wp.ufpel.edu.br\/caminhografiaurbana\/files\/2022\/04\/54-400x400.png 400w, https:\/\/wp.ufpel.edu.br\/caminhografiaurbana\/files\/2022\/04\/54-200x200.png 200w, https:\/\/wp.ufpel.edu.br\/caminhografiaurbana\/files\/2022\/04\/54.png 512w\" sizes=\"auto, (max-width: 100px) 85vw, 100px\" \/><\/a>encontro 7 [14h15min, 13\/11]- <span style=\"color: #ff0000;\"><a href=\"https:\/\/photos.app.goo.gl\/1MFJDAiZyXMAomraA\" target=\"_blank\" rel=\"noopener\">C<\/a><a href=\"https:\/\/photos.app.goo.gl\/1MFJDAiZyXMAomraA\" target=\"_blank\" rel=\"noopener\"><span class=\"d2edcug0 hpfvmrgz qv66sw1b c1et5uql b0tq1wua a8c37x1j fe6kdd0r mau55g9w c8b282yb keod5gw0 nxhoafnm aigsh9s9 d9wwppkn hrzyx87i jq4qci2q a3bd9o3v b1v8xokw oo9gr5id\" dir=\"auto\"><span class=\"d2edcug0 hpfvmrgz qv66sw1b c1et5uql b0tq1wua jq4qci2q a3bd9o3v b1v8xokw oo9gr5id\">aixa D&#8217;agua da Andrade Neves esq. Jo\u00e3o Manoel <\/span><\/span><\/a><\/span><\/strong><span class=\"d2edcug0 hpfvmrgz qv66sw1b c1et5uql b0tq1wua a8c37x1j fe6kdd0r mau55g9w c8b282yb keod5gw0 nxhoafnm aigsh9s9 d9wwppkn hrzyx87i jq4qci2q a3bd9o3v b1v8xokw oo9gr5id\" dir=\"auto\"><span class=\"d2edcug0 hpfvmrgz qv66sw1b c1et5uql b0tq1wua jq4qci2q a3bd9o3v b1v8xokw oo9gr5id\">\u00a0<\/span><\/span><\/span><\/p>\n<p><span style=\"font-size: 10pt;\"><span class=\"d2edcug0 hpfvmrgz qv66sw1b c1et5uql b0tq1wua a8c37x1j fe6kdd0r mau55g9w c8b282yb keod5gw0 nxhoafnm aigsh9s9 d9wwppkn hrzyx87i jq4qci2q a3bd9o3v b1v8xokw oo9gr5id\" dir=\"auto\"><span class=\"d2edcug0 hpfvmrgz qv66sw1b c1et5uql b0tq1wua jq4qci2q a3bd9o3v b1v8xokw oo9gr5id\"> jogo:<\/span><\/span> escrever.<\/span><\/td>\n<\/tr>\n<tr>\n<td style=\"width: 100%;\">\n<p><span style=\"font-size: 10pt;\"><strong style=\"font-family: inherit;\"><a href=\"https:\/\/photos.app.goo.gl\/L8Z1KhjYVz8vQo7e8\" target=\"_blank\" rel=\"noopener\"><img loading=\"lazy\" decoding=\"async\" class=\"alignleft wp-image-799\" src=\"https:\/\/wp.ufpel.edu.br\/caminhografiaurbana\/files\/2022\/04\/58-400x400.png\" alt=\"\" width=\"100\" height=\"100\" srcset=\"https:\/\/wp.ufpel.edu.br\/caminhografiaurbana\/files\/2022\/04\/58-400x400.png 400w, https:\/\/wp.ufpel.edu.br\/caminhografiaurbana\/files\/2022\/04\/58-200x200.png 200w, https:\/\/wp.ufpel.edu.br\/caminhografiaurbana\/files\/2022\/04\/58.png 512w\" sizes=\"auto, (max-width: 100px) 85vw, 100px\" \/><\/a>encontros finais [13h30min, 20\/11 e 04\/12]- <a href=\"https:\/\/photos.app.goo.gl\/L8Z1KhjYVz8vQo7e8\" target=\"_blank\" rel=\"noopener\"><span style=\"color: #ff0000;\">FAUrb\/UFPel<\/span><\/a><\/strong>\u00a0<\/span><\/p>\n<p><span style=\"font-size: 10pt;\">jogo: mapa <em>collage<\/em>+escrita coletiva.<\/span><\/td>\n<\/tr>\n<tr>\n<td style=\"width: 100%;\">\n<p><span style=\"font-size: 10pt;\"><strong style=\"font-family: inherit;\">refer\u00eancias b\u00e1sicas<\/strong><\/span><\/p>\n<p><span style=\"font-size: 10pt;\">CARRERI, Francesco. Walkscapes: el andar como practica est\u00e9tica. Barcelona: Gustavo Gili, 2002.<\/span><\/p>\n<p><span style=\"font-size: 10pt;\">DELIGNY, Fernand. O aracniano e outros textos. S\u00e3o Paulo: n-1, 2018.<\/span><\/p>\n<p><span style=\"font-size: 10pt;\">ORLANDI, Luiz. Um gosto pelos encontros. Dispon\u00edvel em: <a href=\"https:\/\/territoriosdefilosofia.wordpress.com\/2014\/12\/29\/um-gosto-pelos-encontros-luiz-orlandi\/\">https:\/\/territoriosdefilosofia.wordpress.com\/2014\/12\/29\/um-gosto-pelos-encontros-luiz-orlandi\/\u00a0<\/a><\/span><\/p>\n<p><strong><span style=\"font-size: 10pt;\">complementares<\/span><\/strong><\/p>\n<p><span style=\"font-size: 10pt;\">AGAMBEM, Giorgio. O que \u00e9 contempor\u00e2neo? e outros ensaios. Chapec\u00f3: Argos Editora, 2009. <\/span><\/p>\n<p><span style=\"font-size: 10pt;\">BRETON, David Le. Il Mondo a piedi: elogio della marcia. Milano: Feltrinelli, 2001.<\/span><\/p>\n<p><span style=\"font-size: 10pt;\">DELEUZE, Gilles &amp; GUATTARI, Felix. Mil Platos: capitalismo e esquizofrenia. Vol.1. S\u00e3o Paulo: Ed. 34, 1995.<\/span><\/p>\n<p><span style=\"font-size: 10pt;\">DIDI-HUBERMAN, Georges. Cascas. S\u00e3o Paulo: Ed. 34, 2017.<\/span><\/p>\n<p><span style=\"font-size: 10pt;\">JACQUES, Paola Berenstein. Elogio aos errantes. Salvador: EDUFBA, 2012.<\/span><\/p>\n<p><span style=\"font-size: 10pt;\">PASSOS, Eduardo; KASTRUP, Virginia; ESCOCIA, Liliana da. Pistas do m\u00e9todo da cartografia: Pesquisa-interven\u00e7\u00e3o e produ\u00e7\u00e3o de subjetividade. Porto Alegre: Sulina, 2010. <\/span><\/p>\n<p><span style=\"font-size: 10pt;\">PASSOS, Eduardo; KASTRUP, Virginia; ESCOCIA, Liliana. Pistas do m\u00e9todo da cartografia V.2: A experi\u00eancia da pesquisa e o plano comum. Porto Alegre: Sulina, 2014.<\/span><\/p>\n<p><span style=\"font-size: 10pt;\">SOLNIT, Rebeca. A hist\u00f3ria do caminhar. S\u00e3o Paulo: Martins Fontes, 2016. <\/span><\/p>\n<p><span style=\"font-size: 10pt;\">WOLFE, Charles R. Seeing the Better City: how to explore, observe, and improve urban space. Washington: Island Press, 2017.<\/span><\/td>\n<\/tr>\n<\/tbody>\n<\/table>\n<p>&nbsp;<\/p>\n","protected":false},"excerpt":{"rendered":"<p>[2019] Caminhografia dos Encontros No 2o. semestre de 2019, foram realizadas diversas experi\u00eancias caminhogr\u00e1ficas, junto a disciplina, que contava com 20 caminh\u00f3grafos (arquitetos, artistas, ge\u00f3grafos e psic\u00f3logos). Foram realizadas 7 caminhografias, na \u00e1rea urbana da cidade de Pelotas, entre os meses de agosto e novembro, coforme o plano inicial. Faziamos as caminhografias nos deslocando at\u00e9 &hellip; <a href=\"https:\/\/wp.ufpel.edu.br\/caminhografiaurbana\/prograu-2019\/\" class=\"more-link\">Continue lendo<span class=\"screen-reader-text\"> &#8220;prograu 2019&#8221;<\/span><\/a><\/p>\n","protected":false},"author":716,"featured_media":0,"parent":0,"menu_order":0,"comment_status":"closed","ping_status":"closed","template":"","meta":{"footnotes":""},"class_list":["post-1509","page","type-page","status-publish","hentry"],"_links":{"self":[{"href":"https:\/\/wp.ufpel.edu.br\/caminhografiaurbana\/wp-json\/wp\/v2\/pages\/1509","targetHints":{"allow":["GET"]}}],"collection":[{"href":"https:\/\/wp.ufpel.edu.br\/caminhografiaurbana\/wp-json\/wp\/v2\/pages"}],"about":[{"href":"https:\/\/wp.ufpel.edu.br\/caminhografiaurbana\/wp-json\/wp\/v2\/types\/page"}],"author":[{"embeddable":true,"href":"https:\/\/wp.ufpel.edu.br\/caminhografiaurbana\/wp-json\/wp\/v2\/users\/716"}],"replies":[{"embeddable":true,"href":"https:\/\/wp.ufpel.edu.br\/caminhografiaurbana\/wp-json\/wp\/v2\/comments?post=1509"}],"version-history":[{"count":11,"href":"https:\/\/wp.ufpel.edu.br\/caminhografiaurbana\/wp-json\/wp\/v2\/pages\/1509\/revisions"}],"predecessor-version":[{"id":1651,"href":"https:\/\/wp.ufpel.edu.br\/caminhografiaurbana\/wp-json\/wp\/v2\/pages\/1509\/revisions\/1651"}],"wp:attachment":[{"href":"https:\/\/wp.ufpel.edu.br\/caminhografiaurbana\/wp-json\/wp\/v2\/media?parent=1509"}],"curies":[{"name":"wp","href":"https:\/\/api.w.org\/{rel}","templated":true}]}}