{"id":1481,"date":"2022-08-13T07:00:50","date_gmt":"2022-08-13T10:00:50","guid":{"rendered":"https:\/\/wp.ufpel.edu.br\/caminhografiaurbana\/?page_id=1481"},"modified":"2022-12-18T10:40:59","modified_gmt":"2022-12-18T13:40:59","slug":"projeto-v","status":"publish","type":"page","link":"https:\/\/wp.ufpel.edu.br\/caminhografiaurbana\/projeto-v\/","title":{"rendered":"projeto v"},"content":{"rendered":"<p><a href=\"https:\/\/wp.ufpel.edu.br\/projetov\/2022-1\/\" target=\"_blank\" rel=\"noopener\"><img loading=\"lazy\" decoding=\"async\" class=\"size-thumbnail wp-image-1551 alignleft\" src=\"https:\/\/wp.ufpel.edu.br\/caminhografiaurbana\/files\/2022\/08\/icones-200x200.png\" alt=\"\" width=\"200\" height=\"200\" srcset=\"https:\/\/wp.ufpel.edu.br\/caminhografiaurbana\/files\/2022\/08\/icones-200x200.png 200w, https:\/\/wp.ufpel.edu.br\/caminhografiaurbana\/files\/2022\/08\/icones-400x400.png 400w, https:\/\/wp.ufpel.edu.br\/caminhografiaurbana\/files\/2022\/08\/icones.png 512w\" sizes=\"auto, (max-width: 200px) 85vw, 200px\" \/><\/a>Atividades desenvolvidas na disciplina \u201c<a href=\"https:\/\/wp.ufpel.edu.br\/projetov\/2022-1\/\" target=\"_blank\" rel=\"noopener\">Projeto de Arquitetura V<\/a>\u201c, da Faculdade de Arquitetura e Urbanismo (<a href=\"https:\/\/wp.ufpel.edu.br\/faurb\/\">FAUrb<\/a>), da Universidade Federal de Pelotas <a href=\"https:\/\/portal.ufpel.edu.br\/\">(UFPel<\/a>).<\/p>\n<p><strong>[2022]<\/strong><\/p>\n<p><span style=\"color: #ff0000;\"><strong>Caminhografia do Projeto em Lacunas<\/strong><\/span><\/p>\n<p>No 2<sup>o<\/sup>. semestre de 2022, foram realizadas\u00a0 3 caminhografias urbanas, pelo bairro Porto, na cidade de Pelotas, no mes de agosto. S\u00e3o ao todo 34 caminhografos, estudantes \u2013 do quinto semestre do Curso de Arquitetura e Urbanismo e 2 professores . Todo o material coletado nas caminhografias foi depositado, organizado e formatado em pranchas que far\u00e3o parte do processo projetual dos alunos.<\/p>\n<p>Inicialmente foram caminhografdas lacunas\/vazios na regi\u00e3o do Bairro Porto, de Pelotas, para posterior implanta\u00e7\u00e3o do projeto: Casa do Estudante da FAUrb. A ideia \u00e9 implantar pequenas casas, para grupos de estudantes, que se localizem proximo a Faculdade e o Restaurante Universit\u00e1rio.<\/p>\n<p><strong>Caminhogr\u00e1fos: <\/strong>Eduardo Rocha, Alessandra Brito, Bruna Antiqueira, Brunna\u00a0 Oliveira, Camila Goldbeck, Danielle Villela, Igor Knorr, Julia Ribeiro, Lineker, Lucas Isoldi, Marina Rodrigues, Natalia Kaul, Rafaela Gomes, Raischa, Renata, Taina Gauterio, Thanize , Victoria, Williane, Heleno, Maria Elisa, Eduardo Silva, Bruna, Marcela, Felipe, Lucas Santos, Anderson, Paula, Rubia, Henrique Santos e Igor.<\/p>\n<p>Est\u00e3o sendo realizadas 3 caminhografias:<\/p>\n<p><strong>caminhografia 1 [ <span class=\"d2edcug0 hpfvmrgz qv66sw1b c1et5uql b0tq1wua a8c37x1j fe6kdd0r mau55g9w c8b282yb keod5gw0 nxhoafnm aigsh9s9 d9wwppkn hrzyx87i jq4qci2q a3bd9o3v b1v8xokw oo9gr5id\" dir=\"auto\"><span class=\"d2edcug0 hpfvmrgz qv66sw1b c1et5uql b0tq1wua jq4qci2q a3bd9o3v b1v8xokw oo9gr5id\"><b>14h00min, dia xx\/07<\/b><\/span><\/span>]- Mapeando Lacunas<\/strong><\/p>\n<p><strong>caminhografia 2 [ <span class=\"d2edcug0 hpfvmrgz qv66sw1b c1et5uql b0tq1wua a8c37x1j fe6kdd0r mau55g9w c8b282yb keod5gw0 nxhoafnm aigsh9s9 d9wwppkn hrzyx87i jq4qci2q a3bd9o3v b1v8xokw oo9gr5id\" dir=\"auto\"><span class=\"d2edcug0 hpfvmrgz qv66sw1b c1et5uql b0tq1wua jq4qci2q a3bd9o3v b1v8xokw oo9gr5id\"><b>10h00min, dia 03\/08<\/b><\/span><\/span>]- Reconhecendo as Lacunas<\/strong><\/p>\n<p><strong>caminhografia 3 [ <span class=\"d2edcug0 hpfvmrgz qv66sw1b c1et5uql b0tq1wua a8c37x1j fe6kdd0r mau55g9w c8b282yb keod5gw0 nxhoafnm aigsh9s9 d9wwppkn hrzyx87i jq4qci2q a3bd9o3v b1v8xokw oo9gr5id\" dir=\"auto\"><span class=\"d2edcug0 hpfvmrgz qv66sw1b c1et5uql b0tq1wua jq4qci2q a3bd9o3v b1v8xokw oo9gr5id\"><b>10h00min, dia 08\/08<\/b><\/span><\/span>]- FAUrb\/Lote\/RU<\/strong><\/p>\n<p><strong>entrega das reflex\u00f5es [ <span class=\"d2edcug0 hpfvmrgz qv66sw1b c1et5uql b0tq1wua a8c37x1j fe6kdd0r mau55g9w c8b282yb keod5gw0 nxhoafnm aigsh9s9 d9wwppkn hrzyx87i jq4qci2q a3bd9o3v b1v8xokw oo9gr5id\" dir=\"auto\"><span class=\"d2edcug0 hpfvmrgz qv66sw1b c1et5uql b0tq1wua jq4qci2q a3bd9o3v b1v8xokw oo9gr5id\"><b>10h00min, dia 31\/08<\/b><\/span><\/span>]- FAUrb<\/strong><\/p>\n","protected":false},"excerpt":{"rendered":"<p>Atividades desenvolvidas na disciplina \u201cProjeto de Arquitetura V\u201c, da Faculdade de Arquitetura e Urbanismo (FAUrb), da Universidade Federal de Pelotas (UFPel). [2022] Caminhografia do Projeto em Lacunas No 2o. semestre de 2022, foram realizadas\u00a0 3 caminhografias urbanas, pelo bairro Porto, na cidade de Pelotas, no mes de agosto. S\u00e3o ao todo 34 caminhografos, estudantes \u2013 &hellip; <a href=\"https:\/\/wp.ufpel.edu.br\/caminhografiaurbana\/projeto-v\/\" class=\"more-link\">Continue lendo<span class=\"screen-reader-text\"> &#8220;projeto v&#8221;<\/span><\/a><\/p>\n","protected":false},"author":716,"featured_media":0,"parent":0,"menu_order":0,"comment_status":"closed","ping_status":"closed","template":"","meta":{"footnotes":""},"class_list":["post-1481","page","type-page","status-publish","hentry"],"_links":{"self":[{"href":"https:\/\/wp.ufpel.edu.br\/caminhografiaurbana\/wp-json\/wp\/v2\/pages\/1481","targetHints":{"allow":["GET"]}}],"collection":[{"href":"https:\/\/wp.ufpel.edu.br\/caminhografiaurbana\/wp-json\/wp\/v2\/pages"}],"about":[{"href":"https:\/\/wp.ufpel.edu.br\/caminhografiaurbana\/wp-json\/wp\/v2\/types\/page"}],"author":[{"embeddable":true,"href":"https:\/\/wp.ufpel.edu.br\/caminhografiaurbana\/wp-json\/wp\/v2\/users\/716"}],"replies":[{"embeddable":true,"href":"https:\/\/wp.ufpel.edu.br\/caminhografiaurbana\/wp-json\/wp\/v2\/comments?post=1481"}],"version-history":[{"count":12,"href":"https:\/\/wp.ufpel.edu.br\/caminhografiaurbana\/wp-json\/wp\/v2\/pages\/1481\/revisions"}],"predecessor-version":[{"id":1696,"href":"https:\/\/wp.ufpel.edu.br\/caminhografiaurbana\/wp-json\/wp\/v2\/pages\/1481\/revisions\/1696"}],"wp:attachment":[{"href":"https:\/\/wp.ufpel.edu.br\/caminhografiaurbana\/wp-json\/wp\/v2\/media?parent=1481"}],"curies":[{"name":"wp","href":"https:\/\/api.w.org\/{rel}","templated":true}]}}