{"id":138,"date":"2022-03-23T12:42:06","date_gmt":"2022-03-23T15:42:06","guid":{"rendered":"https:\/\/wp.ufpel.edu.br\/caminhografiaurbana\/?page_id=138"},"modified":"2022-03-30T08:04:03","modified_gmt":"2022-03-30T11:04:03","slug":"3o-ano-escrever","status":"publish","type":"page","link":"https:\/\/wp.ufpel.edu.br\/caminhografiaurbana\/3o-ano-escrever\/","title":{"rendered":"Ano 3 &#8211; escrever"},"content":{"rendered":"<p class=\"p1\">A partir dos resultados dos dois primeiros anos, ser\u00e3o feitas an\u00e1lises, buscando elencar pistas da pr\u00e1tica da \u201ccaminhografia urbana\u201d. Essas an\u00e1lises ser\u00e3o organizadas num livro sobre o m\u00e9todo, visando consolidar a rede de pesquisa internacional em \u201ccartografias urbanas\u201d.<\/p>\n<blockquote>\n<p class=\"p1\"><span style=\"font-size: 10pt\">Penso que escrever \u00e9 um devir alguma coisa. Mas tamb\u00e9m n\u00e3o se escreve pelo simples ato de escrever. Penso que se escreve porque algo da vida passa em n\u00f3s. Qualquer coisa. Escreve-se para a vida [<span class=\"ILfuVd\"><span class=\"hgKElc\">DELEUZE, G., PARNET, C. <strong>Abeced\u00e1rio de Gilles Deleuze<\/strong>. Paris: \u00c9ditions Montparnasse, 1994<\/span><\/span>].<\/span><\/p>\n<\/blockquote>\n<p><strong><span style=\"font-size: 10pt\">cronograma<\/span><\/strong><\/p>\n<p><img loading=\"lazy\" decoding=\"async\" class=\"alignnone size-medium wp-image-542\" src=\"https:\/\/wp.ufpel.edu.br\/caminhografiaurbana\/files\/2022\/03\/3ano-400x211.png\" alt=\"\" width=\"400\" height=\"211\" srcset=\"https:\/\/wp.ufpel.edu.br\/caminhografiaurbana\/files\/2022\/03\/3ano-400x211.png 400w, https:\/\/wp.ufpel.edu.br\/caminhografiaurbana\/files\/2022\/03\/3ano-1024x541.png 1024w, https:\/\/wp.ufpel.edu.br\/caminhografiaurbana\/files\/2022\/03\/3ano-768x406.png 768w, https:\/\/wp.ufpel.edu.br\/caminhografiaurbana\/files\/2022\/03\/3ano.png 1058w\" sizes=\"auto, (max-width: 400px) 85vw, 400px\" \/><\/p>\n","protected":false},"excerpt":{"rendered":"<p>A partir dos resultados dos dois primeiros anos, ser\u00e3o feitas an\u00e1lises, buscando elencar pistas da pr\u00e1tica da \u201ccaminhografia urbana\u201d. Essas an\u00e1lises ser\u00e3o organizadas num livro sobre o m\u00e9todo, visando consolidar a rede de pesquisa internacional em \u201ccartografias urbanas\u201d. Penso que escrever \u00e9 um devir alguma coisa. Mas tamb\u00e9m n\u00e3o se escreve pelo simples ato de &hellip; <a href=\"https:\/\/wp.ufpel.edu.br\/caminhografiaurbana\/3o-ano-escrever\/\" class=\"more-link\">Continue lendo<span class=\"screen-reader-text\"> &#8220;Ano 3 &#8211; escrever&#8221;<\/span><\/a><\/p>\n","protected":false},"author":716,"featured_media":0,"parent":0,"menu_order":0,"comment_status":"closed","ping_status":"closed","template":"","meta":{"footnotes":""},"class_list":["post-138","page","type-page","status-publish","hentry"],"_links":{"self":[{"href":"https:\/\/wp.ufpel.edu.br\/caminhografiaurbana\/wp-json\/wp\/v2\/pages\/138","targetHints":{"allow":["GET"]}}],"collection":[{"href":"https:\/\/wp.ufpel.edu.br\/caminhografiaurbana\/wp-json\/wp\/v2\/pages"}],"about":[{"href":"https:\/\/wp.ufpel.edu.br\/caminhografiaurbana\/wp-json\/wp\/v2\/types\/page"}],"author":[{"embeddable":true,"href":"https:\/\/wp.ufpel.edu.br\/caminhografiaurbana\/wp-json\/wp\/v2\/users\/716"}],"replies":[{"embeddable":true,"href":"https:\/\/wp.ufpel.edu.br\/caminhografiaurbana\/wp-json\/wp\/v2\/comments?post=138"}],"version-history":[{"count":13,"href":"https:\/\/wp.ufpel.edu.br\/caminhografiaurbana\/wp-json\/wp\/v2\/pages\/138\/revisions"}],"predecessor-version":[{"id":549,"href":"https:\/\/wp.ufpel.edu.br\/caminhografiaurbana\/wp-json\/wp\/v2\/pages\/138\/revisions\/549"}],"wp:attachment":[{"href":"https:\/\/wp.ufpel.edu.br\/caminhografiaurbana\/wp-json\/wp\/v2\/media?parent=138"}],"curies":[{"name":"wp","href":"https:\/\/api.w.org\/{rel}","templated":true}]}}