{"id":137,"date":"2022-03-23T12:42:06","date_gmt":"2022-03-23T15:42:06","guid":{"rendered":"https:\/\/wp.ufpel.edu.br\/caminhografiaurbana\/?page_id=137"},"modified":"2022-03-30T08:03:50","modified_gmt":"2022-03-30T11:03:50","slug":"2o-ano-experimentar","status":"publish","type":"page","link":"https:\/\/wp.ufpel.edu.br\/caminhografiaurbana\/2o-ano-experimentar\/","title":{"rendered":"Ano 2 &#8211; experimentar"},"content":{"rendered":"<p class=\"p1\">V\u00e3o ser realizadas experi\u00eancias de \u201ccaminhografia urbana\u201d em disciplinas de gradua\u00e7\u00e3o e p\u00f3s-gradua\u00e7\u00e3o e atividades de pesquisa e extens\u00e3o. Experi\u00eancia \u00e9 aquilo que constr\u00f3i nossa subjetividade. Diferente do senso comum, \u00e9 aquilo que nos passa, que \u00e9 vivido e sentido no corpo. Todas essas experi\u00eancias-sentido da \u201ccaminhografia urbana\u201d ser\u00e3o registradas, filmadas, fotografadas, desenhadas e escritas em mapas, sempre pr\u00f3ximas da pedagogia da viagem, <span class=\"s2\">que prev\u00ea tr\u00eas movimentos: <\/span>a expectativa \u2013 que se refere aos antecedentes e preparativos da experi\u00eancia; a experi\u00eancia \u2013 etapa do acontecimento da viagem; e, por fim, o retorno \u2013 a reflex\u00e3o que demarca novos in\u00edcios e gera pistas. Al\u00e9m das experi\u00eancias, ser\u00e1 realizado o evento 8\u00b0 Encontro Internacional Cidade, Contemporaneidade e Morfologia Urbana (EICCMU) \u2013 Caminhografar.<\/p>\n<blockquote>\n<p class=\"p1\"><span style=\"font-size: 10pt\">Tive esta experi\u00eancia, os dobradores de pap\u00e9is chegam e dizem: a dobra somos n\u00f3s. Os outros, que me enviaram o mesmo tipo de carta, \u00e9 incr\u00edvel, foram os surfistas. \u00c0 primeira vista n\u00e3o h\u00e1 rela\u00e7\u00e3o alguma com os dobradores de pap\u00e9is. Os surfistas dizem: \u201cconcordamos totalmente, pois, o que fazemos? Estamos sempre nos insinuando nas dobras da natureza. Para n\u00f3s, a natureza \u00e9 um conjunto de dobras m\u00f3veis. N\u00f3s nos insinuamos na dobra da onda, habitar a dobra da onda \u00e9 a nossa tarefa\u201d. Habitar a dobra da onda e, com efeito, eles falam disso de modo admir\u00e1vel. Eles pensam, n\u00e3o se contentam em surfar, eles pensam o que fazem [<span class=\"ILfuVd\"><span class=\"hgKElc\">DELEUZE, G., PARNET, C. <strong>Abeced\u00e1rio de Gilles Deleuze<\/strong>. Paris: \u00c9ditions Montparnasse, 1994<\/span><\/span> ].<\/span><\/p>\n<\/blockquote>\n<p><strong><span style=\"font-size: 10pt\">cronograma<\/span><\/strong><\/p>\n<p><img loading=\"lazy\" decoding=\"async\" class=\"alignnone size-medium wp-image-541\" src=\"https:\/\/wp.ufpel.edu.br\/caminhografiaurbana\/files\/2022\/03\/2ano-400x255.png\" alt=\"\" width=\"400\" height=\"255\" srcset=\"https:\/\/wp.ufpel.edu.br\/caminhografiaurbana\/files\/2022\/03\/2ano-400x255.png 400w, https:\/\/wp.ufpel.edu.br\/caminhografiaurbana\/files\/2022\/03\/2ano-1024x652.png 1024w, https:\/\/wp.ufpel.edu.br\/caminhografiaurbana\/files\/2022\/03\/2ano-768x489.png 768w, https:\/\/wp.ufpel.edu.br\/caminhografiaurbana\/files\/2022\/03\/2ano.png 1061w\" sizes=\"auto, (max-width: 400px) 85vw, 400px\" \/><\/p>\n","protected":false},"excerpt":{"rendered":"<p>V\u00e3o ser realizadas experi\u00eancias de \u201ccaminhografia urbana\u201d em disciplinas de gradua\u00e7\u00e3o e p\u00f3s-gradua\u00e7\u00e3o e atividades de pesquisa e extens\u00e3o. Experi\u00eancia \u00e9 aquilo que constr\u00f3i nossa subjetividade. Diferente do senso comum, \u00e9 aquilo que nos passa, que \u00e9 vivido e sentido no corpo. Todas essas experi\u00eancias-sentido da \u201ccaminhografia urbana\u201d ser\u00e3o registradas, filmadas, fotografadas, desenhadas e escritas &hellip; <a href=\"https:\/\/wp.ufpel.edu.br\/caminhografiaurbana\/2o-ano-experimentar\/\" class=\"more-link\">Continue lendo<span class=\"screen-reader-text\"> &#8220;Ano 2 &#8211; experimentar&#8221;<\/span><\/a><\/p>\n","protected":false},"author":716,"featured_media":0,"parent":0,"menu_order":0,"comment_status":"closed","ping_status":"closed","template":"","meta":{"footnotes":""},"class_list":["post-137","page","type-page","status-publish","hentry"],"_links":{"self":[{"href":"https:\/\/wp.ufpel.edu.br\/caminhografiaurbana\/wp-json\/wp\/v2\/pages\/137","targetHints":{"allow":["GET"]}}],"collection":[{"href":"https:\/\/wp.ufpel.edu.br\/caminhografiaurbana\/wp-json\/wp\/v2\/pages"}],"about":[{"href":"https:\/\/wp.ufpel.edu.br\/caminhografiaurbana\/wp-json\/wp\/v2\/types\/page"}],"author":[{"embeddable":true,"href":"https:\/\/wp.ufpel.edu.br\/caminhografiaurbana\/wp-json\/wp\/v2\/users\/716"}],"replies":[{"embeddable":true,"href":"https:\/\/wp.ufpel.edu.br\/caminhografiaurbana\/wp-json\/wp\/v2\/comments?post=137"}],"version-history":[{"count":10,"href":"https:\/\/wp.ufpel.edu.br\/caminhografiaurbana\/wp-json\/wp\/v2\/pages\/137\/revisions"}],"predecessor-version":[{"id":548,"href":"https:\/\/wp.ufpel.edu.br\/caminhografiaurbana\/wp-json\/wp\/v2\/pages\/137\/revisions\/548"}],"wp:attachment":[{"href":"https:\/\/wp.ufpel.edu.br\/caminhografiaurbana\/wp-json\/wp\/v2\/media?parent=137"}],"curies":[{"name":"wp","href":"https:\/\/api.w.org\/{rel}","templated":true}]}}