{"id":136,"date":"2022-03-23T12:42:06","date_gmt":"2022-03-23T15:42:06","guid":{"rendered":"https:\/\/wp.ufpel.edu.br\/caminhografiaurbana\/?page_id=136"},"modified":"2022-03-30T08:03:36","modified_gmt":"2022-03-30T11:03:36","slug":"1o-ano-encontrar","status":"publish","type":"page","link":"https:\/\/wp.ufpel.edu.br\/caminhografiaurbana\/1o-ano-encontrar\/","title":{"rendered":"Ano 1 &#8211; encontrar"},"content":{"rendered":"<p class=\"p1\">Ser\u00e3o realizadas revis\u00f5es bibliogr\u00e1ficas, elabora\u00e7\u00e3o de website, entrevistas com referentes e reuni\u00f5es de pesquisa. A proposta \u00e9 promover encontros de intensidade, os bons encontros \u2013 entre corpos e ideias \u2013 deleuzianos a partir de Nietzsche e Spinoza. \u00c9 assim que a caminhografia urbana se aproxima de seu limiar m\u00e1ximo, buscando ultrapassar a racionalidade do pensar sobre a cidade estruturada e alimentando-se do estranho e do diverso, que possibilitam muta\u00e7\u00f5es.<\/p>\n<blockquote>\n<p class=\"p1\"><span style=\"font-size: 10pt\">E n\u00e3o se t\u00eam encontros com pessoas. As pessoas acham que \u00e9 com pessoas que se t\u00eam encontros. \u00c9 terr\u00edvel, isso faz parte da cultura, intelectuais que se encontram, essa sujeira de col\u00f3quios, essa inf\u00e2mia, mas n\u00e3o se tem encontros com pessoas, e sim com coisas, com obras: encontro um quadro, encontro uma \u00e1ria de m\u00fasica, uma m\u00fasica, assim entendo o que quer dizer um encontro <\/span><span style=\"font-size: 10pt\">[<span class=\"ILfuVd\"><span class=\"hgKElc\">DELEUZE, G., PARNET, C. <strong>Abeced\u00e1rio de Gilles Deleuze<\/strong>. Paris: \u00c9ditions Montparnasse, 1994<\/span><\/span> ].<\/span><\/p>\n<\/blockquote>\n<p><strong><span style=\"font-size: 10pt\">cronograma<\/span><\/strong><\/p>\n<p><img loading=\"lazy\" decoding=\"async\" class=\"alignnone size-medium wp-image-540\" src=\"https:\/\/wp.ufpel.edu.br\/caminhografiaurbana\/files\/2022\/03\/1ano-400x150.png\" alt=\"\" width=\"400\" height=\"150\" srcset=\"https:\/\/wp.ufpel.edu.br\/caminhografiaurbana\/files\/2022\/03\/1ano-400x150.png 400w, https:\/\/wp.ufpel.edu.br\/caminhografiaurbana\/files\/2022\/03\/1ano-1024x385.png 1024w, https:\/\/wp.ufpel.edu.br\/caminhografiaurbana\/files\/2022\/03\/1ano-768x288.png 768w, https:\/\/wp.ufpel.edu.br\/caminhografiaurbana\/files\/2022\/03\/1ano.png 1057w\" sizes=\"auto, (max-width: 400px) 85vw, 400px\" \/><\/p>\n","protected":false},"excerpt":{"rendered":"<p>Ser\u00e3o realizadas revis\u00f5es bibliogr\u00e1ficas, elabora\u00e7\u00e3o de website, entrevistas com referentes e reuni\u00f5es de pesquisa. A proposta \u00e9 promover encontros de intensidade, os bons encontros \u2013 entre corpos e ideias \u2013 deleuzianos a partir de Nietzsche e Spinoza. \u00c9 assim que a caminhografia urbana se aproxima de seu limiar m\u00e1ximo, buscando ultrapassar a racionalidade do pensar &hellip; <a href=\"https:\/\/wp.ufpel.edu.br\/caminhografiaurbana\/1o-ano-encontrar\/\" class=\"more-link\">Continue lendo<span class=\"screen-reader-text\"> &#8220;Ano 1 &#8211; encontrar&#8221;<\/span><\/a><\/p>\n","protected":false},"author":716,"featured_media":0,"parent":0,"menu_order":0,"comment_status":"closed","ping_status":"closed","template":"","meta":{"footnotes":""},"class_list":["post-136","page","type-page","status-publish","hentry"],"_links":{"self":[{"href":"https:\/\/wp.ufpel.edu.br\/caminhografiaurbana\/wp-json\/wp\/v2\/pages\/136","targetHints":{"allow":["GET"]}}],"collection":[{"href":"https:\/\/wp.ufpel.edu.br\/caminhografiaurbana\/wp-json\/wp\/v2\/pages"}],"about":[{"href":"https:\/\/wp.ufpel.edu.br\/caminhografiaurbana\/wp-json\/wp\/v2\/types\/page"}],"author":[{"embeddable":true,"href":"https:\/\/wp.ufpel.edu.br\/caminhografiaurbana\/wp-json\/wp\/v2\/users\/716"}],"replies":[{"embeddable":true,"href":"https:\/\/wp.ufpel.edu.br\/caminhografiaurbana\/wp-json\/wp\/v2\/comments?post=136"}],"version-history":[{"count":12,"href":"https:\/\/wp.ufpel.edu.br\/caminhografiaurbana\/wp-json\/wp\/v2\/pages\/136\/revisions"}],"predecessor-version":[{"id":547,"href":"https:\/\/wp.ufpel.edu.br\/caminhografiaurbana\/wp-json\/wp\/v2\/pages\/136\/revisions\/547"}],"wp:attachment":[{"href":"https:\/\/wp.ufpel.edu.br\/caminhografiaurbana\/wp-json\/wp\/v2\/media?parent=136"}],"curies":[{"name":"wp","href":"https:\/\/api.w.org\/{rel}","templated":true}]}}