{"id":8,"date":"2025-05-30T16:21:18","date_gmt":"2025-05-30T19:21:18","guid":{"rendered":"https:\/\/wp.ufpel.edu.br\/caminhografiacomescolas\/?page_id=8"},"modified":"2025-06-05T08:36:47","modified_gmt":"2025-06-05T11:36:47","slug":"equipe","status":"publish","type":"page","link":"https:\/\/wp.ufpel.edu.br\/caminhografiacomescolas\/equipe\/","title":{"rendered":"EQUIPE"},"content":{"rendered":"<p><span style=\"font-family: helvetica, arial, sans-serif; font-size: 12pt;\"><span style=\"font-weight: 400;\">Andrea Paola Fondevila Salcedo <\/span><span style=\"font-weight: 400;\">(Ge\u00f3grafa, Mestranda em Arquitetura e Urbanismo)<\/span><\/span><\/p>\n<p><span style=\"font-weight: 400; font-family: helvetica, arial, sans-serif; font-size: 12pt;\">B\u00e1rbara Calixto dos Santos\u00a0 (Acad\u00eamica do Curso de Artes Visuais)<\/span><\/p>\n<p><span style=\"font-weight: 400; font-family: helvetica, arial, sans-serif; font-size: 12pt;\">Beatriz de Oliveira Brum (Acad\u00eamica do Curso de Arquitetura e Urbanismo, bolsista de extens\u00e3o)<\/span><\/p>\n<p><span style=\"font-weight: 400; font-family: helvetica, arial, sans-serif; font-size: 12pt;\">Carolina Spilimbergo Freij (Acad\u00eamica do Curso de Arquitetura e Urbanismo, bolsista de extens\u00e3o)<\/span><\/p>\n<p><span style=\"font-weight: 400; font-family: helvetica, arial, sans-serif; font-size: 12pt;\">Daniela Vieira Goulart (Arquiteta e Urbanista, Doutoranda em Arquitetura e Urbanismo)<\/span><\/p>\n<p><span style=\"font-weight: 400; font-family: helvetica, arial, sans-serif; font-size: 12pt;\">Eduarda Azevedo Gon\u00e7alves (Artista, Doutora em Artes , bolsista de p\u00f3s-doc)<\/span><\/p>\n<p><span style=\"font-weight: 400; font-family: helvetica, arial, sans-serif; font-size: 12pt;\">Eduardo da Silva e Silva (Acad\u00eamico do Curso de Arquitetura e Urbanismo, bolsista de inicia\u00e7\u00e3o cient\u00edfica)<\/span><\/p>\n<p><span style=\"font-weight: 400; font-family: helvetica, arial, sans-serif; font-size: 12pt;\">Eduardo Rocha (Arquiteto e Urbanista, Doutor em Arquitetura, coordenador do projeto)<\/span><\/p>\n<p><span style=\"font-weight: 400; font-family: helvetica, arial, sans-serif; font-size: 12pt;\">Gabriela Droppa Trentin\u00a0 (Acad\u00eamica do Curso de Arquitetura e Urbanismo, bolsista de extens\u00e3o)<\/span><\/p>\n<p><span style=\"font-weight: 400; font-family: helvetica, arial, sans-serif; font-size: 12pt;\">Humberto Levy de Souza (Artista, Mestrando em Artes)<\/span><\/p>\n<p><span style=\"font-weight: 400; font-family: helvetica, arial, sans-serif; font-size: 12pt;\">Jaqueline Harumi Dias Takahashi\u00a0 (Arquiteta e Urbanista, Mestranda em Arquitetura e Urbanismo)<\/span><\/p>\n<p><span style=\"font-weight: 400; font-family: helvetica, arial, sans-serif; font-size: 12pt;\">Jordana da Silva Berchon\u00a0 (Arquiteta e Urbanista, Mestra em Arquitetura e Urbanismo)<\/span><\/p>\n<p><span style=\"font-weight: 400; font-family: helvetica, arial, sans-serif; font-size: 12pt;\">Luana Pavan Detoni\u00a0 (Arquiteta e Urbanista, Doutora em Planejamento Urbano e Regional, p\u00f3s-doutoranda)<\/span><\/p>\n<p><span style=\"font-weight: 400; font-family: helvetica, arial, sans-serif; font-size: 12pt;\">Monique Grechi\u00a0 (Arquiteta e Urbanista, Mestranda em Arquitetura e Urbanismo)<\/span><\/p>\n<p><span style=\"font-weight: 400; font-family: helvetica, arial, sans-serif; font-size: 12pt;\">Ot\u00e1vio Martins Peres (Arquiteto e Urbanista, Secret\u00e1rio de Planejamento Urbano de Pelotas)<\/span><\/p>\n<p><span style=\"font-weight: 400; font-family: helvetica, arial, sans-serif; font-size: 12pt;\">Ot\u00e1vio Gigante Viana\u00a0 (Arquiteto e Urbanista, Mestrando em Arquitetura e Urbanismo)<\/span><\/p>\n<p><span style=\"font-weight: 400; font-family: helvetica, arial, sans-serif; font-size: 12pt;\">Pedro Elias Parente da Silveira (Artista, Doutorando em Artes)<\/span><\/p>\n<p><span style=\"font-weight: 400; font-family: helvetica, arial, sans-serif; font-size: 12pt;\">Renata Braga Zschornack\u00a0 (Arquiteta e Urbanista, Mestranda em Arquitetura e Urbanismo)<\/span><\/p>\n<p><span style=\"font-weight: 400; font-family: helvetica, arial, sans-serif; font-size: 12pt;\">Rodrigo Gon\u00e7alves da Silva\u00a0 (Acad\u00eamico do Curso de Arquitetura e Urbanismo, bolsista de extens\u00e3o)<\/span><\/p>\n<p><span style=\"font-weight: 400; font-family: helvetica, arial, sans-serif; font-size: 12pt;\">Silvia Helena Cardoso (Antrop\u00f3loga, Doutora em Artes, bolsista de p\u00f3s-doc)<\/span><\/p>\n<p><span style=\"font-weight: 400; font-family: helvetica, arial, sans-serif; font-size: 12pt;\">Tuize Silva Rovere Hoff <\/span><span style=\"font-weight: 400; font-family: helvetica, arial, sans-serif; font-size: 12pt;\">(Arquiteta e Urbanista, Doutora em Desenvolvimento Regional, bolsista de p\u00f3s-doc)<\/span><\/p>\n","protected":false},"excerpt":{"rendered":"<p>Andrea Paola Fondevila Salcedo (Ge\u00f3grafa, Mestranda em Arquitetura e Urbanismo) B\u00e1rbara Calixto dos Santos\u00a0 (Acad\u00eamica do Curso de Artes Visuais) Beatriz de Oliveira Brum (Acad\u00eamica do Curso de Arquitetura e Urbanismo, bolsista de extens\u00e3o) Carolina Spilimbergo Freij (Acad\u00eamica do Curso de Arquitetura e Urbanismo, bolsista de extens\u00e3o) Daniela Vieira Goulart (Arquiteta e Urbanista, Doutoranda em [&hellip;]<\/p>\n","protected":false},"author":716,"featured_media":0,"parent":0,"menu_order":0,"comment_status":"closed","ping_status":"closed","template":"","meta":{"footnotes":""},"class_list":["post-8","page","type-page","status-publish","hentry"],"_links":{"self":[{"href":"https:\/\/wp.ufpel.edu.br\/caminhografiacomescolas\/wp-json\/wp\/v2\/pages\/8","targetHints":{"allow":["GET"]}}],"collection":[{"href":"https:\/\/wp.ufpel.edu.br\/caminhografiacomescolas\/wp-json\/wp\/v2\/pages"}],"about":[{"href":"https:\/\/wp.ufpel.edu.br\/caminhografiacomescolas\/wp-json\/wp\/v2\/types\/page"}],"author":[{"embeddable":true,"href":"https:\/\/wp.ufpel.edu.br\/caminhografiacomescolas\/wp-json\/wp\/v2\/users\/716"}],"replies":[{"embeddable":true,"href":"https:\/\/wp.ufpel.edu.br\/caminhografiacomescolas\/wp-json\/wp\/v2\/comments?post=8"}],"version-history":[{"count":5,"href":"https:\/\/wp.ufpel.edu.br\/caminhografiacomescolas\/wp-json\/wp\/v2\/pages\/8\/revisions"}],"predecessor-version":[{"id":132,"href":"https:\/\/wp.ufpel.edu.br\/caminhografiacomescolas\/wp-json\/wp\/v2\/pages\/8\/revisions\/132"}],"wp:attachment":[{"href":"https:\/\/wp.ufpel.edu.br\/caminhografiacomescolas\/wp-json\/wp\/v2\/media?parent=8"}],"curies":[{"name":"wp","href":"https:\/\/api.w.org\/{rel}","templated":true}]}}