{"id":78,"date":"2019-05-04T04:23:34","date_gmt":"2019-05-04T07:23:34","guid":{"rendered":"https:\/\/wp.ufpel.edu.br\/caminhografar\/?page_id=78"},"modified":"2019-05-13T05:48:41","modified_gmt":"2019-05-13T08:48:41","slug":"espiar","status":"publish","type":"page","link":"https:\/\/wp.ufpel.edu.br\/caminhografar\/espiar\/","title":{"rendered":"ESPIAR inscritos"},"content":{"rendered":"<p><strong>Espa\u00e7o:<\/strong> sa\u00edda do Monte Testaccio (Roma) em dire\u00e7\u00e3o ao mar.<\/p>\n<p><strong>Tempo:<\/strong> entre mar\u00e7o e junho de 2019, sempre as quintas-feiras das 14h00min as 18h00min.<\/p>\n<p><strong>Bando:<\/strong> grupo de alunos da disciplina de Arti Civiche, na Universit\u00e0 degli Studi Roma Tre, Stalker, imigrantes e convidados.<\/p>\n<p><strong>Registro:<\/strong> fotografias.<\/p>\n<p style=\"text-align: justify\"><strong>Caminhografia:<\/strong> na busca de inscritos no caminho. Inscrito: &#8220;escrita dentro (in), incis\u00e3o, inser\u00e7\u00e3o, escrita em profundidade&#8221; (FUAO, 2008).<\/p>\n<figure id=\"attachment_122\" aria-describedby=\"caption-attachment-122\" style=\"width: 527px\" class=\"wp-caption alignnone\"><a href=\"https:\/\/drive.google.com\/open?id=1Y4arJTdpIlpp9K5yGuF6SRocqoVRUgzD&amp;usp=sharing\"><img loading=\"lazy\" decoding=\"async\" class=\"wp-image-122\" src=\"https:\/\/wp.ufpel.edu.br\/caminhografar\/files\/2019\/05\/Screenshot_2019-05-04-inscritas-400x221.png\" alt=\"\" width=\"527\" height=\"291\" srcset=\"https:\/\/wp.ufpel.edu.br\/caminhografar\/files\/2019\/05\/Screenshot_2019-05-04-inscritas-400x221.png 400w, https:\/\/wp.ufpel.edu.br\/caminhografar\/files\/2019\/05\/Screenshot_2019-05-04-inscritas-768x424.png 768w, https:\/\/wp.ufpel.edu.br\/caminhografar\/files\/2019\/05\/Screenshot_2019-05-04-inscritas-1024x566.png 1024w, https:\/\/wp.ufpel.edu.br\/caminhografar\/files\/2019\/05\/Screenshot_2019-05-04-inscritas.png 1032w\" sizes=\"auto, (max-width: 527px) 100vw, 527px\" \/><\/a><figcaption id=\"caption-attachment-122\" class=\"wp-caption-text\">clique no mapa<\/figcaption><\/figure>\n<div id='gallery-1' class='gallery galleryid-78 gallery-columns-3 gallery-size-thumbnail'><figure class='gallery-item'>\n\t\t\t<div class='gallery-icon landscape'>\n\t\t\t\t<a href='https:\/\/wp.ufpel.edu.br\/caminhografar\/espiar\/dscn4609-2\/'><img loading=\"lazy\" decoding=\"async\" width=\"200\" height=\"200\" src=\"https:\/\/wp.ufpel.edu.br\/caminhografar\/files\/2019\/05\/DSCN4609-1-200x200.jpg\" class=\"attachment-thumbnail size-thumbnail\" alt=\"\" srcset=\"https:\/\/wp.ufpel.edu.br\/caminhografar\/files\/2019\/05\/DSCN4609-1-200x200.jpg 200w, https:\/\/wp.ufpel.edu.br\/caminhografar\/files\/2019\/05\/DSCN4609-1-100x100.jpg 100w\" sizes=\"auto, 100vw\" \/><\/a>\n\t\t\t<\/div><\/figure><figure class='gallery-item'>\n\t\t\t<div class='gallery-icon landscape'>\n\t\t\t\t<a href='https:\/\/wp.ufpel.edu.br\/caminhografar\/espiar\/dscn5259\/'><img loading=\"lazy\" decoding=\"async\" width=\"200\" height=\"200\" src=\"https:\/\/wp.ufpel.edu.br\/caminhografar\/files\/2019\/05\/DSCN5259-200x200.jpg\" class=\"attachment-thumbnail size-thumbnail\" alt=\"\" srcset=\"https:\/\/wp.ufpel.edu.br\/caminhografar\/files\/2019\/05\/DSCN5259-200x200.jpg 200w, https:\/\/wp.ufpel.edu.br\/caminhografar\/files\/2019\/05\/DSCN5259-100x100.jpg 100w\" sizes=\"auto, 100vw\" \/><\/a>\n\t\t\t<\/div><\/figure><figure class='gallery-item'>\n\t\t\t<div class='gallery-icon landscape'>\n\t\t\t\t<a href='https:\/\/wp.ufpel.edu.br\/caminhografar\/espiar\/dscn5243\/'><img loading=\"lazy\" decoding=\"async\" width=\"200\" height=\"200\" src=\"https:\/\/wp.ufpel.edu.br\/caminhografar\/files\/2019\/05\/DSCN5243-200x200.jpg\" class=\"attachment-thumbnail size-thumbnail\" alt=\"\" srcset=\"https:\/\/wp.ufpel.edu.br\/caminhografar\/files\/2019\/05\/DSCN5243-200x200.jpg 200w, https:\/\/wp.ufpel.edu.br\/caminhografar\/files\/2019\/05\/DSCN5243-100x100.jpg 100w\" sizes=\"auto, 100vw\" \/><\/a>\n\t\t\t<\/div><\/figure><figure class='gallery-item'>\n\t\t\t<div class='gallery-icon landscape'>\n\t\t\t\t<a href='https:\/\/wp.ufpel.edu.br\/caminhografar\/espiar\/dscn5241-2\/'><img loading=\"lazy\" decoding=\"async\" width=\"200\" height=\"200\" src=\"https:\/\/wp.ufpel.edu.br\/caminhografar\/files\/2019\/05\/DSCN5241-1-200x200.jpg\" class=\"attachment-thumbnail size-thumbnail\" alt=\"\" srcset=\"https:\/\/wp.ufpel.edu.br\/caminhografar\/files\/2019\/05\/DSCN5241-1-200x200.jpg 200w, https:\/\/wp.ufpel.edu.br\/caminhografar\/files\/2019\/05\/DSCN5241-1-100x100.jpg 100w\" sizes=\"auto, 100vw\" \/><\/a>\n\t\t\t<\/div><\/figure><figure class='gallery-item'>\n\t\t\t<div class='gallery-icon landscape'>\n\t\t\t\t<a href='https:\/\/wp.ufpel.edu.br\/caminhografar\/espiar\/dscn5247\/'><img loading=\"lazy\" decoding=\"async\" width=\"200\" height=\"200\" src=\"https:\/\/wp.ufpel.edu.br\/caminhografar\/files\/2019\/05\/DSCN5247-200x200.jpg\" class=\"attachment-thumbnail size-thumbnail\" alt=\"\" srcset=\"https:\/\/wp.ufpel.edu.br\/caminhografar\/files\/2019\/05\/DSCN5247-200x200.jpg 200w, https:\/\/wp.ufpel.edu.br\/caminhografar\/files\/2019\/05\/DSCN5247-100x100.jpg 100w\" sizes=\"auto, 100vw\" \/><\/a>\n\t\t\t<\/div><\/figure><figure class='gallery-item'>\n\t\t\t<div class='gallery-icon landscape'>\n\t\t\t\t<a href='https:\/\/wp.ufpel.edu.br\/caminhografar\/espiar\/dscn6158\/'><img loading=\"lazy\" decoding=\"async\" width=\"200\" height=\"200\" src=\"https:\/\/wp.ufpel.edu.br\/caminhografar\/files\/2019\/05\/DSCN6158-200x200.jpg\" class=\"attachment-thumbnail size-thumbnail\" alt=\"\" srcset=\"https:\/\/wp.ufpel.edu.br\/caminhografar\/files\/2019\/05\/DSCN6158-200x200.jpg 200w, https:\/\/wp.ufpel.edu.br\/caminhografar\/files\/2019\/05\/DSCN6158-100x100.jpg 100w\" sizes=\"auto, 100vw\" \/><\/a>\n\t\t\t<\/div><\/figure><figure class='gallery-item'>\n\t\t\t<div class='gallery-icon landscape'>\n\t\t\t\t<a href='https:\/\/wp.ufpel.edu.br\/caminhografar\/espiar\/dscn6029\/'><img loading=\"lazy\" decoding=\"async\" width=\"200\" height=\"200\" src=\"https:\/\/wp.ufpel.edu.br\/caminhografar\/files\/2019\/05\/DSCN6029-200x200.jpg\" class=\"attachment-thumbnail size-thumbnail\" alt=\"\" srcset=\"https:\/\/wp.ufpel.edu.br\/caminhografar\/files\/2019\/05\/DSCN6029-200x200.jpg 200w, https:\/\/wp.ufpel.edu.br\/caminhografar\/files\/2019\/05\/DSCN6029-100x100.jpg 100w\" sizes=\"auto, 100vw\" \/><\/a>\n\t\t\t<\/div><\/figure><figure class='gallery-item'>\n\t\t\t<div class='gallery-icon landscape'>\n\t\t\t\t<a href='https:\/\/wp.ufpel.edu.br\/caminhografar\/espiar\/dscn5231\/'><img loading=\"lazy\" decoding=\"async\" width=\"200\" height=\"200\" src=\"https:\/\/wp.ufpel.edu.br\/caminhografar\/files\/2019\/05\/DSCN5231-200x200.jpg\" class=\"attachment-thumbnail size-thumbnail\" alt=\"\" srcset=\"https:\/\/wp.ufpel.edu.br\/caminhografar\/files\/2019\/05\/DSCN5231-200x200.jpg 200w, https:\/\/wp.ufpel.edu.br\/caminhografar\/files\/2019\/05\/DSCN5231-100x100.jpg 100w\" sizes=\"auto, 100vw\" \/><\/a>\n\t\t\t<\/div><\/figure><figure class='gallery-item'>\n\t\t\t<div class='gallery-icon landscape'>\n\t\t\t\t<a href='https:\/\/wp.ufpel.edu.br\/caminhografar\/espiar\/dscn5216-2\/'><img loading=\"lazy\" decoding=\"async\" width=\"200\" height=\"200\" src=\"https:\/\/wp.ufpel.edu.br\/caminhografar\/files\/2019\/05\/DSCN5216-1-200x200.jpg\" class=\"attachment-thumbnail size-thumbnail\" alt=\"\" srcset=\"https:\/\/wp.ufpel.edu.br\/caminhografar\/files\/2019\/05\/DSCN5216-1-200x200.jpg 200w, https:\/\/wp.ufpel.edu.br\/caminhografar\/files\/2019\/05\/DSCN5216-1-100x100.jpg 100w\" sizes=\"auto, 100vw\" \/><\/a>\n\t\t\t<\/div><\/figure><figure class='gallery-item'>\n\t\t\t<div class='gallery-icon landscape'>\n\t\t\t\t<a href='https:\/\/wp.ufpel.edu.br\/caminhografar\/espiar\/dscn3726-2\/'><img loading=\"lazy\" decoding=\"async\" width=\"200\" height=\"200\" src=\"https:\/\/wp.ufpel.edu.br\/caminhografar\/files\/2019\/05\/DSCN3726-1-200x200.jpg\" class=\"attachment-thumbnail size-thumbnail\" alt=\"\" srcset=\"https:\/\/wp.ufpel.edu.br\/caminhografar\/files\/2019\/05\/DSCN3726-1-200x200.jpg 200w, https:\/\/wp.ufpel.edu.br\/caminhografar\/files\/2019\/05\/DSCN3726-1-100x100.jpg 100w\" sizes=\"auto, 100vw\" \/><\/a>\n\t\t\t<\/div><\/figure><figure class='gallery-item'>\n\t\t\t<div class='gallery-icon landscape'>\n\t\t\t\t<a href='https:\/\/wp.ufpel.edu.br\/caminhografar\/espiar\/dscn5306-jpg\/'><img loading=\"lazy\" decoding=\"async\" width=\"200\" height=\"200\" src=\"https:\/\/wp.ufpel.edu.br\/caminhografar\/files\/2019\/05\/DSCN5306.JPG-200x200.jpg\" class=\"attachment-thumbnail size-thumbnail\" alt=\"\" srcset=\"https:\/\/wp.ufpel.edu.br\/caminhografar\/files\/2019\/05\/DSCN5306.JPG-200x200.jpg 200w, https:\/\/wp.ufpel.edu.br\/caminhografar\/files\/2019\/05\/DSCN5306.JPG-100x100.jpg 100w\" sizes=\"auto, 100vw\" \/><\/a>\n\t\t\t<\/div><\/figure><figure class='gallery-item'>\n\t\t\t<div class='gallery-icon landscape'>\n\t\t\t\t<a href='https:\/\/wp.ufpel.edu.br\/caminhografar\/espiar\/dscn4589-2\/'><img loading=\"lazy\" decoding=\"async\" width=\"200\" height=\"200\" src=\"https:\/\/wp.ufpel.edu.br\/caminhografar\/files\/2019\/05\/DSCN4589-1-200x200.jpg\" class=\"attachment-thumbnail size-thumbnail\" alt=\"\" srcset=\"https:\/\/wp.ufpel.edu.br\/caminhografar\/files\/2019\/05\/DSCN4589-1-200x200.jpg 200w, https:\/\/wp.ufpel.edu.br\/caminhografar\/files\/2019\/05\/DSCN4589-1-100x100.jpg 100w\" sizes=\"auto, 100vw\" \/><\/a>\n\t\t\t<\/div><\/figure><figure class='gallery-item'>\n\t\t\t<div class='gallery-icon landscape'>\n\t\t\t\t<a href='https:\/\/wp.ufpel.edu.br\/caminhografar\/espiar\/dscn5222\/'><img loading=\"lazy\" decoding=\"async\" width=\"200\" height=\"200\" src=\"https:\/\/wp.ufpel.edu.br\/caminhografar\/files\/2019\/05\/DSCN5222-200x200.jpg\" class=\"attachment-thumbnail size-thumbnail\" alt=\"\" srcset=\"https:\/\/wp.ufpel.edu.br\/caminhografar\/files\/2019\/05\/DSCN5222-200x200.jpg 200w, https:\/\/wp.ufpel.edu.br\/caminhografar\/files\/2019\/05\/DSCN5222-100x100.jpg 100w\" sizes=\"auto, 100vw\" \/><\/a>\n\t\t\t<\/div><\/figure><figure class='gallery-item'>\n\t\t\t<div class='gallery-icon landscape'>\n\t\t\t\t<a href='https:\/\/wp.ufpel.edu.br\/caminhografar\/espiar\/dscn4602-2\/'><img loading=\"lazy\" decoding=\"async\" width=\"200\" height=\"200\" src=\"https:\/\/wp.ufpel.edu.br\/caminhografar\/files\/2019\/05\/DSCN4602-1-200x200.jpg\" class=\"attachment-thumbnail size-thumbnail\" alt=\"\" srcset=\"https:\/\/wp.ufpel.edu.br\/caminhografar\/files\/2019\/05\/DSCN4602-1-200x200.jpg 200w, https:\/\/wp.ufpel.edu.br\/caminhografar\/files\/2019\/05\/DSCN4602-1-100x100.jpg 100w\" sizes=\"auto, 100vw\" \/><\/a>\n\t\t\t<\/div><\/figure><figure class='gallery-item'>\n\t\t\t<div class='gallery-icon landscape'>\n\t\t\t\t<a href='https:\/\/wp.ufpel.edu.br\/caminhografar\/espiar\/dscn5232\/'><img loading=\"lazy\" decoding=\"async\" width=\"200\" height=\"200\" src=\"https:\/\/wp.ufpel.edu.br\/caminhografar\/files\/2019\/05\/DSCN5232-200x200.jpg\" class=\"attachment-thumbnail size-thumbnail\" alt=\"\" srcset=\"https:\/\/wp.ufpel.edu.br\/caminhografar\/files\/2019\/05\/DSCN5232-200x200.jpg 200w, https:\/\/wp.ufpel.edu.br\/caminhografar\/files\/2019\/05\/DSCN5232-100x100.jpg 100w\" sizes=\"auto, 100vw\" \/><\/a>\n\t\t\t<\/div><\/figure><figure class='gallery-item'>\n\t\t\t<div class='gallery-icon landscape'>\n\t\t\t\t<a href='https:\/\/wp.ufpel.edu.br\/caminhografar\/espiar\/dscn5212-2\/'><img loading=\"lazy\" decoding=\"async\" width=\"200\" height=\"200\" src=\"https:\/\/wp.ufpel.edu.br\/caminhografar\/files\/2019\/05\/DSCN5212-1-200x200.jpg\" class=\"attachment-thumbnail size-thumbnail\" alt=\"\" srcset=\"https:\/\/wp.ufpel.edu.br\/caminhografar\/files\/2019\/05\/DSCN5212-1-200x200.jpg 200w, https:\/\/wp.ufpel.edu.br\/caminhografar\/files\/2019\/05\/DSCN5212-1-100x100.jpg 100w\" sizes=\"auto, 100vw\" \/><\/a>\n\t\t\t<\/div><\/figure><figure class='gallery-item'>\n\t\t\t<div class='gallery-icon landscape'>\n\t\t\t\t<a href='https:\/\/wp.ufpel.edu.br\/caminhografar\/espiar\/dscn5218\/'><img loading=\"lazy\" decoding=\"async\" width=\"200\" height=\"200\" src=\"https:\/\/wp.ufpel.edu.br\/caminhografar\/files\/2019\/05\/DSCN5218-200x200.jpg\" class=\"attachment-thumbnail size-thumbnail\" alt=\"\" srcset=\"https:\/\/wp.ufpel.edu.br\/caminhografar\/files\/2019\/05\/DSCN5218-200x200.jpg 200w, https:\/\/wp.ufpel.edu.br\/caminhografar\/files\/2019\/05\/DSCN5218-100x100.jpg 100w\" sizes=\"auto, 100vw\" \/><\/a>\n\t\t\t<\/div><\/figure><figure class='gallery-item'>\n\t\t\t<div class='gallery-icon landscape'>\n\t\t\t\t<a href='https:\/\/wp.ufpel.edu.br\/caminhografar\/espiar\/dscn6034\/'><img loading=\"lazy\" decoding=\"async\" width=\"200\" height=\"200\" src=\"https:\/\/wp.ufpel.edu.br\/caminhografar\/files\/2019\/05\/DSCN6034-200x200.jpg\" class=\"attachment-thumbnail size-thumbnail\" alt=\"\" srcset=\"https:\/\/wp.ufpel.edu.br\/caminhografar\/files\/2019\/05\/DSCN6034-200x200.jpg 200w, https:\/\/wp.ufpel.edu.br\/caminhografar\/files\/2019\/05\/DSCN6034-100x100.jpg 100w\" sizes=\"auto, 100vw\" \/><\/a>\n\t\t\t<\/div><\/figure>\n\t\t<\/div>\n\n","protected":false},"excerpt":{"rendered":"<p>Espa\u00e7o: sa\u00edda do Monte Testaccio (Roma) em dire\u00e7\u00e3o ao mar. Tempo: entre mar\u00e7o e junho de 2019, sempre as quintas-feiras das 14h00min as 18h00min. Bando: grupo de alunos da disciplina de Arti Civiche, na Universit\u00e0 degli Studi Roma Tre, Stalker, imigrantes e convidados. Registro: fotografias. Caminhografia: na busca de inscritos no caminho. Inscrito: &#8220;escrita dentro &hellip; <\/p>\n<p class=\"link-more\"><a href=\"https:\/\/wp.ufpel.edu.br\/caminhografar\/espiar\/\" class=\"more-link\">Continue lendo<span class=\"screen-reader-text\"> &#8220;ESPIAR inscritos&#8221;<\/span><\/a><\/p>\n","protected":false},"author":716,"featured_media":0,"parent":0,"menu_order":0,"comment_status":"closed","ping_status":"closed","template":"","meta":{"footnotes":""},"class_list":["post-78","page","type-page","status-publish","hentry"],"_links":{"self":[{"href":"https:\/\/wp.ufpel.edu.br\/caminhografar\/wp-json\/wp\/v2\/pages\/78","targetHints":{"allow":["GET"]}}],"collection":[{"href":"https:\/\/wp.ufpel.edu.br\/caminhografar\/wp-json\/wp\/v2\/pages"}],"about":[{"href":"https:\/\/wp.ufpel.edu.br\/caminhografar\/wp-json\/wp\/v2\/types\/page"}],"author":[{"embeddable":true,"href":"https:\/\/wp.ufpel.edu.br\/caminhografar\/wp-json\/wp\/v2\/users\/716"}],"replies":[{"embeddable":true,"href":"https:\/\/wp.ufpel.edu.br\/caminhografar\/wp-json\/wp\/v2\/comments?post=78"}],"version-history":[{"count":28,"href":"https:\/\/wp.ufpel.edu.br\/caminhografar\/wp-json\/wp\/v2\/pages\/78\/revisions"}],"predecessor-version":[{"id":373,"href":"https:\/\/wp.ufpel.edu.br\/caminhografar\/wp-json\/wp\/v2\/pages\/78\/revisions\/373"}],"wp:attachment":[{"href":"https:\/\/wp.ufpel.edu.br\/caminhografar\/wp-json\/wp\/v2\/media?parent=78"}],"curies":[{"name":"wp","href":"https:\/\/api.w.org\/{rel}","templated":true}]}}